{"id":6768,"date":"2020-04-08T17:44:10","date_gmt":"2020-04-08T16:44:10","guid":{"rendered":"https:\/\/neocatechumenaleiter.org\/palavras-dos-papas\/sao-joao-paulo-ii\/audiencia-privada-das-primeiras-familias-para-a-nova-evangelizacao-15-1-1986\/"},"modified":"2020-04-28T14:40:15","modified_gmt":"2020-04-28T13:40:15","slug":"audiencia-privada-das-primeiras-familias-para-a-nova-evangelizacao-15-1-1986","status":"publish","type":"page","link":"https:\/\/neocatechumenaleiter.org\/pt-br\/palavras-dos-papas\/sao-joao-paulo-ii\/audiencia-privada-das-primeiras-familias-para-a-nova-evangelizacao-15-1-1986\/","title":{"rendered":"Audi\u00eancia privada das primeiras fam\u00edlias para a &#8220;Nova Evangeliza\u00e7\u00e3o&#8221; 15\/1\/1986"},"content":{"rendered":"\n<h1 class=\"has-text-align-center wp-block-heading\">Audi\u00eancia privada das primeiras fam\u00edlias para a &#8220;Nova Evangeliza\u00e7\u00e3o&#8221; 15\/1\/1986<\/h1>\n\n<div style=\"height:20px\" aria-hidden=\"true\" class=\"wp-block-spacer\"><\/div>\n\n<h4 class=\"has-text-align-center wp-block-heading\">S\u00e3o Jo\u00e3o Paulo II<\/h4>\n\n<div style=\"height:20px\" aria-hidden=\"true\" class=\"wp-block-spacer\"><\/div>\n\n<p><strong>Cidade do Vaticano, 15 de janeiro de 1986.<\/strong><\/p>\n\n<p><em>Durante uma audi\u00eancia privada, o Santo Padre enviou \u00e0 cidade de Oulu (Finl\u00e2ndia), Hamburgo e Estrasburgo as tr\u00eas primeiras fam\u00edlias destinadas a abrir o caminho para uma nova forma de evangeliza\u00e7\u00e3o entre os afastados. <\/em><em>Estas fam\u00edlias partem com os seus filhos aos bairros para onde s\u00e3o destinadas, \u00e0 procura de casa, trabalho, escola&#8230; <\/em><em>e compartilhando as suas condi\u00e7\u00f5es de vida,\u00a0 visam dar, aos que l\u00e1 vivem, testemunho de Jesus Cristo, como algu\u00e9m que encontraram e que descobriram ser\u00a0 o \u00fanico capaz\u00ad de dar sentido e plenitude \u00e0s suas vidas. V\u00e3o acompanhadas por um presb\u00edtero e um mo\u00e7o que colaboram com eles em vista de uma verdadeira e pr\u00f3pria &#8220;plantatio ecclesiae&#8221;.<\/em><\/p>\n\n<div class=\"wp-block-image\"><figure class=\"aligncenter size-large\"><img loading=\"lazy\" decoding=\"async\" width=\"494\" height=\"345\" src=\"https:\/\/neocatechumenaleiter.org\/wp-content\/uploads\/2020\/03\/Camino_Neocatecumenal_Juan_Pablo_II_audiencia_privada_famlias_en_mision_1986.jpg\" alt=\"\" class=\"wp-image-1921\" srcset=\"https:\/\/neocatechumenaleiter.org\/wp-content\/uploads\/2020\/03\/Camino_Neocatecumenal_Juan_Pablo_II_audiencia_privada_famlias_en_mision_1986.jpg 494w, https:\/\/neocatechumenaleiter.org\/wp-content\/uploads\/2020\/03\/Camino_Neocatecumenal_Juan_Pablo_II_audiencia_privada_famlias_en_mision_1986-300x210.jpg 300w\" sizes=\"auto, (max-width: 494px) 100vw, 494px\" \/><\/figure><\/div>\n","protected":false},"excerpt":{"rendered":"<p>Audi\u00eancia privada das primeiras fam\u00edlias para a &#8220;Nova Evangeliza\u00e7\u00e3o&#8221; 15\/1\/1986 S\u00e3o Jo\u00e3o Paulo II Cidade do Vaticano, 15 de janeiro de 1986. Durante uma audi\u00eancia privada, o Santo Padre enviou \u00e0 cidade de Oulu (Finl\u00e2ndia), Hamburgo e Estrasburgo as tr\u00eas primeiras fam\u00edlias destinadas a abrir o caminho para uma nova forma de evangeliza\u00e7\u00e3o entre os afastados. Estas fam\u00edlias partem com os seus filhos aos bairros para onde s\u00e3o destinadas, \u00e0<\/p>\n<div class=\"read-more\"><a class=\"btn read-more-btn\" href=\"https:\/\/neocatechumenaleiter.org\/pt-br\/palavras-dos-papas\/sao-joao-paulo-ii\/audiencia-privada-das-primeiras-familias-para-a-nova-evangelizacao-15-1-1986\/\">Ler mais<\/a><\/div>\n","protected":false},"author":2,"featured_media":0,"parent":4247,"menu_order":34,"comment_status":"closed","ping_status":"closed","template":"","meta":{"footnotes":""},"class_list":["post-6768","page","type-page","status-publish","hentry"],"_links":{"self":[{"href":"https:\/\/neocatechumenaleiter.org\/pt-br\/wp-json\/wp\/v2\/pages\/6768","targetHints":{"allow":["GET"]}}],"collection":[{"href":"https:\/\/neocatechumenaleiter.org\/pt-br\/wp-json\/wp\/v2\/pages"}],"about":[{"href":"https:\/\/neocatechumenaleiter.org\/pt-br\/wp-json\/wp\/v2\/types\/page"}],"author":[{"embeddable":true,"href":"https:\/\/neocatechumenaleiter.org\/pt-br\/wp-json\/wp\/v2\/users\/2"}],"replies":[{"embeddable":true,"href":"https:\/\/neocatechumenaleiter.org\/pt-br\/wp-json\/wp\/v2\/comments?post=6768"}],"version-history":[{"count":7,"href":"https:\/\/neocatechumenaleiter.org\/pt-br\/wp-json\/wp\/v2\/pages\/6768\/revisions"}],"predecessor-version":[{"id":8905,"href":"https:\/\/neocatechumenaleiter.org\/pt-br\/wp-json\/wp\/v2\/pages\/6768\/revisions\/8905"}],"up":[{"embeddable":true,"href":"https:\/\/neocatechumenaleiter.org\/pt-br\/wp-json\/wp\/v2\/pages\/4247"}],"wp:attachment":[{"href":"https:\/\/neocatechumenaleiter.org\/pt-br\/wp-json\/wp\/v2\/media?parent=6768"}],"curies":[{"name":"wp","href":"https:\/\/api.w.org\/{rel}","templated":true}]}}