{"id":6865,"date":"2020-04-11T18:49:38","date_gmt":"2020-04-11T17:49:38","guid":{"rendered":"https:\/\/neocatechumenaleiter.org\/palavras-dos-papas\/sao-joao-paulo-ii\/audiencia-com-os-itinerantes-castel-gandolfo-26-9-1984\/"},"modified":"2020-04-25T16:13:00","modified_gmt":"2020-04-25T15:13:00","slug":"audiencia-com-os-itinerantes-castel-gandolfo-26-9-1984","status":"publish","type":"page","link":"https:\/\/neocatechumenaleiter.org\/pt-br\/palavras-dos-papas\/sao-joao-paulo-ii\/audiencia-com-os-itinerantes-castel-gandolfo-26-9-1984\/","title":{"rendered":"Audi\u00eancia com os itinerantes (Castel Gandolfo) 26\/9\/1984"},"content":{"rendered":"\n<h1 class=\"has-text-align-center wp-block-heading\">Audi\u00eancia com os itinerantes (Castel Gandolfo) 26\/9\/1984<\/h1>\n\n<div style=\"height:20px\" aria-hidden=\"true\" class=\"wp-block-spacer\"><\/div>\n\n<h4 class=\"has-text-align-center wp-block-heading\">S. Jo\u00e3o Paulo II<\/h4>\n\n<div style=\"height:20px\" aria-hidden=\"true\" class=\"wp-block-spacer\"><\/div>\n\n<div class=\"wp-block-image\"><figure class=\"alignleft size-large\"><img loading=\"lazy\" decoding=\"async\" width=\"277\" height=\"420\" src=\"https:\/\/neocatechumenaleiter.org\/wp-content\/uploads\/2020\/03\/Camino_Neocatecumenal_Juan_Pablo_II_audiencia_itinerantes_1984.jpg\" alt=\"\" class=\"wp-image-1836\" srcset=\"https:\/\/neocatechumenaleiter.org\/wp-content\/uploads\/2020\/03\/Camino_Neocatecumenal_Juan_Pablo_II_audiencia_itinerantes_1984.jpg 277w, https:\/\/neocatechumenaleiter.org\/wp-content\/uploads\/2020\/03\/Camino_Neocatecumenal_Juan_Pablo_II_audiencia_itinerantes_1984-198x300.jpg 198w\" sizes=\"auto, (max-width: 277px) 100vw, 277px\" \/><\/figure><\/div>\n\n<p><strong>Castel Gandolfo, 26 de setembro de 1984<\/strong><\/p>\n\n<p><em>O p\u00e1tio do Pal\u00e1cio Pontif\u00edcio de Castel Gandolfo se transformou, ontem pela tarde, durante o encontro do Papa com o movimento Neocatecumenal, em um presbit\u00e9rio.<\/em>&#013;\n&#013;\nEstava a c\u00e1tedra, o crucifixo suspenso sobre os muros coloridos e afrescos, o amb\u00e3o com o livro dos Evangelhos, a cruz, um \u00edcone da Virgem. E tamb\u00e9m tapetes e flores: glad\u00edolos de v\u00e1rias cores\u00a0 que davam ao lugar uma sacralidade intercalada de cantos, de ora\u00e7\u00f5es, de sil\u00eancio. A celebra\u00e7\u00e3o de ontem, \u00faltimo compromisso do Santo Padre antes de voltar hoje ao Vaticano, foi novamente um encontro de ora\u00e7\u00e3o, de proclama\u00e7\u00e3o da Palavra, de escuta, de reflex\u00e3o, de prop\u00f3sitos. Kiko Arg\u00fcello, iniciador do Caminho Neocatecumenal, apresentava com um tom tranquilo e \u00e0s vezes inflamado, a \u00faltima experi\u00eancia itinerante daqueles que participavam no encontro: &#8220;durante duas semanas, de dois em dois, esses &#8216;\u00faltimos&#8217;, esses &#8216;pequeninos do Reino&#8217; \u2013 disse dirigindo-se ao Papa \u2013 foram visitar as na\u00e7\u00f5es do mundo \u2013 sem possuir nada al\u00e9m de Cristo Crucificado \u2013 para anunciar a &#8216;Boa Nova&#8217; aos pobres, aos marginalizados, aos sacerdotes das par\u00f3quias das grandes cidades, assim como \u00e0s dos territ\u00f3rios perdidos da \u00c1frica e da \u00c1sia, para proclamar com f\u00e9 que Jesus Cristo \u00e9&#013;\no Senhor e o Redentor do homem&#8221;.<\/p>\n\n<p><em>Kiko transmitiu ao Papa esta&#013;\nexperi\u00eancia comunit\u00e1ria itinerante, semelhante \u00e0\u00a0 dos ap\u00f3stolos do Evangelho que depois de anunciarem a chegada do Reino voltavam para casa contentes e experimentavam a for\u00e7a da presen\u00e7a do Senhor. Nos v\u00e1rios pa\u00edses da Europa, da Am\u00e9rica do Norte, Central e do Sul, da \u00c1frica, da \u00c1sia, da Oceania (o iniciador das Comunidades Neocatecumenais ofereceu ao Santo Padre um quadro bem detalhado desta experi\u00eancia itinerante evangelizadora), esses novos mensageiros da Boa Nova t\u00eam sofrido e se regozijado por causa do Evangelho. <\/em><\/p>\n\n<p><em>Um casal de Roma, um jovem seminarista de Barcelona, uma mo\u00e7a italiana, uma polonesa, um espanhol e um jovem sacerdote italiano, contaram, entre a participa\u00e7\u00e3o e a como\u00e7\u00e3o dos presentes, sua &#8220;experi\u00eancia de itinerantes&#8221;. Era, no fundo, uma confiss\u00e3o p\u00fablica das maravilhas que Deus realiza atrav\u00e9s de seus \u201cfi\u00e9is\u201d que se imergem no mundo para sacudi-lo da sonol\u00eancia e da indiferen\u00e7a religiosa. <\/em><\/p>\n\n<div class=\"wp-block-image\"><figure class=\"alignright size-large\"><img loading=\"lazy\" decoding=\"async\" width=\"710\" height=\"564\" src=\"https:\/\/neocatechumenaleiter.org\/wp-content\/uploads\/2020\/03\/Camino_Neocatecumenal_Juan_Pablo_II_audiencia_itinerantes_19842.jpg\" alt=\"\" class=\"wp-image-1843\" srcset=\"https:\/\/neocatechumenaleiter.org\/wp-content\/uploads\/2020\/03\/Camino_Neocatecumenal_Juan_Pablo_II_audiencia_itinerantes_19842.jpg 710w, https:\/\/neocatechumenaleiter.org\/wp-content\/uploads\/2020\/03\/Camino_Neocatecumenal_Juan_Pablo_II_audiencia_itinerantes_19842-300x238.jpg 300w\" sizes=\"auto, (max-width: 710px) 100vw, 710px\" \/><\/figure><\/div>\n\n<p><em>Desde as grandes metr\u00f3poles de Nova Iorque at\u00e9 as favelas do Brasil, desde a ilha de Cuba at\u00e9 a China, desde a It\u00e1lia at\u00e9 a Escandin\u00e1via: estas s\u00e3o as etapas de uma narra\u00e7\u00e3o evang\u00e9lica de nossos dias vivida e testemunhada com a for\u00e7a do amor e da f\u00e9. \u201cConsideravam-nos, inclusive, como drogados \u2013 afirmou a jovem polonesa ao contar sua pr\u00f3pria experi\u00eancia \u2013 mas depois compreenderam que t\u00ednhamos uma mensagem crist\u00e3 para oferecer a cada um, com respeito e com amor\u201d. A narra\u00e7\u00e3o do testemunho entrava, \u00e0s vezes, em alguns detalhes que revelavam a pot\u00eancia de Deus que conduz aqueles que se confiam n&#8217;Ele com cora\u00e7\u00e3o sincero. <\/em><\/p>\n\n<p><em>Depois dos testemunhos, o Papa falou:<\/em><\/p>\n\n<p>&#8220;Em tudo que me dissestes vi o esp\u00edrito aut\u00eantico dos disc\u00edpulos de Cristo que se entregam totalmente ao Senhor. Sois itinerantes, mas \u00e9 o pr\u00f3prio Jesus quem segue um itiner\u00e1rio sobretudo dentro de v\u00f3s, e ent\u00e3o o segue convosco aos demais. Que sejais itinerantes \u00e9 um fato secund\u00e1rio; o principal \u00e9 que Ele \u00e9 itinerante, que Ele quer ser itinerante. Ele quer n\u00e3o s\u00f3 estar presente na Igreja, mas ser tamb\u00e9m itinerante na Igreja, porque a Igreja \u00e9 itinerante, \u00e9 uma Igreja em caminho; n\u00e3o \u00e9 unicamente Igreja j\u00e1 afirmada, organizada, estruturada, mas Igreja em caminho at\u00e9 as pessoas, at\u00e9 as comunidades, at\u00e9 os que creem e os que n\u00e3o creem; para Cristo essas divis\u00f5es t\u00eam um modo de existir diferente do que pensamos.<\/p>\n\n<p>Esta confian\u00e7a verdadeiramente evang\u00e9lica&#013;\ncaracteriza vossa verdadeira itiner\u00e2ncia; n\u00e3o levar nada, n\u00e3o ter nada, n\u00e3o fiar-se em si, mas, em vez disso, colocar sua confian\u00e7a absoluta na Provid\u00eancia, em tudo que o Senhor fizer em v\u00f3s. Outra caracter\u00edstica \u00e9 a humildade: o Senhor me salvou, me resgatou de meus pecados e de minha incredulidade e com isso vivi uma grande gra\u00e7a, recebi for\u00e7a do Senhor. Vivi pessoalmente sua for\u00e7a e seu poder, e agora devo caminhar anunciando este poder, ou melhor, transmitindo este poder aos demais. O Senhor \u00e9 potente <em>(o Papa levantou a voz para pronunciar essa frase)<\/em>. E v\u00f3s vos fiais no poder do Senhor e quereis experimentar este poder em v\u00f3s e tamb\u00e9m nos demais. O Senhor \u00e9 potente em sua morte e ressurrei\u00e7\u00e3o, em sua gra\u00e7a; \u00e9 potente no Esp\u00edrito Santo.<\/p>\n\n<p>Sendo bispo de Roma e Papa nesta \u00e9poca de itinerantes, tamb\u00e9m eu tenho tido que me fazer itinerante. H\u00e1 um certo paralelismo, uma coincid\u00eancia. Mas devo dizer que muitos dos itiner\u00e1rios que eu realizo s\u00e3o menos austeros. \u00c9 verdade, sim, que nos pedem muito e que a programa\u00e7\u00e3o de um dia \u00e9 bastante exigente; mas n\u00e3o se caminha a p\u00e9, se vai com Alitalia ou com Air Canad\u00e1, depois com &#8216;<em>Papam\u00f3vel&#8217;<\/em>, ent\u00e3o n\u00e3o sei, creio que este modo de ser itinerante v\u00f3s n\u00e3o podeis aceitar&#8230; Ent\u00e3o me questiono e digo: n\u00e3o posso fazer mais que isso, com toda humildade confesso perante v\u00f3s que n\u00e3o posso fazer mais. De modo que sigamos sendo itinerantes igualmente, o Papa itinerante tal como \u00e9, e v\u00f3s itinerantes como o sois. Cantemos, ent\u00e3o!\u2026 Deveis cantar algo: isso que cantais por todas as partes e por onde se reconhece os neocatec\u00famenos: &#8216;<em>Bendita \u00e9s tu que acreditaste\u2026&#8217;\u201d<\/em>.<\/p>\n","protected":false},"excerpt":{"rendered":"<p>Audi\u00eancia com os itinerantes (Castel Gandolfo) 26\/9\/1984 S. Jo\u00e3o Paulo II Castel Gandolfo, 26 de setembro de 1984 O p\u00e1tio do Pal\u00e1cio Pontif\u00edcio de Castel Gandolfo se transformou, ontem pela tarde, durante o encontro do Papa com o movimento Neocatecumenal, em um presbit\u00e9rio.&#013; &#013; Estava a c\u00e1tedra, o crucifixo suspenso sobre os muros coloridos e afrescos, o amb\u00e3o com o livro dos Evangelhos, a cruz, um \u00edcone da Virgem. E<\/p>\n<div class=\"read-more\"><a class=\"btn read-more-btn\" href=\"https:\/\/neocatechumenaleiter.org\/pt-br\/palavras-dos-papas\/sao-joao-paulo-ii\/audiencia-com-os-itinerantes-castel-gandolfo-26-9-1984\/\">Ler mais<\/a><\/div>\n","protected":false},"author":2,"featured_media":0,"parent":4247,"menu_order":28,"comment_status":"closed","ping_status":"closed","template":"","meta":{"footnotes":""},"class_list":["post-6865","page","type-page","status-publish","hentry"],"_links":{"self":[{"href":"https:\/\/neocatechumenaleiter.org\/pt-br\/wp-json\/wp\/v2\/pages\/6865","targetHints":{"allow":["GET"]}}],"collection":[{"href":"https:\/\/neocatechumenaleiter.org\/pt-br\/wp-json\/wp\/v2\/pages"}],"about":[{"href":"https:\/\/neocatechumenaleiter.org\/pt-br\/wp-json\/wp\/v2\/types\/page"}],"author":[{"embeddable":true,"href":"https:\/\/neocatechumenaleiter.org\/pt-br\/wp-json\/wp\/v2\/users\/2"}],"replies":[{"embeddable":true,"href":"https:\/\/neocatechumenaleiter.org\/pt-br\/wp-json\/wp\/v2\/comments?post=6865"}],"version-history":[{"count":5,"href":"https:\/\/neocatechumenaleiter.org\/pt-br\/wp-json\/wp\/v2\/pages\/6865\/revisions"}],"predecessor-version":[{"id":8493,"href":"https:\/\/neocatechumenaleiter.org\/pt-br\/wp-json\/wp\/v2\/pages\/6865\/revisions\/8493"}],"up":[{"embeddable":true,"href":"https:\/\/neocatechumenaleiter.org\/pt-br\/wp-json\/wp\/v2\/pages\/4247"}],"wp:attachment":[{"href":"https:\/\/neocatechumenaleiter.org\/pt-br\/wp-json\/wp\/v2\/media?parent=6865"}],"curies":[{"name":"wp","href":"https:\/\/api.w.org\/{rel}","templated":true}]}}