{"id":6867,"date":"2020-04-11T19:32:02","date_gmt":"2020-04-11T18:32:02","guid":{"rendered":"https:\/\/neocatechumenaleiter.org\/palavras-dos-papas\/sao-joao-paulo-ii\/audiencia-com-algumas-comunidades-espanholas-5-12-1987\/"},"modified":"2020-04-25T16:17:56","modified_gmt":"2020-04-25T15:17:56","slug":"audiencia-com-algumas-comunidades-espanholas-5-12-1987","status":"publish","type":"page","link":"https:\/\/neocatechumenaleiter.org\/pt-br\/palavras-dos-papas\/sao-joao-paulo-ii\/audiencia-com-algumas-comunidades-espanholas-5-12-1987\/","title":{"rendered":"Audi\u00eancia com algumas comunidades espanholas 5\/12\/1987"},"content":{"rendered":"\n<h1 class=\"has-text-align-center wp-block-heading\">Audi\u00eancia com algumas comunidades espanholas 5\/12\/1987<\/h1>\n\n<div style=\"height:20px\" aria-hidden=\"true\" class=\"wp-block-spacer\"><\/div>\n\n<h4 class=\"has-text-align-center wp-block-heading\">S. Jo\u00e3o Paulo II<\/h4>\n\n<div style=\"height:20px\" aria-hidden=\"true\" class=\"wp-block-spacer\"><\/div>\n\n<div class=\"wp-block-image\"><figure class=\"alignright size-medium\"><img loading=\"lazy\" decoding=\"async\" width=\"400\" height=\"330\" src=\"https:\/\/neocatechumenaleiter.org\/wp-content\/uploads\/2020\/03\/Camino_Neocatecumenal_Juan_Pablo_II_audiencia_comunidades_de_espa\u00f1a_1987.jpg\" alt=\"\" class=\"wp-image-2037\" srcset=\"https:\/\/neocatechumenaleiter.org\/wp-content\/uploads\/2020\/03\/Camino_Neocatecumenal_Juan_Pablo_II_audiencia_comunidades_de_espa\u00f1a_1987.jpg 400w, https:\/\/neocatechumenaleiter.org\/wp-content\/uploads\/2020\/03\/Camino_Neocatecumenal_Juan_Pablo_II_audiencia_comunidades_de_espa\u00f1a_1987-300x248.jpg 300w\" sizes=\"auto, (max-width: 400px) 100vw, 400px\" \/><\/figure><\/div>\n\n<p><strong>Roma, 5 de dezembro de 1987<\/strong><\/p>\n\n<p><em>Pouco depois do meio dia de hoje, s\u00e1bado 5 de dezembro, o Santo Padre recebeu em audi\u00eancia na Capela Matilde os membros de algumas comunidades neocatecumenais de Madri. Este \u00e9 o texto das palavras do Papa:<\/em><\/p>\n\n<p>&#8220;Amad\u00edssimos irm\u00e3os e irm\u00e3s: \u00c9 para mim um motivo de viva satisfa\u00e7\u00e3o receber nesta manh\u00e3 as comunidades neocatecumenais das par\u00f3quias de S\u00e3o Roque, Santa Catarina Labour\u00e9 e de Nossa Senhora da Paloma de Madri, assim como ao grupo de catequistas itinerantes.<\/p>\n\n<p>A todos e a cada um de v\u00f3s desejo dar-vos uma cordial sauda\u00e7\u00e3o de boas-vindas. Sei que viestes a Roma com o prop\u00f3sito principal de fazer novamente vossa profiss\u00e3o de f\u00e9 diante da tumba do Ap\u00f3stolo.<\/p>\n\n<p>O Caminho Neocatecumenal vos leva \u00e0 medita\u00e7\u00e3o e \u00e0 experi\u00eancia profunda das verdades do Credo como a seiva vital de vosso ser crist\u00e3o e como exig\u00eancia para testemunhar  as grandezas batismais.<\/p>\n\n<div class=\"wp-block-image\"><figure class=\"alignleft size-medium\"><img loading=\"lazy\" decoding=\"async\" width=\"400\" height=\"329\" src=\"https:\/\/neocatechumenaleiter.org\/wp-content\/uploads\/2020\/03\/Camino_Neocatecumenal_Juan_Pablo_II_audiencia_comunidades_de_espa\u00f1a_19872.jpg\" alt=\"\" class=\"wp-image-2044\" srcset=\"https:\/\/neocatechumenaleiter.org\/wp-content\/uploads\/2020\/03\/Camino_Neocatecumenal_Juan_Pablo_II_audiencia_comunidades_de_espa\u00f1a_19872.jpg 400w, https:\/\/neocatechumenaleiter.org\/wp-content\/uploads\/2020\/03\/Camino_Neocatecumenal_Juan_Pablo_II_audiencia_comunidades_de_espa\u00f1a_19872-300x247.jpg 300w\" sizes=\"auto, (max-width: 400px) 100vw, 400px\" \/><\/figure><\/div>\n\n<p>Sentir e fazer vivas as verdades de nossa f\u00e9 \u00e9 essencial para robustecer nossa comunh\u00e3o no seio da Igreja, nossa M\u00e3e.<\/p>\n\n<p>Por isso pe\u00e7o a Deus que vossa peregrina\u00e7\u00e3o a Roma, centro da catolicidade, vos enra\u00edze na universalidade de vosso compromisso crist\u00e3o e vos anime em vosso caminhar como itinerantes a servi\u00e7o do Evangelho.<\/p>\n\n<p>Quando voltardes \u00e0s vossas comunidades da Espanha e do mundo, levai a todos a sauda\u00e7\u00e3o do Papa, que pensa em todos e pede por todos com grande afeto e viva esperan\u00e7a. Confio-vos, neste Ano Mariano, \u00e0 prote\u00e7\u00e3o da Virgem Sant\u00edssima, modelo de santidade e d\u00f3cil \u00e0 a\u00e7\u00e3o do Esp\u00edrito. Que Ela vos acompanhe em vosso caminho.<\/p>\n\n<p>Transmito-vos, como sinal de benevol\u00eancia, a B\u00ean\u00e7\u00e3o Apost\u00f3lica&#8221;.<\/p>\n","protected":false},"excerpt":{"rendered":"<p>Audi\u00eancia com algumas comunidades espanholas 5\/12\/1987 S. Jo\u00e3o Paulo II Roma, 5 de dezembro de 1987 Pouco depois do meio dia de hoje, s\u00e1bado 5 de dezembro, o Santo Padre recebeu em audi\u00eancia na Capela Matilde os membros de algumas comunidades neocatecumenais de Madri. Este \u00e9 o texto das palavras do Papa: &#8220;Amad\u00edssimos irm\u00e3os e irm\u00e3s: \u00c9 para mim um motivo de viva satisfa\u00e7\u00e3o receber nesta manh\u00e3 as comunidades neocatecumenais<\/p>\n<div class=\"read-more\"><a class=\"btn read-more-btn\" href=\"https:\/\/neocatechumenaleiter.org\/pt-br\/palavras-dos-papas\/sao-joao-paulo-ii\/audiencia-com-algumas-comunidades-espanholas-5-12-1987\/\">Ler mais<\/a><\/div>\n","protected":false},"author":2,"featured_media":0,"parent":4247,"menu_order":45,"comment_status":"closed","ping_status":"closed","template":"","meta":{"footnotes":""},"class_list":["post-6867","page","type-page","status-publish","hentry"],"_links":{"self":[{"href":"https:\/\/neocatechumenaleiter.org\/pt-br\/wp-json\/wp\/v2\/pages\/6867","targetHints":{"allow":["GET"]}}],"collection":[{"href":"https:\/\/neocatechumenaleiter.org\/pt-br\/wp-json\/wp\/v2\/pages"}],"about":[{"href":"https:\/\/neocatechumenaleiter.org\/pt-br\/wp-json\/wp\/v2\/types\/page"}],"author":[{"embeddable":true,"href":"https:\/\/neocatechumenaleiter.org\/pt-br\/wp-json\/wp\/v2\/users\/2"}],"replies":[{"embeddable":true,"href":"https:\/\/neocatechumenaleiter.org\/pt-br\/wp-json\/wp\/v2\/comments?post=6867"}],"version-history":[{"count":5,"href":"https:\/\/neocatechumenaleiter.org\/pt-br\/wp-json\/wp\/v2\/pages\/6867\/revisions"}],"predecessor-version":[{"id":8499,"href":"https:\/\/neocatechumenaleiter.org\/pt-br\/wp-json\/wp\/v2\/pages\/6867\/revisions\/8499"}],"up":[{"embeddable":true,"href":"https:\/\/neocatechumenaleiter.org\/pt-br\/wp-json\/wp\/v2\/pages\/4247"}],"wp:attachment":[{"href":"https:\/\/neocatechumenaleiter.org\/pt-br\/wp-json\/wp\/v2\/media?parent=6867"}],"curies":[{"name":"wp","href":"https:\/\/api.w.org\/{rel}","templated":true}]}}