{"id":6869,"date":"2020-04-11T19:50:46","date_gmt":"2020-04-11T18:50:46","guid":{"rendered":"https:\/\/neocatechumenaleiter.org\/palavras-dos-papas\/sao-joao-paulo-ii\/audiencia-na-sala-clementina-12-12-1987\/"},"modified":"2020-09-25T18:30:26","modified_gmt":"2020-09-25T17:30:26","slug":"audiencia-na-sala-clementina-12-12-1987","status":"publish","type":"page","link":"https:\/\/neocatechumenaleiter.org\/pt-br\/palavras-dos-papas\/sao-joao-paulo-ii\/audiencia-na-sala-clementina-12-12-1987\/","title":{"rendered":"Audi\u00eancia na Sala Clementina 12\/12\/1987"},"content":{"rendered":"\n<h1 class=\"has-text-align-center wp-block-heading\">Audi\u00eancia na Sala Clementina 12\/12\/1987<\/h1>\n\n<div style=\"height:22px\" aria-hidden=\"true\" class=\"wp-block-spacer\"><\/div>\n\n<h4 class=\"has-text-align-center wp-block-heading\">S\u00e3o Jo\u00e3o Paulo II<\/h4>\n\n<div style=\"height:20px\" aria-hidden=\"true\" class=\"wp-block-spacer\"><\/div>\n\n<p><strong>Roma, 12 de dezembro de 1987<\/strong><\/p>\n\n<p><em>O Santo Padre recebeu nesta manh\u00e3 em audi\u00eancia alguns membros das comunidades&#13;\nneocatecumenais de Palermo, Cat\u00e2nia, Per\u00fagia, Floren\u00e7a e Roma que renovaram diante do Papa seu ato de f\u00e9 ao Sucessor de Pedro. <\/em>&#13;\n<em>&#13;\nReproduzimos o discurso espont\u00e2neo pronunciado pelo Papa:<\/em><\/p>\n\n<p>&#8220;Quero dizer, sem multiplicar as palavras, que a f\u00e9 deve ser professada, deve ser cantada, deve ser vivida; este \u00e9 vosso caminho, tamb\u00e9m o nosso, o de todos.<\/p>\n\n<p>Sim, com a f\u00e9 se deve vir a S\u00e3o Pedro, \u00e0 sua tumba, ao lugar onde foi batizado, onde deu testemunho de Cristo morto e ressuscitado. Com esta f\u00e9 se deve suscitar, algumas vezes, a surpresa dos turistas: v\u00f3s sois aqueles que criam esta surpresa em todos aqueles que pensam que nesta cidade somente se pode ser turista; devem compreender que aqui n\u00e3o se vem somente como turista, mas tamb\u00e9m como peregrino.<\/p>\n\n<p>Bem, basta! encontrareis outro discurso, muito mais longo, no &#8216;<em>Osservatore Romano&#8217;\u201d<\/em>.<\/p>\n\n<div class=\"wp-block-image\"><figure class=\"aligncenter size-large\"><img loading=\"lazy\" decoding=\"async\" width=\"700\" height=\"562\" src=\"https:\/\/neocatechumenaleiter.org\/wp-content\/uploads\/2020\/03\/Camino_Neocatecumenal_Juan_Pablo_II_audiencia_sala_clementina_1987.jpg\" alt=\"\" class=\"wp-image-2054\" srcset=\"https:\/\/neocatechumenaleiter.org\/wp-content\/uploads\/2020\/03\/Camino_Neocatecumenal_Juan_Pablo_II_audiencia_sala_clementina_1987.jpg 700w, https:\/\/neocatechumenaleiter.org\/wp-content\/uploads\/2020\/03\/Camino_Neocatecumenal_Juan_Pablo_II_audiencia_sala_clementina_1987-300x241.jpg 300w\" sizes=\"auto, (max-width: 700px) 100vw, 700px\" \/><\/figure><\/div>\n","protected":false},"excerpt":{"rendered":"<p>Audi\u00eancia na Sala Clementina 12\/12\/1987 S\u00e3o Jo\u00e3o Paulo II Roma, 12 de dezembro de 1987 O Santo Padre recebeu nesta manh\u00e3 em audi\u00eancia alguns membros das comunidades&#13; neocatecumenais de Palermo, Cat\u00e2nia, Per\u00fagia, Floren\u00e7a e Roma que renovaram diante do Papa seu ato de f\u00e9 ao Sucessor de Pedro. &#13; &#13; Reproduzimos o discurso espont\u00e2neo pronunciado pelo Papa: &#8220;Quero dizer, sem multiplicar as palavras, que a f\u00e9 deve ser professada, deve<\/p>\n<div class=\"read-more\"><a class=\"btn read-more-btn\" href=\"https:\/\/neocatechumenaleiter.org\/pt-br\/palavras-dos-papas\/sao-joao-paulo-ii\/audiencia-na-sala-clementina-12-12-1987\/\">Ler mais<\/a><\/div>\n","protected":false},"author":2,"featured_media":0,"parent":4247,"menu_order":46,"comment_status":"closed","ping_status":"closed","template":"","meta":{"footnotes":""},"class_list":["post-6869","page","type-page","status-publish","hentry"],"_links":{"self":[{"href":"https:\/\/neocatechumenaleiter.org\/pt-br\/wp-json\/wp\/v2\/pages\/6869","targetHints":{"allow":["GET"]}}],"collection":[{"href":"https:\/\/neocatechumenaleiter.org\/pt-br\/wp-json\/wp\/v2\/pages"}],"about":[{"href":"https:\/\/neocatechumenaleiter.org\/pt-br\/wp-json\/wp\/v2\/types\/page"}],"author":[{"embeddable":true,"href":"https:\/\/neocatechumenaleiter.org\/pt-br\/wp-json\/wp\/v2\/users\/2"}],"replies":[{"embeddable":true,"href":"https:\/\/neocatechumenaleiter.org\/pt-br\/wp-json\/wp\/v2\/comments?post=6869"}],"version-history":[{"count":7,"href":"https:\/\/neocatechumenaleiter.org\/pt-br\/wp-json\/wp\/v2\/pages\/6869\/revisions"}],"predecessor-version":[{"id":17727,"href":"https:\/\/neocatechumenaleiter.org\/pt-br\/wp-json\/wp\/v2\/pages\/6869\/revisions\/17727"}],"up":[{"embeddable":true,"href":"https:\/\/neocatechumenaleiter.org\/pt-br\/wp-json\/wp\/v2\/pages\/4247"}],"wp:attachment":[{"href":"https:\/\/neocatechumenaleiter.org\/pt-br\/wp-json\/wp\/v2\/media?parent=6869"}],"curies":[{"name":"wp","href":"https:\/\/api.w.org\/{rel}","templated":true}]}}