{"id":6871,"date":"2020-04-11T20:30:36","date_gmt":"2020-04-11T19:30:36","guid":{"rendered":"https:\/\/neocatechumenaleiter.org\/palavras-dos-papas\/sao-joao-paulo-ii\/audiencia-privada-pelo-envio-de-trinta-e-seis-familias-para-a-nova-evangelizacao-27-12-1987\/"},"modified":"2020-04-25T16:37:03","modified_gmt":"2020-04-25T15:37:03","slug":"audiencia-privada-pelo-envio-de-trinta-e-seis-familias-para-a-nova-evangelizacao-27-12-1987","status":"publish","type":"page","link":"https:\/\/neocatechumenaleiter.org\/pt-br\/palavras-dos-papas\/sao-joao-paulo-ii\/audiencia-privada-pelo-envio-de-trinta-e-seis-familias-para-a-nova-evangelizacao-27-12-1987\/","title":{"rendered":"Audi\u00eancia privada pelo envio de 36 fam\u00edlias para a \u201cNova Evangeliza\u00e7\u00e3o\u201d 27\/12\/1987"},"content":{"rendered":"\n<h1 class=\"has-text-align-center wp-block-heading\">Audi\u00eancia privada para o envio de 36 fam\u00edlias para a \u201cNova Evangeliza\u00e7\u00e3o\u201d 27\/12\/1987 <\/h1>\n\n<div style=\"height:20px\" aria-hidden=\"true\" class=\"wp-block-spacer\"><\/div>\n\n<h4 class=\"has-text-align-center wp-block-heading\">S\u00e3o Jo\u00e3o Paulo II<\/h4>\n\n<div style=\"height:20px\" aria-hidden=\"true\" class=\"wp-block-spacer\"><\/div>\n\n<p><strong>Festa da Sagrada Fam\u00edlia. Castel Gandolfo, 27 de dezembro de 1987<\/strong><\/p>\n\n<p><em>Trinta e seis fam\u00edlias pertencentes a diversas comunidades neocatecumenais receberam das m\u00e3os do Papa o crucifixo que os acompanhar\u00e1 nos diversos lugares de miss\u00e3o para os quais est\u00e3o a ponto de partir. A singela cerim\u00f4nia de entrega ocorreu no domingo 27 de dezembro, pela manh\u00e3, no Sal\u00e3o dos Su\u00ed\u00e7os do Pal\u00e1cio Pontif\u00edcio de Castel Gandolfo, como continua\u00e7\u00e3o do encontro mariano do Papa com os fi\u00e9is para a ora\u00e7\u00e3o do \u00c2ngelus. <\/em><\/p>\n\n<p><em>O Papa dirigiu \u00e0s fam\u00edlias presentes as seguintes palavras:<\/em><\/p>\n\n<p>&#8220;Queridos amigos: agrade\u00e7o vossa visita a Castel Gandolfo em um dia t\u00e3o significativo dentro das festas natal\u00edcias. O Natal \u00e9 celebrado com grande solenidade lit\u00fargica, tamb\u00e9m com uma grande alegria e participa\u00e7\u00e3o popular; mas talvez n\u00e3o nos damos conta suficientemente do que significa o Natal.<\/p>\n\n<p>Natal \u00e9 o come\u00e7o de uma miss\u00e3o, miss\u00e3o divina entre os homens: Deus que nasce como filho do homem, da mulher, \u00e9 um enviado do Pai, do Pai celeste, e nasce para cumprir esta miss\u00e3o. A festa de hoje vem imediatamente depois do Natal: a Sagrada Fam\u00edlia. Isso \u00e9 muito significativo, quer dizer que esta miss\u00e3o divina, feita humana pela encarna\u00e7\u00e3o do Verbo de Deus, esta miss\u00e3o \u00e9 confiada, em primeiro lugar, \u00e0 miss\u00e3o fam\u00edlia.<\/p>\n\n<p>Vejo este encontro e no desenvolvimento de vosso Caminho Neocatecumenal o mesmo que no projeto mission\u00e1rio confiado a diversas fam\u00edlias \u2013 n\u00e3o a pessoas em particular, mas a fam\u00edlias inteiras \u2013 vejo uma atua\u00e7\u00e3o, uma realiza\u00e7\u00e3o deste acontecimento significativo que pertence \u00e0 Hist\u00f3ria da Salva\u00e7\u00e3o, \u00e0 hist\u00f3ria da miss\u00e3o divina dentro de toda a fam\u00edlia humana, entre os homens, dentro de todo o g\u00eanero humano. Desejo-vos que participeis nesta miss\u00e3o divina confiada \u00e0 Sagrada Fam\u00edlia em vossas fam\u00edlias, sobretudo naquelas fam\u00edlias, fiel reflexo do que Deus quis que seja a fam\u00edlia humana e que nos tem mostrado na Sagrada Fam\u00edlia de Nazar\u00e9.<\/p>\n\n<p>A miss\u00e3o se chama <em>ad extra,<\/em> que quer dizer <em>\u201cir\u201d<\/em>, &#8216;<em>ensinar&#8217;, <\/em>que foi o que Jesus disse a seus ap\u00f3stolos ao final de sua miss\u00e3o messi\u00e2nica nesta terra. Disse muito bem o Conc\u00edlio Vaticano II que os Doze eram representantes de todo o novo Israel, inclu\u00edda \u2013 naturalmente \u2013 a fam\u00edlia que \u00e9 a c\u00e9lula de todo povo, do novo e do velho Israel. Desta maneira sua miss\u00e3o deve implicar as fam\u00edlias: isso \u00e9 o que tratamos de descobrir porque estava um pouco escondido, n\u00e3o era valorizado suficientemente, n\u00e3o estava posto em a\u00e7\u00e3o suficientemente, apesar de que na Igreja existam tradi\u00e7\u00f5es muito boas da fam\u00edlia crist\u00e3; mas esta caracter\u00edstica mission\u00e1ria \u00e9 uma certa novidade. O fim de vosso movimento, o melhor de vosso caminho, trata justamente de redescobrir essa novidade mission\u00e1ria da fam\u00edlia: a Igreja em <em>status missionis<\/em>, a Igreja toda inteira mission\u00e1ria, a fam\u00edlia em <em>status missionis<\/em>.<\/p>\n\n<p>Desejo que caminheis \u2013 caminhar quer dizer mover-se \u2013 bem por esta senda que encontrastes no Caminho Neocatecumenal.<\/p>\n\n<p>Desejo dar uma b\u00ean\u00e7\u00e3o a todos os aqui presentes, aos que se preparam para uma miss\u00e3o em pa\u00edses distantes, talvez n\u00e3o t\u00e3o distantes geograficamente, mas muitas vezes distantes espiritualmente; afastados da f\u00e9, da vis\u00e3o crist\u00e3 da vida.<\/p>\n\n<p>Esta \u00e9 a miss\u00e3o das fam\u00edlias: para aproximar uma fam\u00edlia distante, \u00e9 necess\u00e1rio a presen\u00e7a das fam\u00edlias, o testemunho das fam\u00edlias, o apostolado das fam\u00edlias.&#8221;<\/p>\n\n<figure class=\"wp-block-gallery columns-3 is-cropped wp-block-gallery-1 is-layout-flex wp-block-gallery-is-layout-flex\"><ul class=\"blocks-gallery-grid\"><li class=\"blocks-gallery-item\"><figure><img loading=\"lazy\" decoding=\"async\" width=\"703\" height=\"536\" src=\"https:\/\/neocatechumenaleiter.org\/wp-content\/uploads\/2020\/03\/Camino_Neocatecumenal_Juan_Pablo_II_audiencia_privada_envio_36_familias_mision_1987.jpg\" alt=\"\" data-id=\"2075\" data-full-url=\"https:\/\/neocatechumenaleiter.org\/wp-content\/uploads\/2020\/03\/Camino_Neocatecumenal_Juan_Pablo_II_audiencia_privada_envio_36_familias_mision_1987.jpg\" data-link=\"https:\/\/neocatechumenaleiter.org\/?attachment_id=2075\" class=\"wp-image-2079\" srcset=\"https:\/\/neocatechumenaleiter.org\/wp-content\/uploads\/2020\/03\/Camino_Neocatecumenal_Juan_Pablo_II_audiencia_privada_envio_36_familias_mision_1987.jpg 703w, https:\/\/neocatechumenaleiter.org\/wp-content\/uploads\/2020\/03\/Camino_Neocatecumenal_Juan_Pablo_II_audiencia_privada_envio_36_familias_mision_1987-300x229.jpg 300w\" sizes=\"auto, (max-width: 703px) 100vw, 703px\" \/><\/figure><\/li><li class=\"blocks-gallery-item\"><figure><img loading=\"lazy\" decoding=\"async\" width=\"701\" height=\"569\" src=\"https:\/\/neocatechumenaleiter.org\/wp-content\/uploads\/2020\/03\/Camino_Neocatecumenal_Juan_Pablo_II_audiencia_privada_envio_36_familias_mision_19873.jpg\" alt=\"\" data-id=\"2068\" data-full-url=\"https:\/\/neocatechumenaleiter.org\/wp-content\/uploads\/2020\/03\/Camino_Neocatecumenal_Juan_Pablo_II_audiencia_privada_envio_36_familias_mision_19873.jpg\" data-link=\"https:\/\/neocatechumenaleiter.org\/?attachment_id=2068\" class=\"wp-image-2072\" srcset=\"https:\/\/neocatechumenaleiter.org\/wp-content\/uploads\/2020\/03\/Camino_Neocatecumenal_Juan_Pablo_II_audiencia_privada_envio_36_familias_mision_19873.jpg 701w, https:\/\/neocatechumenaleiter.org\/wp-content\/uploads\/2020\/03\/Camino_Neocatecumenal_Juan_Pablo_II_audiencia_privada_envio_36_familias_mision_19873-300x244.jpg 300w\" sizes=\"auto, (max-width: 701px) 100vw, 701px\" \/><\/figure><\/li><li class=\"blocks-gallery-item\"><figure><img loading=\"lazy\" decoding=\"async\" width=\"768\" height=\"535\" src=\"https:\/\/neocatechumenaleiter.org\/wp-content\/uploads\/2020\/03\/Camino_Neocatecumenal_Juan_Pablo_II_audiencia_privada_envio_36_familias_mision_19872.jpg\" alt=\"\" data-id=\"2061\" data-full-url=\"https:\/\/neocatechumenaleiter.org\/wp-content\/uploads\/2020\/03\/Camino_Neocatecumenal_Juan_Pablo_II_audiencia_privada_envio_36_familias_mision_19872.jpg\" data-link=\"https:\/\/neocatechumenaleiter.org\/?attachment_id=2061\" class=\"wp-image-2065\" srcset=\"https:\/\/neocatechumenaleiter.org\/wp-content\/uploads\/2020\/03\/Camino_Neocatecumenal_Juan_Pablo_II_audiencia_privada_envio_36_familias_mision_19872.jpg 768w, https:\/\/neocatechumenaleiter.org\/wp-content\/uploads\/2020\/03\/Camino_Neocatecumenal_Juan_Pablo_II_audiencia_privada_envio_36_familias_mision_19872-300x209.jpg 300w\" sizes=\"auto, (max-width: 768px) 100vw, 768px\" \/><\/figure><\/li><\/ul><\/figure>\n","protected":false},"excerpt":{"rendered":"<p>Audi\u00eancia privada para o envio de 36 fam\u00edlias para a \u201cNova Evangeliza\u00e7\u00e3o\u201d 27\/12\/1987 S\u00e3o Jo\u00e3o Paulo II Festa da Sagrada Fam\u00edlia. Castel Gandolfo, 27 de dezembro de 1987 Trinta e seis fam\u00edlias pertencentes a diversas comunidades neocatecumenais receberam das m\u00e3os do Papa o crucifixo que os acompanhar\u00e1 nos diversos lugares de miss\u00e3o para os quais est\u00e3o a ponto de partir. A singela cerim\u00f4nia de entrega ocorreu no domingo 27 de<\/p>\n<div class=\"read-more\"><a class=\"btn read-more-btn\" href=\"https:\/\/neocatechumenaleiter.org\/pt-br\/palavras-dos-papas\/sao-joao-paulo-ii\/audiencia-privada-pelo-envio-de-trinta-e-seis-familias-para-a-nova-evangelizacao-27-12-1987\/\">Ler mais<\/a><\/div>\n","protected":false},"author":2,"featured_media":0,"parent":4247,"menu_order":47,"comment_status":"closed","ping_status":"closed","template":"","meta":{"footnotes":""},"class_list":["post-6871","page","type-page","status-publish","hentry"],"_links":{"self":[{"href":"https:\/\/neocatechumenaleiter.org\/pt-br\/wp-json\/wp\/v2\/pages\/6871","targetHints":{"allow":["GET"]}}],"collection":[{"href":"https:\/\/neocatechumenaleiter.org\/pt-br\/wp-json\/wp\/v2\/pages"}],"about":[{"href":"https:\/\/neocatechumenaleiter.org\/pt-br\/wp-json\/wp\/v2\/types\/page"}],"author":[{"embeddable":true,"href":"https:\/\/neocatechumenaleiter.org\/pt-br\/wp-json\/wp\/v2\/users\/2"}],"replies":[{"embeddable":true,"href":"https:\/\/neocatechumenaleiter.org\/pt-br\/wp-json\/wp\/v2\/comments?post=6871"}],"version-history":[{"count":5,"href":"https:\/\/neocatechumenaleiter.org\/pt-br\/wp-json\/wp\/v2\/pages\/6871\/revisions"}],"predecessor-version":[{"id":8509,"href":"https:\/\/neocatechumenaleiter.org\/pt-br\/wp-json\/wp\/v2\/pages\/6871\/revisions\/8509"}],"up":[{"embeddable":true,"href":"https:\/\/neocatechumenaleiter.org\/pt-br\/wp-json\/wp\/v2\/pages\/4247"}],"wp:attachment":[{"href":"https:\/\/neocatechumenaleiter.org\/pt-br\/wp-json\/wp\/v2\/media?parent=6871"}],"curies":[{"name":"wp","href":"https:\/\/api.w.org\/{rel}","templated":true}]}}