{"id":6873,"date":"2020-04-13T21:19:25","date_gmt":"2020-04-13T20:19:25","guid":{"rendered":"https:\/\/neocatechumenaleiter.org\/palavras-dos-papas\/sao-joao-paulo-ii\/visita-a-paroquia-santa-rita-de-tor-bella-monaca-22-1-1984\/"},"modified":"2020-04-27T16:12:28","modified_gmt":"2020-04-27T15:12:28","slug":"visita-a-paroquia-santa-rita-de-tor-bella-monaca-22-1-1984","status":"publish","type":"page","link":"https:\/\/neocatechumenaleiter.org\/pt-br\/palavras-dos-papas\/sao-joao-paulo-ii\/visita-a-paroquia-santa-rita-de-tor-bella-monaca-22-1-1984\/","title":{"rendered":"Visita \u00e0 par\u00f3quia Santa Rita de Tor Bella Monaca 22\/1\/1984"},"content":{"rendered":"\n<h1 class=\"has-text-align-center wp-block-heading\">Visita \u00e0 par\u00f3quia Santa Rita de Tor Bella Monaca 22\/1\/1984<\/h1>\n\n<div style=\"height:20px\" aria-hidden=\"true\" class=\"wp-block-spacer\"><\/div>\n\n<h4 class=\"has-text-align-center wp-block-heading\">S\u00e3o Jo\u00e3o Paulo II<\/h4>\n\n<div style=\"height:20px\" aria-hidden=\"true\" class=\"wp-block-spacer\"><\/div>\n\n<div class=\"wp-block-image\"><figure class=\"alignleft size-large\"><img loading=\"lazy\" decoding=\"async\" width=\"700\" height=\"558\" src=\"https:\/\/neocatechumenaleiter.org\/wp-content\/uploads\/2020\/03\/Camino_Neocatecumenal_Juan_Pablo_II_visita_parroquia_Santa_Rita_1984.jpg\" alt=\"\" class=\"wp-image-1787\" srcset=\"https:\/\/neocatechumenaleiter.org\/wp-content\/uploads\/2020\/03\/Camino_Neocatecumenal_Juan_Pablo_II_visita_parroquia_Santa_Rita_1984.jpg 700w, https:\/\/neocatechumenaleiter.org\/wp-content\/uploads\/2020\/03\/Camino_Neocatecumenal_Juan_Pablo_II_visita_parroquia_Santa_Rita_1984-300x239.jpg 300w\" sizes=\"auto, (max-width: 700px) 100vw, 700px\" \/><\/figure><\/div>\n\n<p><strong>Roma, 22 de janeiro de 1984.<\/strong><\/p>\n\n<p><em>O padre Giuseppe Piervincenzi, que cuida deste grupo da par\u00f3quia, apresentou ao Santo Padre a hist\u00f3ria da comunidade que tem quatro anos de vida; uma vida de ora\u00e7\u00e3o\u00ad, de catequese, de aprendizagem da Escritura, um estudo para uma miss\u00e3o mais precisa de evangeliza\u00e7\u00e3o.\u00a0<\/em>&#013;\n&#013;\n<em>Um jovem representante da comunidade neocatecumenal, casado e com tr\u00eas filhos, quis depois testemunhar como, para ele, a descoberta da Igreja-m\u00e3e coincidiu com a sua convers\u00e3o pessoal: &#8220;Antes eu vivia <strong>\u2013<\/strong> disse ele <strong>\u2013<\/strong> num forte indiferentismo religioso\u00ad e num relativismo moral. Depois o Senhor teve miseric\u00f3rdia de mim&#8221;.<\/em>&#013;\n<em>Jo\u00e3o Paulo II quis destacar no seu discurso:<\/em><\/p>\n\n<p>&#8220;&#8230; o caminho da f\u00e9 n\u00e3o pode jamais ser interrompido. N\u00e3o pode terminar ap\u00f3s o Batismo, nem ap\u00f3s a Primeira Comunh\u00e3o, n\u00e3o pode parar ap\u00f3s a Crisma, nem sequer ap\u00f3s o sacramento do Matrim\u00f4nio. A f\u00e9 deve ser sempre um caminho. Deve ser sempre uma descoberta. Por meio dela e das suas maravilhas, n\u00f3s, em certo sentido, chegamos a alcan\u00e7ar a realidade de Deus. Os neocatec\u00famenos s\u00e3o guiados por esta ideia e se esfor\u00e7am por caminhar mais honestamente na f\u00e9 pessoal, na f\u00e9 comunit\u00e1ria, na f\u00e9 da Igreja&#8221;.<\/p>\n","protected":false},"excerpt":{"rendered":"<p>Visita \u00e0 par\u00f3quia Santa Rita de Tor Bella Monaca 22\/1\/1984 S\u00e3o Jo\u00e3o Paulo II Roma, 22 de janeiro de 1984. O padre Giuseppe Piervincenzi, que cuida deste grupo da par\u00f3quia, apresentou ao Santo Padre a hist\u00f3ria da comunidade que tem quatro anos de vida; uma vida de ora\u00e7\u00e3o\u00ad, de catequese, de aprendizagem da Escritura, um estudo para uma miss\u00e3o mais precisa de evangeliza\u00e7\u00e3o.\u00a0&#013; &#013; Um jovem representante da comunidade neocatecumenal,<\/p>\n<div class=\"read-more\"><a class=\"btn read-more-btn\" href=\"https:\/\/neocatechumenaleiter.org\/pt-br\/palavras-dos-papas\/sao-joao-paulo-ii\/visita-a-paroquia-santa-rita-de-tor-bella-monaca-22-1-1984\/\">Ler mais<\/a><\/div>\n","protected":false},"author":2,"featured_media":0,"parent":4247,"menu_order":24,"comment_status":"closed","ping_status":"closed","template":"","meta":{"footnotes":""},"class_list":["post-6873","page","type-page","status-publish","hentry"],"_links":{"self":[{"href":"https:\/\/neocatechumenaleiter.org\/pt-br\/wp-json\/wp\/v2\/pages\/6873","targetHints":{"allow":["GET"]}}],"collection":[{"href":"https:\/\/neocatechumenaleiter.org\/pt-br\/wp-json\/wp\/v2\/pages"}],"about":[{"href":"https:\/\/neocatechumenaleiter.org\/pt-br\/wp-json\/wp\/v2\/types\/page"}],"author":[{"embeddable":true,"href":"https:\/\/neocatechumenaleiter.org\/pt-br\/wp-json\/wp\/v2\/users\/2"}],"replies":[{"embeddable":true,"href":"https:\/\/neocatechumenaleiter.org\/pt-br\/wp-json\/wp\/v2\/comments?post=6873"}],"version-history":[{"count":5,"href":"https:\/\/neocatechumenaleiter.org\/pt-br\/wp-json\/wp\/v2\/pages\/6873\/revisions"}],"predecessor-version":[{"id":8728,"href":"https:\/\/neocatechumenaleiter.org\/pt-br\/wp-json\/wp\/v2\/pages\/6873\/revisions\/8728"}],"up":[{"embeddable":true,"href":"https:\/\/neocatechumenaleiter.org\/pt-br\/wp-json\/wp\/v2\/pages\/4247"}],"wp:attachment":[{"href":"https:\/\/neocatechumenaleiter.org\/pt-br\/wp-json\/wp\/v2\/media?parent=6873"}],"curies":[{"name":"wp","href":"https:\/\/api.w.org\/{rel}","templated":true}]}}