{"id":7124,"date":"2020-04-15T16:31:37","date_gmt":"2020-04-15T15:31:37","guid":{"rendered":"https:\/\/neocatechumenaleiter.org\/palavras-dos-papas\/sao-joao-paulo-ii\/saudacao-durante-a-visita-ao-peru-16-5-1988\/"},"modified":"2020-04-28T15:50:12","modified_gmt":"2020-04-28T14:50:12","slug":"saudacao-durante-a-visita-ao-peru-16-5-1988","status":"publish","type":"page","link":"https:\/\/neocatechumenaleiter.org\/pt-br\/palavras-dos-papas\/sao-joao-paulo-ii\/saudacao-durante-a-visita-ao-peru-16-5-1988\/","title":{"rendered":"Sauda\u00e7\u00e3o durante a visita ao Peru 16\/5\/1988"},"content":{"rendered":"\n<h1 class=\"has-text-align-center wp-block-heading\">Sauda\u00e7\u00e3o durante a visita ao Peru 16\/5\/1988<\/h1>\n\n<div style=\"height:20px\" aria-hidden=\"true\" class=\"wp-block-spacer\"><\/div>\n\n<h4 class=\"has-text-align-center wp-block-heading\">S\u00e3o Jo\u00e3o Paulo II<\/h4>\n\n<div style=\"height:20px\" aria-hidden=\"true\" class=\"wp-block-spacer\"><\/div>\n\n<p><strong>Lima, 16 de maio de 1988.<\/strong><\/p>\n\n<p><em>Durante sua visita apost\u00f3lica ao Peru,&#013;\nna cidade de Lima, o Papa dirigiu a seguinte sauda\u00e7\u00e3o \u00e0s comunidades neocatecumenais e \u00e0s fam\u00edlias que h\u00e1 mais de um ano trabalham nos \u201cPluebos J\u00f3venes\u201d, em meio aos pobres.<\/em><\/p>\n\n<p>&#8220;Dou gra\u00e7as a todos os presentes e a todos que contribu\u00edram com a organiza\u00e7\u00e3o e realiza\u00e7\u00e3o deste grande Congresso Eucar\u00edstico Boliviano, especialmente aos que ontem contribu\u00edram com sua conclus\u00e3o.<\/p>\n\n<p>Penso em todos, n\u00e3o somente nos presentes, mas em Lima e em toda a na\u00e7\u00e3o. Desejo saudar os diversos grupos, associa\u00e7\u00f5es e movimentos, alguns dos quais s\u00e3o muito ativos. Essa atividade tem se demonstrado atrav\u00e9s dos convites dirigidos ao Papa para que visitasse suas sedes, mas n\u00e3o era poss\u00edvel fazer visitas privadas, sendo esta uma visita geral a toda a cidade de Lima, a toda a capital, que tem cerca de seis ou sete milh\u00f5es de habitantes. Estou agradecido por esses convites, especialmente pelas atividades apost\u00f3licas desses movimentos, como por exemplo, os neocatec\u00famenos. Eles mereciam verdadeiramente uma visita, mereciam, sinceramente, mais; no entanto n\u00e3o foi poss\u00edvel esta visita.<\/p>\n\n<p>Desejo aben\u00e7oar tudo o que fazem para promover a evangeliza\u00e7\u00e3o nesta na\u00e7\u00e3o, assim como para promover as voca\u00e7\u00f5es. Sabemos bem que se encontram entre v\u00f3s v\u00e1rios itinerantes que, como me disse o cardeal Land\u00e1zuri, trabalham muito bem. Agrade\u00e7o-vos a todos e vos aben\u00e7oo de todo cora\u00e7\u00e3o&#8221;.<\/p>\n","protected":false},"excerpt":{"rendered":"<p>Sauda\u00e7\u00e3o durante a visita ao Peru 16\/5\/1988 S\u00e3o Jo\u00e3o Paulo II Lima, 16 de maio de 1988. Durante sua visita apost\u00f3lica ao Peru,&#013; na cidade de Lima, o Papa dirigiu a seguinte sauda\u00e7\u00e3o \u00e0s comunidades neocatecumenais e \u00e0s fam\u00edlias que h\u00e1 mais de um ano trabalham nos \u201cPluebos J\u00f3venes\u201d, em meio aos pobres. &#8220;Dou gra\u00e7as a todos os presentes e a todos que contribu\u00edram com a organiza\u00e7\u00e3o e realiza\u00e7\u00e3o deste<\/p>\n<div class=\"read-more\"><a class=\"btn read-more-btn\" href=\"https:\/\/neocatechumenaleiter.org\/pt-br\/palavras-dos-papas\/sao-joao-paulo-ii\/saudacao-durante-a-visita-ao-peru-16-5-1988\/\">Ler mais<\/a><\/div>\n","protected":false},"author":2,"featured_media":0,"parent":4247,"menu_order":52,"comment_status":"closed","ping_status":"closed","template":"","meta":{"footnotes":""},"class_list":["post-7124","page","type-page","status-publish","hentry"],"_links":{"self":[{"href":"https:\/\/neocatechumenaleiter.org\/pt-br\/wp-json\/wp\/v2\/pages\/7124","targetHints":{"allow":["GET"]}}],"collection":[{"href":"https:\/\/neocatechumenaleiter.org\/pt-br\/wp-json\/wp\/v2\/pages"}],"about":[{"href":"https:\/\/neocatechumenaleiter.org\/pt-br\/wp-json\/wp\/v2\/types\/page"}],"author":[{"embeddable":true,"href":"https:\/\/neocatechumenaleiter.org\/pt-br\/wp-json\/wp\/v2\/users\/2"}],"replies":[{"embeddable":true,"href":"https:\/\/neocatechumenaleiter.org\/pt-br\/wp-json\/wp\/v2\/comments?post=7124"}],"version-history":[{"count":5,"href":"https:\/\/neocatechumenaleiter.org\/pt-br\/wp-json\/wp\/v2\/pages\/7124\/revisions"}],"predecessor-version":[{"id":8962,"href":"https:\/\/neocatechumenaleiter.org\/pt-br\/wp-json\/wp\/v2\/pages\/7124\/revisions\/8962"}],"up":[{"embeddable":true,"href":"https:\/\/neocatechumenaleiter.org\/pt-br\/wp-json\/wp\/v2\/pages\/4247"}],"wp:attachment":[{"href":"https:\/\/neocatechumenaleiter.org\/pt-br\/wp-json\/wp\/v2\/media?parent=7124"}],"curies":[{"name":"wp","href":"https:\/\/api.w.org\/{rel}","templated":true}]}}