{"id":7157,"date":"2020-04-15T17:32:51","date_gmt":"2020-04-15T16:32:51","guid":{"rendered":"https:\/\/neocatechumenaleiter.org\/palavras-dos-papas\/sao-joao-paulo-ii\/visita-a-paroquia-santa-maria-mae-do-redentor-10-4-1988\/"},"modified":"2020-04-28T15:46:28","modified_gmt":"2020-04-28T14:46:28","slug":"visita-a-paroquia-santa-maria-mae-do-redentor-10-4-1988","status":"publish","type":"page","link":"https:\/\/neocatechumenaleiter.org\/pt-br\/palavras-dos-papas\/sao-joao-paulo-ii\/visita-a-paroquia-santa-maria-mae-do-redentor-10-4-1988\/","title":{"rendered":"Visita \u00e0 par\u00f3quia Santa Maria M\u00e3e do Redentor 10\/4\/1988"},"content":{"rendered":"\n<h1 class=\"has-text-align-center wp-block-heading\">Visita \u00e0 par\u00f3quia Santa Maria M\u00e3e do Redentor 10\/4\/1988<\/h1>\n\n<div style=\"height:20px\" aria-hidden=\"true\" class=\"wp-block-spacer\"><\/div>\n\n<h4 class=\"has-text-align-center wp-block-heading\">S\u00e3o Jo\u00e3o Paulo II<\/h4>\n\n<div style=\"height:20px\" aria-hidden=\"true\" class=\"wp-block-spacer\"><\/div>\n\n<p><strong>Roma, 10 de abril de 1988.<\/strong><\/p>\n\n<p>\u201cEscutamos no Evangelho de hoje que Tom\u00e9 buscava sinais para crer que Jesus havia ressuscitado verdadeiramente. Creio que para Tor Bella Monaca um sinal de que Jesus ressuscitou podem ser esses irm\u00e3os e irm\u00e3s e sua f\u00e9 e o entusiasmo de sua f\u00e9\u201d, disse o p\u00e1roco ao apresentar ao Santo Padre as duas comunidades neocatecumenais da par\u00f3quia reunidas na Igreja. \u201cEstamos preocupados com a pastoral de adultos \u2013 continuou dom Mario. Muitos est\u00e3o afastados de Deus, da Igreja, mas vejo que atrav\u00e9s do Caminho Neocatecumenal foi lan\u00e7ada uma rede ao lago e que muitos s\u00e3o recolhidos por esta rede e se p\u00f5em a caminho para buscar o Senhor\u201d. O<em> Papa, ap\u00f3s ouvir alguns testemunhos, dirigiu as seguintes palavras aos presentes:<\/em><\/p>\n\n<div class=\"wp-block-image\"><figure class=\"alignleft size-large\"><img loading=\"lazy\" decoding=\"async\" width=\"679\" height=\"557\" src=\"https:\/\/neocatechumenaleiter.org\/wp-content\/uploads\/2020\/03\/Camino_Neocatecumenal_Juan_Pablo_II_visita_parroquia_Santa_Maria_Madre_del_Redentor_1988.jpg\" alt=\"\" class=\"wp-image-2134\" srcset=\"https:\/\/neocatechumenaleiter.org\/wp-content\/uploads\/2020\/03\/Camino_Neocatecumenal_Juan_Pablo_II_visita_parroquia_Santa_Maria_Madre_del_Redentor_1988.jpg 679w, https:\/\/neocatechumenaleiter.org\/wp-content\/uploads\/2020\/03\/Camino_Neocatecumenal_Juan_Pablo_II_visita_parroquia_Santa_Maria_Madre_del_Redentor_1988-300x246.jpg 300w\" sizes=\"auto, (max-width: 679px) 100vw, 679px\" \/><\/figure><\/div>\n\n<p>&#8220;Car\u00edssimos, sa\u00fado a todos. Aos padres, aos adultos, aos jovens e \u00e0s crian\u00e7as, que, como sempre, s\u00e3o numerosas em vossas comunidades. Dou gra\u00e7as a Deus por esta vida nascente. Encontro-vos frequentemente, encontrei-vos no Domingo de Ramos \u00e0 tarde, ouvi muitos testemunhos e depois falei um pouco com mais tempo. Hoje eu vos encontro nesta par\u00f3quia e vos digo que me alegro por este encontro e por esta par\u00f3quia que encontrastes. Sei que levais adiante vossa presen\u00e7a, vosso testemunho e vossa miss\u00e3o.<\/p>\n\n<p>Hoje escutamos uma passagem do Evangelho muito interessante sobre o Cen\u00e1culo, porque estava ali a figura de Tom\u00e9, o incr\u00e9dulo que se converteu a Cristo ressuscitado no Cen\u00e1culo. Pensei em v\u00f3s, porque vossas comunidades, como muitos me dizem, s\u00e3o tamb\u00e9m os lugares e os ambientes nos quais as convers\u00f5es de incr\u00e9dulos, de um Tom\u00e9 incr\u00e9dulo que se converte em um Tom\u00e9 que cr\u00ea e que grita &#8216;<em>Senhor&#8217;<\/em>, se repetem.<\/p>\n\n<p>Essa \u00e9 a gra\u00e7a do Cen\u00e1culo. Deveis permanecer sempre no Cen\u00e1culo&#8221;.<\/p>\n","protected":false},"excerpt":{"rendered":"<p>Visita \u00e0 par\u00f3quia Santa Maria M\u00e3e do Redentor 10\/4\/1988 S\u00e3o Jo\u00e3o Paulo II Roma, 10 de abril de 1988. \u201cEscutamos no Evangelho de hoje que Tom\u00e9 buscava sinais para crer que Jesus havia ressuscitado verdadeiramente. Creio que para Tor Bella Monaca um sinal de que Jesus ressuscitou podem ser esses irm\u00e3os e irm\u00e3s e sua f\u00e9 e o entusiasmo de sua f\u00e9\u201d, disse o p\u00e1roco ao apresentar ao Santo Padre<\/p>\n<div class=\"read-more\"><a class=\"btn read-more-btn\" href=\"https:\/\/neocatechumenaleiter.org\/pt-br\/palavras-dos-papas\/sao-joao-paulo-ii\/visita-a-paroquia-santa-maria-mae-do-redentor-10-4-1988\/\">Ler mais<\/a><\/div>\n","protected":false},"author":2,"featured_media":0,"parent":4247,"menu_order":51,"comment_status":"closed","ping_status":"closed","template":"","meta":{"footnotes":""},"class_list":["post-7157","page","type-page","status-publish","hentry"],"_links":{"self":[{"href":"https:\/\/neocatechumenaleiter.org\/pt-br\/wp-json\/wp\/v2\/pages\/7157","targetHints":{"allow":["GET"]}}],"collection":[{"href":"https:\/\/neocatechumenaleiter.org\/pt-br\/wp-json\/wp\/v2\/pages"}],"about":[{"href":"https:\/\/neocatechumenaleiter.org\/pt-br\/wp-json\/wp\/v2\/types\/page"}],"author":[{"embeddable":true,"href":"https:\/\/neocatechumenaleiter.org\/pt-br\/wp-json\/wp\/v2\/users\/2"}],"replies":[{"embeddable":true,"href":"https:\/\/neocatechumenaleiter.org\/pt-br\/wp-json\/wp\/v2\/comments?post=7157"}],"version-history":[{"count":7,"href":"https:\/\/neocatechumenaleiter.org\/pt-br\/wp-json\/wp\/v2\/pages\/7157\/revisions"}],"predecessor-version":[{"id":8958,"href":"https:\/\/neocatechumenaleiter.org\/pt-br\/wp-json\/wp\/v2\/pages\/7157\/revisions\/8958"}],"up":[{"embeddable":true,"href":"https:\/\/neocatechumenaleiter.org\/pt-br\/wp-json\/wp\/v2\/pages\/4247"}],"wp:attachment":[{"href":"https:\/\/neocatechumenaleiter.org\/pt-br\/wp-json\/wp\/v2\/media?parent=7157"}],"curies":[{"name":"wp","href":"https:\/\/api.w.org\/{rel}","templated":true}]}}