{"id":7159,"date":"2020-04-15T17:56:21","date_gmt":"2020-04-15T16:56:21","guid":{"rendered":"https:\/\/neocatechumenaleiter.org\/palavras-dos-papas\/sao-joao-paulo-ii\/vigilia-pascal-na-basilica-de-sao-pedro-com-algumas-comunidades-de-madri-3-4-1988\/"},"modified":"2020-04-28T15:39:34","modified_gmt":"2020-04-28T14:39:34","slug":"vigilia-pascal-na-basilica-de-sao-pedro-com-algumas-comunidades-de-madri-3-4-1988","status":"publish","type":"page","link":"https:\/\/neocatechumenaleiter.org\/pt-br\/palavras-dos-papas\/sao-joao-paulo-ii\/vigilia-pascal-na-basilica-de-sao-pedro-com-algumas-comunidades-de-madri-3-4-1988\/","title":{"rendered":"Vig\u00edlia Pascal na Bas\u00edlica de S\u00e3o Pedro com algumas comunidades de Madri 3\/4\/1988"},"content":{"rendered":"\n<h1 class=\"has-text-align-center wp-block-heading\">Vig\u00edlia Pascal na Bas\u00edlica de S\u00e3o Pedro com algumas comunidades de Madri 3\/4\/1988<\/h1>\n\n<div style=\"height:20px\" aria-hidden=\"true\" class=\"wp-block-spacer\"><\/div>\n\n<h4 class=\"has-text-align-center wp-block-heading\">S\u00e3o Jo\u00e3o Paulo II<\/h4>\n\n<div style=\"height:20px\" aria-hidden=\"true\" class=\"wp-block-spacer\"><\/div>\n\n<p><strong>Bas\u00edlica de S\u00e3o Pedro, 3 de abril de 1988.<\/strong><\/p>\n\n<p><em>Os irm\u00e3os das comunidades neocatecumenais das par\u00f3quias de Paloma, S\u00e3o Jos\u00e9 e S\u00e3o Sebasti\u00e3o de Madri renovaram solenemente as promessas batismais ao final de seu Caminho Neocatecumenal. Vestindo a t\u00fanica branca, participaram da Vig\u00edlia Pascal. Estavam acompanhados de seus catequistas e da primeira comunidade da par\u00f3quia dos M\u00e1rtires Canadenses.<\/em><\/p>\n\n<div class=\"wp-block-image\"><figure class=\"aligncenter size-large\"><img loading=\"lazy\" decoding=\"async\" width=\"768\" height=\"516\" src=\"https:\/\/neocatechumenaleiter.org\/wp-content\/uploads\/2020\/03\/Camino_Neocatecumenal_Juan_Pablo_II_vigilia_pascual_hermanos_vestidura_blanca_comunidades_Madrid_1988.jpg\" alt=\"\" class=\"wp-image-2124\" srcset=\"https:\/\/neocatechumenaleiter.org\/wp-content\/uploads\/2020\/03\/Camino_Neocatecumenal_Juan_Pablo_II_vigilia_pascual_hermanos_vestidura_blanca_comunidades_Madrid_1988.jpg 768w, https:\/\/neocatechumenaleiter.org\/wp-content\/uploads\/2020\/03\/Camino_Neocatecumenal_Juan_Pablo_II_vigilia_pascual_hermanos_vestidura_blanca_comunidades_Madrid_1988-300x202.jpg 300w\" sizes=\"auto, (max-width: 768px) 100vw, 768px\" \/><\/figure><\/div>\n","protected":false},"excerpt":{"rendered":"<p>Vig\u00edlia Pascal na Bas\u00edlica de S\u00e3o Pedro com algumas comunidades de Madri 3\/4\/1988 S\u00e3o Jo\u00e3o Paulo II Bas\u00edlica de S\u00e3o Pedro, 3 de abril de 1988. Os irm\u00e3os das comunidades neocatecumenais das par\u00f3quias de Paloma, S\u00e3o Jos\u00e9 e S\u00e3o Sebasti\u00e3o de Madri renovaram solenemente as promessas batismais ao final de seu Caminho Neocatecumenal. Vestindo a t\u00fanica branca, participaram da Vig\u00edlia Pascal. Estavam acompanhados de seus catequistas e da primeira comunidade<\/p>\n<div class=\"read-more\"><a class=\"btn read-more-btn\" href=\"https:\/\/neocatechumenaleiter.org\/pt-br\/palavras-dos-papas\/sao-joao-paulo-ii\/vigilia-pascal-na-basilica-de-sao-pedro-com-algumas-comunidades-de-madri-3-4-1988\/\">Ler mais<\/a><\/div>\n","protected":false},"author":2,"featured_media":0,"parent":4247,"menu_order":51,"comment_status":"closed","ping_status":"closed","template":"","meta":{"footnotes":""},"class_list":["post-7159","page","type-page","status-publish","hentry"],"_links":{"self":[{"href":"https:\/\/neocatechumenaleiter.org\/pt-br\/wp-json\/wp\/v2\/pages\/7159","targetHints":{"allow":["GET"]}}],"collection":[{"href":"https:\/\/neocatechumenaleiter.org\/pt-br\/wp-json\/wp\/v2\/pages"}],"about":[{"href":"https:\/\/neocatechumenaleiter.org\/pt-br\/wp-json\/wp\/v2\/types\/page"}],"author":[{"embeddable":true,"href":"https:\/\/neocatechumenaleiter.org\/pt-br\/wp-json\/wp\/v2\/users\/2"}],"replies":[{"embeddable":true,"href":"https:\/\/neocatechumenaleiter.org\/pt-br\/wp-json\/wp\/v2\/comments?post=7159"}],"version-history":[{"count":9,"href":"https:\/\/neocatechumenaleiter.org\/pt-br\/wp-json\/wp\/v2\/pages\/7159\/revisions"}],"predecessor-version":[{"id":8950,"href":"https:\/\/neocatechumenaleiter.org\/pt-br\/wp-json\/wp\/v2\/pages\/7159\/revisions\/8950"}],"up":[{"embeddable":true,"href":"https:\/\/neocatechumenaleiter.org\/pt-br\/wp-json\/wp\/v2\/pages\/4247"}],"wp:attachment":[{"href":"https:\/\/neocatechumenaleiter.org\/pt-br\/wp-json\/wp\/v2\/media?parent=7159"}],"curies":[{"name":"wp","href":"https:\/\/api.w.org\/{rel}","templated":true}]}}