{"id":7180,"date":"2020-04-16T02:17:30","date_gmt":"2020-04-16T01:17:30","guid":{"rendered":"https:\/\/neocatechumenaleiter.org\/palavras-dos-papas\/sao-joao-paulo-ii\/audiencia-privada-aos-itinerantes-e-as-familias-em-missao-28-11-1986\/"},"modified":"2020-04-23T20:00:36","modified_gmt":"2020-04-23T19:00:36","slug":"audiencia-privada-aos-itinerantes-e-as-familias-em-missao-28-11-1986","status":"publish","type":"page","link":"https:\/\/neocatechumenaleiter.org\/pt-br\/palavras-dos-papas\/sao-joao-paulo-ii\/audiencia-privada-aos-itinerantes-e-as-familias-em-missao-28-11-1986\/","title":{"rendered":"Audi\u00eancia privada aos itinerantes e \u00e0s fam\u00edlias em miss\u00e3o 28\/11\/1986"},"content":{"rendered":"\n<h1 class=\"has-text-align-center wp-block-heading\">Audi\u00eancia privada aos itinerantes e \u00e0s fam\u00edlias em miss\u00e3o 28\/11\/1986<\/h1>\n\n<div style=\"height:20px\" aria-hidden=\"true\" class=\"wp-block-spacer\"><\/div>\n\n<h4 class=\"has-text-align-center wp-block-heading\">S. Jo\u00e3o Paulo II<\/h4>\n\n<div style=\"height:20px\" aria-hidden=\"true\" class=\"wp-block-spacer\"><\/div>\n\n<div class=\"wp-block-image\"><figure class=\"alignleft size-large\"><img loading=\"lazy\" decoding=\"async\" width=\"768\" height=\"685\" src=\"https:\/\/neocatechumenaleiter.org\/wp-content\/uploads\/2020\/03\/Camino_Neocatecumenal_Juan_Pablo_II_audiencia_privada_itinerantes_familias_en_mision_1986.jpg\" alt=\"\" class=\"wp-image-1974\" srcset=\"https:\/\/neocatechumenaleiter.org\/wp-content\/uploads\/2020\/03\/Camino_Neocatecumenal_Juan_Pablo_II_audiencia_privada_itinerantes_familias_en_mision_1986.jpg 768w, https:\/\/neocatechumenaleiter.org\/wp-content\/uploads\/2020\/03\/Camino_Neocatecumenal_Juan_Pablo_II_audiencia_privada_itinerantes_familias_en_mision_1986-300x268.jpg 300w\" sizes=\"auto, (max-width: 768px) 100vw, 768px\" \/><\/figure><\/div>\n\n<p><strong>Castel Gandolfo, 28 de dezembro de 1986<\/strong><\/p>\n\n<p><em>Nesta manh\u00e3, um grupo de 400 catequistas itinerantes das comunidades neocatecumenais\u00ad assistiram \u00e0 missa do Santo Padre em Castel Gandolfo. Ao t\u00e9rmino da Missa, o Papa lhes entregou a cruz mission\u00e1ria. A estes catequistas, que participaram de um encontro de reflex\u00e3o sobre a evangeliza\u00e7\u00e3o na Europa (Porto San Giorgio: 22 de dezembro &#8211; 6 de janeiro), o Papa dirigiu algumas palavras ao final da celebra\u00e7\u00e3o e entregou-lhes a cruz mission\u00e1ria\u00ad.&#013;\n<\/em>&#013;\n<em>Kiko Arg\u00fcello apresentou ao Papa os catequistas itinerantes e as fam\u00edlias com estas palavras:<\/em><\/p>\n\n<p>\u00abCar\u00edssimo Santo Padre, aqui est\u00e3o presentes as equipes itinerantes respons\u00e1veis de 72 na\u00e7\u00f5es, que vieram do mundo inteiro a uma conviv\u00eancia de 20 dias para refletir e sobretudo para viver juntos a comunh\u00e3o. <\/p>\n\n<p>Tamb\u00e9m est\u00e3o presentes as 12 fam\u00edlias que partem depois desta conviv\u00eancia para o norte da Europa, para evangelizar, chamados pelos bispos de Hannover\u00ad, de Estocolmo, de Copenhague e de diversos outros lugares. Partem com todos os filhos; aqui temos aproximadamente 70 presb\u00edteros, 48 fam\u00edlias com 203 filhos (uma m\u00e9dia de 5 filhos por fam\u00edlia), 64 mo\u00e7os, 28 mo\u00e7as e tamb\u00e9m 16 seminaristas que nos acompanham. Est\u00e1 aqui uma parte de todos aqueles que est\u00e3o levando adiante a evangeliza\u00e7\u00e3o em todo o mundo por meio do Caminho Neocatecumenal\u00bb.<\/p>\n\n<p>Agradecemos, Padre, por este encontro que sela os 20 anos do nascimento do Caminho Neocatecumenal e da evangeliza\u00e7\u00e3o em todo o mundo. E estamos muito agradecidos \u00e0 Fam\u00edlia de Nazar\u00e9 e \u00e0 Virgem Maria por este encontro\u00bb.<\/p>\n\n<p>Ao final da celebra\u00e7\u00e3o, o Papa se dirigiu aos presentes com estas palavras:<\/p>\n\n<div class=\"wp-block-image\"><figure class=\"alignright size-large\"><img loading=\"lazy\" decoding=\"async\" width=\"480\" height=\"335\" src=\"https:\/\/neocatechumenaleiter.org\/wp-content\/uploads\/2020\/03\/Camino_Neocatecumenal_Juan_Pablo_II_audiencia_privada_itinerantes_familias_en_mision_19862.jpg\" alt=\"\" class=\"wp-image-1981\" srcset=\"https:\/\/neocatechumenaleiter.org\/wp-content\/uploads\/2020\/03\/Camino_Neocatecumenal_Juan_Pablo_II_audiencia_privada_itinerantes_familias_en_mision_19862.jpg 480w, https:\/\/neocatechumenaleiter.org\/wp-content\/uploads\/2020\/03\/Camino_Neocatecumenal_Juan_Pablo_II_audiencia_privada_itinerantes_familias_en_mision_19862-300x209.jpg 300w\" sizes=\"auto, (max-width: 480px) 100vw, 480px\" \/><\/figure><\/div>\n\n<p>\u00abCar\u00edssimos, acabamos de celebrar a sant\u00edssima Eucaristia, celebramos esta sant\u00edssima Eucaristia contemplando o caminho da Sagrada Fam\u00edlia de Nazar\u00e9, de Jos\u00e9, de Maria e de Jesus; de Jesus, de Maria e de Jos\u00e9. A Igreja nos diz que esta Sagrada Fam\u00edlia \u00e9 modelo de todas as fam\u00edlias crist\u00e3s, de todas as fam\u00edlias do mundo. Maria e Jos\u00e9, concentrados no mist\u00e9rio do Filho encarnado, mostram este caminho de f\u00e9 que deve constituir, formar a vida de toda fam\u00edlia crist\u00e3. &#013;\n\u00c9 necess\u00e1ria uma f\u00e9 profunda para caminhar no mundo de hoje como fam\u00edlia, precisamos de uma f\u00e9 corajosa para realizar no mundo de hoje este desenho de Deus na fam\u00edlia, este desenho de amor pela vida que \u00e9 caracter\u00edstico de toda fam\u00edlia, que \u00e9 a sua voca\u00e7\u00e3o. \u00c9 necess\u00e1ria uma grande f\u00e9 para caminhar como fam\u00edlia sobre as pegadas, sobre os passos da Sagrada Fam\u00edlia; e de fazer caminhar os demais, as outras fam\u00edlias.<\/p>\n\n<p>Eu, car\u00edssimos irm\u00e3os e irm\u00e3s, juntamente com meus irm\u00e3os bispos e sacerdotes, desejo a todos v\u00f3s este caminho na f\u00e9 como fam\u00edlia, e vos desejo que este caminho na f\u00e9 seja exemplo, seja atraente para as outras fam\u00edlias do mundo de hoje, como a Sagrada Fam\u00edlia de Nazar\u00e9 \u00e9 modelo e exemplo tanto para n\u00f3s como para v\u00f3s: Jesus, Maria e Jos\u00e9. Dou-vos a minha b\u00ean\u00e7\u00e3o\u00bb. <\/p>\n","protected":false},"excerpt":{"rendered":"<p>Audi\u00eancia privada aos itinerantes e \u00e0s fam\u00edlias em miss\u00e3o 28\/11\/1986 S. Jo\u00e3o Paulo II Castel Gandolfo, 28 de dezembro de 1986 Nesta manh\u00e3, um grupo de 400 catequistas itinerantes das comunidades neocatecumenais\u00ad assistiram \u00e0 missa do Santo Padre em Castel Gandolfo. Ao t\u00e9rmino da Missa, o Papa lhes entregou a cruz mission\u00e1ria. A estes catequistas, que participaram de um encontro de reflex\u00e3o sobre a evangeliza\u00e7\u00e3o na Europa (Porto San Giorgio:<\/p>\n<div class=\"read-more\"><a class=\"btn read-more-btn\" href=\"https:\/\/neocatechumenaleiter.org\/pt-br\/palavras-dos-papas\/sao-joao-paulo-ii\/audiencia-privada-aos-itinerantes-e-as-familias-em-missao-28-11-1986\/\">Ler mais<\/a><\/div>\n","protected":false},"author":2,"featured_media":0,"parent":4247,"menu_order":40,"comment_status":"closed","ping_status":"closed","template":"","meta":{"footnotes":""},"class_list":["post-7180","page","type-page","status-publish","hentry"],"_links":{"self":[{"href":"https:\/\/neocatechumenaleiter.org\/pt-br\/wp-json\/wp\/v2\/pages\/7180","targetHints":{"allow":["GET"]}}],"collection":[{"href":"https:\/\/neocatechumenaleiter.org\/pt-br\/wp-json\/wp\/v2\/pages"}],"about":[{"href":"https:\/\/neocatechumenaleiter.org\/pt-br\/wp-json\/wp\/v2\/types\/page"}],"author":[{"embeddable":true,"href":"https:\/\/neocatechumenaleiter.org\/pt-br\/wp-json\/wp\/v2\/users\/2"}],"replies":[{"embeddable":true,"href":"https:\/\/neocatechumenaleiter.org\/pt-br\/wp-json\/wp\/v2\/comments?post=7180"}],"version-history":[{"count":3,"href":"https:\/\/neocatechumenaleiter.org\/pt-br\/wp-json\/wp\/v2\/pages\/7180\/revisions"}],"predecessor-version":[{"id":8260,"href":"https:\/\/neocatechumenaleiter.org\/pt-br\/wp-json\/wp\/v2\/pages\/7180\/revisions\/8260"}],"up":[{"embeddable":true,"href":"https:\/\/neocatechumenaleiter.org\/pt-br\/wp-json\/wp\/v2\/pages\/4247"}],"wp:attachment":[{"href":"https:\/\/neocatechumenaleiter.org\/pt-br\/wp-json\/wp\/v2\/media?parent=7180"}],"curies":[{"name":"wp","href":"https:\/\/api.w.org\/{rel}","templated":true}]}}