{"id":7188,"date":"2020-04-16T02:18:58","date_gmt":"2020-04-16T01:18:58","guid":{"rendered":"https:\/\/neocatechumenaleiter.org\/palavras-dos-papas\/sao-joao-paulo-ii\/visita-a-paroquia-de-santa-lucia-da-praca-darmi-18-1-1987\/"},"modified":"2020-04-25T15:30:35","modified_gmt":"2020-04-25T14:30:35","slug":"visita-a-paroquia-de-santa-lucia-da-praca-darmi-18-1-1987","status":"publish","type":"page","link":"https:\/\/neocatechumenaleiter.org\/pt-br\/palavras-dos-papas\/sao-joao-paulo-ii\/visita-a-paroquia-de-santa-lucia-da-praca-darmi-18-1-1987\/","title":{"rendered":"Visita \u00e0 par\u00f3quia de Santa L\u00facia da Pra\u00e7a d&#8217;Armi 18\/1\/1987"},"content":{"rendered":"\n<h1 class=\"has-text-align-center wp-block-heading\">Visita \u00e0 par\u00f3quia de Santa L\u00facia da Pra\u00e7a d&#8217;Armi 18\/1\/1987<\/h1>\n\n<div style=\"height:20px\" aria-hidden=\"true\" class=\"wp-block-spacer\"><\/div>\n\n<h4 class=\"has-text-align-center wp-block-heading\">S. Jo\u00e3o Paulo II<\/h4>\n\n<div style=\"height:20px\" aria-hidden=\"true\" class=\"wp-block-spacer\"><\/div>\n\n<p><strong>Roma, 18 de janeiro de 1987<\/strong><\/p>\n\n<p><em>Em um territ\u00f3rio como o da par\u00f3quia de Santa L\u00facia, habitado principalmente por pessoas\u00ad pertencentes \u00e0 classe m\u00e9dia alta, um dos problemas mais urgentes \u00e9 o de evangelizar\u00ad ou reevangelizar a tantos que est\u00e3o afastados e de revitalizar uma f\u00e9 que \u00e9, muitas vezes, s\u00f3 formal ou superficial. Exatamente para responder a esta exig\u00eancia, h\u00e1 alguns anos iniciou-se na par\u00f3quia\u00ad o Caminho Neocatecumenal, surgindo uma primeira comunidade com 25 pessoas. Neste ano nasceu uma nova comunidade.<\/em>&#013;\n<em>&#013;\nO Papa encontrou a comunidade neocatecumenal numa outra salinha. Um jovem exp\u00f4s ao Papa o significado do caminho percorrido. Disse que se trata de uma pequena semente que dever\u00e1 crescer, mas que quer ser desde j\u00e1 um ponto de refer\u00eancia para os afastados, para que possam\u00a0voltar \u00e0 casa do Pai.&#013;\n<\/em>&#013;\n<em>Aos representantes das comunidades neocatecumenais, o Papa dirigiu-se assim:<\/em><\/p>\n\n<p>&#8220;Eis o que eu quero vos dizer. Queria vos dizer que a todos n\u00f3s faltava e falta sempre um verdadeiro catecumenato, um verdadeiro catecumenato como tinham os crist\u00e3os das primeiras gera\u00e7\u00f5es, um catecumenato como o vosso, um neocatecumenato. Porque n\u00e3o basta sermos batizados, \u00e9 necess\u00e1rio voltarmos a ser catec\u00famenos. E depois sendo j\u00e1 batizados podemos come\u00e7ar um caminho. E este caminho come\u00e7a imediatamente entrando neste neocatecumenato. Com esta prepara\u00e7\u00e3o neocatecumenal torna-se tamb\u00e9m itinerante, porque Jesus fez dos seus disc\u00edpulos mais pr\u00f3ximos ap\u00f3stolos, ou seja, enviados, que quer dizer itinerantes.  Eu tamb\u00e9m procuro imitar um pouco o vosso exemplo, mas a minha itiner\u00e2ncia \u00e9 muito menos dura. Penso eu.<\/p>\n\n<p>Ent\u00e3o, animo-vos a caminhar bem neste caminho escolhido por v\u00f3s e nesta itiner\u00e2ncia, onde quer que estejais; estando aqui nesta par\u00f3quia, \u00f3timo, ou em outra par\u00f3quia de Roma, ou em outras cidades, em outras comunidades italianas ou fora da It\u00e1lia, em todo o mundo.<\/p>\n\n<div class=\"wp-block-image\"><figure class=\"alignright size-large\"><img loading=\"lazy\" decoding=\"async\" width=\"679\" height=\"492\" src=\"https:\/\/neocatechumenaleiter.org\/wp-content\/uploads\/2020\/03\/Camino_Neocatecumenal_Juan_Pablo_II_visita_parroquia_Santa_Lucia_1987.jpg\" alt=\"\" class=\"wp-image-1997\" srcset=\"https:\/\/neocatechumenaleiter.org\/wp-content\/uploads\/2020\/03\/Camino_Neocatecumenal_Juan_Pablo_II_visita_parroquia_Santa_Lucia_1987.jpg 679w, https:\/\/neocatechumenaleiter.org\/wp-content\/uploads\/2020\/03\/Camino_Neocatecumenal_Juan_Pablo_II_visita_parroquia_Santa_Lucia_1987-300x217.jpg 300w\" sizes=\"auto, (max-width: 679px) 100vw, 679px\" \/><\/figure><\/div>\n\n<p>Desejo-vos que leveis um testemunho de f\u00e9 madura. \u00c9 por isso que invocais sempre a Virgem: &#8220;Tu acreditaste na palavra do Senhor&#8221;. A f\u00e9 dela \u00e9 verdadeiramente \u00f3tima, o m\u00e1ximo daquilo que quer dizer crer, &#8220;acreditaste&#8221;. Mas como Maria acreditou?<\/p>\n\n<p>Isso \u00e9 uma coisa estupenda, n\u00e3o basta essa palavra. E ent\u00e3o, com esta f\u00e9 madura \u00e0 imagem de Maria, que acreditou na palavra do Senhor, procurai encontrar o mundo contempor\u00e2neo, os nossos irm\u00e3os e irm\u00e3s deste mundo e desta \u00e9poca dif\u00edcil, afastada da f\u00e9. Porque somente a partir de uma f\u00e9 madura, de uma f\u00e9 fervorosa pode-se acender tamb\u00e9m a luz da f\u00e9 nos outros, especialmente naqueles que est\u00e3o afastados.<\/p>\n\n<p>Agora aben\u00e7oo a todos de cora\u00e7\u00e3o, \u00e0s vossas fam\u00edlias, aos vossos filhos e ao vosso Caminho&#8221;.<\/p>\n","protected":false},"excerpt":{"rendered":"<p>Visita \u00e0 par\u00f3quia de Santa L\u00facia da Pra\u00e7a d&#8217;Armi 18\/1\/1987 S. Jo\u00e3o Paulo II Roma, 18 de janeiro de 1987 Em um territ\u00f3rio como o da par\u00f3quia de Santa L\u00facia, habitado principalmente por pessoas\u00ad pertencentes \u00e0 classe m\u00e9dia alta, um dos problemas mais urgentes \u00e9 o de evangelizar\u00ad ou reevangelizar a tantos que est\u00e3o afastados e de revitalizar uma f\u00e9 que \u00e9, muitas vezes, s\u00f3 formal ou superficial. Exatamente para<\/p>\n<div class=\"read-more\"><a class=\"btn read-more-btn\" href=\"https:\/\/neocatechumenaleiter.org\/pt-br\/palavras-dos-papas\/sao-joao-paulo-ii\/visita-a-paroquia-de-santa-lucia-da-praca-darmi-18-1-1987\/\">Ler mais<\/a><\/div>\n","protected":false},"author":2,"featured_media":0,"parent":4247,"menu_order":41,"comment_status":"closed","ping_status":"closed","template":"","meta":{"footnotes":""},"class_list":["post-7188","page","type-page","status-publish","hentry"],"_links":{"self":[{"href":"https:\/\/neocatechumenaleiter.org\/pt-br\/wp-json\/wp\/v2\/pages\/7188","targetHints":{"allow":["GET"]}}],"collection":[{"href":"https:\/\/neocatechumenaleiter.org\/pt-br\/wp-json\/wp\/v2\/pages"}],"about":[{"href":"https:\/\/neocatechumenaleiter.org\/pt-br\/wp-json\/wp\/v2\/types\/page"}],"author":[{"embeddable":true,"href":"https:\/\/neocatechumenaleiter.org\/pt-br\/wp-json\/wp\/v2\/users\/2"}],"replies":[{"embeddable":true,"href":"https:\/\/neocatechumenaleiter.org\/pt-br\/wp-json\/wp\/v2\/comments?post=7188"}],"version-history":[{"count":3,"href":"https:\/\/neocatechumenaleiter.org\/pt-br\/wp-json\/wp\/v2\/pages\/7188\/revisions"}],"predecessor-version":[{"id":8477,"href":"https:\/\/neocatechumenaleiter.org\/pt-br\/wp-json\/wp\/v2\/pages\/7188\/revisions\/8477"}],"up":[{"embeddable":true,"href":"https:\/\/neocatechumenaleiter.org\/pt-br\/wp-json\/wp\/v2\/pages\/4247"}],"wp:attachment":[{"href":"https:\/\/neocatechumenaleiter.org\/pt-br\/wp-json\/wp\/v2\/media?parent=7188"}],"curies":[{"name":"wp","href":"https:\/\/api.w.org\/{rel}","templated":true}]}}