{"id":7193,"date":"2020-04-16T02:25:22","date_gmt":"2020-04-16T01:25:22","guid":{"rendered":"https:\/\/neocatechumenaleiter.org\/palavras-dos-papas\/sao-joao-paulo-ii\/audiencia-privada-pelo-envio-de-tres-familias-a-america-latina-para-a-nova-evangelizacao-26-4-1987\/"},"modified":"2020-04-25T15:33:19","modified_gmt":"2020-04-25T14:33:19","slug":"audiencia-privada-pelo-envio-de-tres-familias-a-america-latina-para-a-nova-evangelizacao-26-4-1987","status":"publish","type":"page","link":"https:\/\/neocatechumenaleiter.org\/pt-br\/palavras-dos-papas\/sao-joao-paulo-ii\/audiencia-privada-pelo-envio-de-tres-familias-a-america-latina-para-a-nova-evangelizacao-26-4-1987\/","title":{"rendered":"Audi\u00eancia privada pelo envio de tr\u00eas fam\u00edlias \u00e0 Am\u00e9rica Latina para a \u201cNova Evangeliza\u00e7\u00e3o\u201d 26\/4\/1987"},"content":{"rendered":"\n<h1 class=\"has-text-align-center wp-block-heading\">Audi\u00eancia privada pelo envio de tr\u00eas fam\u00edlias \u00e0 Am\u00e9rica Latina para a \u201cNova Evangeliza\u00e7\u00e3o\u201d 26\/4\/1987<\/h1>\n\n<div style=\"height:20px\" aria-hidden=\"true\" class=\"wp-block-spacer\"><\/div>\n\n<h4 class=\"has-text-align-center wp-block-heading\">S. Jo\u00e3o Paulo II<\/h4>\n\n<div style=\"height:20px\" aria-hidden=\"true\" class=\"wp-block-spacer\"><\/div>\n\n<p><strong>Cidade do Vaticano, 26 de abril de 1987<\/strong><\/p>\n\n<p>Tr\u00eas fam\u00edlias espanholas que terminaram o itiner\u00e1rio Neocatecumenal receberam do Santo Padre o crucifixo como sinal de envio, antes de partirem para os &#8220;Pueblos J\u00f3venes&#8221; da cidade de Lima no Peru.&#013;\n&#013;\nNestes aglomerados urbanos desprovidos de qualquer tipo de estrutura social, constitu\u00eddos por barracos\u00a0 de madeira levantados sobre a areia pelos camponeses que chegam aos milhares na cidade, o cardeal Land\u00e1zuri confiou a estas fam\u00edlias \u00e1reas inteiras onde a presen\u00e7a da Igreja \u00e9 quase inexistente\u00ad.<\/p>\n\n<div class=\"wp-block-image\"><figure class=\"aligncenter size-large\"><img loading=\"lazy\" decoding=\"async\" width=\"358\" height=\"293\" src=\"https:\/\/neocatechumenaleiter.org\/wp-content\/uploads\/2020\/03\/Camino_Neocatecumenal_Juan_Pablo_II_audiencia_privada_envio_familias_mision_1987.jpg\" alt=\"\" class=\"wp-image-2007\" srcset=\"https:\/\/neocatechumenaleiter.org\/wp-content\/uploads\/2020\/03\/Camino_Neocatecumenal_Juan_Pablo_II_audiencia_privada_envio_familias_mision_1987.jpg 358w, https:\/\/neocatechumenaleiter.org\/wp-content\/uploads\/2020\/03\/Camino_Neocatecumenal_Juan_Pablo_II_audiencia_privada_envio_familias_mision_1987-300x246.jpg 300w\" sizes=\"auto, (max-width: 358px) 100vw, 358px\" \/><\/figure><\/div>\n","protected":false},"excerpt":{"rendered":"<p>Audi\u00eancia privada pelo envio de tr\u00eas fam\u00edlias \u00e0 Am\u00e9rica Latina para a \u201cNova Evangeliza\u00e7\u00e3o\u201d 26\/4\/1987 S. Jo\u00e3o Paulo II Cidade do Vaticano, 26 de abril de 1987 Tr\u00eas fam\u00edlias espanholas que terminaram o itiner\u00e1rio Neocatecumenal receberam do Santo Padre o crucifixo como sinal de envio, antes de partirem para os &#8220;Pueblos J\u00f3venes&#8221; da cidade de Lima no Peru.&#013; &#013; Nestes aglomerados urbanos desprovidos de qualquer tipo de estrutura social, constitu\u00eddos<\/p>\n<div class=\"read-more\"><a class=\"btn read-more-btn\" href=\"https:\/\/neocatechumenaleiter.org\/pt-br\/palavras-dos-papas\/sao-joao-paulo-ii\/audiencia-privada-pelo-envio-de-tres-familias-a-america-latina-para-a-nova-evangelizacao-26-4-1987\/\">Ler mais<\/a><\/div>\n","protected":false},"author":2,"featured_media":0,"parent":4247,"menu_order":42,"comment_status":"closed","ping_status":"closed","template":"","meta":{"footnotes":""},"class_list":["post-7193","page","type-page","status-publish","hentry"],"_links":{"self":[{"href":"https:\/\/neocatechumenaleiter.org\/pt-br\/wp-json\/wp\/v2\/pages\/7193","targetHints":{"allow":["GET"]}}],"collection":[{"href":"https:\/\/neocatechumenaleiter.org\/pt-br\/wp-json\/wp\/v2\/pages"}],"about":[{"href":"https:\/\/neocatechumenaleiter.org\/pt-br\/wp-json\/wp\/v2\/types\/page"}],"author":[{"embeddable":true,"href":"https:\/\/neocatechumenaleiter.org\/pt-br\/wp-json\/wp\/v2\/users\/2"}],"replies":[{"embeddable":true,"href":"https:\/\/neocatechumenaleiter.org\/pt-br\/wp-json\/wp\/v2\/comments?post=7193"}],"version-history":[{"count":3,"href":"https:\/\/neocatechumenaleiter.org\/pt-br\/wp-json\/wp\/v2\/pages\/7193\/revisions"}],"predecessor-version":[{"id":8481,"href":"https:\/\/neocatechumenaleiter.org\/pt-br\/wp-json\/wp\/v2\/pages\/7193\/revisions\/8481"}],"up":[{"embeddable":true,"href":"https:\/\/neocatechumenaleiter.org\/pt-br\/wp-json\/wp\/v2\/pages\/4247"}],"wp:attachment":[{"href":"https:\/\/neocatechumenaleiter.org\/pt-br\/wp-json\/wp\/v2\/media?parent=7193"}],"curies":[{"name":"wp","href":"https:\/\/api.w.org\/{rel}","templated":true}]}}