{"id":7198,"date":"2020-04-16T02:44:39","date_gmt":"2020-04-16T01:44:39","guid":{"rendered":"https:\/\/neocatechumenaleiter.org\/palavras-dos-papas\/sao-joao-paulo-ii\/visita-a-paroquia-de-sao-eligio-26-4-1897\/"},"modified":"2020-04-25T15:48:24","modified_gmt":"2020-04-25T14:48:24","slug":"visita-a-paroquia-de-sao-eligio-26-4-1897","status":"publish","type":"page","link":"https:\/\/neocatechumenaleiter.org\/pt-br\/palavras-dos-papas\/sao-joao-paulo-ii\/visita-a-paroquia-de-sao-eligio-26-4-1897\/","title":{"rendered":"Visita \u00e0 par\u00f3quia de S\u00e3o El\u00edgio 26\/4\/1987"},"content":{"rendered":"\n<h1 class=\"has-text-align-center wp-block-heading\">Visita \u00e0 par\u00f3quia de S\u00e3o El\u00edgio 26\/4\/1987<\/h1>\n\n<div style=\"height:20px\" aria-hidden=\"true\" class=\"wp-block-spacer\"><\/div>\n\n<h4 class=\"has-text-align-center wp-block-heading\">S. Jo\u00e3o Paulo II<\/h4>\n\n<div style=\"height:20px\" aria-hidden=\"true\" class=\"wp-block-spacer\"><\/div>\n\n<p><strong>Roma, 26 de abril de 1987<\/strong><\/p>\n\n<p>Um importante testemunho crist\u00e3o foi oferecido na par\u00f3quia de Santo El\u00edgio por parte dos leigos\u00ad reunidos na comunidade neocatecumenal. Antes de tudo, \u00e9 uma comunidade aberta, n\u00e3o fechada em si mesma, bem integrada na vida da par\u00f3quia. Esta presen\u00e7a levou a todas as partes, e em particular\u00ad \u00e0s fam\u00edlias, uma mensagem significativa de liberdade e de amor gra\u00e7as ao modo de ser\u00ad dos membros da comunidade: direto, simples, humilde.&#013;\n&#013;\nJo\u00e3o Paulo II se encontrou com os membros das comunidades neocatecumenais em um outro sal\u00e3o da par\u00f3quia. Ao chegar, foi acolhido pelas belas e sempre comoventes palavras da can\u00e7\u00e3o dedicada a Maria: &#8220;Maria, bendita Maria, tu acreditaste na Palavra do Senhor&#8230;&#8221;\u00ad.&#013;\n&#013;\nEnt\u00e3o, um representante do grupo tra\u00e7ou brevemente a hist\u00f3ria da comunidade neocatecumenal\u00ad na par\u00f3quia de Santo El\u00edgio.&#013;\n&#013;\nContou sobre as dificuldades iniciais, falou dos momentos fortes vividos na par\u00f3quia e disse como a comunidade est\u00e1 aberta \u00e0 realidade circundante. &#8220;De sua visita, disse ao Papa, procuraremos tirar for\u00e7a e est\u00edmulo para continuar com renovado empenho no nosso caminho de f\u00e9&#8221;.<\/p>\n\n<p><em>Respondendo a esta sauda\u00e7\u00e3o, o Papa disse:<\/em><\/p>\n\n<p>\u00abAcima de tudo, talvez eu tamb\u00e9m tenha o direito de saudar-vos da parte de tantas comunidades neocatecumenais que encontrei, pelo menos as vi com os olhos, encontrei na Am\u00e9rica Latina, em diversos lugares por onde passei no meu itiner\u00e1rio. Come\u00e7ando por Montevid\u00e9u, depois por aquele longu\u00edssimo pa\u00eds que \u00e9 o Chile e ainda por aquele outro grande pa\u00eds, a Argentina. Vi muitas vezes a inscri\u00e7\u00e3o &#8220;comunidades neocatecumenais&#8221;, naturalmente em espanhol. Todos aqueles que saudavam o Papa, acolhiam o Papa, de fato o acolhiam com o mesmo esp\u00edrito com o qual acolhem aqui em Roma os neocatec\u00famenos das diversas par\u00f3quias. Os mesmos cantos, pelo menos com as mesmas melodias como cantais aqui, com os mesmos temas. Penso que deveria aproveitar este nosso encontro e pelo menos dizer isso, porque verdadeiramente o vosso movimento \u00e9 muito din\u00e2mico e chega a diversas regi\u00f5es do mundo. Sente a sua voca\u00e7\u00e3o, o chamado do Senhor de estar presente na Igreja, onde a Igreja j\u00e1 est\u00e1 constitu\u00edda, onde a Igreja vive o seu caminho crist\u00e3o, batismal, mas tamb\u00e9m onde a Igreja \u00e0s vezes \u00e9 muito d\u00e9bil, muito reduzida, nos pa\u00edses com maioria n\u00e3o cat\u00f3lica, como por exemplo nos pa\u00edses escandinavos.<\/p>\n\n<p>Esta \u00e9 a primeira coisa que vos quero dizer. Depois quero sublinhar a caracter\u00edstica deste encontro de hoje, que acontece no segundo domingo da P\u00e1scoa, ou seja, ao final da oitava pascal. Para n\u00f3s os crist\u00e3os, para os cat\u00f3licos, e talvez com maior relev\u00e2ncia para os ortodoxos, \u00e9 a maior das solenidades,<em> sollemnitas sollemnitatum<\/em>. Mas n\u00e3o somente solenidade: \u00e9 o maior mist\u00e9rio. Mist\u00e9rio no qual come\u00e7a o nosso caminho espiritual e no qual termina, mist\u00e9rio para o qual est\u00e1 orientado o nosso caminho espiritual.&#013;\n&#013;\nDe maneira especial, v\u00f3s como neocatec\u00famenos, estais especialmente orientados para este mist\u00e9rio pascal, por meio da realidade sacramental do Batismo. Por isso, vivemos juntos na P\u00e1scoa o Batismo. Basta ver a liturgia da Vig\u00edlia Pascal, toda essa liturgia como era celebrada pelos s\u00e9culos, especialmente nas primeiras gera\u00e7\u00f5es crist\u00e3s, e como \u00e9 celebrada ainda hoje em S\u00e3o Pedro.&#013;\n&#013;\nUne estas duas dimens\u00f5es: dimens\u00e3o pascal e dimens\u00e3o batismal. Porque aquilo que corresponde \u00e0 realidade pascal \u00e9 a nossa vida toda, sobretudo \u00e9, n\u00e3o vou dizer sobretudo, mas sim em primeiro lugar, o Batismo. A vossa voca\u00e7\u00e3o \u00e9 a de viver mais profundamente o Batismo, de aprofundar o mist\u00e9rio batismal que constitui o ponto de partida, fundamento da nossa vida crist\u00e3, do nosso ser crist\u00e3o. Eu vos animo a continuar no vosso caminho, que \u00e9\u00a0 caminho catecumenal\u00ad,\u00a0 que \u00e9 ao mesmo tempo caminho de intensidade na Palavra de Deus. V\u00e3o juntos: Sacramento, Batismo e Palavra de Deus.<\/p>\n\n<p>Podemos dizer que o Caminho Neocatecumenal recebeu este\u00ad grande desafio da Palavra de Deus. Contemplar esta Palavra, aprofundar, ler\u00ad \u2500ler no sentido profundo da palavra &#8220;leggere&#8221;\u2500 ler significa precisamente aprofundar, significa ir ao fundo do significado, na ess\u00eancia do que significam as coisas. Ent\u00e3o, a vossa voca\u00e7\u00e3o neocatecumenal est\u00e1 unida e ligada \u00e0 Palavra de Deus. Viver a Palavra de Deus \u00e9 fazer viver a Palavra de Deus nos outros. Assim, v\u00f3s sois muitas vezes catecumenais e catequistas ao mesmo tempo e isto \u00e9 justo. Pode-se dizer que uma boa forma\u00e7\u00e3o para ser catequista \u00e9 ser\u00ad tamb\u00e9m neocatecumenal, viver este Caminho Neocatecumenal. Porque as verdades da f\u00e9 n\u00e3o podem ser interpretadas somente intelectualmente\u00ad, com no\u00e7\u00f5es especulativas. Sim, tamb\u00e9m com elas, mas, sobretudo\u00ad devem ser vividas com a gra\u00e7a de Deus, com a luz do Esp\u00edrito Santo. Acho que est\u00e1 bom, para n\u00e3o entrar demais nas mat\u00e9rias espec\u00edficas que s\u00e3o pr\u00f3prias das vossas reuni\u00f5es neocatecumenais.&#013;\nDesejo-vos uma boa P\u00e1scoa, <em>&#8220;Christ\u00f3s An\u00e9sti&#8221;<\/em>, como se diz em grego, ou <em>&#8220;Christ\u00f3s Vascr\u00e9s&#8221;<\/em> como se diz em russo. Isto exprime o centro, o n\u00facleo do nosso cristianismo.<\/p>\n\n<p>Eu desejo que estejais sempre mais pr\u00f3ximos deste n\u00facleo do cristianismo e que o leveis aos outros, tamb\u00e9m aos mais afastados. Aproximai-os a este n\u00facleo do cristianismo. <\/p>\n\n<p>O Senhor aben\u00e7oe a v\u00f3s e as vossas fam\u00edlias: fam\u00edlias, esposos, jovens, crian\u00e7as, todos\u00bb.<\/p>\n","protected":false},"excerpt":{"rendered":"<p>Visita \u00e0 par\u00f3quia de S\u00e3o El\u00edgio 26\/4\/1987 S. Jo\u00e3o Paulo II Roma, 26 de abril de 1987 Um importante testemunho crist\u00e3o foi oferecido na par\u00f3quia de Santo El\u00edgio por parte dos leigos\u00ad reunidos na comunidade neocatecumenal. Antes de tudo, \u00e9 uma comunidade aberta, n\u00e3o fechada em si mesma, bem integrada na vida da par\u00f3quia. Esta presen\u00e7a levou a todas as partes, e em particular\u00ad \u00e0s fam\u00edlias, uma mensagem significativa de<\/p>\n<div class=\"read-more\"><a class=\"btn read-more-btn\" href=\"https:\/\/neocatechumenaleiter.org\/pt-br\/palavras-dos-papas\/sao-joao-paulo-ii\/visita-a-paroquia-de-sao-eligio-26-4-1897\/\">Ler mais<\/a><\/div>\n","protected":false},"author":2,"featured_media":0,"parent":4247,"menu_order":43,"comment_status":"closed","ping_status":"closed","template":"","meta":{"footnotes":""},"class_list":["post-7198","page","type-page","status-publish","hentry"],"_links":{"self":[{"href":"https:\/\/neocatechumenaleiter.org\/pt-br\/wp-json\/wp\/v2\/pages\/7198","targetHints":{"allow":["GET"]}}],"collection":[{"href":"https:\/\/neocatechumenaleiter.org\/pt-br\/wp-json\/wp\/v2\/pages"}],"about":[{"href":"https:\/\/neocatechumenaleiter.org\/pt-br\/wp-json\/wp\/v2\/types\/page"}],"author":[{"embeddable":true,"href":"https:\/\/neocatechumenaleiter.org\/pt-br\/wp-json\/wp\/v2\/users\/2"}],"replies":[{"embeddable":true,"href":"https:\/\/neocatechumenaleiter.org\/pt-br\/wp-json\/wp\/v2\/comments?post=7198"}],"version-history":[{"count":3,"href":"https:\/\/neocatechumenaleiter.org\/pt-br\/wp-json\/wp\/v2\/pages\/7198\/revisions"}],"predecessor-version":[{"id":8485,"href":"https:\/\/neocatechumenaleiter.org\/pt-br\/wp-json\/wp\/v2\/pages\/7198\/revisions\/8485"}],"up":[{"embeddable":true,"href":"https:\/\/neocatechumenaleiter.org\/pt-br\/wp-json\/wp\/v2\/pages\/4247"}],"wp:attachment":[{"href":"https:\/\/neocatechumenaleiter.org\/pt-br\/wp-json\/wp\/v2\/media?parent=7198"}],"curies":[{"name":"wp","href":"https:\/\/api.w.org\/{rel}","templated":true}]}}