{"id":7200,"date":"2020-03-04T00:14:54","date_gmt":"2020-03-03T23:14:54","guid":{"rendered":"https:\/\/neocatechumenaleiter.org\/palavras-dos-papas\/sao-joao-paulo-ii\/visita-do-papa-joao-paulo-ii-a-paroquia-de-sao-leonardo-22-3-1992\/"},"modified":"2021-08-10T11:02:34","modified_gmt":"2021-08-10T10:02:34","slug":"visita-do-papa-joao-paulo-ii-a-paroquia-de-sao-leonardo-22-3-1992","status":"publish","type":"page","link":"https:\/\/neocatechumenaleiter.org\/pt-br\/palavras-dos-papas\/sao-joao-paulo-ii\/visita-do-papa-joao-paulo-ii-a-paroquia-de-sao-leonardo-22-3-1992\/","title":{"rendered":"Visita do papa Jo\u00e3o Paulo II \u00e0 Par\u00f3quia de S\u00e3o Leonardo 22\/3\/1992"},"content":{"rendered":"\n<h1 class=\"has-text-align-center wp-block-heading\">Visita do papa Jo\u00e3o Paulo II \u00e0 Par\u00f3quia de S\u00e3o Leonardo 22\/3\/1992<\/h1>\n\n<div style=\"height:20px\" aria-hidden=\"true\" class=\"wp-block-spacer\"><\/div>\n\n<h4 class=\"has-text-align-center wp-block-heading\">S\u00e3o Jo\u00e3o Paulo II<\/h4>\n\n<div style=\"height:20px\" aria-hidden=\"true\" class=\"wp-block-spacer\"><\/div>\n\n<p><strong>Roma, 22 de mar\u00e7o de 1992.<\/strong><\/p>\n\n<p><em>No in\u00edcio da missa, depois da sauda\u00e7\u00e3o lit\u00fargica, o p\u00e1roco, Pe. Domenico Paiusco, saudou o Santo Padre em nome da comunidade:<\/em><\/p>\n\n<p>&#8220;Beat\u00edssimo Padre,&#13;\nBem-vindo entre n\u00f3s! Obrigado por estar conosco. A comunidade paroquial de S\u00e3o Leonardo Murialdo, confiada \u00e0 Congrega\u00e7\u00e3o dos Padres Josefinos, foi preparada para este primeiro encontro com o seu bispo com alegria e entusiasmo, mediante a ora\u00e7\u00e3o pessoal e comunit\u00e1ria, e com a reflex\u00e3o para este evento de f\u00e9 nos numerosos centros de escuta das fam\u00edlias.&#13;\nPassaram-se 30 anos do in\u00edcio da par\u00f3quia, em mar\u00e7o 1958, at\u00e9 a consagra\u00e7\u00e3o deste edif\u00edcio em 1988. O atual esfor\u00e7o pastoral \u00e9 a constru\u00e7\u00e3o do templo espiritual, feito de pedras vivas, uma comunidade que seja testemunha e sinal de Cristo, enraizada no bairro, com a dupla fun\u00e7\u00e3o de crescer em seu interior, para uma carga espiritual que venha a ser ao seu redor capacidade de comunh\u00e3o, de apoio para todos aqueles que aqui vivem.&#13;\nA popula\u00e7\u00e3o, inicialmente constitu\u00edda por casais jovens com filhos, manteve-se \u00adest\u00e1vel e depois de 30 anos se encontra a caminho da terceira idade, e a maior parte dos filhos, formando novos n\u00facleos familiares, se mudaram a outras partes.<\/p>\n\n<p>As fam\u00edlias compostas de empregados e oper\u00e1rios, muitos aposentados, n\u00e3o sofrem por pobreza, mas sim por problemas inerentes \u00e0 velhice e a solid\u00e3o, e os jovens que sobraram sofrem pela casa e o trabalho.<\/p>\n\n<p>\u00c9 evidente em muitas fam\u00edlias uma forma\u00e7\u00e3o religiosa escassa, com a consequente falta de unidade entre f\u00e9 e vida, entre o evangelho apreciado e sua conduta.<\/p>\n\n<div class=\"wp-block-image\"><figure class=\"alignleft size-medium\"><img loading=\"lazy\" decoding=\"async\" width=\"300\" height=\"246\" src=\"https:\/\/neocatechumenaleiter.org\/wp-content\/uploads\/2020\/03\/Camino_Neocatecumenal_Juan_Pablo_II_visita_parroquia_San_Leonardo_1992-300x246.jpg\" alt=\"\" class=\"wp-image-2370\" srcset=\"https:\/\/neocatechumenaleiter.org\/wp-content\/uploads\/2020\/03\/Camino_Neocatecumenal_Juan_Pablo_II_visita_parroquia_San_Leonardo_1992-300x246.jpg 300w, https:\/\/neocatechumenaleiter.org\/wp-content\/uploads\/2020\/03\/Camino_Neocatecumenal_Juan_Pablo_II_visita_parroquia_San_Leonardo_1992.jpg 698w\" sizes=\"auto, (max-width: 300px) 100vw, 300px\" \/><\/figure><\/div>\n\n<p>O empenho priorit\u00e1rio na par\u00f3quia sempre foi a evangeliza\u00e7\u00e3o com catequeses para todas as idades. Uma catequese permanente para idade escolar entre 6 e 13 anos; neste ano tamb\u00e9m crian\u00e7as de 3 a 6, para inici\u00e1-los num caminho de f\u00e9 em que os sacramentos da Reconcilia\u00e7\u00e3o, da Eucaristia e do Crisma s\u00e3o etapas privilegiadas. Oferecemos uma catequese aos adultos para uma renova\u00e7\u00e3o da fam\u00edlia. Para isto \u00e9 de grande ajuda a experi\u00eancia n\u00e3o \u00fanica, mas relevante, dos neocatec\u00famenos. Desde 1971 at\u00e9 hoje, surgiram 10 comunidades com aproximadamente 400 irm\u00e3os, que al\u00e9m de redescobrirem uma f\u00e9 pessoal e comunit\u00e1ria, verdadeiramente s\u00e3o sal e fermento para toda a par\u00f3quia. No &#8220;sentir-se Igreja&#8221; est\u00e3o dispon\u00edveis para uma catequese comprometida com os pais em prepara\u00e7\u00e3o ao Batismo dos filhos, com os adultos para a Crisma, com os noivos ao Matrim\u00f4nio, ao encontro das fam\u00edlias. Todo ano vejo aproximarem-se da Igreja pessoas afastadas, indiferentes, fam\u00edlias em dificuldade no matrim\u00f4nio.<\/p>\n\n<p>Na par\u00f3quia est\u00e3o presentes a forma\u00e7\u00e3o e a anima\u00e7\u00e3o lit\u00fargica, o servi\u00e7o da caridade para com os doentes, os indefesos, os sozinhos; de fato, o carisma espec\u00edfico da nossa Congrega\u00e7\u00e3o \u00e9 ajudar os adolescentes e os jovens com dificuldades e problemas no lar. Finalmente, o orat\u00f3rio \u00e9 um lugar de encontro para adolescentes, jovens e fam\u00edlias. Com grande dedica\u00e7\u00e3o, trabalha nele uma equipe de colaboradores leigos que n\u00e3o s\u00f3 formam, mas promovem as v\u00e1rias atividades com os adolescentes e os jovens. Neste per\u00edodo, a par\u00f3quia est\u00e1 comprometida no &#8220;confronto com a cidade&#8221; no caminho sinodal, que a diocese est\u00e1 conduzindo e em que se d\u00e1 prioridade \u00e0 condi\u00e7\u00e3o atual da fam\u00edlia.<\/p>\n\n<p>Beat\u00edssimo Padre, celebrar com o senhor a Eucaristia, momento forte de comunh\u00e3o, marca uma etapa importante para nos sentirmos mais Igreja. A sua presen\u00e7a nos alegra porque o senhor veio at\u00e9 n\u00f3s com o seu grande cora\u00e7\u00e3o de pai, capaz de amar os pr\u00f3ximos e os afastados. Em nome dos que est\u00e3o pr\u00f3ximos e dos afastados renovamos os agradecimentos e te pedimos uma palavra iluminadora, de esperan\u00e7a, que fa\u00e7a mais frut\u00edfera na perseveran\u00e7a o encontro com o senhor, nosso bispo, sucessor de Pedro e vig\u00e1rio de Cristo. Esperamos uma palavra que d\u00ea aos jovens, desorientados por tantos convites, uma v\u00e1lida motiva\u00e7\u00e3o de vida, e aos n\u00e3o t\u00e3o jovens a necessidade de serem testemunhas em suas fam\u00edlias e em seus ambientes de trabalho. Obrigado, Beat\u00edssimo Padre.<\/p>\n\n<p>Querido Jo\u00e3o Paulo II, sucessor de Pedro, bem-vindo entre os adolescentes e os jovens da nossa par\u00f3quia e do nosso centro juvenil e social &#8220;S\u00e3o Leonardo Murialdo&#8221;. Desej\u00e1vamos muito este encontro para festejar juntos e para escutar a sua palavra de guia, que nos acompanha no seguir da nossa vida as pegadas de Jesus, nosso amigo e salvador. Hoje mais que nunca estamos todos: crian\u00e7as, jovens, adolescentes, juntos com os cooperadores leigos josefinos, empenhados na obra de forma\u00e7\u00e3o humana e crist\u00e3 das jovens gera\u00e7\u00f5es. Uma fam\u00edlia bem unida como S\u00e3o Leonardo Murialdo desejava.<\/p>\n\n<p><em>Por \u00faltimo, o Papa tomou a palavra:<\/em><\/p>\n\n<p>&#8220;Louvado seja nosso Senhor Jesus Cristo.&#13;\nCome\u00e7o com esta palavra dirigida a Jesus Cristo da parte de todos n\u00f3s, porque segui a apresenta\u00e7\u00e3o feita antes e pode-se ver que aqui sois diferentes de alguma forma: n\u00e3o somente entre os adolescentes da escola, da catequese sacramental, dos escoteiros, mas tamb\u00e9m pelas diversas nacionalidades. E tamb\u00e9m est\u00e3o os ciganos.&#13;\nPode-se sentir toda esta diversidade, mas ao mesmo tempo se sente uma unidade, uma comunh\u00e3o, uma comunidade. Esta comunidade de adolescentes, de jovens, de crian\u00e7as \u00e9 feita por meio de Jesus Cristo.<\/p>\n\n<p>Ele \u00e9 o centro ao redor do qual todos somos uma s\u00f3 coisa. Este \u00e9 o seu mist\u00e9rio. O mist\u00e9rio de Jesus, o mist\u00e9rio do Filho de Deus feito homem, \u00e9 exatamente isto: que ele fazendo-se homem constituiu um centro de comunh\u00e3o, de comunidade para pessoas distintas, para ambientes distintos, para povos distintos. Viu-se isso desde o come\u00e7o da Igreja, desde a primeira comunidade crist\u00e3 em Jerusal\u00e9m, depois, com o passar dos s\u00e9culos, quando os ap\u00f3stolos sa\u00edram de Jerusal\u00e9m para irem aos diversos pa\u00edses do mundo para pregar o Evangelho aos diversos povos e estes diversos povos formaram a mesma Igreja.<\/p>\n\n<div class=\"wp-block-image\"><figure class=\"alignright size-large\"><img loading=\"lazy\" decoding=\"async\" width=\"704\" height=\"569\" src=\"https:\/\/neocatechumenaleiter.org\/wp-content\/uploads\/2020\/03\/Camino_Neocatecumenal_Juan_Pablo_II_visita_parroquia_San_Leonardo_1992_2.jpg\" alt=\"\" class=\"wp-image-2381\" srcset=\"https:\/\/neocatechumenaleiter.org\/wp-content\/uploads\/2020\/03\/Camino_Neocatecumenal_Juan_Pablo_II_visita_parroquia_San_Leonardo_1992_2.jpg 704w, https:\/\/neocatechumenaleiter.org\/wp-content\/uploads\/2020\/03\/Camino_Neocatecumenal_Juan_Pablo_II_visita_parroquia_San_Leonardo_1992_2-300x242.jpg 300w\" sizes=\"auto, (max-width: 704px) 100vw, 704px\" \/><\/figure><\/div>\n\n<p>O que \u00e9 a Igreja? \u00c9 Cristo vivo entre n\u00f3s, conosco e para n\u00f3s. A Igreja \u00e9 Cristo vivente conosco e para n\u00f3s, sempre e em todas as partes. Ao mesmo tempo n\u00f3s somos a Igreja reunida ao redor de Jesus Cristo, do seu Evangelho, da sua cruz e da sua ressurrei\u00e7\u00e3o, todos n\u00f3s unidos em Jesus Cristo, n\u00e3o somente ao redor d&#8217;Ele. N\u00e3o somos s\u00f3 um aglomerado, somos uma Igreja, um corpo, e assim \u2500 reunidos em torno d&#8217;Ele e n&#8217;Ele \u2500 todos n\u00f3s somos de alguma maneira participantes da sua vida divina, somos part\u00edcipes da sua miss\u00e3o, e isto nos faz uma s\u00f3 coisa, uma comunidade, uma Igreja. Falei assim, escutando os jovens e as crian\u00e7as, mas tamb\u00e9m est\u00e3o os pais, os adultos que t\u00eam outras responsabilidades: mestres e professores. Depois est\u00e1 esta comunidade neocatecumenal que se percebe por meio dos seus cantos e do entusiasmo. Desejo que este primeiro encontro seja uma boa introdu\u00e7\u00e3o na vossa par\u00f3quia. Por meio da vossa comunidade j\u00e1 se sente de algum modo o esp\u00edrito da comunidade paroquial, \u00e9 um n\u00facleo com o qual a comunidade paroquial deve viver e crescer e deve sempre crescer surgindo da vida de Jesus e levando em si a mesma caridade que Jesus nos trouxe.<\/p>\n\n<p>Jesus est\u00e1 t\u00e3o presente entre n\u00f3s, que se identifica sobretudo com estes mais pequenos, mais pobres, mais sofridos. Ele disse: &#8220;O que fazeis a qualquer um destes, o fazeis a mim&#8221;.<\/p>\n\n<p>Desejo que vivais a vida de Cristo, para buscar e nutrir sempre mais da vida de Cristo, a vossa vida crist\u00e3, a vossa vida humana, a vossa vida divinizada pela sua presen\u00e7a e pelos seus sacramentos.  Quero oferecer a todos aqui presentes uma b\u00ean\u00e7\u00e3o introdut\u00f3ria, desejando \u2500 como vejo escrito nestas faixas \u2500 que se evangelize cada vez mais a vida humana neste bairro, e de torn\u00e1-lo sempre mais impregnado do Esp\u00edrito de Cristo.<\/p>\n\n<p>Por \u00faltimo, houve um breve encontro com as for\u00e7as adultas da par\u00f3quia apresentados pelo porta-voz\u00ad do Conselho Pastoral, o di\u00e1cono Giovanni Pennacchio:<\/p>\n\n<p>Santo Padre, aqui est\u00e3o presentes os membros do Conselho Pastoral Paroquial e os respons\u00e1veis das realidades eclesiais desta par\u00f3quia e dos diversos ramos de atividade pastoral: catequese, liturgia, caridade, pastoral juvenil. Tamb\u00e9m est\u00e3o presentes \u2500 admitidos pela primeira vez no conselho pastoral \u2500 os respons\u00e1veis de setores, porque desde este ano, para chegar o m\u00e1ximo poss\u00edvel aos afastados da par\u00f3quia, esta foi dividida em 10 setores, e cada setor tem o seu respons\u00e1vel. Al\u00e9m disso, est\u00e3o presentes os respons\u00e1veis das 10 comunidades neocatecumenais, com os seus presb\u00edteros e os seus catequistas, e as fam\u00edlias de itinerantes em v\u00e1rias partes do mundo: \u00c1frica, Austr\u00e1lia, Europa. Estamos aqui para renovar a nossa ades\u00e3o e conc\u00f3rdia com Pedro, com o seu ensinamento e com o respeito religioso de que se fala na Lumen Gentium. Obrigado por estar entre n\u00f3s. Obrigado pela apresenta\u00e7\u00e3o verbal, mas sobretudo pessoal \u2013 respondeu o Papa \u2013 se v\u00ea que a vossa par\u00f3quia est\u00e1 aqui em Roma, nesta regi\u00e3o, mas ao mesmo tempo encontra-se em muitos lugares, em muitas regi\u00f5es, em muitos ambientes, em muitos continentes: fora de Roma. \u00c9 uma par\u00f3quia mission\u00e1ria, itinerante, Neocatecumenal.<\/p>\n\n<p>Sa\u00fado a todos: australianos, africanos, franceses, alem\u00e3es, poloneses, bielorrussos&#8230; A Igreja de Roma, deveis saber, vive agora um per\u00edodo de confronto. Confronto quer dizer \u2500 podemos dizer \u2500 aplica\u00e7\u00e3o, sobretudo do Vaticano, sobretudo da \u201cLumen Gentium\u201d e da \u201cGaudium et Spes\u201d. Confronto com as diversas realidades que distinguem esta cidade e esta sociedade romana, importante para o futuro da cidade, da It\u00e1lia e tamb\u00e9m da Igreja. Mas \u00e9 um confronto em que a Igreja \u00e9 confrontada e por sua vez confronta na f\u00e9, por meio da sua f\u00e9 bimilenar.<\/p>\n\n<p>Roma olha os problemas do nosso mil\u00eanio, ou melhor, da conclus\u00e3o do segundo mil\u00eanio. Olha na f\u00e9 e procura compreender estes problemas, ainda que dif\u00edceis, ainda que \u00e0s vezes contradizendo aquilo que nos diz a f\u00e9.&#13;\nOlhem estes problemas com coragem, porque a Igreja deve ter coragem. Cristo nos disse: &#8220;N\u00e3o tenhais medo&#8221;, e esta \u00e9 a palavra chave da miss\u00e3o messi\u00e2nica d&#8217;Ele e da nossa miss\u00e3o apost\u00f3lica. N\u00e3o tenhais medo. Isso digo tamb\u00e9m a v\u00f3s itinerantes para terdes coragem. \u00c0s vezes ou\u00e7o que tendes medo de alguma realidade com a qual vos encontrais, que vos afronta e que v\u00f3s enfrentais. N\u00e3o tenhais medo, porque se trata sempre do mesmo argumento: &#8220;Eu estou convosco&#8221;. Esta n\u00e3o \u00e9 somente uma palavra, \u00e9 uma realidade.<\/p>\n\n<p>Com uma b\u00ean\u00e7\u00e3o a todos os presentes \u2500 os poucos que ainda permanecem em Roma nesta par\u00f3quia \u2500 e aos muitos que est\u00e3o nos diversos continentes&#8221;.<\/p>\n","protected":false},"excerpt":{"rendered":"<p>Visita do papa Jo\u00e3o Paulo II \u00e0 Par\u00f3quia de S\u00e3o Leonardo 22\/3\/1992 S\u00e3o Jo\u00e3o Paulo II Roma, 22 de mar\u00e7o de 1992. No in\u00edcio da missa, depois da sauda\u00e7\u00e3o lit\u00fargica, o p\u00e1roco, Pe. Domenico Paiusco, saudou o Santo Padre em nome da comunidade: &#8220;Beat\u00edssimo Padre,&#13; Bem-vindo entre n\u00f3s! Obrigado por estar conosco. A comunidade paroquial de S\u00e3o Leonardo Murialdo, confiada \u00e0 Congrega\u00e7\u00e3o dos Padres Josefinos, foi preparada para este primeiro<\/p>\n<div class=\"read-more\"><a class=\"btn read-more-btn\" href=\"https:\/\/neocatechumenaleiter.org\/pt-br\/palavras-dos-papas\/sao-joao-paulo-ii\/visita-do-papa-joao-paulo-ii-a-paroquia-de-sao-leonardo-22-3-1992\/\">Ler mais<\/a><\/div>\n","protected":false},"author":2,"featured_media":0,"parent":4247,"menu_order":67,"comment_status":"closed","ping_status":"closed","template":"","meta":{"footnotes":""},"class_list":["post-7200","page","type-page","status-publish","hentry"],"_links":{"self":[{"href":"https:\/\/neocatechumenaleiter.org\/pt-br\/wp-json\/wp\/v2\/pages\/7200","targetHints":{"allow":["GET"]}}],"collection":[{"href":"https:\/\/neocatechumenaleiter.org\/pt-br\/wp-json\/wp\/v2\/pages"}],"about":[{"href":"https:\/\/neocatechumenaleiter.org\/pt-br\/wp-json\/wp\/v2\/types\/page"}],"author":[{"embeddable":true,"href":"https:\/\/neocatechumenaleiter.org\/pt-br\/wp-json\/wp\/v2\/users\/2"}],"replies":[{"embeddable":true,"href":"https:\/\/neocatechumenaleiter.org\/pt-br\/wp-json\/wp\/v2\/comments?post=7200"}],"version-history":[{"count":6,"href":"https:\/\/neocatechumenaleiter.org\/pt-br\/wp-json\/wp\/v2\/pages\/7200\/revisions"}],"predecessor-version":[{"id":24100,"href":"https:\/\/neocatechumenaleiter.org\/pt-br\/wp-json\/wp\/v2\/pages\/7200\/revisions\/24100"}],"up":[{"embeddable":true,"href":"https:\/\/neocatechumenaleiter.org\/pt-br\/wp-json\/wp\/v2\/pages\/4247"}],"wp:attachment":[{"href":"https:\/\/neocatechumenaleiter.org\/pt-br\/wp-json\/wp\/v2\/media?parent=7200"}],"curies":[{"name":"wp","href":"https:\/\/api.w.org\/{rel}","templated":true}]}}