{"id":7208,"date":"2020-04-16T03:06:16","date_gmt":"2020-04-16T02:06:16","guid":{"rendered":"https:\/\/neocatechumenaleiter.org\/palavras-dos-papas\/sao-joao-paulo-ii\/palavras-do-papa-durante-o-apelo-de-jasna-gora-na-polonia-12-6-1987\/"},"modified":"2020-04-25T15:55:46","modified_gmt":"2020-04-25T14:55:46","slug":"palavras-do-papa-durante-o-apelo-de-jasna-gora-na-polonia-12-6-1987","status":"publish","type":"page","link":"https:\/\/neocatechumenaleiter.org\/pt-br\/palavras-dos-papas\/sao-joao-paulo-ii\/palavras-do-papa-durante-o-apelo-de-jasna-gora-na-polonia-12-6-1987\/","title":{"rendered":"Palavras do Papa durante a invoca\u00e7\u00e3o de Jasna Gora na Pol\u00f4nia 12\/6\/1987"},"content":{"rendered":"\n<h1 class=\"has-text-align-center wp-block-heading\">Palavras do Papa durante a invoca\u00e7\u00e3o de Jasna Gora na Pol\u00f4nia 12\/6\/1987<\/h1>\n\n<div style=\"height:20px\" aria-hidden=\"true\" class=\"wp-block-spacer\"><\/div>\n\n<h4 class=\"has-text-align-center wp-block-heading\">S. Jo\u00e3o Paulo II<\/h4>\n\n<div style=\"height:20px\" aria-hidden=\"true\" class=\"wp-block-spacer\"><\/div>\n\n<div class=\"wp-block-image\"><figure class=\"alignright size-large\"><img loading=\"lazy\" decoding=\"async\" width=\"674\" height=\"538\" src=\"https:\/\/neocatechumenaleiter.org\/wp-content\/uploads\/2020\/03\/Camino_Neocatecumenal_Juan_Pablo_II_palabras_invocacion_jasna_gora_1987.jpg\" alt=\"\" class=\"wp-image-2020\" srcset=\"https:\/\/neocatechumenaleiter.org\/wp-content\/uploads\/2020\/03\/Camino_Neocatecumenal_Juan_Pablo_II_palabras_invocacion_jasna_gora_1987.jpg 674w, https:\/\/neocatechumenaleiter.org\/wp-content\/uploads\/2020\/03\/Camino_Neocatecumenal_Juan_Pablo_II_palabras_invocacion_jasna_gora_1987-300x239.jpg 300w\" sizes=\"auto, (max-width: 674px) 100vw, 674px\" \/><\/figure><\/div>\n\n<p><strong>Pol\u00f4nia\u00a0<\/strong>\u2013\u00a0<strong>Santu\u00e1rio de Czestochowa, 12 de junho de 1987<\/strong><\/p>\n\n<p>Jo\u00e3o Paulo II concluiu a quinta jornada da sua peregrina\u00e7\u00e3o \u00e0 Pol\u00f4nia com a invoca\u00e7\u00e3o de Jasna Gora, pronunciada na tarde de sexta-feira, 12 de junho, da esplanada do santu\u00e1rio de Czestochowa.  A &#8220;chamada&#8221; de Jasna Gora \u00e9 uma invoca\u00e7\u00e3o \u00e0 Virgem que desde 1957 se canta ou se recita todos os dias \u00e0s 9h da noite em todas a na\u00e7\u00e3o.<\/p>\n\n<p><em>Depois da invoca\u00e7\u00e3o, o Papa pronunciou um discurso do qual reportamos uma parte:<\/em><\/p>\n\n<p>\u00ab&#8230;Maria, Rainha da Pol\u00f4nia, estou perto de ti, recordo-me de ti, estou velando.&#013;\n&#8230;Nesta hora da invoca\u00e7\u00e3o de Jasna Gora, desejo chamar aqui, com o pensamento e com o cora\u00e7\u00e3o, todos os homens, irm\u00e3os e irm\u00e3s, de todas as partes da terra&#8230;<\/p>\n\n<p>Todos aqueles que n\u00e3o t\u00eam medo dos perigos e das dificuldades, que n\u00e3o perderam a f\u00e9 nos ideais e nos valores, que n\u00e3o perderam o  sentido da vida e do trabalho, que n\u00e3o cederam \u00e0 fraqueza, mas que, sentindo a solid\u00e1ria responsabilidade e solicitude, confortam os seus irm\u00e3os na f\u00e9 e na convic\u00e7\u00e3o de que para o crist\u00e3o n\u00e3o h\u00e1 lugar para a fuga, que vale a pena viver no pr\u00f3prio pa\u00eds e empreender iniciativas criativas, edificar a comunidade dos cora\u00e7\u00f5es e das mentes humanas.<\/p>\n\n<div class=\"wp-block-image\"><figure class=\"alignleft size-large\"><img loading=\"lazy\" decoding=\"async\" width=\"706\" height=\"563\" src=\"https:\/\/neocatechumenaleiter.org\/wp-content\/uploads\/2020\/03\/Camino_Neocatecumenal_Juan_Pablo_II_palabras_invocacion_jasna_gora_19872.jpg\" alt=\"\" class=\"wp-image-2027\" srcset=\"https:\/\/neocatechumenaleiter.org\/wp-content\/uploads\/2020\/03\/Camino_Neocatecumenal_Juan_Pablo_II_palabras_invocacion_jasna_gora_19872.jpg 706w, https:\/\/neocatechumenaleiter.org\/wp-content\/uploads\/2020\/03\/Camino_Neocatecumenal_Juan_Pablo_II_palabras_invocacion_jasna_gora_19872-300x239.jpg 300w\" sizes=\"auto, (max-width: 706px) 100vw, 706px\" \/><\/figure><\/div>\n\n<p>Faltava enumerar aqui a estas pessoas que fazem o bem reciprocamente, quantas comunidades, quantos ambientes, quantos movimentos! Quando digo isso, vem-me \u00e0 mente dois que durante a minha peregrina\u00e7\u00e3o se fazem presentes com maior for\u00e7a: s\u00e3o os nossos pr\u00f3prios &#8220;Oasis&#8221; do movimento &#8220;Luz e Vida&#8221;; e tamb\u00e9m os que vieram a n\u00f3s desde o ocidente, os &#8220;neocatec\u00famenos&#8221;: eu os encontro em todas as partes do mundo, aonde quer que eu v\u00e1.&#013;\n&#013;\nPensava que talvez na Pol\u00f4nia n\u00e3o estivessem; no entanto, desde o primeiro dia de peregrina\u00e7\u00e3o destacam por todas as partes as mesmas faixas que vejo em outros pa\u00edses do mundo em diversas l\u00ednguas.<\/p>\n\n<p>Ent\u00e3o&#8230; Est\u00e3o aqui! Vieram! Vieram e querem que renovemos a consci\u00eancia do nosso Batismo, que significa ser crist\u00e3os desde nossas ra\u00edzes.<\/p>\n\n<p>Que Deus os aben\u00e7oe!\u00bb.<\/p>\n","protected":false},"excerpt":{"rendered":"<p>Palavras do Papa durante a invoca\u00e7\u00e3o de Jasna Gora na Pol\u00f4nia 12\/6\/1987 S. Jo\u00e3o Paulo II Pol\u00f4nia\u00a0\u2013\u00a0Santu\u00e1rio de Czestochowa, 12 de junho de 1987 Jo\u00e3o Paulo II concluiu a quinta jornada da sua peregrina\u00e7\u00e3o \u00e0 Pol\u00f4nia com a invoca\u00e7\u00e3o de Jasna Gora, pronunciada na tarde de sexta-feira, 12 de junho, da esplanada do santu\u00e1rio de Czestochowa. A &#8220;chamada&#8221; de Jasna Gora \u00e9 uma invoca\u00e7\u00e3o \u00e0 Virgem que desde 1957 se<\/p>\n<div class=\"read-more\"><a class=\"btn read-more-btn\" href=\"https:\/\/neocatechumenaleiter.org\/pt-br\/palavras-dos-papas\/sao-joao-paulo-ii\/palavras-do-papa-durante-o-apelo-de-jasna-gora-na-polonia-12-6-1987\/\">Ler mais<\/a><\/div>\n","protected":false},"author":2,"featured_media":0,"parent":4247,"menu_order":44,"comment_status":"closed","ping_status":"closed","template":"","meta":{"footnotes":""},"class_list":["post-7208","page","type-page","status-publish","hentry"],"_links":{"self":[{"href":"https:\/\/neocatechumenaleiter.org\/pt-br\/wp-json\/wp\/v2\/pages\/7208","targetHints":{"allow":["GET"]}}],"collection":[{"href":"https:\/\/neocatechumenaleiter.org\/pt-br\/wp-json\/wp\/v2\/pages"}],"about":[{"href":"https:\/\/neocatechumenaleiter.org\/pt-br\/wp-json\/wp\/v2\/types\/page"}],"author":[{"embeddable":true,"href":"https:\/\/neocatechumenaleiter.org\/pt-br\/wp-json\/wp\/v2\/users\/2"}],"replies":[{"embeddable":true,"href":"https:\/\/neocatechumenaleiter.org\/pt-br\/wp-json\/wp\/v2\/comments?post=7208"}],"version-history":[{"count":3,"href":"https:\/\/neocatechumenaleiter.org\/pt-br\/wp-json\/wp\/v2\/pages\/7208\/revisions"}],"predecessor-version":[{"id":8487,"href":"https:\/\/neocatechumenaleiter.org\/pt-br\/wp-json\/wp\/v2\/pages\/7208\/revisions\/8487"}],"up":[{"embeddable":true,"href":"https:\/\/neocatechumenaleiter.org\/pt-br\/wp-json\/wp\/v2\/pages\/4247"}],"wp:attachment":[{"href":"https:\/\/neocatechumenaleiter.org\/pt-br\/wp-json\/wp\/v2\/media?parent=7208"}],"curies":[{"name":"wp","href":"https:\/\/api.w.org\/{rel}","templated":true}]}}