{"id":7284,"date":"2020-03-04T00:18:38","date_gmt":"2020-03-03T23:18:38","guid":{"rendered":"https:\/\/neocatechumenaleiter.org\/palavras-dos-papas\/sao-joao-paulo-ii\/vigilia-pascal-na-basilica-de-sao-pedro-19-4-1992\/"},"modified":"2021-08-10T11:02:38","modified_gmt":"2021-08-10T10:02:38","slug":"vigilia-pascal-na-basilica-de-sao-pedro-19-4-1992","status":"publish","type":"page","link":"https:\/\/neocatechumenaleiter.org\/pt-br\/palavras-dos-papas\/sao-joao-paulo-ii\/vigilia-pascal-na-basilica-de-sao-pedro-19-4-1992\/","title":{"rendered":"Vig\u00edlia Pascal na Bas\u00edlica de S\u00e3o Pedro 19\/4\/1992"},"content":{"rendered":"\n<h1 class=\"has-text-align-center wp-block-heading\">Vig\u00edlia Pascal na Bas\u00edlica de S\u00e3o Pedro 19\/4\/1992<\/h1>\n\n<div style=\"height:20px\" aria-hidden=\"true\" class=\"wp-block-spacer\"><\/div>\n\n<h4 class=\"has-text-align-center wp-block-heading\">S\u00e3o Jo\u00e3o Paulo II<\/h4>\n\n<div style=\"height:20px\" aria-hidden=\"true\" class=\"wp-block-spacer\"><\/div>\n\n<p><strong>Bas\u00edlica de S\u00e3o Pedro, 19 de abril de 1992.<\/strong><\/p>\n\n<p><em>A primeira comunidade de S\u00e3o Leonardo Murialdo de Roma e a primeira comunidade de Tor Sapienza de Roma renovaram solenemente as promessas batismais ao final do itiner\u00e1rio Neocatecumenal\u00ad, acompanhados por seus catequistas, diante do Santo Padre Jo\u00e3o Paulo II na Bas\u00edlica de S\u00e3o Pedro durante a Vig\u00edlia Pascal.<\/em><\/p>\n\n<div class=\"wp-block-image\"><figure class=\"aligncenter size-large\"><img loading=\"lazy\" decoding=\"async\" width=\"692\" height=\"569\" src=\"https:\/\/neocatechumenaleiter.org\/wp-content\/uploads\/2020\/03\/Camino_Neocatecumenal_Juan_Pablo_II_vigilia_pascual_hermanos_vestidura_blanca_1992.jpg\" alt=\"\" class=\"wp-image-2391\" srcset=\"https:\/\/neocatechumenaleiter.org\/wp-content\/uploads\/2020\/03\/Camino_Neocatecumenal_Juan_Pablo_II_vigilia_pascual_hermanos_vestidura_blanca_1992.jpg 692w, https:\/\/neocatechumenaleiter.org\/wp-content\/uploads\/2020\/03\/Camino_Neocatecumenal_Juan_Pablo_II_vigilia_pascual_hermanos_vestidura_blanca_1992-300x247.jpg 300w\" sizes=\"auto, (max-width: 692px) 100vw, 692px\" \/><\/figure><\/div>\n","protected":false},"excerpt":{"rendered":"<p>Vig\u00edlia Pascal na Bas\u00edlica de S\u00e3o Pedro 19\/4\/1992 S\u00e3o Jo\u00e3o Paulo II Bas\u00edlica de S\u00e3o Pedro, 19 de abril de 1992. A primeira comunidade de S\u00e3o Leonardo Murialdo de Roma e a primeira comunidade de Tor Sapienza de Roma renovaram solenemente as promessas batismais ao final do itiner\u00e1rio Neocatecumenal\u00ad, acompanhados por seus catequistas, diante do Santo Padre Jo\u00e3o Paulo II na Bas\u00edlica de S\u00e3o Pedro durante a Vig\u00edlia Pascal.<\/p>\n","protected":false},"author":2,"featured_media":0,"parent":4247,"menu_order":68,"comment_status":"closed","ping_status":"closed","template":"","meta":{"footnotes":""},"class_list":["post-7284","page","type-page","status-publish","hentry"],"_links":{"self":[{"href":"https:\/\/neocatechumenaleiter.org\/pt-br\/wp-json\/wp\/v2\/pages\/7284","targetHints":{"allow":["GET"]}}],"collection":[{"href":"https:\/\/neocatechumenaleiter.org\/pt-br\/wp-json\/wp\/v2\/pages"}],"about":[{"href":"https:\/\/neocatechumenaleiter.org\/pt-br\/wp-json\/wp\/v2\/types\/page"}],"author":[{"embeddable":true,"href":"https:\/\/neocatechumenaleiter.org\/pt-br\/wp-json\/wp\/v2\/users\/2"}],"replies":[{"embeddable":true,"href":"https:\/\/neocatechumenaleiter.org\/pt-br\/wp-json\/wp\/v2\/comments?post=7284"}],"version-history":[{"count":6,"href":"https:\/\/neocatechumenaleiter.org\/pt-br\/wp-json\/wp\/v2\/pages\/7284\/revisions"}],"predecessor-version":[{"id":24111,"href":"https:\/\/neocatechumenaleiter.org\/pt-br\/wp-json\/wp\/v2\/pages\/7284\/revisions\/24111"}],"up":[{"embeddable":true,"href":"https:\/\/neocatechumenaleiter.org\/pt-br\/wp-json\/wp\/v2\/pages\/4247"}],"wp:attachment":[{"href":"https:\/\/neocatechumenaleiter.org\/pt-br\/wp-json\/wp\/v2\/media?parent=7284"}],"curies":[{"name":"wp","href":"https:\/\/api.w.org\/{rel}","templated":true}]}}