{"id":7328,"date":"2020-04-17T05:28:14","date_gmt":"2020-04-17T04:28:14","guid":{"rendered":"https:\/\/neocatechumenaleiter.org\/palavras-dos-papas\/sao-joao-paulo-ii\/vigilia-pascal-na-basilica-de-sao-pedro-15-4-1990\/"},"modified":"2020-04-29T21:50:27","modified_gmt":"2020-04-29T20:50:27","slug":"vigilia-pascal-na-basilica-de-sao-pedro-15-4-1990","status":"publish","type":"page","link":"https:\/\/neocatechumenaleiter.org\/pt-br\/palavras-dos-papas\/sao-joao-paulo-ii\/vigilia-pascal-na-basilica-de-sao-pedro-15-4-1990\/","title":{"rendered":"Vig\u00edlia Pascal na Bas\u00edlica de S\u00e3o Pedro 15\/4\/1990"},"content":{"rendered":"\n<h1 class=\"has-text-align-center wp-block-heading\">Vig\u00edlia Pascal na Bas\u00edlica de S\u00e3o Pedro 15\/4\/1990<\/h1>\n\n<div style=\"height:20px\" aria-hidden=\"true\" class=\"wp-block-spacer\"><\/div>\n\n<h4 class=\"has-text-align-center wp-block-heading\">S\u00e3o Jo\u00e3o Paulo II<\/h4>\n\n<div style=\"height:20px\" aria-hidden=\"true\" class=\"wp-block-spacer\"><\/div>\n\n<p><strong>Cidade do Vaticano, 15 de abril de 1990.<\/strong><\/p>\n\n<p>Solene renova\u00e7\u00e3o das promessas batismais no final do itiner\u00e1rio Neocatecumenal diante do Santo Padre Jo\u00e3o Paulo II, na Bas\u00edlica de S\u00e3o Pedro, durante a Vig\u00edlia Pascal, acompanhados por seus catequistas Kiko, Carmen e Pe. Mario, das seguintes comunidades de Roma: <\/p>\n\n<p>2\u00aa Comunidade de Santa Francisca Cabrini, 1\u00aa Comunidade da Natividade, 1\u00aa Comunidade de S\u00e3o Jo\u00e3o de Deus, 1\u00aa Comunidade de Santa Maria Goretti.<\/p>\n\n<div class=\"wp-block-image\"><figure class=\"aligncenter size-large\"><img loading=\"lazy\" decoding=\"async\" width=\"350\" height=\"487\" src=\"https:\/\/neocatechumenaleiter.org\/wp-content\/uploads\/2020\/03\/Camino_Neocatecumenal_Juan_Pablo_II_vigilia_pascual_hermanos_vestidura_blanca_1990.jpg\" alt=\"\" class=\"wp-image-2286\" srcset=\"https:\/\/neocatechumenaleiter.org\/wp-content\/uploads\/2020\/03\/Camino_Neocatecumenal_Juan_Pablo_II_vigilia_pascual_hermanos_vestidura_blanca_1990.jpg 350w, https:\/\/neocatechumenaleiter.org\/wp-content\/uploads\/2020\/03\/Camino_Neocatecumenal_Juan_Pablo_II_vigilia_pascual_hermanos_vestidura_blanca_1990-216x300.jpg 216w\" sizes=\"auto, (max-width: 350px) 100vw, 350px\" \/><\/figure><\/div>\n","protected":false},"excerpt":{"rendered":"<p>Vig\u00edlia Pascal na Bas\u00edlica de S\u00e3o Pedro 15\/4\/1990 S\u00e3o Jo\u00e3o Paulo II Cidade do Vaticano, 15 de abril de 1990. Solene renova\u00e7\u00e3o das promessas batismais no final do itiner\u00e1rio Neocatecumenal diante do Santo Padre Jo\u00e3o Paulo II, na Bas\u00edlica de S\u00e3o Pedro, durante a Vig\u00edlia Pascal, acompanhados por seus catequistas Kiko, Carmen e Pe. Mario, das seguintes comunidades de Roma: 2\u00aa Comunidade de Santa Francisca Cabrini, 1\u00aa Comunidade da Natividade,<\/p>\n<div class=\"read-more\"><a class=\"btn read-more-btn\" href=\"https:\/\/neocatechumenaleiter.org\/pt-br\/palavras-dos-papas\/sao-joao-paulo-ii\/vigilia-pascal-na-basilica-de-sao-pedro-15-4-1990\/\">Ler mais<\/a><\/div>\n","protected":false},"author":2,"featured_media":0,"parent":4247,"menu_order":60,"comment_status":"closed","ping_status":"closed","template":"","meta":{"footnotes":""},"class_list":["post-7328","page","type-page","status-publish","hentry"],"_links":{"self":[{"href":"https:\/\/neocatechumenaleiter.org\/pt-br\/wp-json\/wp\/v2\/pages\/7328","targetHints":{"allow":["GET"]}}],"collection":[{"href":"https:\/\/neocatechumenaleiter.org\/pt-br\/wp-json\/wp\/v2\/pages"}],"about":[{"href":"https:\/\/neocatechumenaleiter.org\/pt-br\/wp-json\/wp\/v2\/types\/page"}],"author":[{"embeddable":true,"href":"https:\/\/neocatechumenaleiter.org\/pt-br\/wp-json\/wp\/v2\/users\/2"}],"replies":[{"embeddable":true,"href":"https:\/\/neocatechumenaleiter.org\/pt-br\/wp-json\/wp\/v2\/comments?post=7328"}],"version-history":[{"count":7,"href":"https:\/\/neocatechumenaleiter.org\/pt-br\/wp-json\/wp\/v2\/pages\/7328\/revisions"}],"predecessor-version":[{"id":9086,"href":"https:\/\/neocatechumenaleiter.org\/pt-br\/wp-json\/wp\/v2\/pages\/7328\/revisions\/9086"}],"up":[{"embeddable":true,"href":"https:\/\/neocatechumenaleiter.org\/pt-br\/wp-json\/wp\/v2\/pages\/4247"}],"wp:attachment":[{"href":"https:\/\/neocatechumenaleiter.org\/pt-br\/wp-json\/wp\/v2\/media?parent=7328"}],"curies":[{"name":"wp","href":"https:\/\/api.w.org\/{rel}","templated":true}]}}