{"id":7377,"date":"2020-04-17T07:45:53","date_gmt":"2020-04-17T06:45:53","guid":{"rendered":"https:\/\/neocatechumenaleiter.org\/palavras-dos-papas\/sao-joao-paulo-ii\/audiencia-privada-pelo-envio-de-cem-familias-para-a-nova-evangelizacao-3-1-1991\/"},"modified":"2020-06-09T19:43:36","modified_gmt":"2020-06-09T18:43:36","slug":"audiencia-privada-pelo-envio-de-cem-familias-para-a-nova-evangelizacao-3-1-1991","status":"publish","type":"page","link":"https:\/\/neocatechumenaleiter.org\/pt-br\/palavras-dos-papas\/sao-joao-paulo-ii\/audiencia-privada-pelo-envio-de-cem-familias-para-a-nova-evangelizacao-3-1-1991\/","title":{"rendered":"Audi\u00eancia privada para o envio de 100 fam\u00edlias para a &#8220;Nova Evangeliza\u00e7\u00e3o&#8221; 3\/1\/1991"},"content":{"rendered":"\n<h1 class=\"has-text-align-center wp-block-heading\">Audi\u00eancia privada para o envio de 100 fam\u00edlias para a &#8220;Nova Evangeliza\u00e7\u00e3o&#8221; 3\/1\/1991<\/h1>\n\n<div style=\"height:20px\" aria-hidden=\"true\" class=\"wp-block-spacer\"><\/div>\n\n<h4 class=\"has-text-align-center wp-block-heading\">S\u00e3o Jo\u00e3o Paulo II<\/h4>\n\n<div style=\"height:20px\" aria-hidden=\"true\" class=\"wp-block-spacer\"><\/div>\n\n<p><strong>Roma, 3 de janeiro de 1991.\u00a0*<\/strong><\/p>\n\n<div class=\"wp-block-image\"><figure class=\"alignright size-medium\"><img loading=\"lazy\" decoding=\"async\" width=\"300\" height=\"252\" src=\"https:\/\/neocatechumenaleiter.org\/wp-content\/uploads\/2020\/03\/Camino_Neocatecumenal_Juan_Pablo_II_audiencia_envio_cien_familias_en_mision_1991-300x252.jpg\" alt=\"\" class=\"wp-image-2307\" srcset=\"https:\/\/neocatechumenaleiter.org\/wp-content\/uploads\/2020\/03\/Camino_Neocatecumenal_Juan_Pablo_II_audiencia_envio_cien_familias_en_mision_1991-300x252.jpg 300w, https:\/\/neocatechumenaleiter.org\/wp-content\/uploads\/2020\/03\/Camino_Neocatecumenal_Juan_Pablo_II_audiencia_envio_cien_familias_en_mision_1991.jpg 365w\" sizes=\"auto, (max-width: 300px) 100vw, 300px\" \/><\/figure><\/div>\n\n<p><strong>\u00abAS FAM\u00cdLIAS EVANGELIZAM AS FAM\u00cdLIAS\u00bb<\/strong><br\/><em>Cem fam\u00edlias do Caminho Neocatecumenal foram enviadas pelo Santo Padre a 24\u00ad na\u00e7\u00f5es dos 5 continentes, durante uma audi\u00eancia em que estavam presentes tamb\u00e9m 110\u00ad fam\u00edlias j\u00e1 em miss\u00e3o e outras 300 que j\u00e1 est\u00e3o dispon\u00edveis para partir. Estavam presentes tamb\u00e9m 120 seminaristas do Semin\u00e1rio Diocesano Redemptoris Mater e aproximadamente 10 mil irm\u00e3os das comunidades.<\/em>&#13;\n&#13;\n<em>Introdu\u00e7\u00e3o de Kiko:<\/em><\/p>\n\n<p>\u00abQuerido e reverend\u00edssimo Padre, acabamos de vir de Porto San Giorgio, da tenda que h\u00e1 dois anos o senhor honrou e santificou com a sua presen\u00e7a. Estivemos sete dias nos preparando em retiro de convers\u00e3o com 1.400 irm\u00e3os.<\/p>\n\n<p>Vieram as fam\u00edlias que h\u00e1 dois anos foram enviadas aos lugares mais dif\u00edceis da Am\u00e9rica Latina (aos &#8220;Pueblos J\u00f3venes&#8221;, aos barracos de Guaiaquil no Equador e em tantas outras partes&#8230;) e tamb\u00e9m \u00e0s periferias da Europa como Hamburgo ou ainda em alguns bairros de Amsterd\u00e3 (Holanda\u00ad), como tamb\u00e9m a Nova Iorque (ao Bronx) e vimos juntos um pouco as suas experi\u00eancias: todos vieram com os olhos cheios da luz, do amor, da ternura de nosso Senhor Jesus Cristo, que tem estado pr\u00f3ximo em meio a grand\u00edssimos sofrimentos e que nos tem ajudado muit\u00edssimo. Todos decidiram retornar: contaram experi\u00eancias impressionantes e como Deus os provou e preparou para a miss\u00e3o. Nestes anos de &#8220;encarna\u00e7\u00e3o&#8221; muitos foram a pa\u00edses sem conhecer a l\u00edngua, por exemplo ao Jap\u00e3o, e fizemos isso exatamente porque pensamos que \u00e9 melhor ir como os \u00faltimos (uma pessoa que n\u00e3o conhece a l\u00edngua \u00e9 um pobre). E efetivamente foi muito eficaz, pois as pessoas pr\u00f3ximas davam bens a estas fam\u00edlias\u00ad, vieram ao encontro delas, ajudaram-nas e foi mais f\u00e1cil a miss\u00e3o, fazendo presente o mist\u00e9rio imenso da fam\u00edlia de Nazar\u00e9. Em muitas partes estas fam\u00edlias come\u00e7aram a dar catequeses, puderam anunciar Jesus Cristo e foram formadas pequenas\u00ad comunidades crist\u00e3s, com pessoas pag\u00e3s; tamb\u00e9m na China (Taiwan), num vilarejo completamente pag\u00e3o, nasceu uma pequena comunidade de 11 irm\u00e3os com quatro catec\u00famenos.<\/p>\n\n<p>Agora temos muit\u00edssimos pedidos de v\u00e1rios bispos, inclusive bispos que pediram as fam\u00edlias e depois de dois ou tr\u00eas anos (alguns h\u00e1 quatro anos de miss\u00e3o) viram os frutos, sobretudo na Am\u00e9rica Latina diante das seitas.<\/p>\n\n<p>Estas fam\u00edlias foram viver em regi\u00f5es onde n\u00e3o havia par\u00f3quias, onde n\u00e3o havia igrejas por falta de clero, e eles tiveram muit\u00edssimos frutos, e os bispos pediram mais: temos muitos pedidos, por isso tivemos que fazer uma pequena sele\u00e7\u00e3o.\u00a0 Ent\u00e3o pedimos \u00e0s primeiras comunidades da Espanha, cujas fam\u00edlias tenham uma prepara\u00e7\u00e3o suficiente com mais de 14 anos de Caminho, e muitas fam\u00edlias se ofereceram. \u00c9 algo surpreendente\u00ad, com os seus filhos, dispostos a partir para onde a Igreja creia oportuno: l\u00e1 onde a fam\u00edlia est\u00e1 destru\u00edda, eles est\u00e3o dispostos a ser uma presen\u00e7a real da fam\u00edlia crist\u00e3 e n\u00f3s ficamos surpresos com esta generosidade, com este ardor que existe neles, porque sabem que v\u00e3o, muitos deles, ao mart\u00edrio, v\u00e3o em situa\u00e7\u00f5es de grande dificuldade. Temos 400 novas fam\u00edlias que se ofereceram; n\u00f3s nos reunimos com aquelas que j\u00e1 estavam em miss\u00e3o e com outros itinerantes. Ao todo \u00e9ramos mil pessoas.<\/p>\n\n<div class=\"wp-block-image\"><figure class=\"alignleft size-medium\"><img loading=\"lazy\" decoding=\"async\" width=\"255\" height=\"300\" src=\"https:\/\/neocatechumenaleiter.org\/wp-content\/uploads\/2020\/03\/Camino_Neocatecumenal_Juan_Pablo_II_audiencia_envio_cien_familias_en_mision_1991_2-255x300.jpg\" alt=\"\" class=\"wp-image-2314\" srcset=\"https:\/\/neocatechumenaleiter.org\/wp-content\/uploads\/2020\/03\/Camino_Neocatecumenal_Juan_Pablo_II_audiencia_envio_cien_familias_en_mision_1991_2-255x300.jpg 255w, https:\/\/neocatechumenaleiter.org\/wp-content\/uploads\/2020\/03\/Camino_Neocatecumenal_Juan_Pablo_II_audiencia_envio_cien_familias_en_mision_1991_2.jpg 569w\" sizes=\"auto, (max-width: 255px) 100vw, 255px\" \/><\/figure><\/div>\n\n<p>Estavam presentes tamb\u00e9m os seminaristas do &#8220;Redemptoris Mater&#8221; de Roma, tendo sido para eles uma forma\u00e7\u00e3o maravilhosa escutar estas fam\u00edlias, as dificuldades, etc.&#13;\nEstivemos ontem \u00e0 noite, at\u00e9 quase as 3h da manh\u00e3. Toda a jornada de ontem serviu para ver, analisar todas as &#8220;peti\u00e7\u00f5es&#8221;. Para poder enviar as fam\u00edlias pedimos uma carta oficial a cada bispo, e que o bispo tamb\u00e9m se responsabilizasse em ajud\u00e1-los com a casa, etc.<\/p>\n\n<p>Ao final escolhemos outras 100 fam\u00edlias: aqui est\u00e3o os irm\u00e3os que j\u00e1 foram destinados, que est\u00e3o prontos para partir. Partir\u00e3o seis fam\u00edlias para Moscou, R\u00fassia; quatro para a Bielorr\u00fassia; duas para Ge\u00f3rgia; duas para Iugosl\u00e1via; seis novas fam\u00edlias para a Alemanha (j\u00e1 s\u00e3o dezoito fam\u00edlias solicitadas pelos bispos), quatro para a \u00c1ustria, tr\u00eas para Holanda (para continuar a obra maravilhosa que estas fam\u00edlias est\u00e3o fazendo na Holanda, solicitadas pelos bispos); duas para a Inglaterra; duas para a Fran\u00e7a; depois, nos Estados Unidos, os bispos pediram dezenove fam\u00edlias, nas periferias, sobretudo, para come\u00e7ar uma pastoral com os &#8220;negros&#8221;, onde a Igreja Cat\u00f3lica se encontra em dificuldade: assim fizeram os pedidos o cardeal de Washington, de Dallas, de San Antonio, do Texas, etc. Depois, na Am\u00e9rica Central e Am\u00e9rica Latina, por exemplo no Chile, na Col\u00f4mbia (duas fam\u00edlias); uma outra fam\u00edlia no Equador; na Venezuela duas; tr\u00eas no M\u00e9xico. Na \u00c1sia: dez fam\u00edlias no Jap\u00e3o; na China nacionalista outras cinco; na \u00c1frica: quatro na Z\u00e2mbia; quatro em Camar\u00f5es; depois, Eti\u00f3pia, Costa do Marfim e Austr\u00e1lia.<\/p>\n\n<p>No total, s\u00e3o 104 fam\u00edlias, com\u00a0 409 filhos, e todos pequeninos, alguns nem tanto. Quando estas fam\u00edlias t\u00eam filhos de 15 ou 16 anos pedimos a opini\u00e3o deles, se est\u00e3o dispostos a acompanhar os seus pais. Temos visto, neste sentido, uma generosidade enorme e como estes jovens querem bem aos seus pais&#8230; Sobre a miss\u00e3o, escutamos as fam\u00edlias que retornaram: elas diziam que os primeiros evangelizadores foram os seus filhos (no Jap\u00e3o, na China, na Holanda&#8230;) nos col\u00e9gios, nas escolas, com as m\u00e3es&#8230; foi maravilhoso. Estes filhos s\u00e3o, dizemos assim, a ponta de lan\u00e7a da &#8220;Nova Evangeliza\u00e7\u00e3o&#8221; feita por meio das fam\u00edlias. Os filhos tamb\u00e9m d\u00e3o testemunho aos &#8220;amiguinhos&#8221; deles, levando os amigos&#8230; por exemplo, as fam\u00edlias no Jap\u00e3o veem suas casas sempre invadidas por crian\u00e7as japonesas amigas dos seus filhos; os quais j\u00e1 sabem a l\u00edngua que aprenderam rapidamente. Por meio dos filhos, essas fam\u00edlias fizeram amizade com as outras fam\u00edlias japonesas. Isso facilita a evangeliza\u00e7\u00e3o destas fam\u00edlias que n\u00e3o s\u00e3o crist\u00e3s, s\u00e3o todas pag\u00e3s, \u00e0s quais interessa muit\u00edssimo, impressiona, esta forma de &#8220;viver a fam\u00edlia&#8221;, ver a mesa familiar como um altar, onde o pai (transmite), &#8220;passa&#8221; a f\u00e9 aos filhos; e o t\u00e1lamo nupcial \u00e9 tamb\u00e9m um altar onde se d\u00e1 a vida a novos filhos.<\/p>\n\n<div class=\"wp-block-image\"><figure class=\"alignleft size-medium\"><img loading=\"lazy\" decoding=\"async\" width=\"208\" height=\"300\" src=\"https:\/\/neocatechumenaleiter.org\/wp-content\/uploads\/2020\/03\/Camino_Neocatecumenal_Juan_Pablo_II_audiencia_envio_cien_familias_en_mision_1991_3-208x300.jpg\" alt=\"\" class=\"wp-image-2321\" srcset=\"https:\/\/neocatechumenaleiter.org\/wp-content\/uploads\/2020\/03\/Camino_Neocatecumenal_Juan_Pablo_II_audiencia_envio_cien_familias_en_mision_1991_3-208x300.jpg 208w, https:\/\/neocatechumenaleiter.org\/wp-content\/uploads\/2020\/03\/Camino_Neocatecumenal_Juan_Pablo_II_audiencia_envio_cien_familias_en_mision_1991_3.jpg 563w\" sizes=\"auto, (max-width: 208px) 100vw, 208px\" \/><\/figure><\/div>\n\n<p>Aparece uma nova cultura, inclusive uma realidade profunda e maravilhosa tanto que at\u00e9 n\u00f3s ficamos surpresos&#8230; Muito bem, Padre, n\u00e3o quero me alongar mais, somente quero dizer que estamos impressionad\u00edssimos pelo fato de que todos queiram partir: destas 400 fam\u00edlias s\u00f3 100 puderam partir, mas todas queriam partir. E eu lhes dizia: &#8220;mas voc\u00eas se d\u00e3o conta? Voc\u00eas v\u00e3o a regi\u00f5es paup\u00e9rrimas, a regi\u00f5es dific\u00edlimas?&#8221; Mas ficamos todos emocionados pelo ardor, pelo desejo de mart\u00edrio, por uma &#8220;for\u00e7a&#8221; sobrenatural que estava presente no meio de n\u00f3s&#8230;\u00bb.<\/p>\n\n<p>Depois da proclama\u00e7\u00e3o cantada da conclus\u00e3o do Evangelho de Marcos, o Santo Padre dirigiu-se assim aos presentes:<\/p>\n\n<p>\u00abCar\u00edssimos irm\u00e3os e irm\u00e3s!&#13;\n1. Na luz do Natal encontramos o Salvador; contemplamos as maravilhas que Deus operou; somos convidados a acolher o dom da salva\u00e7\u00e3o e a difundi-lo entre os nossos irm\u00e3os.&#13;\nDesse m\u00edstico abra\u00e7o com o Verbo encarnado nasce o nosso empenho em evangelizar. Empenho hoje cada vez mais urgente porque vivemos momentos de profundas mudan\u00e7as sociais. De fato, nos encontramos diante de uma transforma\u00e7\u00e3o da hist\u00f3ria, projetados para um futuro carregado de expectativas e de esperan\u00e7a, mas amea\u00e7ado pela inquieta\u00e7\u00e3o e pelo temor, que afligem o ser humano na sua estrutura mais profunda. O homem invoca a paz, a serenidade, pede ajuda e solidariedade: precisa de amor. Precisa de Cristo.<\/p>\n\n<p>Maravilhosa \u00e9, portanto, a obra daqueles que, como v\u00f3s, consagram toda a sua exist\u00eancia e todos os seus recursos, sejam eles f\u00edsicos ou espirituais, \u00e0 evangeliza\u00e7\u00e3o. V\u00f3s estais convencidos de que somente Jesus pode satisfazer as expectativas da pessoa, e para isso n\u00e3o hesitais em abandonar tudo e se lan\u00e7ar em viagem pelas estradas do mundo, testemunhando assim a viva presen\u00e7a do Redentor entre n\u00f3s e o poder da sua palavra que salva. Sede agradecidos \u00e0 Provid\u00eancia que vos escolheu e continuai constantemente a escutar o Esp\u00edrito; perseverai na ora\u00e7\u00e3o e na pr\u00e1tica das virtudes. Sede mensageiros da reconcilia\u00e7\u00e3o e ap\u00f3stolos da fraternidade e do servi\u00e7o. O Senhor, que vos pede total disponibilidade, associe de tal modo o mist\u00e9rio da Reden\u00e7\u00e3o do mundo a todos v\u00f3s.<\/p>\n\n<p>2. N\u00e3o posso deixar de destacar, com \u00edntima alegria, que a vossa \u00e2nsia evangelizadora vos empurra sobretudo \u00e0s fam\u00edlias. Ser\u00e1 que a fam\u00edlia n\u00e3o tem que ser neste tempo novamente evangelizada para redescobrir o seu papel de c\u00e9lula prim\u00e1ria da comunidade crist\u00e3, igreja dom\u00e9stica, dentro da qual seja poss\u00edvel viver a primordial experi\u00eancia do encontro com Deus? Quanto faz sofrer a atual situa\u00e7\u00e3o de crise das fam\u00edlias! N\u00e3o \u00e9 f\u00e1cil pensar num futuro melhor se o lar n\u00e3o volta a ser o lugar privilegiado de acolhida da vida e do desenvolvimento da pessoa: escola de sabedoria humana e de forma\u00e7\u00e3o espiritual. Com \u00e2nimo alegre sa\u00fado entre v\u00f3s os numerosos n\u00facleos familiares que se encontram j\u00e1 em miss\u00e3o nas regi\u00f5es mais descristianizadas do planeta. Sa\u00fado, tamb\u00e9m, os casais que se preparam para partir. Sim, as fam\u00edlias evangelizam as fam\u00edlias!<\/p>\n\n<p>Que o Senhor vos transforme em instrumentos de sua miseric\u00f3rdia por todas as partes; e que a sua gra\u00e7a sempre vos acompanhe.<\/p>\n\n<div class=\"wp-block-image\"><figure class=\"alignright size-large\"><img loading=\"lazy\" decoding=\"async\" width=\"768\" height=\"523\" src=\"https:\/\/neocatechumenaleiter.org\/wp-content\/uploads\/2020\/03\/Camino_Neocatecumenal_Juan_Pablo_II_audiencia_envio_cien_familias_en_mision_1991_4.jpg\" alt=\"\" class=\"wp-image-2332\" srcset=\"https:\/\/neocatechumenaleiter.org\/wp-content\/uploads\/2020\/03\/Camino_Neocatecumenal_Juan_Pablo_II_audiencia_envio_cien_familias_en_mision_1991_4.jpg 768w, https:\/\/neocatechumenaleiter.org\/wp-content\/uploads\/2020\/03\/Camino_Neocatecumenal_Juan_Pablo_II_audiencia_envio_cien_familias_en_mision_1991_4-300x204.jpg 300w\" sizes=\"auto, (max-width: 768px) 100vw, 768px\" \/><\/figure><\/div>\n\n<p>Entrego de bom grado o crucifixo a todos os que s\u00e3o chamados a fazer-se presentes, itinerantes ao servi\u00e7o do Evangelho em outros pa\u00edses. Confiai em Deus e, resistindo\u00ad a qualquer dificuldade, tornai-vos &#8220;embaixadores de Cristo, como se Deus exortasse por meio de n\u00f3s&#8221; (2Cor 5,19). Vivei em cordial obedi\u00eancia e filial comunh\u00e3o com os pastores, sendo\u00ad membros de um corpo vivo: a Igreja. S\u00e3o eles quem vos convidam e vos acolhem. \u00c9 a eles que deveis manifestar do\u00e7ura e confian\u00e7a; \u00e9 a partir de suas diretrizes que vos \u00e9 transmitida a vontade do Senhor em rela\u00e7\u00e3o \u00e0 vossa particular miss\u00e3o.<\/p>\n\n<p>A tarefa que vos espera \u2013 a Nova Evangeliza\u00e7\u00e3o \u2013 exige que apresenteis com novo entusiasmo e m\u00e9todos renovados o eterno e imut\u00e1vel conte\u00fado do patrim\u00f4nio da nossa f\u00e9 crist\u00e3. N\u00e3o se trata, sabeis bem, de apenas transmitir uma doutrina, mas de encontrar de modo pessoal e profundo o Salvador. Invoco Maria, M\u00e3e do Redentor, para que vos assista nesse caminho; a Ela, Estrela da Nova Evangeliza\u00e7\u00e3o, confio cada um de v\u00f3s, as vossas comunidades e todos os que encontrareis.<\/p>\n\n<p>E agora, em nome do Senhor, eu vos exorto a partir com coragem e que sejais em toda parte testemunhas ardentes do Evangelho. Eu vos aben\u00e7oo de cora\u00e7\u00e3o\u00bb. \u00abEnt\u00e3o, isso que eu disse era uma resposta \u00e0 sua bela e realista &#8220;crist\u00e3mente e neocatecumenalmente&#8221; introdu\u00e7\u00e3o. Por\u00e9m, as introdu\u00e7\u00f5es devem sempre ter uma continua\u00e7\u00e3o: agora temos esta continua\u00e7\u00e3o: aqui na Sala Paulo VI, mas depois, deveis continuar nos vossos caminhos de fam\u00edlias itinerantes; as fam\u00edlias evangelizam profundamente no Neocatecumenato que abra\u00e7a toda a vida humana, abra\u00e7a toda a vida da fam\u00edlia evangelizada ou evangelizante.<\/p>\n\n<p><strong>E assim vos desejo um bom caminho: o Papa itinerante aos itinerantes!\u00bb.<\/strong><\/p>\n\n<p><em>(*) Cfr. \u00abL\u2019Osservatore Romano\u00bb, 4 janeiro 1991.<\/em><\/p>\n","protected":false},"excerpt":{"rendered":"<p>Audi\u00eancia privada para o envio de 100 fam\u00edlias para a &#8220;Nova Evangeliza\u00e7\u00e3o&#8221; 3\/1\/1991 S\u00e3o Jo\u00e3o Paulo II Roma, 3 de janeiro de 1991.\u00a0* \u00abAS FAM\u00cdLIAS EVANGELIZAM AS FAM\u00cdLIAS\u00bbCem fam\u00edlias do Caminho Neocatecumenal foram enviadas pelo Santo Padre a 24\u00ad na\u00e7\u00f5es dos 5 continentes, durante uma audi\u00eancia em que estavam presentes tamb\u00e9m 110\u00ad fam\u00edlias j\u00e1 em miss\u00e3o e outras 300 que j\u00e1 est\u00e3o dispon\u00edveis para partir. Estavam presentes tamb\u00e9m 120 seminaristas<\/p>\n<div class=\"read-more\"><a class=\"btn read-more-btn\" href=\"https:\/\/neocatechumenaleiter.org\/pt-br\/palavras-dos-papas\/sao-joao-paulo-ii\/audiencia-privada-pelo-envio-de-cem-familias-para-a-nova-evangelizacao-3-1-1991\/\">Ler mais<\/a><\/div>\n","protected":false},"author":2,"featured_media":0,"parent":4247,"menu_order":63,"comment_status":"closed","ping_status":"closed","template":"","meta":{"footnotes":""},"class_list":["post-7377","page","type-page","status-publish","hentry"],"_links":{"self":[{"href":"https:\/\/neocatechumenaleiter.org\/pt-br\/wp-json\/wp\/v2\/pages\/7377","targetHints":{"allow":["GET"]}}],"collection":[{"href":"https:\/\/neocatechumenaleiter.org\/pt-br\/wp-json\/wp\/v2\/pages"}],"about":[{"href":"https:\/\/neocatechumenaleiter.org\/pt-br\/wp-json\/wp\/v2\/types\/page"}],"author":[{"embeddable":true,"href":"https:\/\/neocatechumenaleiter.org\/pt-br\/wp-json\/wp\/v2\/users\/2"}],"replies":[{"embeddable":true,"href":"https:\/\/neocatechumenaleiter.org\/pt-br\/wp-json\/wp\/v2\/comments?post=7377"}],"version-history":[{"count":12,"href":"https:\/\/neocatechumenaleiter.org\/pt-br\/wp-json\/wp\/v2\/pages\/7377\/revisions"}],"predecessor-version":[{"id":14582,"href":"https:\/\/neocatechumenaleiter.org\/pt-br\/wp-json\/wp\/v2\/pages\/7377\/revisions\/14582"}],"up":[{"embeddable":true,"href":"https:\/\/neocatechumenaleiter.org\/pt-br\/wp-json\/wp\/v2\/pages\/4247"}],"wp:attachment":[{"href":"https:\/\/neocatechumenaleiter.org\/pt-br\/wp-json\/wp\/v2\/media?parent=7377"}],"curies":[{"name":"wp","href":"https:\/\/api.w.org\/{rel}","templated":true}]}}