{"id":7397,"date":"2020-04-17T08:09:40","date_gmt":"2020-04-17T07:09:40","guid":{"rendered":"https:\/\/neocatechumenaleiter.org\/palavras-dos-papas\/sao-joao-paulo-ii\/visita-a-paroquia-de-santa-maria-della-fiducia-21-10-1990\/"},"modified":"2020-04-29T22:07:55","modified_gmt":"2020-04-29T21:07:55","slug":"visita-a-paroquia-de-santa-maria-della-fiducia-21-10-1990","status":"publish","type":"page","link":"https:\/\/neocatechumenaleiter.org\/pt-br\/palavras-dos-papas\/sao-joao-paulo-ii\/visita-a-paroquia-de-santa-maria-della-fiducia-21-10-1990\/","title":{"rendered":"Visita \u00e0 par\u00f3quia de Santa Maria della Fiducia 21\/10\/1990"},"content":{"rendered":"\n<h1 class=\"has-text-align-center wp-block-heading\">Visita \u00e0 par\u00f3quia de Santa Maria della Fiducia 21\/10\/1990<\/h1>\n\n<div style=\"height:20px\" aria-hidden=\"true\" class=\"wp-block-spacer\"><\/div>\n\n<h4 class=\"has-text-align-center wp-block-heading\">S\u00e3o Jo\u00e3o Paulo II<\/h4>\n\n<div style=\"height:20px\" aria-hidden=\"true\" class=\"wp-block-spacer\"><\/div>\n\n<p><strong>Roma, 21 de outubro de 1990.<\/strong><\/p>\n\n<p><em>H\u00e1 doze anos est\u00e3o presentes e atuam na par\u00f3quia Santa Maria della Fiducia as comunidades neocatecumenais. Atualmente s\u00e3o quatro comunidades, as quais oferecem uma contribui\u00e7\u00e3o \u00e0 vida da par\u00f3quia sobretudo no que diz respeito \u00e0 catequese e \u00e0 liturgia. O Papa se encontrou com eles no sal\u00e3o paroquial, onde jovens e n\u00e3o t\u00e3o jovens membros do &#8220;Caminho&#8221; acolheram Sua Santidade com as notas alegres de um canto mariano. Estava presente Gastone Rocchetti, o primeiro catequista de S. Maria della Fiducia, que apresentou a Jo\u00e3o Paulo II a realidade das quatro comunidades:<\/em><\/p>\n\n<p>&#8220;Santidade, perten\u00e7o \u00e0 primeira comunidade neocatecumenal da par\u00f3quia de Santo Irineu, em Centocelle. Levo dezessete felizes anos de Caminho e h\u00e1 doze anos, a convite\u00ad do p\u00e1roco, eu, minha mulher e alguns irm\u00e3os da minha comunidade viemos a esta par\u00f3quia para anunciar a Boa Not\u00edcia.&#013;\nIniciaram-se as catequese e se formou a primeira comunidade. Hoje, na par\u00f3quia existem quatro comunidades. A primeira est\u00e1 na etapa da &#8220;Traditio&#8221;: h\u00e1 dois anos os irm\u00e3os v\u00e3o de casa em casa levando o &#8220;Kerigma&#8221;, anunciando a morte e a Ressurrei\u00e7\u00e3o de Nosso Senhor Jesus Cristo. \u00c0 segunda comunidade foi entregue o Salt\u00e9rio, a inicia\u00e7\u00e3o \u00e0 ora\u00e7\u00e3o. As outras duas comunidades est\u00e3o nas primeiras etapas do Caminho.<\/p>\n\n<p>Tudo isto se d\u00e1, Santidade, na absoluta obedi\u00eancia \u00e0 Igreja e aos seus ministros, e aos iniciadores do Caminho. Estamos profundamente felizes, Santidade, porque quereis dar um maior impulso ao Caminho Neocatecumenal com a carta que enviastes ao bispo Dom Cordes. N\u00f3s, Santidade, somos conscientes do grande dom que Deus nos est\u00e1 dando, porque a cada um de n\u00f3s foi dada a possibilidade de experimentar na pr\u00f3pria carne a salva\u00e7\u00e3o que vem de Nosso Senhor Jesus Cristo e saborear uma abundante garantia da vida eterna. Santidade, \u00adaben\u00e7oe-nos&#8221;.<\/p>\n\n<p><em>Estas s\u00e3o as palavras dirigidas pelo Papa aos presentes:<\/em><\/p>\n\n<p>\u00abGostaria de sublinhar duas coisas. A primeira \u00e9 esta: muito amais cantar can\u00e7\u00f5es a Nossa Senhora, a Maria que, segundo as palavras de Isabel, acreditou na Palavra do Senhor. E esta, podemos dizer, \u00e9 uma palavra, um texto emblem\u00e1tico para o vosso movimento, para o vosso Caminho, porque n\u00e3o se diz movimento&#8230; Ainda que, quando algu\u00e9m caminha, tamb\u00e9m se move&#8230; Pois bem, eu, partindo desta palavra que \u00e9 verdadeiramente inspiradora, que inspirou tamb\u00e9m toda a enc\u00edclica Redemptoris Mater, desejo que caminheis sempre na f\u00e9 e que fa\u00e7ais caminhar na f\u00e9 aqueles a quem sois enviados, pr\u00f3ximos e distantes. Agora, ofere\u00e7o uma segunda observa\u00e7\u00e3o. Eu sei que os neocatec\u00famenos amam as crian\u00e7as. O Papa tamb\u00e9m ama as crian\u00e7as, e assim nos encontramos sempre\u00bb.<\/p>\n","protected":false},"excerpt":{"rendered":"<p>Visita \u00e0 par\u00f3quia de Santa Maria della Fiducia 21\/10\/1990 S\u00e3o Jo\u00e3o Paulo II Roma, 21 de outubro de 1990. H\u00e1 doze anos est\u00e3o presentes e atuam na par\u00f3quia Santa Maria della Fiducia as comunidades neocatecumenais. Atualmente s\u00e3o quatro comunidades, as quais oferecem uma contribui\u00e7\u00e3o \u00e0 vida da par\u00f3quia sobretudo no que diz respeito \u00e0 catequese e \u00e0 liturgia. O Papa se encontrou com eles no sal\u00e3o paroquial, onde jovens e<\/p>\n<div class=\"read-more\"><a class=\"btn read-more-btn\" href=\"https:\/\/neocatechumenaleiter.org\/pt-br\/palavras-dos-papas\/sao-joao-paulo-ii\/visita-a-paroquia-de-santa-maria-della-fiducia-21-10-1990\/\">Ler mais<\/a><\/div>\n","protected":false},"author":2,"featured_media":0,"parent":4247,"menu_order":62,"comment_status":"closed","ping_status":"closed","template":"","meta":{"footnotes":""},"class_list":["post-7397","page","type-page","status-publish","hentry"],"_links":{"self":[{"href":"https:\/\/neocatechumenaleiter.org\/pt-br\/wp-json\/wp\/v2\/pages\/7397","targetHints":{"allow":["GET"]}}],"collection":[{"href":"https:\/\/neocatechumenaleiter.org\/pt-br\/wp-json\/wp\/v2\/pages"}],"about":[{"href":"https:\/\/neocatechumenaleiter.org\/pt-br\/wp-json\/wp\/v2\/types\/page"}],"author":[{"embeddable":true,"href":"https:\/\/neocatechumenaleiter.org\/pt-br\/wp-json\/wp\/v2\/users\/2"}],"replies":[{"embeddable":true,"href":"https:\/\/neocatechumenaleiter.org\/pt-br\/wp-json\/wp\/v2\/comments?post=7397"}],"version-history":[{"count":5,"href":"https:\/\/neocatechumenaleiter.org\/pt-br\/wp-json\/wp\/v2\/pages\/7397\/revisions"}],"predecessor-version":[{"id":9090,"href":"https:\/\/neocatechumenaleiter.org\/pt-br\/wp-json\/wp\/v2\/pages\/7397\/revisions\/9090"}],"up":[{"embeddable":true,"href":"https:\/\/neocatechumenaleiter.org\/pt-br\/wp-json\/wp\/v2\/pages\/4247"}],"wp:attachment":[{"href":"https:\/\/neocatechumenaleiter.org\/pt-br\/wp-json\/wp\/v2\/media?parent=7397"}],"curies":[{"name":"wp","href":"https:\/\/api.w.org\/{rel}","templated":true}]}}