{"id":7399,"date":"2020-04-17T08:21:13","date_gmt":"2020-04-17T07:21:13","guid":{"rendered":"https:\/\/neocatechumenaleiter.org\/palavras-dos-papas\/sao-joao-paulo-ii\/carta-do-papa-joao-paulo-ii-aos-sacerdotes-para-a-quinta-feira-santa-12-3-1991\/"},"modified":"2020-05-01T22:16:34","modified_gmt":"2020-05-01T21:16:34","slug":"carta-do-papa-joao-paulo-ii-aos-sacerdotes-para-a-quinta-feira-santa-12-3-1991","status":"publish","type":"page","link":"https:\/\/neocatechumenaleiter.org\/pt-br\/palavras-dos-papas\/sao-joao-paulo-ii\/carta-do-papa-joao-paulo-ii-aos-sacerdotes-para-a-quinta-feira-santa-12-3-1991\/","title":{"rendered":"Carta do papa Jo\u00e3o Paulo II aos sacerdotes para a Quinta-feira Santa 12\/3\/1991"},"content":{"rendered":"\n<h1 class=\"has-text-align-center wp-block-heading\">Carta do papa S\u00e3o Jo\u00e3o Paulo II aos sacerdotes para a Quinta-feira Santa 12\/3\/1991<\/h1>\n\n<div style=\"height:20px\" aria-hidden=\"true\" class=\"wp-block-spacer\"><\/div>\n\n<h4 class=\"has-text-align-center wp-block-heading\">S\u00e3o Jo\u00e3o Paulo II<\/h4>\n\n<div style=\"height:20px\" aria-hidden=\"true\" class=\"wp-block-spacer\"><\/div>\n\n<p><strong>Cidade do Vaticano, 12 de mar\u00e7o de 1991.<\/strong><\/p>\n\n<p><em>&#8220;Para uma distribui\u00e7\u00e3o mais justa dos sacerdotes na Igreja: um plano de ajuda a algumas regi\u00f5es mais necessitadas&#8230; Enfim, uma proposta especial&#8221;.<\/em><\/p>\n\n<p>O decreto <em>Presbiterorum Ordinis<\/em> n. 10 considera que, para resolver a grave car\u00eancia de sacerdotes em certas regi\u00f5es, &#8220;\u00e9 oportuno instituir tamb\u00e9m semin\u00e1rios internacionais&#8221;. Esta ideia se realiza nos Semin\u00e1rios Redemptoris Mater, que preparam presb\u00edteros diocesanos para a Nova Evangeliza\u00e7\u00e3o, segundo o programa do Caminho Neocatecumenal\u00ad. N\u00f3s nos perguntamos se esta op\u00e7\u00e3o n\u00e3o pode ser oferecida tamb\u00e9m \u00e0queles que n\u00e3o seguem este movimento. Para este fim, \u00adas Confer\u00eancias Episcopais de alguns pa\u00edses, como It\u00e1lia\u00ad, Espanha, Pol\u00f4nia e Irlanda, deveriam ser convidadas a erigir semin\u00e1rios nacionais (ou internacionais\u00ad) para a Nova Evangeliza\u00e7\u00e3o. Assim seria aplicada uma nova forma de minist\u00e9rio: o mission\u00e1rio\u00ad diocesano.<\/p>\n\n<figure class=\"wp-block-image size-large\"><img loading=\"lazy\" decoding=\"async\" width=\"689\" height=\"559\" src=\"https:\/\/neocatechumenaleiter.org\/wp-content\/uploads\/2020\/03\/Camino_Neocatecumenal_Juan_Pablo_II_carta_sacerdotes_1991..jpg\" alt=\"\" class=\"wp-image-2342\" srcset=\"https:\/\/neocatechumenaleiter.org\/wp-content\/uploads\/2020\/03\/Camino_Neocatecumenal_Juan_Pablo_II_carta_sacerdotes_1991..jpg 689w, https:\/\/neocatechumenaleiter.org\/wp-content\/uploads\/2020\/03\/Camino_Neocatecumenal_Juan_Pablo_II_carta_sacerdotes_1991.-300x243.jpg 300w\" sizes=\"auto, (max-width: 689px) 100vw, 689px\" \/><\/figure>\n","protected":false},"excerpt":{"rendered":"<p>Carta do papa S\u00e3o Jo\u00e3o Paulo II aos sacerdotes para a Quinta-feira Santa 12\/3\/1991 S\u00e3o Jo\u00e3o Paulo II Cidade do Vaticano, 12 de mar\u00e7o de 1991. &#8220;Para uma distribui\u00e7\u00e3o mais justa dos sacerdotes na Igreja: um plano de ajuda a algumas regi\u00f5es mais necessitadas&#8230; Enfim, uma proposta especial&#8221;. O decreto Presbiterorum Ordinis n. 10 considera que, para resolver a grave car\u00eancia de sacerdotes em certas regi\u00f5es, &#8220;\u00e9 oportuno instituir tamb\u00e9m<\/p>\n<div class=\"read-more\"><a class=\"btn read-more-btn\" href=\"https:\/\/neocatechumenaleiter.org\/pt-br\/palavras-dos-papas\/sao-joao-paulo-ii\/carta-do-papa-joao-paulo-ii-aos-sacerdotes-para-a-quinta-feira-santa-12-3-1991\/\">Ler mais<\/a><\/div>\n","protected":false},"author":2,"featured_media":0,"parent":4247,"menu_order":64,"comment_status":"closed","ping_status":"closed","template":"","meta":{"footnotes":""},"class_list":["post-7399","page","type-page","status-publish","hentry"],"_links":{"self":[{"href":"https:\/\/neocatechumenaleiter.org\/pt-br\/wp-json\/wp\/v2\/pages\/7399","targetHints":{"allow":["GET"]}}],"collection":[{"href":"https:\/\/neocatechumenaleiter.org\/pt-br\/wp-json\/wp\/v2\/pages"}],"about":[{"href":"https:\/\/neocatechumenaleiter.org\/pt-br\/wp-json\/wp\/v2\/types\/page"}],"author":[{"embeddable":true,"href":"https:\/\/neocatechumenaleiter.org\/pt-br\/wp-json\/wp\/v2\/users\/2"}],"replies":[{"embeddable":true,"href":"https:\/\/neocatechumenaleiter.org\/pt-br\/wp-json\/wp\/v2\/comments?post=7399"}],"version-history":[{"count":7,"href":"https:\/\/neocatechumenaleiter.org\/pt-br\/wp-json\/wp\/v2\/pages\/7399\/revisions"}],"predecessor-version":[{"id":9223,"href":"https:\/\/neocatechumenaleiter.org\/pt-br\/wp-json\/wp\/v2\/pages\/7399\/revisions\/9223"}],"up":[{"embeddable":true,"href":"https:\/\/neocatechumenaleiter.org\/pt-br\/wp-json\/wp\/v2\/pages\/4247"}],"wp:attachment":[{"href":"https:\/\/neocatechumenaleiter.org\/pt-br\/wp-json\/wp\/v2\/media?parent=7399"}],"curies":[{"name":"wp","href":"https:\/\/api.w.org\/{rel}","templated":true}]}}