{"id":7407,"date":"2020-04-17T08:26:16","date_gmt":"2020-04-17T07:26:16","guid":{"rendered":"https:\/\/neocatechumenaleiter.org\/palavras-dos-papas\/sao-joao-paulo-ii\/saudacao-do-papa-aos-seminaristas-do-seminario-redemptoris-mater-em-brasilia-15-10-1991\/"},"modified":"2020-05-01T22:18:18","modified_gmt":"2020-05-01T21:18:18","slug":"saudacao-do-papa-aos-seminaristas-do-seminario-redemptoris-mater-em-brasilia-15-10-1991","status":"publish","type":"page","link":"https:\/\/neocatechumenaleiter.org\/pt-br\/palavras-dos-papas\/sao-joao-paulo-ii\/saudacao-do-papa-aos-seminaristas-do-seminario-redemptoris-mater-em-brasilia-15-10-1991\/","title":{"rendered":"Sauda\u00e7\u00e3o do Papa aos seminaristas do Semin\u00e1rio Redemptoris Mater em Bras\u00edlia 15\/10\/1991"},"content":{"rendered":"\n<h1 class=\"has-text-align-center wp-block-heading\">Sauda\u00e7\u00e3o do Papa aos seminaristas do Semin\u00e1rio Redemptoris Mater em Bras\u00edlia 15\/10\/1991<\/h1>\n\n<div style=\"height:20px\" aria-hidden=\"true\" class=\"wp-block-spacer\"><\/div>\n\n<h4 class=\"has-text-align-center wp-block-heading\">S\u00e3o Jo\u00e3o Paulo II<\/h4>\n\n<div style=\"height:20px\" aria-hidden=\"true\" class=\"wp-block-spacer\"><\/div>\n\n<p><strong>Bras\u00edlia, 15 de outubro de 1991.<\/strong><\/p>\n\n<p>\u00abPara concluir, dirijo a minha sauda\u00e7\u00e3o especial e afetuosa aos superiores e seminaristas do Semin\u00e1rio Redemptoris Mater, que dever\u00e1 ser conclu\u00eddo brevemente. Desejo que, com a b\u00ean\u00e7\u00e3o de Deus, promovam sempre, mediante o verdadeiro esp\u00edrito de Cristo, a aut\u00eantica forma\u00e7\u00e3o dos sacerdotes. Dou a todos de cora\u00e7\u00e3o a minha B\u00ean\u00e7\u00e3o Apost\u00f3lica. Am\u00e9m\u00bb.<\/p>\n","protected":false},"excerpt":{"rendered":"<p>Sauda\u00e7\u00e3o do Papa aos seminaristas do Semin\u00e1rio Redemptoris Mater em Bras\u00edlia 15\/10\/1991 S\u00e3o Jo\u00e3o Paulo II Bras\u00edlia, 15 de outubro de 1991. \u00abPara concluir, dirijo a minha sauda\u00e7\u00e3o especial e afetuosa aos superiores e seminaristas do Semin\u00e1rio Redemptoris Mater, que dever\u00e1 ser conclu\u00eddo brevemente. Desejo que, com a b\u00ean\u00e7\u00e3o de Deus, promovam sempre, mediante o verdadeiro esp\u00edrito de Cristo, a aut\u00eantica forma\u00e7\u00e3o dos sacerdotes. Dou a todos de cora\u00e7\u00e3o a<\/p>\n<div class=\"read-more\"><a class=\"btn read-more-btn\" href=\"https:\/\/neocatechumenaleiter.org\/pt-br\/palavras-dos-papas\/sao-joao-paulo-ii\/saudacao-do-papa-aos-seminaristas-do-seminario-redemptoris-mater-em-brasilia-15-10-1991\/\">Ler mais<\/a><\/div>\n","protected":false},"author":2,"featured_media":0,"parent":4247,"menu_order":65,"comment_status":"closed","ping_status":"closed","template":"","meta":{"footnotes":""},"class_list":["post-7407","page","type-page","status-publish","hentry"],"_links":{"self":[{"href":"https:\/\/neocatechumenaleiter.org\/pt-br\/wp-json\/wp\/v2\/pages\/7407","targetHints":{"allow":["GET"]}}],"collection":[{"href":"https:\/\/neocatechumenaleiter.org\/pt-br\/wp-json\/wp\/v2\/pages"}],"about":[{"href":"https:\/\/neocatechumenaleiter.org\/pt-br\/wp-json\/wp\/v2\/types\/page"}],"author":[{"embeddable":true,"href":"https:\/\/neocatechumenaleiter.org\/pt-br\/wp-json\/wp\/v2\/users\/2"}],"replies":[{"embeddable":true,"href":"https:\/\/neocatechumenaleiter.org\/pt-br\/wp-json\/wp\/v2\/comments?post=7407"}],"version-history":[{"count":5,"href":"https:\/\/neocatechumenaleiter.org\/pt-br\/wp-json\/wp\/v2\/pages\/7407\/revisions"}],"predecessor-version":[{"id":9225,"href":"https:\/\/neocatechumenaleiter.org\/pt-br\/wp-json\/wp\/v2\/pages\/7407\/revisions\/9225"}],"up":[{"embeddable":true,"href":"https:\/\/neocatechumenaleiter.org\/pt-br\/wp-json\/wp\/v2\/pages\/4247"}],"wp:attachment":[{"href":"https:\/\/neocatechumenaleiter.org\/pt-br\/wp-json\/wp\/v2\/media?parent=7407"}],"curies":[{"name":"wp","href":"https:\/\/api.w.org\/{rel}","templated":true}]}}