{"id":7409,"date":"2020-03-03T23:56:44","date_gmt":"2020-03-03T22:56:44","guid":{"rendered":"https:\/\/neocatechumenaleiter.org\/palavras-dos-papas\/sao-joao-paulo-ii\/saudacao-do-papa-aos-parocos-itinerantes-e-responsaveis-em-roma-4-12-1991\/"},"modified":"2021-08-10T11:02:28","modified_gmt":"2021-08-10T10:02:28","slug":"saudacao-do-papa-aos-parocos-itinerantes-e-responsaveis-em-roma-4-12-1991","status":"publish","type":"page","link":"https:\/\/neocatechumenaleiter.org\/pt-br\/palavras-dos-papas\/sao-joao-paulo-ii\/saudacao-do-papa-aos-parocos-itinerantes-e-responsaveis-em-roma-4-12-1991\/","title":{"rendered":"Sauda\u00e7\u00e3o do Papa aos p\u00e1rocos, aos itinerantes e aos respons\u00e1veis em Roma 4\/12\/1991"},"content":{"rendered":"\n<h1 class=\"has-text-align-center wp-block-heading\">Sauda\u00e7\u00e3o do Papa aos p\u00e1rocos, aos itinerantes e aos respons\u00e1veis em Roma 4\/12\/1991<\/h1>\n\n<div style=\"height:20px\" aria-hidden=\"true\" class=\"wp-block-spacer\"><\/div>\n\n<h4 class=\"has-text-align-center wp-block-heading\">S\u00e3o Jo\u00e3o Paulo II<\/h4>\n\n<div style=\"height:20px\" aria-hidden=\"true\" class=\"wp-block-spacer\"><\/div>\n\n<p><strong>Cidade do Vaticano &#8211; Sala Paulo VI, 4 de dezembro de 1991.<\/strong><\/p>\n\n<p><em>Como de costume, a s\u00e9rie de sauda\u00e7\u00f5es foi conclu\u00edda com os grupos vindos de diversas dioceses italianas:<\/em><\/p>\n\n<p>\u00abEstou, ainda, contente em acolher os numerosos membros do Caminho Neocatecumenal. Entre eles est\u00e3o os p\u00e1rocos provenientes de diversas dioceses europeias, os respons\u00e1veis das comunidades e os catequistas itinerantes de muitas na\u00e7\u00f5es da Europa e n\u00e3o poucas fam\u00edlias enviadas em miss\u00e3o durante os \u00faltimos anos.<\/p>\n\n<p>Car\u00edssimos irm\u00e3os e irm\u00e3s, com a vossa presen\u00e7a em Roma, no decorrer do S\u00ednodo especial para a Europa, pretendeis acompanhar os trabalhos sinodais mediante a reflex\u00e3o e a ora\u00e7\u00e3o. No decurso da vossa conviv\u00eancia, que se conclui hoje, tivestes ocasi\u00e3o de reafirmar a necessidade de acolher imediatamente o mandato de Jesus de levar o seu Evangelho a todas as partes. Trata-se de um mandato que se torna singularmente urgente por causa das atuais circunst\u00e2ncias sociais e culturais.<\/p>\n\n<p>Que a Virgem Maria vos ajude a prosseguir bem no caminho empreendido, sendo sempre fi\u00e9is a Cristo e \u00e0 sua Igreja. Assim sereis ap\u00f3stolos incans\u00e1veis e alegres da Nova Evangeliza\u00e7\u00e3o\u00bb.<\/p>\n\n<figure class=\"wp-block-gallery columns-2 is-cropped wp-block-gallery-1 is-layout-flex wp-block-gallery-is-layout-flex\"><ul class=\"blocks-gallery-grid\"><li class=\"blocks-gallery-item\"><figure><img loading=\"lazy\" decoding=\"async\" width=\"676\" height=\"562\" src=\"https:\/\/neocatechumenaleiter.org\/wp-content\/uploads\/2020\/03\/Camino_Neocatecumenal_Juan_Pablo_II_saludo_parrocos_itinerantes_responsables_1991.jpg\" alt=\"\" data-id=\"2352\" data-link=\"https:\/\/neocatechumenaleiter.org\/?attachment_id=2352\" class=\"wp-image-2356\" srcset=\"https:\/\/neocatechumenaleiter.org\/wp-content\/uploads\/2020\/03\/Camino_Neocatecumenal_Juan_Pablo_II_saludo_parrocos_itinerantes_responsables_1991.jpg 676w, https:\/\/neocatechumenaleiter.org\/wp-content\/uploads\/2020\/03\/Camino_Neocatecumenal_Juan_Pablo_II_saludo_parrocos_itinerantes_responsables_1991-300x249.jpg 300w\" sizes=\"auto, (max-width: 676px) 100vw, 676px\" \/><\/figure><\/li><li class=\"blocks-gallery-item\"><figure><img loading=\"lazy\" decoding=\"async\" width=\"495\" height=\"354\" src=\"https:\/\/neocatechumenaleiter.org\/wp-content\/uploads\/2020\/03\/Camino_Neocatecumenal_Juan_Pablo_II_saludo_parrocos_itinerantes_responsables_1991_2.jpg\" alt=\"\" data-id=\"2359\" data-full-url=\"https:\/\/neocatechumenaleiter.org\/wp-content\/uploads\/2020\/03\/Camino_Neocatecumenal_Juan_Pablo_II_saludo_parrocos_itinerantes_responsables_1991_2.jpg\" data-link=\"https:\/\/neocatechumenaleiter.org\/?attachment_id=2359\" class=\"wp-image-2363\" srcset=\"https:\/\/neocatechumenaleiter.org\/wp-content\/uploads\/2020\/03\/Camino_Neocatecumenal_Juan_Pablo_II_saludo_parrocos_itinerantes_responsables_1991_2.jpg 495w, https:\/\/neocatechumenaleiter.org\/wp-content\/uploads\/2020\/03\/Camino_Neocatecumenal_Juan_Pablo_II_saludo_parrocos_itinerantes_responsables_1991_2-300x215.jpg 300w\" sizes=\"auto, (max-width: 495px) 100vw, 495px\" \/><\/figure><\/li><\/ul><\/figure>","protected":false},"excerpt":{"rendered":"<p>Sauda\u00e7\u00e3o do Papa aos p\u00e1rocos, aos itinerantes e aos respons\u00e1veis em Roma 4\/12\/1991 S\u00e3o Jo\u00e3o Paulo II Cidade do Vaticano &#8211; Sala Paulo VI, 4 de dezembro de 1991. Como de costume, a s\u00e9rie de sauda\u00e7\u00f5es foi conclu\u00edda com os grupos vindos de diversas dioceses italianas: \u00abEstou, ainda, contente em acolher os numerosos membros do Caminho Neocatecumenal. Entre eles est\u00e3o os p\u00e1rocos provenientes de diversas dioceses europeias, os respons\u00e1veis das<\/p>\n<div class=\"read-more\"><a class=\"btn read-more-btn\" href=\"https:\/\/neocatechumenaleiter.org\/pt-br\/palavras-dos-papas\/sao-joao-paulo-ii\/saudacao-do-papa-aos-parocos-itinerantes-e-responsaveis-em-roma-4-12-1991\/\">Ler mais<\/a><\/div>\n","protected":false},"author":2,"featured_media":0,"parent":4247,"menu_order":66,"comment_status":"closed","ping_status":"closed","template":"","meta":{"footnotes":""},"class_list":["post-7409","page","type-page","status-publish","hentry"],"_links":{"self":[{"href":"https:\/\/neocatechumenaleiter.org\/pt-br\/wp-json\/wp\/v2\/pages\/7409","targetHints":{"allow":["GET"]}}],"collection":[{"href":"https:\/\/neocatechumenaleiter.org\/pt-br\/wp-json\/wp\/v2\/pages"}],"about":[{"href":"https:\/\/neocatechumenaleiter.org\/pt-br\/wp-json\/wp\/v2\/types\/page"}],"author":[{"embeddable":true,"href":"https:\/\/neocatechumenaleiter.org\/pt-br\/wp-json\/wp\/v2\/users\/2"}],"replies":[{"embeddable":true,"href":"https:\/\/neocatechumenaleiter.org\/pt-br\/wp-json\/wp\/v2\/comments?post=7409"}],"version-history":[{"count":8,"href":"https:\/\/neocatechumenaleiter.org\/pt-br\/wp-json\/wp\/v2\/pages\/7409\/revisions"}],"predecessor-version":[{"id":24090,"href":"https:\/\/neocatechumenaleiter.org\/pt-br\/wp-json\/wp\/v2\/pages\/7409\/revisions\/24090"}],"up":[{"embeddable":true,"href":"https:\/\/neocatechumenaleiter.org\/pt-br\/wp-json\/wp\/v2\/pages\/4247"}],"wp:attachment":[{"href":"https:\/\/neocatechumenaleiter.org\/pt-br\/wp-json\/wp\/v2\/media?parent=7409"}],"curies":[{"name":"wp","href":"https:\/\/api.w.org\/{rel}","templated":true}]}}