{"id":7433,"date":"2020-03-04T01:55:08","date_gmt":"2020-03-04T00:55:08","guid":{"rendered":"https:\/\/neocatechumenaleiter.org\/palavras-dos-papas\/sao-joao-paulo-ii\/visita-a-paroquia-de-sao-francisco-de-sales-13-3-1994\/"},"modified":"2021-08-10T11:03:44","modified_gmt":"2021-08-10T10:03:44","slug":"visita-a-paroquia-de-sao-francisco-de-sales-13-3-1994","status":"publish","type":"page","link":"https:\/\/neocatechumenaleiter.org\/pt-br\/palavras-dos-papas\/sao-joao-paulo-ii\/visita-a-paroquia-de-sao-francisco-de-sales-13-3-1994\/","title":{"rendered":"Visita \u00e0 Par\u00f3quia de S\u00e3o Francisco de Sales 13\/3\/1994"},"content":{"rendered":"\n<h1 class=\"has-text-align-center wp-block-heading\">Visita \u00e0 Par\u00f3quia de S\u00e3o Francisco de Sales 13\/3\/1994<\/h1>\n\n<div style=\"height:20px\" aria-hidden=\"true\" class=\"wp-block-spacer\"><\/div>\n\n<h4 class=\"has-text-align-center wp-block-heading\">S\u00e3o Jo\u00e3o Paulo II<\/h4>\n\n<div style=\"height:20px\" aria-hidden=\"true\" class=\"wp-block-spacer\"><\/div>\n\n<p><strong>Roma, 13 de mar\u00e7o de 1994.<\/strong><\/p>\n\n<p><em>O Santo Padre, dirigindo-se \u00e0s crian\u00e7as, disse:<\/em><\/p>\n\n<div class=\"wp-block-image\"><figure class=\"alignright size-large\"><img loading=\"lazy\" decoding=\"async\" width=\"684\" height=\"563\" src=\"https:\/\/neocatechumenaleiter.org\/wp-content\/uploads\/2020\/03\/Camino_Neocatecumenal_Juan_Pablo_II_visita_parroquia_San_Francisco_Sales_1994.jpg\" alt=\"\" class=\"wp-image-2577\" srcset=\"https:\/\/neocatechumenaleiter.org\/wp-content\/uploads\/2020\/03\/Camino_Neocatecumenal_Juan_Pablo_II_visita_parroquia_San_Francisco_Sales_1994.jpg 684w, https:\/\/neocatechumenaleiter.org\/wp-content\/uploads\/2020\/03\/Camino_Neocatecumenal_Juan_Pablo_II_visita_parroquia_San_Francisco_Sales_1994-300x247.jpg 300w\" sizes=\"auto, (max-width: 684px) 100vw, 684px\" \/><\/figure><\/div>\n\n<p>\u00abHoje escutei que cantastes com alegria. \u00c9 Quaresma, mas cantastes\u00ad com alegria. Est\u00e1 bem que canteis com alegria, porque este IV Domingo da Quaresma tradicionalmente se chama <em>&#8220;Laetare&#8221;<\/em>. <em>&#8220;Laetare&#8221;<\/em> quer dizer &#8220;alegrar-se&#8221;. Por que os crist\u00e3os se alegravam neste domingo? Alegravam-se por causa do Batismo deles. Alegravam-se especialmente os catec\u00famenos que se preparavam para o Batismo e neste dia j\u00e1 recebiam o s\u00edmbolo da f\u00e9. Ent\u00e3o eram admitidos na f\u00e9. Essa era a catequese principal.<\/p>\n\n<p>V\u00f3s sabeis quem \u00e9 o catec\u00fameno? \u00c9 aquele que se prepara para o Batismo. Existem tamb\u00e9m os neocatec\u00famenos, ou neocatecumenais, nesta par\u00f3quia. A prepara\u00e7\u00e3o ao Batismo era muito importante na Igreja primitiva e continua sendo na Igreja. O Batismo \u00e9 um grande mist\u00e9rio, uma grande realidade crist\u00e3. \u00c9 o in\u00edcio da vida em Cristo. E os catec\u00famenos se preparavam e se preparam para iniciar bem a vida em Cristo. Hoje, para os pequenos rec\u00e9m-nascidos falta o catecumenato verdadeiro, e por isso \u00e9 necess\u00e1rio um neocatecumenato, um neocatecumenato posterior que completa aquilo que falta ao pequeno neonato batizado. Assim se explica a grande import\u00e2ncia do movimento Neocatecumenal.<\/p>\n\n<p>Devo dizer que todo o per\u00edodo quaresmal que vivemos agora nos recorda cada ano este &#8220;Caminho Neocatecumenal&#8221;: como se preparavam para receber o s\u00edmbolo e, ent\u00e3o, algumas semanas depois, para receber Jesus Ressuscitado. O Batismo significa a vida nova em Jesus, esta nova vida manifestada, revelada por meio da sua ressurrei\u00e7\u00e3o ap\u00f3s a morte\u00bb.<\/p>\n","protected":false},"excerpt":{"rendered":"<p>Visita \u00e0 Par\u00f3quia de S\u00e3o Francisco de Sales 13\/3\/1994 S\u00e3o Jo\u00e3o Paulo II Roma, 13 de mar\u00e7o de 1994. O Santo Padre, dirigindo-se \u00e0s crian\u00e7as, disse: \u00abHoje escutei que cantastes com alegria. \u00c9 Quaresma, mas cantastes\u00ad com alegria. Est\u00e1 bem que canteis com alegria, porque este IV Domingo da Quaresma tradicionalmente se chama &#8220;Laetare&#8221;. &#8220;Laetare&#8221; quer dizer &#8220;alegrar-se&#8221;. Por que os crist\u00e3os se alegravam neste domingo? Alegravam-se por causa do<\/p>\n<div class=\"read-more\"><a class=\"btn read-more-btn\" href=\"https:\/\/neocatechumenaleiter.org\/pt-br\/palavras-dos-papas\/sao-joao-paulo-ii\/visita-a-paroquia-de-sao-francisco-de-sales-13-3-1994\/\">Ler mais<\/a><\/div>\n","protected":false},"author":2,"featured_media":0,"parent":4247,"menu_order":80,"comment_status":"closed","ping_status":"closed","template":"","meta":{"footnotes":""},"class_list":["post-7433","page","type-page","status-publish","hentry"],"_links":{"self":[{"href":"https:\/\/neocatechumenaleiter.org\/pt-br\/wp-json\/wp\/v2\/pages\/7433","targetHints":{"allow":["GET"]}}],"collection":[{"href":"https:\/\/neocatechumenaleiter.org\/pt-br\/wp-json\/wp\/v2\/pages"}],"about":[{"href":"https:\/\/neocatechumenaleiter.org\/pt-br\/wp-json\/wp\/v2\/types\/page"}],"author":[{"embeddable":true,"href":"https:\/\/neocatechumenaleiter.org\/pt-br\/wp-json\/wp\/v2\/users\/2"}],"replies":[{"embeddable":true,"href":"https:\/\/neocatechumenaleiter.org\/pt-br\/wp-json\/wp\/v2\/comments?post=7433"}],"version-history":[{"count":10,"href":"https:\/\/neocatechumenaleiter.org\/pt-br\/wp-json\/wp\/v2\/pages\/7433\/revisions"}],"predecessor-version":[{"id":24241,"href":"https:\/\/neocatechumenaleiter.org\/pt-br\/wp-json\/wp\/v2\/pages\/7433\/revisions\/24241"}],"up":[{"embeddable":true,"href":"https:\/\/neocatechumenaleiter.org\/pt-br\/wp-json\/wp\/v2\/pages\/4247"}],"wp:attachment":[{"href":"https:\/\/neocatechumenaleiter.org\/pt-br\/wp-json\/wp\/v2\/media?parent=7433"}],"curies":[{"name":"wp","href":"https:\/\/api.w.org\/{rel}","templated":true}]}}