{"id":7451,"date":"2020-03-04T01:57:30","date_gmt":"2020-03-04T00:57:30","guid":{"rendered":"https:\/\/neocatechumenaleiter.org\/palavras-dos-papas\/sao-joao-paulo-ii\/ordenacao-sacerdotal-22-5-1994\/"},"modified":"2021-08-10T11:03:49","modified_gmt":"2021-08-10T10:03:49","slug":"ordenacao-sacerdotal-22-5-1994","status":"publish","type":"page","link":"https:\/\/neocatechumenaleiter.org\/pt-br\/palavras-dos-papas\/sao-joao-paulo-ii\/ordenacao-sacerdotal-22-5-1994\/","title":{"rendered":"Ordena\u00e7\u00e3o sacerdotal 22\/5\/1994"},"content":{"rendered":"\n<h1 class=\"has-text-align-center wp-block-heading\">Ordena\u00e7\u00e3o sacerdotal 22\/5\/1994<\/h1>\n\n<div style=\"height:20px\" aria-hidden=\"true\" class=\"wp-block-spacer\"><\/div>\n\n<h4 class=\"has-text-align-center wp-block-heading\">S\u00e3o Jo\u00e3o Paulo II<\/h4>\n\n<div style=\"height:20px\" aria-hidden=\"true\" class=\"wp-block-spacer\"><\/div>\n\n<p><strong>S\u00e3o Pedro, 22 de maio de 1994.<\/strong><\/p>\n\n<p><em>Domingo de Pentecostes em S\u00e3o Pedro, domingo de ordena\u00e7\u00f5es sacerdotais. Trinta e nove di\u00e1conos (dos quais treze formados no Semin\u00e1rio &#8220;Redemptoris Mater&#8221;) com t\u00fanica branca e estola vermelha ao p\u00e9 do altar da confiss\u00e3o, dispostos em fila no amplo presbit\u00e9rio, foram ordenados presb\u00edteros\u00ad pelo cardeal Vig\u00e1rio, Camillo Ruini. Como em todos os anos, deveria ser Jo\u00e3o Paulo II a conferir o sacramento da Ordem sacra aos jovens di\u00e1conos. Mas neste ano a interna\u00e7\u00e3o do Santo Padre no hospital Gemelli n\u00e3o o permitiu presidir o rito.<\/em><\/p>\n\n<p><em>No in\u00edcio da homilia, o cardeal Ruini dirigiu este grato pensamento a Jo\u00e3o Paulo II:<\/em><\/p>\n\n<div class=\"wp-block-image\"><figure class=\"alignleft size-large\"><img loading=\"lazy\" decoding=\"async\" width=\"688\" height=\"498\" src=\"https:\/\/neocatechumenaleiter.org\/wp-content\/uploads\/2020\/03\/Camino_Neocatecumenal_Juan_Pablo_II_ordenacion_sacerdotal_1994.jpg\" alt=\"\" class=\"wp-image-2587\" srcset=\"https:\/\/neocatechumenaleiter.org\/wp-content\/uploads\/2020\/03\/Camino_Neocatecumenal_Juan_Pablo_II_ordenacion_sacerdotal_1994.jpg 688w, https:\/\/neocatechumenaleiter.org\/wp-content\/uploads\/2020\/03\/Camino_Neocatecumenal_Juan_Pablo_II_ordenacion_sacerdotal_1994-300x217.jpg 300w\" sizes=\"auto, (max-width: 688px) 100vw, 688px\" \/><\/figure><\/div>\n\n<p>\u00abHoje dever\u00edeis ter sido ordenados pelas suas m\u00e3os, disse o cardeal Ruini. O Senhor disp\u00f4s as coisas de outra maneira, mas v\u00f3s sabeis que pelo oferecimento deste tempo de sofrimento, o Papa est\u00e1 ainda mais pr\u00f3ximo de v\u00f3s, \u00e9 ainda mais intensamente Pai do vosso sacerd\u00f3cio. Agrade\u00e7amos a ele com todo o cora\u00e7\u00e3o e escutemos as suas palavras.<\/p>\n\n<p>Trinta e nove novos presb\u00edteros na solenidade de Pentecostes: um grande dom do Esp\u00edrito para a Igreja de Roma. Trinta e oito destes \u00adjovens &#8220;cora\u00e7\u00f5es generosos&#8221; foram incardinados \u00e0 Igreja romana. Vinte e um do Semin\u00e1rio Romano Maior; treze do Semin\u00e1rio Diocesano <em>&#8220;Redemptoris Mater\u00ad&#8221;<\/em>; tr\u00eas do Almo Col\u00e9gio Capranica\u00bb.<\/p>\n","protected":false},"excerpt":{"rendered":"<p>Ordena\u00e7\u00e3o sacerdotal 22\/5\/1994 S\u00e3o Jo\u00e3o Paulo II S\u00e3o Pedro, 22 de maio de 1994. Domingo de Pentecostes em S\u00e3o Pedro, domingo de ordena\u00e7\u00f5es sacerdotais. Trinta e nove di\u00e1conos (dos quais treze formados no Semin\u00e1rio &#8220;Redemptoris Mater&#8221;) com t\u00fanica branca e estola vermelha ao p\u00e9 do altar da confiss\u00e3o, dispostos em fila no amplo presbit\u00e9rio, foram ordenados presb\u00edteros\u00ad pelo cardeal Vig\u00e1rio, Camillo Ruini. Como em todos os anos, deveria ser Jo\u00e3o<\/p>\n<div class=\"read-more\"><a class=\"btn read-more-btn\" href=\"https:\/\/neocatechumenaleiter.org\/pt-br\/palavras-dos-papas\/sao-joao-paulo-ii\/ordenacao-sacerdotal-22-5-1994\/\">Ler mais<\/a><\/div>\n","protected":false},"author":2,"featured_media":0,"parent":4247,"menu_order":81,"comment_status":"closed","ping_status":"closed","template":"","meta":{"footnotes":""},"class_list":["post-7451","page","type-page","status-publish","hentry"],"_links":{"self":[{"href":"https:\/\/neocatechumenaleiter.org\/pt-br\/wp-json\/wp\/v2\/pages\/7451","targetHints":{"allow":["GET"]}}],"collection":[{"href":"https:\/\/neocatechumenaleiter.org\/pt-br\/wp-json\/wp\/v2\/pages"}],"about":[{"href":"https:\/\/neocatechumenaleiter.org\/pt-br\/wp-json\/wp\/v2\/types\/page"}],"author":[{"embeddable":true,"href":"https:\/\/neocatechumenaleiter.org\/pt-br\/wp-json\/wp\/v2\/users\/2"}],"replies":[{"embeddable":true,"href":"https:\/\/neocatechumenaleiter.org\/pt-br\/wp-json\/wp\/v2\/comments?post=7451"}],"version-history":[{"count":8,"href":"https:\/\/neocatechumenaleiter.org\/pt-br\/wp-json\/wp\/v2\/pages\/7451\/revisions"}],"predecessor-version":[{"id":24254,"href":"https:\/\/neocatechumenaleiter.org\/pt-br\/wp-json\/wp\/v2\/pages\/7451\/revisions\/24254"}],"up":[{"embeddable":true,"href":"https:\/\/neocatechumenaleiter.org\/pt-br\/wp-json\/wp\/v2\/pages\/4247"}],"wp:attachment":[{"href":"https:\/\/neocatechumenaleiter.org\/pt-br\/wp-json\/wp\/v2\/media?parent=7451"}],"curies":[{"name":"wp","href":"https:\/\/api.w.org\/{rel}","templated":true}]}}