{"id":7464,"date":"2020-03-04T02:13:42","date_gmt":"2020-03-04T01:13:42","guid":{"rendered":"https:\/\/neocatechumenaleiter.org\/palavras-dos-papas\/sao-joao-paulo-ii\/audiencia-a-um-grupo-de-neocatecumenais-alemaes-26-4-1996\/"},"modified":"2021-08-10T11:04:06","modified_gmt":"2021-08-10T10:04:06","slug":"audiencia-a-um-grupo-de-neocatecumenais-alemaes-26-4-1996","status":"publish","type":"page","link":"https:\/\/neocatechumenaleiter.org\/pt-br\/palavras-dos-papas\/sao-joao-paulo-ii\/audiencia-a-um-grupo-de-neocatecumenais-alemaes-26-4-1996\/","title":{"rendered":"Audi\u00eancia a um grupo de neocatec\u00famenos alem\u00e3es 26\/4\/1996"},"content":{"rendered":"\n<h1 class=\"has-text-align-center wp-block-heading\">Audi\u00eancia a um grupo de neocatec\u00famenos alem\u00e3es 26\/4\/1996<\/h1>\n\n<div style=\"height:20px\" aria-hidden=\"true\" class=\"wp-block-spacer\"><\/div>\n\n<h4 class=\"has-text-align-center wp-block-heading\">S\u00e3o Jo\u00e3o Paulo II<\/h4>\n\n<div style=\"height:20px\" aria-hidden=\"true\" class=\"wp-block-spacer\"><\/div>\n\n<div class=\"wp-block-image\"><figure class=\"alignright size-medium\"><img loading=\"lazy\" decoding=\"async\" width=\"300\" height=\"250\" src=\"https:\/\/neocatechumenaleiter.org\/wp-content\/uploads\/2020\/03\/Camino_Neocatecumenal_Juan_Pablo_II_audiencia_hermanos_camino_alemania_1996-300x250.jpg\" alt=\"\" class=\"wp-image-2627\" srcset=\"https:\/\/neocatechumenaleiter.org\/wp-content\/uploads\/2020\/03\/Camino_Neocatecumenal_Juan_Pablo_II_audiencia_hermanos_camino_alemania_1996-300x250.jpg 300w, https:\/\/neocatechumenaleiter.org\/wp-content\/uploads\/2020\/03\/Camino_Neocatecumenal_Juan_Pablo_II_audiencia_hermanos_camino_alemania_1996.jpg 680w\" sizes=\"auto, (max-width: 300px) 100vw, 300px\" \/><\/figure><\/div>\n\n<p><strong>Cidade do Vaticano \u2500 Sala Clementina, 26 de abril de 1996.<\/strong><\/p>\n\n<p><em>Jo\u00e3o Paulo II recebeu em audi\u00eancia na manh\u00e3 da sexta-feira 26 de abril, um grupo de neocatec\u00famenos provenientes da Alemanha. Durante o encontro realizado na Sala Clementina\u00ad, o Santo Padre pronunciou as seguintes palavras:<\/em><\/p>\n\n<p>\u00abQueridos irm\u00e3os e irm\u00e3s:<\/p>\n\n<p>Dou-vos as minhas cordiais boas-vindas por ocasi\u00e3o da vossa visita \u00e0 tumba dos ap\u00f3stolos durante este tempo pascal. Um dos acontecimentos mais impressionantes do Evangelho \u00e9 a narra\u00e7\u00e3o do encontro do Ressuscitado com os disc\u00edpulos de Ema\u00fas. O acontecimento de Ema\u00fas quer nos dizer: ao longo do caminho h\u00e1 homens que buscam e que est\u00e3o agradecidos por toda comunidade em caminho, homens que buscam e est\u00e3o dispostos a escutar e a aprender.<\/p>\n\n<p>N\u00f3s somos eternos peregrinos, sempre em caminho; n\u00e3o podemos\u00ad abandonar o caminho. No caminho de Jerusal\u00e9m a Ema\u00fas torna-se realidade a palavra de Cristo que funda a Igreja: &#8220;Onde dois ou tr\u00eas est\u00e3o reunidos em meu nome, ali estou eu no meio deles&#8221; (Mt, 18,20).<\/p>\n\n<p>O nosso \u00e9 um Deus que est\u00e1 pr\u00f3ximo e n\u00e3o est\u00e1 distante. Por isso, n\u00f3s, como verdadeiros crist\u00e3os, somos homens que caminham com Deus ao nosso lado, e a meta da nossa peregrina\u00e7\u00e3o terrena \u00e9 Deus.<\/p>\n\n<p>Quando Jesus viu a sua morte na cruz se aproximar, disse aos seus amigos que ia ao Pai (Jo 14,28). Somente a partir desta meta,\u00ad o nosso caminho recebe a verdadeira orienta\u00e7\u00e3o interna e o seu significado profundo. &#8220;Fazer a vontade de Deus&#8221; foi para Jesus o \u00fanico princ\u00edpio de a\u00e7\u00e3o, e isso lhe deu uma firmeza e uma estabilidade inquebrant\u00e1vel.<\/p>\n\n<div class=\"wp-block-image\"><figure class=\"alignleft size-medium\"><img loading=\"lazy\" decoding=\"async\" width=\"250\" height=\"300\" src=\"https:\/\/neocatechumenaleiter.org\/wp-content\/uploads\/2020\/03\/Camino_Neocatecumenal_Juan_Pablo_II_audiencia_hermanos_camino_alemania_1996_2-250x300.jpg\" alt=\"\" class=\"wp-image-2634\" srcset=\"https:\/\/neocatechumenaleiter.org\/wp-content\/uploads\/2020\/03\/Camino_Neocatecumenal_Juan_Pablo_II_audiencia_hermanos_camino_alemania_1996_2-250x300.jpg 250w, https:\/\/neocatechumenaleiter.org\/wp-content\/uploads\/2020\/03\/Camino_Neocatecumenal_Juan_Pablo_II_audiencia_hermanos_camino_alemania_1996_2.jpg 568w\" sizes=\"auto, (max-width: 250px) 100vw, 250px\" \/><\/figure><\/div>\n\n<p>Agir segundo a vontade de Deus significa, para os leigos na Igreja, um m\u00faltiplo empenho numa sociedade em transforma\u00e7\u00e3o que se mostra indiferente \u00e0 Igreja. Procurai seguir Jesus e v\u00ea-lo presente naqueles irm\u00e3os e irm\u00e3s que encontreis pela estrada da vossa vida, ou mais, ide \u00e0 procura deles nos lugares de sofrimento, de abandono e \u00e0s margens da sociedade. Levai a eles o calor da vossa humana solidariedade e fazei com que eles sintam a consola\u00e7\u00e3o sobrenatural da f\u00e9 em Cristo.<\/p>\n\n<p>Por intercess\u00e3o da M\u00e3e Divina, a vossa ora\u00e7\u00e3o ao nosso Deus e Senhor vos confira a capacidade de levar uma contribui\u00e7\u00e3o concreta para a renova\u00e7\u00e3o espiritual deste nosso mundo, por vezes t\u00e3o apagado por falta de ideais.<\/p>\n\n<p>Pe\u00e7o a Deus prote\u00e7\u00e3o e assist\u00eancia para esta vossa miss\u00e3o e vos dou de bom grado a B\u00ean\u00e7\u00e3o Apost\u00f3lica. <\/p>\n","protected":false},"excerpt":{"rendered":"<p>Audi\u00eancia a um grupo de neocatec\u00famenos alem\u00e3es 26\/4\/1996 S\u00e3o Jo\u00e3o Paulo II Cidade do Vaticano \u2500 Sala Clementina, 26 de abril de 1996. Jo\u00e3o Paulo II recebeu em audi\u00eancia na manh\u00e3 da sexta-feira 26 de abril, um grupo de neocatec\u00famenos provenientes da Alemanha. Durante o encontro realizado na Sala Clementina\u00ad, o Santo Padre pronunciou as seguintes palavras: \u00abQueridos irm\u00e3os e irm\u00e3s: Dou-vos as minhas cordiais boas-vindas por ocasi\u00e3o da vossa<\/p>\n<div class=\"read-more\"><a class=\"btn read-more-btn\" href=\"https:\/\/neocatechumenaleiter.org\/pt-br\/palavras-dos-papas\/sao-joao-paulo-ii\/audiencia-a-um-grupo-de-neocatecumenais-alemaes-26-4-1996\/\">Ler mais<\/a><\/div>\n","protected":false},"author":2,"featured_media":0,"parent":4247,"menu_order":84,"comment_status":"closed","ping_status":"closed","template":"","meta":{"footnotes":""},"class_list":["post-7464","page","type-page","status-publish","hentry"],"_links":{"self":[{"href":"https:\/\/neocatechumenaleiter.org\/pt-br\/wp-json\/wp\/v2\/pages\/7464","targetHints":{"allow":["GET"]}}],"collection":[{"href":"https:\/\/neocatechumenaleiter.org\/pt-br\/wp-json\/wp\/v2\/pages"}],"about":[{"href":"https:\/\/neocatechumenaleiter.org\/pt-br\/wp-json\/wp\/v2\/types\/page"}],"author":[{"embeddable":true,"href":"https:\/\/neocatechumenaleiter.org\/pt-br\/wp-json\/wp\/v2\/users\/2"}],"replies":[{"embeddable":true,"href":"https:\/\/neocatechumenaleiter.org\/pt-br\/wp-json\/wp\/v2\/comments?post=7464"}],"version-history":[{"count":10,"href":"https:\/\/neocatechumenaleiter.org\/pt-br\/wp-json\/wp\/v2\/pages\/7464\/revisions"}],"predecessor-version":[{"id":24280,"href":"https:\/\/neocatechumenaleiter.org\/pt-br\/wp-json\/wp\/v2\/pages\/7464\/revisions\/24280"}],"up":[{"embeddable":true,"href":"https:\/\/neocatechumenaleiter.org\/pt-br\/wp-json\/wp\/v2\/pages\/4247"}],"wp:attachment":[{"href":"https:\/\/neocatechumenaleiter.org\/pt-br\/wp-json\/wp\/v2\/media?parent=7464"}],"curies":[{"name":"wp","href":"https:\/\/api.w.org\/{rel}","templated":true}]}}