{"id":7511,"date":"2020-03-04T02:01:03","date_gmt":"2020-03-04T01:01:03","guid":{"rendered":"https:\/\/neocatechumenaleiter.org\/palavras-dos-papas\/sao-joao-paulo-ii\/audiencia-a-familias-do-caminho-12-12-1994\/"},"modified":"2021-08-10T11:03:55","modified_gmt":"2021-08-10T10:03:55","slug":"audiencia-a-familias-do-caminho-12-12-1994","status":"publish","type":"page","link":"https:\/\/neocatechumenaleiter.org\/pt-br\/palavras-dos-papas\/sao-joao-paulo-ii\/audiencia-a-familias-do-caminho-12-12-1994\/","title":{"rendered":"Audi\u00eancia com as fam\u00edlias do Caminho 12\/12\/1994"},"content":{"rendered":"\n<h1 class=\"has-text-align-center wp-block-heading\">Audi\u00eancia a fam\u00edlias do Caminho 12\/12\/1994<\/h1>\n\n<div style=\"height:20px\" aria-hidden=\"true\" class=\"wp-block-spacer\"><\/div>\n\n<h4 class=\"has-text-align-center wp-block-heading\">S\u00e3o Jo\u00e3o Paulo II<\/h4>\n\n<div style=\"height:20px\" aria-hidden=\"true\" class=\"wp-block-spacer\"><\/div>\n\n<p><strong>Cidade do Vaticano, 12 de dezembro de 1994.<\/strong><\/p>\n\n<p><em>Jo\u00e3o Paulo II recebeu em audi\u00eancia na manh\u00e3 da segunda-feira 12 de dezembro as fam\u00edlias do Caminho Neocatecumenal. <\/em><em>Durante o encontro, realizado na Sala Paulo VI, o Santo Padre pronunciou o seguinte discurso:<\/em><\/p>\n\n<p>\u00abCar\u00edssimos irm\u00e3os e irm\u00e3s!&#13;\n&#13;\n1. Sejam todos bem-vindos \u00e0 Sede de Pedro, que hoje \u00e9 para muitos de v\u00f3s como um porto de onde se i\u00e7am as velas. De fato, viestes para um especial envio mission\u00e1rio, que afeta diretamente mais de duzentas\u00ad fam\u00edlias, mas que envolve tamb\u00e9m as respectivas comunidades\u00ad de origem. Este n\u00e3o \u00e9 o primeiro encontro do Papa com as fam\u00edlias do Caminho\u00ad Neocatecumenal. Em outras ocasi\u00f5es pude ver grupos do movimento. Recordo, em particular, o encontro de 1988, em Porto San Giorgio, quando celebrei convosco a Eucaristia na festa da Sagrada Fam\u00edlia, e entreguei o crucifixo a 72 fam\u00edlias que partiam para o servi\u00e7o itinerante. Naquela ocasi\u00e3o vos falei da Trindade em miss\u00e3o\u00ad e da fam\u00edlia em miss\u00e3o. Com aquele encontro se vincula o atual, que chega enriquecido pelo caminho desses anos, nos quais a Igreja apertou os passos rumo ao terceiro mil\u00eanio crist\u00e3o. Hoje, al\u00e9m disso, colocamo-nos sobre um cen\u00e1rio bem preciso: o Ano da Fam\u00edlia que se aproxima do fim e que teve seu momento culminante\u00ad em 8 e 9 do \u00faltimo m\u00eas de outubro, quando na Pra\u00e7a de S\u00e3o Pedro se reuniram muit\u00edssimas fam\u00edlias provenientes de todo o mundo.<\/p>\n\n<p>Olhando mais para frente, j\u00e1 vemos aproximar-se o grande Jubileu do ano 2000, e, em prepara\u00e7\u00e3o para este ano, dirigi a todo o povo de Deus a &#8220;Carta Apost\u00f3lica Tertio Millenio adveniente&#8221;. A Igreja, Fam\u00edlia de fam\u00edlias, est\u00e1 encaminhada definitivamente rumo a tal meta e \u00e9 muito importante chegar a ela o mais unida e mission\u00e1ria poss\u00edvel, forte na caridade em torno do \u00fanico Senhor e, ao mesmo tempo, impulsionada pelo seu Santo Esp\u00edrito \u00e0 evangeliza\u00e7\u00e3o do mundo.<\/p>\n\n<div class=\"wp-block-image\"><figure class=\"alignleft size-medium\"><img loading=\"lazy\" decoding=\"async\" width=\"300\" height=\"245\" src=\"https:\/\/neocatechumenaleiter.org\/wp-content\/uploads\/2020\/03\/Camino_Neocatecumenal_Juan_Pablo_II_audiencia_familias_misioneras_1994-300x245.jpg\" alt=\"\" class=\"wp-image-2593\" srcset=\"https:\/\/neocatechumenaleiter.org\/wp-content\/uploads\/2020\/03\/Camino_Neocatecumenal_Juan_Pablo_II_audiencia_familias_misioneras_1994-300x245.jpg 300w, https:\/\/neocatechumenaleiter.org\/wp-content\/uploads\/2020\/03\/Camino_Neocatecumenal_Juan_Pablo_II_audiencia_familias_misioneras_1994.jpg 693w\" sizes=\"auto, (max-width: 300px) 100vw, 300px\" \/><\/figure><\/div>\n\n<p>2. O Ano da Fam\u00edlia constituiu para toda a Igreja, antes de mais nada, uma harm\u00f4nica profiss\u00e3o de f\u00e9 das fam\u00edlias em Deus criador, redentor\u00ad e santificador da vida. Neste ano est\u00e1 emergindo com for\u00e7a \u00e0 consci\u00eancia da Igreja e, aos olhos do mundo, a dimens\u00e3o familiar\u00ad que o Vaticano II chama de &#8220;participa\u00e7\u00e3o dos leigos na fun\u00e7\u00e3o prof\u00e9tica de Cristo&#8221; (Lumen Gentium, n. 35).<\/p>\n\n<p>A fam\u00edlia, enquanto &#8220;pequena igreja&#8221; e &#8220;comunidade dom\u00e9stica&#8221;, est\u00e1 chamada a exercer um servi\u00e7o sacerdotal, prof\u00e9tico, real. \u00c9 o que o Conc\u00edlio sublinha expressamente: &#8220;Nesta linha, tem grande import\u00e2ncia\u00ad aquele estado de vida que \u00e9 santificado por um sacramento especial, isto \u00e9, a vida matrimonial e familiar&#8221; <em>(ibidem<\/em>). As ra\u00edzes de tal voca\u00e7\u00e3o encontram-se naturalmente no Batismo, e o Caminho Neocatecumenal consiste justamente num itiner\u00e1rio de redescoberta\u00ad do Batismo. \u00c9 muito significativo, por isso, que nas comunidades frequentem n\u00e3o apenas indiv\u00edduos sozinhos, mas tamb\u00e9m fam\u00edlias, dispostas a enfrentar de comum acordo, sem descuidar dos deveres do pacto conjugal\u00ad, as dificuldades e as responsabilidades que semelhante tarefa comporta.<\/p>\n\n<p>Hoje, caros irm\u00e3os e irm\u00e3s, estais aqui para testemunhar a dimens\u00e3o mission\u00e1ria e prof\u00e9tica do vosso caminho de f\u00e9. E quereis destacar que esta dimens\u00e3o mission\u00e1ria afeta a fam\u00edlia enquanto tal, j\u00e1 que o renascimento batismal n\u00e3o toca os seus componentes apenas individualmente, mas os envolve todos juntos, ligando-os como comunidade familiar num v\u00ednculo mais profundo de unidade na caridade e num impulso mission\u00e1rio mais vivo. Eis aqui, car\u00edssimos, o que est\u00e1 na raiz da vossa &#8220;partida&#8221;. N\u00e3o esque\u00e7ais jamais! O crucifixo que recebereis vos recorde todos os dias que se partistes em miss\u00e3o, \u00e9 porque v\u00f3s fostes atingidos por primeiro, renovados pelo amor misericordioso de Deus, como fam\u00edlias para as fam\u00edlias.<\/p>\n\n<p>Ide, portanto, queridas fam\u00edlias mission\u00e1rias. A gra\u00e7a do Batismo, da Confirma\u00e7\u00e3o e do Matrim\u00f4nio, renovada na Eucaristia e na Reconcilia\u00e7\u00e3o, vos sustentar\u00e1 em todos os momentos da vida. Fortificados por este apoio sobrenatural, estai prontos a dar testemunho da esperan\u00e7a que existe em v\u00f3s (cf. 1Pd 3,15). A Sagrada Fam\u00edlia de Nazar\u00e9\u00ad seja o vosso modelo e a vossa padroeira. Tamb\u00e9m vos acompanhe a B\u00ean\u00e7\u00e3o Apost\u00f3lica, que agora dou de cora\u00e7\u00e3o a v\u00f3s e \u00e0s vossas comunidades\u00bb.<\/p>\n\n<div class=\"wp-block-image\"><figure class=\"alignright size-large\"><img loading=\"lazy\" decoding=\"async\" width=\"695\" height=\"569\" src=\"https:\/\/neocatechumenaleiter.org\/wp-content\/uploads\/2020\/03\/Camino_Neocatecumenal_Juan_Pablo_II_audiencia_familias_misioneras_1994_2.jpg\" alt=\"\" class=\"wp-image-2604\" srcset=\"https:\/\/neocatechumenaleiter.org\/wp-content\/uploads\/2020\/03\/Camino_Neocatecumenal_Juan_Pablo_II_audiencia_familias_misioneras_1994_2.jpg 695w, https:\/\/neocatechumenaleiter.org\/wp-content\/uploads\/2020\/03\/Camino_Neocatecumenal_Juan_Pablo_II_audiencia_familias_misioneras_1994_2-300x246.jpg 300w\" sizes=\"auto, (max-width: 695px) 100vw, 695px\" \/><\/figure><\/div>\n\n<p><em>S\u00e3o 120 as fam\u00edlias do Caminho Neocatecumenal que receberam do Santo Padre o envio mission\u00e1rio. Prov\u00e9m da It\u00e1lia, da Espanha, da Pol\u00f4nia, da \u00cdndia e da Irlanda. Levar\u00e3o o an\u00fancio do Evangelho a 40 pa\u00edses dos 5 continentes. Os pa\u00edses da Europa que se beneficiar\u00e3o da obra mission\u00e1ria dessas fam\u00edlias s\u00e3o, entre outros, Cro\u00e1cia, Ucr\u00e2nia, Cazaquist\u00e3o, Finl\u00e2ndia e Alemanha. Na Am\u00e9rica, as novas fam\u00edlias em miss\u00e3o proclamar\u00e3o a palavra nos Estados Unidos, Canad\u00e1, Costa Rica, Col\u00f4mbia e Venezuela.<\/em><\/p>\n\n<p><em>As fam\u00edlias destinadas \u00e0 \u00c1sia dar\u00e3o o seu testemunho de f\u00e9 no Jap\u00e3o, na \u00cdndia, em Taiwan e nas Filipinas. Entre os pa\u00edses africanos aos quais \u00e9 destinado o servi\u00e7o itinerante destas fam\u00edlias est\u00e3o: o Egito, a Costa do Marfim e a Eti\u00f3pia. Para essas 120 fam\u00edlias, que t\u00eam 441 filhos, trata-se de uma tarefa t\u00e3o \u00e1rdua quanto exultante: testemunhar Cristo em regi\u00f5es da Terra j\u00e1 evangelizadas, mas amea\u00e7adas pela seculariza\u00e7\u00e3o,\u00ad e em regi\u00f5es onde ainda n\u00e3o conhecem o Evangelho. Uma tarefa chamada a se realizar em duas vertentes, intimamente ligadas pelo sinal da fidelidade \u00e0 radicalidade evang\u00e9lica.<\/em><\/p>\n\n<p><em>Participaram do encontro o cardeal L\u00f3pez Trujillo, o arcebispo Maximino Romero, os bispos Jan Pawel Lenga, Paul Cordes, Luis Boccadoro e Julio Salimei. Al\u00e9m disso\u00ad, estavam presentes Kiko Arg\u00fcello e Carmen Hern\u00e1ndez, iniciadores do Caminho Neocatecumenal. Tamb\u00e9m participaram 180 fam\u00edlias do Caminho que h\u00e1 tempos trabalham em terras de miss\u00e3o.<\/em><\/p>\n","protected":false},"excerpt":{"rendered":"<p>Audi\u00eancia a fam\u00edlias do Caminho 12\/12\/1994 S\u00e3o Jo\u00e3o Paulo II Cidade do Vaticano, 12 de dezembro de 1994. Jo\u00e3o Paulo II recebeu em audi\u00eancia na manh\u00e3 da segunda-feira 12 de dezembro as fam\u00edlias do Caminho Neocatecumenal. Durante o encontro, realizado na Sala Paulo VI, o Santo Padre pronunciou o seguinte discurso: \u00abCar\u00edssimos irm\u00e3os e irm\u00e3s!&#13; &#13; 1. Sejam todos bem-vindos \u00e0 Sede de Pedro, que hoje \u00e9 para muitos de<\/p>\n<div class=\"read-more\"><a class=\"btn read-more-btn\" href=\"https:\/\/neocatechumenaleiter.org\/pt-br\/palavras-dos-papas\/sao-joao-paulo-ii\/audiencia-a-familias-do-caminho-12-12-1994\/\">Ler mais<\/a><\/div>\n","protected":false},"author":2,"featured_media":0,"parent":4247,"menu_order":82,"comment_status":"closed","ping_status":"closed","template":"","meta":{"footnotes":""},"class_list":["post-7511","page","type-page","status-publish","hentry"],"_links":{"self":[{"href":"https:\/\/neocatechumenaleiter.org\/pt-br\/wp-json\/wp\/v2\/pages\/7511","targetHints":{"allow":["GET"]}}],"collection":[{"href":"https:\/\/neocatechumenaleiter.org\/pt-br\/wp-json\/wp\/v2\/pages"}],"about":[{"href":"https:\/\/neocatechumenaleiter.org\/pt-br\/wp-json\/wp\/v2\/types\/page"}],"author":[{"embeddable":true,"href":"https:\/\/neocatechumenaleiter.org\/pt-br\/wp-json\/wp\/v2\/users\/2"}],"replies":[{"embeddable":true,"href":"https:\/\/neocatechumenaleiter.org\/pt-br\/wp-json\/wp\/v2\/comments?post=7511"}],"version-history":[{"count":10,"href":"https:\/\/neocatechumenaleiter.org\/pt-br\/wp-json\/wp\/v2\/pages\/7511\/revisions"}],"predecessor-version":[{"id":24264,"href":"https:\/\/neocatechumenaleiter.org\/pt-br\/wp-json\/wp\/v2\/pages\/7511\/revisions\/24264"}],"up":[{"embeddable":true,"href":"https:\/\/neocatechumenaleiter.org\/pt-br\/wp-json\/wp\/v2\/pages\/4247"}],"wp:attachment":[{"href":"https:\/\/neocatechumenaleiter.org\/pt-br\/wp-json\/wp\/v2\/media?parent=7511"}],"curies":[{"name":"wp","href":"https:\/\/api.w.org\/{rel}","templated":true}]}}