{"id":7637,"date":"2020-04-21T01:33:19","date_gmt":"2020-04-21T00:33:19","guid":{"rendered":"https:\/\/neocatechumenaleiter.org\/palavras-dos-papas\/sao-joao-paulo-ii\/audiencia-privada-do-papa-joao-paulo-ii-envio-das-familias-para-a-nova-evangelizacao-9-6-1988\/"},"modified":"2020-05-04T16:05:30","modified_gmt":"2020-05-04T15:05:30","slug":"audiencia-privada-do-papa-joao-paulo-ii-envio-das-familias-para-a-nova-evangelizacao-9-6-1988","status":"publish","type":"page","link":"https:\/\/neocatechumenaleiter.org\/pt-br\/palavras-dos-papas\/sao-joao-paulo-ii\/audiencia-privada-do-papa-joao-paulo-ii-envio-das-familias-para-a-nova-evangelizacao-9-6-1988\/","title":{"rendered":"Audi\u00eancia privada do papa Jo\u00e3o Paulo II: Envio das Fam\u00edlias para a &#8220;Nova Evangeliza\u00e7\u00e3o&#8221; 9\/6\/1988"},"content":{"rendered":"\n<h1 class=\"has-text-align-center wp-block-heading\">Audi\u00eancia privada do papa Jo\u00e3o Paulo II para o envio das fam\u00edlias para a &#8220;Nova Evangeliza\u00e7\u00e3o&#8221; 9\/6\/1988<\/h1>\n\n<div style=\"height:20px\" aria-hidden=\"true\" class=\"wp-block-spacer\"><\/div>\n\n<h4 class=\"has-text-align-center wp-block-heading\">S\u00e3o Jo\u00e3o Paulo II<\/h4>\n\n<div style=\"height:20px\" aria-hidden=\"true\" class=\"wp-block-spacer\"><\/div>\n\n<p><strong>Cidade do Vaticano \u2500 Sala Clementina, 3 de junho de 1988.<\/strong><\/p>\n\n<p>No decorrer de uma audi\u00eancia privada na sala Clementina, o Santo Padre entregou o crucifixo\u00ad a 12 fam\u00edlias que partem para a Am\u00e9rica do Sul, para viver no meio dos pobres dando testemunho do Evangelho aos &#8220;Pueblos J\u00f3venes&#8221; ao redor de Lima (Peru), entre os mineradores de Coronel\u00ad (Chile) e nas regi\u00f5es de palafitas de Guayaquil (Equador).<\/p>\n\n<div class=\"wp-block-image\"><figure class=\"aligncenter size-large\"><img loading=\"lazy\" decoding=\"async\" width=\"768\" height=\"628\" src=\"https:\/\/neocatechumenaleiter.org\/wp-content\/uploads\/2020\/03\/Camino_Neocatecumenal_Juan_Pablo_II_audiencia_privada_envio_familias_mision_1988.jpg\" alt=\"\" class=\"wp-image-2147\" srcset=\"https:\/\/neocatechumenaleiter.org\/wp-content\/uploads\/2020\/03\/Camino_Neocatecumenal_Juan_Pablo_II_audiencia_privada_envio_familias_mision_1988.jpg 768w, https:\/\/neocatechumenaleiter.org\/wp-content\/uploads\/2020\/03\/Camino_Neocatecumenal_Juan_Pablo_II_audiencia_privada_envio_familias_mision_1988-300x245.jpg 300w\" sizes=\"auto, (max-width: 768px) 100vw, 768px\" \/><\/figure><\/div>\n","protected":false},"excerpt":{"rendered":"<p>Audi\u00eancia privada do papa Jo\u00e3o Paulo II para o envio das fam\u00edlias para a &#8220;Nova Evangeliza\u00e7\u00e3o&#8221; 9\/6\/1988 S\u00e3o Jo\u00e3o Paulo II Cidade do Vaticano \u2500 Sala Clementina, 3 de junho de 1988. No decorrer de uma audi\u00eancia privada na sala Clementina, o Santo Padre entregou o crucifixo\u00ad a 12 fam\u00edlias que partem para a Am\u00e9rica do Sul, para viver no meio dos pobres dando testemunho do Evangelho aos &#8220;Pueblos J\u00f3venes&#8221;<\/p>\n<div class=\"read-more\"><a class=\"btn read-more-btn\" href=\"https:\/\/neocatechumenaleiter.org\/pt-br\/palavras-dos-papas\/sao-joao-paulo-ii\/audiencia-privada-do-papa-joao-paulo-ii-envio-das-familias-para-a-nova-evangelizacao-9-6-1988\/\">Ler mais<\/a><\/div>\n","protected":false},"author":2,"featured_media":0,"parent":4247,"menu_order":53,"comment_status":"closed","ping_status":"closed","template":"","meta":{"footnotes":""},"class_list":["post-7637","page","type-page","status-publish","hentry"],"_links":{"self":[{"href":"https:\/\/neocatechumenaleiter.org\/pt-br\/wp-json\/wp\/v2\/pages\/7637","targetHints":{"allow":["GET"]}}],"collection":[{"href":"https:\/\/neocatechumenaleiter.org\/pt-br\/wp-json\/wp\/v2\/pages"}],"about":[{"href":"https:\/\/neocatechumenaleiter.org\/pt-br\/wp-json\/wp\/v2\/types\/page"}],"author":[{"embeddable":true,"href":"https:\/\/neocatechumenaleiter.org\/pt-br\/wp-json\/wp\/v2\/users\/2"}],"replies":[{"embeddable":true,"href":"https:\/\/neocatechumenaleiter.org\/pt-br\/wp-json\/wp\/v2\/comments?post=7637"}],"version-history":[{"count":7,"href":"https:\/\/neocatechumenaleiter.org\/pt-br\/wp-json\/wp\/v2\/pages\/7637\/revisions"}],"predecessor-version":[{"id":9339,"href":"https:\/\/neocatechumenaleiter.org\/pt-br\/wp-json\/wp\/v2\/pages\/7637\/revisions\/9339"}],"up":[{"embeddable":true,"href":"https:\/\/neocatechumenaleiter.org\/pt-br\/wp-json\/wp\/v2\/pages\/4247"}],"wp:attachment":[{"href":"https:\/\/neocatechumenaleiter.org\/pt-br\/wp-json\/wp\/v2\/media?parent=7637"}],"curies":[{"name":"wp","href":"https:\/\/api.w.org\/{rel}","templated":true}]}}