{"id":7641,"date":"2020-04-21T02:15:29","date_gmt":"2020-04-21T01:15:29","guid":{"rendered":"https:\/\/neocatechumenaleiter.org\/palavras-dos-papas\/sao-joao-paulo-ii\/visita-do-papa-joao-paulo-ii-a-paroquia-de-sao-luiz-gonzaga\/"},"modified":"2020-05-04T16:04:09","modified_gmt":"2020-05-04T15:04:09","slug":"visita-do-papa-joao-paulo-ii-a-paroquia-de-sao-luiz-gonzaga","status":"publish","type":"page","link":"https:\/\/neocatechumenaleiter.org\/pt-br\/palavras-dos-papas\/sao-joao-paulo-ii\/visita-do-papa-joao-paulo-ii-a-paroquia-de-sao-luiz-gonzaga\/","title":{"rendered":"Visita do Papa Jo\u00e3o Paulo II \u00e0 Par\u00f3quia de S\u00e3o Luiz Gonzaga"},"content":{"rendered":"\n<h1 class=\"has-text-align-center wp-block-heading\">Visita do papa Jo\u00e3o Paulo II \u00e0 Par\u00f3quia de S\u00e3o Luiz Gonzaga 6\/11\/1988<\/h1>\n\n<div style=\"height:20px\" aria-hidden=\"true\" class=\"wp-block-spacer\"><\/div>\n\n<h4 class=\"has-text-align-center wp-block-heading\">S\u00e3o Jo\u00e3o Paulo II<\/h4>\n\n<div style=\"height:20px\" aria-hidden=\"true\" class=\"wp-block-spacer\"><\/div>\n\n<p><strong>Roma, 6 de novembro de 1988.<\/strong><\/p>\n\n<div class=\"wp-block-image\"><figure class=\"alignleft size-medium\"><img loading=\"lazy\" decoding=\"async\" width=\"300\" height=\"200\" src=\"https:\/\/neocatechumenaleiter.org\/wp-content\/uploads\/2020\/03\/Camino_Neocatecumenal_Juan_Pablo_II_visita_parroquia_San_Luis_Gonzaga_1988-300x200.jpg\" alt=\"\" class=\"wp-image-2153\" srcset=\"https:\/\/neocatechumenaleiter.org\/wp-content\/uploads\/2020\/03\/Camino_Neocatecumenal_Juan_Pablo_II_visita_parroquia_San_Luis_Gonzaga_1988-300x200.jpg 300w, https:\/\/neocatechumenaleiter.org\/wp-content\/uploads\/2020\/03\/Camino_Neocatecumenal_Juan_Pablo_II_visita_parroquia_San_Luis_Gonzaga_1988.jpg 424w\" sizes=\"auto, (max-width: 300px) 100vw, 300px\" \/><\/figure><\/div>\n\n<p><em>Evangeliza\u00e7\u00e3o e catequese tiveram e ocuparam um lugar proeminente entre as outras atividades nos trabalhos da par\u00f3quia. Foram feitas v\u00e1rias tentativas de anima\u00e7\u00e3o lit\u00fargica para as missas festivas e de envolvimento nas iniciativas por meio das jornadas paroquiais. Procurou-se\u00ad, com particular aten\u00e7\u00e3o, os &#8220;afastados&#8221;, com visitas \u00e0s fam\u00edlias. Intensificou-se a prepara\u00e7\u00e3o\u00ad para a Crisma, procurando dar sequ\u00eancia com o p\u00f3s-crisma e a prepara\u00e7\u00e3o para o Matrim\u00f4nio.<\/em>&#013;\n&#013;\n<em>A este servi\u00e7o ass\u00edduo, t\u00e3o desafiador quanto frutuoso, os neocatec\u00famenos ofereceram uma particular contribui\u00e7\u00e3o\u00ad. Presentes em S\u00e3o Luiz Gonzaga h\u00e1 quase 20 anos, hoje contam com 5 comunidades que agrupam cerca de 150 adultos e umas 80 crian\u00e7as\u00ad. E da par\u00f3quia de Parioli sa\u00edram v\u00e1rios catequistas itinerantes, os quais foram\u00ad a pa\u00edses da Europa, da \u00c1sia, da \u00c1frica e das Am\u00e9ricas. Os neocatec\u00famenos receberam o Papa sob uma grande tenda branca e amarela, preparada no p\u00e1tio do complexo\u00ad paroquial. Depois de uma breve introdu\u00e7\u00e3o do p\u00e1roco, seguiu-se a apresenta\u00e7\u00e3o das diversas comunidades por parte de Kiko Arg\u00fcello, iniciador do Caminho Neocatecumenal.<\/em><\/p>\n\n<p><em>O Papa, depois de uma afetuosa sauda\u00e7\u00e3o \u00e0s numerosas crian\u00e7as presentes, disse:<\/em><\/p>\n\n<p>A radicalidade evang\u00e9lica que encontramos em diversas p\u00e1ginas do Evangelho \u00e9 expressa sobretudo com as palavras: dar a vida. Certamente Cristo era um mestre, um &#8220;rabi&#8221;,  ensinou, mas nos disse tudo ao final, plenamente, dando a vida. Com a sua morte e a sua ressurrei\u00e7\u00e3o. E a sua \u00faltima palavra \u00e9 a palavra mais completa. Ou seja: dar a vida. Vejo que nas vossas comunidades neocatecumenais esta palavra se faz carne. S\u00e3o tantos que est\u00e3o prontos para dar a vida de diversos modos. S\u00e3o tantos. O Esp\u00edrito Santo sabe muito bem.<\/p>\n\n<p>Outra considera\u00e7\u00e3o est\u00e1 ligada \u00e0 palavra fermento. Conhecemos bem a par\u00e1bola do Evangelho que fala do fermento. Bem, v\u00f3s sois um fermento, um fermento que faz a massa crescer. A Igreja \u00e9 uma massa, a humanidade \u00e9 uma massa maior. Tamb\u00e9m a Igreja \u00e9 uma massa. <\/p>\n\n<p>Mas \u00e0s vezes esta massa \u00e9 inerte, n\u00e3o suficientemente catequizada, n\u00e3o suficientemente alimentada pelos sacramentos, n\u00e3o suficientemente consciente daquilo que \u00e9 o Batismo. O Batismo \u00e9, podemos dizer, o primeiro fermento em cada um de n\u00f3s, que nos faz viver pessoalmente no nosso corpo, na nossa alma, na nossa pessoa. N\u00f3s somos sempre insuficientemente conscientes daquilo que \u00e9 o nosso Batismo. S\u00e3o Paulo nos deixou indica\u00e7\u00f5es, mensagens perfeitas sobre aquilo que \u00e9 o Batismo. N\u00f3s, por\u00e9m, estamos sempre aqu\u00e9m na consci\u00eancia do que \u00e9, da sua realidade, daquilo que quer dizer. Eis porque \u00e9 necess\u00e1rio o fermento para fazer crescer a consci\u00eancia do Batismo, que \u00e9 por si mesmo um fermento sacramental; contudo, \u00e9 necess\u00e1rio tamb\u00e9m um fermento apost\u00f3lico. Fundamentando-vos nesta consci\u00eancia, v\u00f3s vos tornastes fermento para a massa nas igrejas, nas dioceses, nas par\u00f3quias e fazeis sim que se realize uma par\u00e1bola que corresponde plenamente \u00e0quilo que Cristo queria dos ap\u00f3stolos: ide. N\u00e3o dizia: tomai os pal\u00e1cios, as riquezas, as casas&#8230; n\u00e3o. Dizia-lhes: ide. Assim tamb\u00e9m v\u00f3s sois itinerantes em correspond\u00eancia \u00e0 palavra de Cristo. O Papa tamb\u00e9m, apesar de sua casa, o Vaticano, da Bas\u00edlica de S\u00e3o Pedro, procura ser tamb\u00e9m um pouco itinerante.<\/p>\n\n<p>N\u00e3o pretendo esgotar todo o argumento. Mas nessas quatro observa\u00e7\u00f5es j\u00e1 podeis encontrar a si mesmos, j\u00e1 podeis encontrar a vossa imagem, encontrar tamb\u00e9m um encorajamento para seguir sendo aquilo que sois, aquilo que quereis ser. Mas podeis ver nestas palavras tamb\u00e9m a minha b\u00ean\u00e7\u00e3o e esperamos que ela expresse e leve consigo a gra\u00e7a do Senhor. O fermento, a itiner\u00e2ncia, cresce na gra\u00e7a do Senhor.<\/p>\n\n<p>O catequista que h\u00e1 pouco nos disse que sentiu um rumor em seu cora\u00e7\u00e3o, em sua consci\u00eancia: certo que sentiu porque era Kiko que atuava, mas apenas como instrumento humano. Na realidade, era o Esp\u00edrito que operava, a gra\u00e7a do Senhor, o Esp\u00edrito Santo que come\u00e7ou a soprar. Foi ele, o Esp\u00edrito Santo quem soprou e deixou a paz a este senhor. Cristo n\u00e3o veio para nos deixar em paz. Veio para nos trazer a paz, a maior paz que a pessoa humana pode aspirar: a paz de Deus, a reconcilia\u00e7\u00e3o; n\u00e3o veio nos trazer a vida c\u00f4moda, tranquila, n\u00e3o, certamente n\u00e3o. <\/p>\n","protected":false},"excerpt":{"rendered":"<p>Visita do papa Jo\u00e3o Paulo II \u00e0 Par\u00f3quia de S\u00e3o Luiz Gonzaga 6\/11\/1988 S\u00e3o Jo\u00e3o Paulo II Roma, 6 de novembro de 1988. Evangeliza\u00e7\u00e3o e catequese tiveram e ocuparam um lugar proeminente entre as outras atividades nos trabalhos da par\u00f3quia. Foram feitas v\u00e1rias tentativas de anima\u00e7\u00e3o lit\u00fargica para as missas festivas e de envolvimento nas iniciativas por meio das jornadas paroquiais. Procurou-se\u00ad, com particular aten\u00e7\u00e3o, os &#8220;afastados&#8221;, com visitas \u00e0s<\/p>\n<div class=\"read-more\"><a class=\"btn read-more-btn\" href=\"https:\/\/neocatechumenaleiter.org\/pt-br\/palavras-dos-papas\/sao-joao-paulo-ii\/visita-do-papa-joao-paulo-ii-a-paroquia-de-sao-luiz-gonzaga\/\">Ler mais<\/a><\/div>\n","protected":false},"author":2,"featured_media":0,"parent":4247,"menu_order":54,"comment_status":"closed","ping_status":"closed","template":"","meta":{"footnotes":""},"class_list":["post-7641","page","type-page","status-publish","hentry"],"_links":{"self":[{"href":"https:\/\/neocatechumenaleiter.org\/pt-br\/wp-json\/wp\/v2\/pages\/7641","targetHints":{"allow":["GET"]}}],"collection":[{"href":"https:\/\/neocatechumenaleiter.org\/pt-br\/wp-json\/wp\/v2\/pages"}],"about":[{"href":"https:\/\/neocatechumenaleiter.org\/pt-br\/wp-json\/wp\/v2\/types\/page"}],"author":[{"embeddable":true,"href":"https:\/\/neocatechumenaleiter.org\/pt-br\/wp-json\/wp\/v2\/users\/2"}],"replies":[{"embeddable":true,"href":"https:\/\/neocatechumenaleiter.org\/pt-br\/wp-json\/wp\/v2\/comments?post=7641"}],"version-history":[{"count":5,"href":"https:\/\/neocatechumenaleiter.org\/pt-br\/wp-json\/wp\/v2\/pages\/7641\/revisions"}],"predecessor-version":[{"id":9337,"href":"https:\/\/neocatechumenaleiter.org\/pt-br\/wp-json\/wp\/v2\/pages\/7641\/revisions\/9337"}],"up":[{"embeddable":true,"href":"https:\/\/neocatechumenaleiter.org\/pt-br\/wp-json\/wp\/v2\/pages\/4247"}],"wp:attachment":[{"href":"https:\/\/neocatechumenaleiter.org\/pt-br\/wp-json\/wp\/v2\/media?parent=7641"}],"curies":[{"name":"wp","href":"https:\/\/api.w.org\/{rel}","templated":true}]}}