{"id":7659,"date":"2020-03-04T00:36:23","date_gmt":"2020-03-03T23:36:23","guid":{"rendered":"https:\/\/neocatechumenaleiter.org\/palavras-dos-papas\/sao-joao-paulo-ii\/visita-a-paroquia-de-sao-crispim-de-viterbo-28-3-1993\/"},"modified":"2021-08-10T11:02:59","modified_gmt":"2021-08-10T10:02:59","slug":"visita-a-paroquia-de-sao-crispim-de-viterbo-28-3-1993","status":"publish","type":"page","link":"https:\/\/neocatechumenaleiter.org\/pt-br\/palavras-dos-papas\/sao-joao-paulo-ii\/visita-a-paroquia-de-sao-crispim-de-viterbo-28-3-1993\/","title":{"rendered":"Visita \u00e0 par\u00f3quia de S\u00e3o Crispim de Viterbo 28\/3\/1993"},"content":{"rendered":"\n<h1 class=\"has-text-align-center wp-block-heading\">Visita \u00e0 par\u00f3quia de S\u00e3o Crispim de Viterbo 28\/3\/1993<\/h1>\n\n<div style=\"height:20px\" aria-hidden=\"true\" class=\"wp-block-spacer\"><\/div>\n\n<h4 class=\"has-text-align-center wp-block-heading\">S. Jo\u00e3o Paulo II<\/h4>\n\n<div style=\"height:20px\" aria-hidden=\"true\" class=\"wp-block-spacer\"><\/div>\n\n<p><strong>Roma, 28 de mar\u00e7o de 1993<\/strong><\/p>\n\n<p><em>Jo\u00e3o Paulo II se reuniu com as duas comunidades neocatecumenais, fruto de 8 anos de evangeliza\u00e7\u00e3o na par\u00f3quia de S\u00e3o Crispim. As palavras de boas-vindas foram proferidas por um jovem: Roberto Santoponte.<\/em><\/p>\n\n<div class=\"wp-block-image\"><figure class=\"alignright size-large\"><img loading=\"lazy\" decoding=\"async\" width=\"768\" height=\"517\" src=\"https:\/\/neocatechumenaleiter.org\/wp-content\/uploads\/2020\/03\/Camino_Neocatecumenal_Juan_Pablo_II_visita_parroquia_San_Crispin_1993.jpg\" alt=\"\" class=\"wp-image-2446\" srcset=\"https:\/\/neocatechumenaleiter.org\/wp-content\/uploads\/2020\/03\/Camino_Neocatecumenal_Juan_Pablo_II_visita_parroquia_San_Crispin_1993.jpg 768w, https:\/\/neocatechumenaleiter.org\/wp-content\/uploads\/2020\/03\/Camino_Neocatecumenal_Juan_Pablo_II_visita_parroquia_San_Crispin_1993-300x202.jpg 300w\" sizes=\"auto, (max-width: 768px) 100vw, 768px\" \/><\/figure><\/div>\n\n<p>&#8220;Santo Padre:&#13;\nEst\u00e3o aqui presentes as duas comunidades neocatecumenais fruto de 8 anos de&#13;\nlaboriosa evangeliza\u00e7\u00e3o nesta par\u00f3quia por nossa equipe, proveniente da quinta comunidade de Santa Francisca Cabrini em Roma, onde come\u00e7amos o Caminho h\u00e1 14 anos. As equipes de catequistas de nossa comunidade levam a pastoral do Batismo e do Matrim\u00f4nio nesta par\u00f3quia. Em nossa par\u00f3quia de origem, este caminho de redescobrimento do Batismo se iniciou h\u00e1 24 anos, durante os quais surgiram 25 comunidades. As 2 primeiras renovaram as Promessas Batismais diante de Sua Santidade em S\u00e3o Pedro, e delas partiram itinerantes, presb\u00edteros e fam\u00edlias que t\u00eam catequizado praticamente em todo o mundo. Em nossa comunidade, muitos estavam h\u00e1 anos e anos afastados da Igreja, e foi uma maravilha redescobrir a solicitude e a maternidade dessa Igreja que veio para fazer ressoar em nossa vida, para muitos de n\u00f3s carente de sentido, a Boa&#13;\nNova do amor de Deus para com cada um de n\u00f3s, manifestado em seu Filho Jesus Cristo. No decorrer destes anos, gra\u00e7as \u00e0 escuta da Palavra de Deus e \u00e0 participa\u00e7\u00e3o na liturgia, temos sido espectadores dos milagres que Deus tem realizado em nossa vida e na de nossos irm\u00e3os: voca\u00e7\u00f5es ao sacerd\u00f3cio e \u00e0 vida consagrada; matrim\u00f4nios reconstru\u00eddos; fam\u00edlias abertas a acolher generosamente a vida, redescoberta como aut\u00eantico e gratuito dom de Deus.<\/p>\n\n<p>Eu, embora estivesse na Igreja desde crian\u00e7a, nunca havia experimentado a gra\u00e7a do amor de Deus, sobretudo &#13;\npara com os os pecadores, como descobri que sou. Encontrar a Deus no sofrimento e nos acontecimentos de morte que marcaram minha vida foi o fato que transformou minha exist\u00eancia e a desses irm\u00e3os catequistas junto comigo, e que nos levou a dar um pouco de nossa vida pelo Evangelho, movidos por um sentimento de gratid\u00e3o a Deus Pai e conscientes de que, como diz S\u00e3o Paulo, &#8216;o amor de &#13;\nCristo nos impulsiona&#8217; a fazer com que esta Boa Nova que mudou nossa vida possa chegar a todos aqueles que a est\u00e3o esperando e que t\u00eam direito a escut\u00e1-la como n\u00f3s. Neste bairro h\u00e1 muitos problemas: droga, marginaliza\u00e7\u00e3o, desemprego, pobreza, viol\u00eancia e muitos jovens perderam o sentido mais profundo de sua exist\u00eancia, mas n\u00f3s sabemos que a \u00fanica solu\u00e7\u00e3o a esses dramas enormes, a \u00fanica &#13;\nresposta \u00e0s necessidades mais profundas de todo homem \u00e9 Jesus Cristo, morto por nossos pecados e ressuscitado para nossa justifica\u00e7\u00e3o. Esses irm\u00e3os s\u00e3o hoje o sinal de que essa Palavra \u00e9 verdade, que \u00e9 poss\u00edvel chegar a amar-se como o pr\u00f3prio Cristo nos amou, atrav\u00e9s de um caminho de gesta\u00e7\u00e3o na f\u00e9, experimentando a pr\u00f3pria debilidade, mas, ao mesmo tempo, saboreando o amor de Deus e a miseric\u00f3rdia da Igreja, e nossa esperan\u00e7a no Senhor \u00e9 que sejam &#8216;os primog\u00eanitos de muitos irm\u00e3os&#8217; que vir\u00e3o depois deles. Gra\u00e7as \u00e0 sua const\u00e2ncia e ao apoio do p\u00e1roco dom Vicente, que n\u00e3o nos abandonou nunca nos momentos mais dif\u00edceis, hoje est\u00e1 aberto nesta par\u00f3quia um caminho de volta ao Pai para muitos irm\u00e3os nossos que est\u00e3o afastados.<\/p>\n\n<p>\u00c0 Virgem Maria, inspiradora deste caminho, confiamos nossas aspira\u00e7\u00f5es e nossos desejos, e esperamos &#13;\ndo senhor, Santo Padre, o apoio de suas ora\u00e7\u00f5es e o \u00e2nimo para prosseguir na obra empreendida, convencidos de que sem o esp\u00edrito de Jesus Cristo e a comunh\u00e3o com &#8216;Pedro&#8217; n\u00e3o podemos fazer nada. Digne-se aceitar, ao final deste encontro, esta pequena homenagem, sinal de nosso desejo de uni\u00e3o com o senhor, que, como Cristo, nos exorta a &#8216;lan\u00e7ar as redes&#8217; confiando somente em sua Palavra, seguros de que o fruto que brotar\u00e1 ser\u00e1 para edifica\u00e7\u00e3o de toda a Igreja. Foi significativo o presente que uma jovem ofereceu ao Santo Padre: uma escultura que representa a Pedro que lan\u00e7a as redes e olha a Jesus Cristo: &#8216;Esperamos &#13;\nlan\u00e7ar as redes ao leste, \u00e9 o desejo de todos n\u00f3s, embora sejamos d\u00e9beis, pobres e imaturos, mas desejamos evangelizar'&#8221;.<\/p>\n\n<p><em>\u201cEvangelizar de leste a oeste, por todas as partes\u201d, respondeu o Santo Padre, que ent\u00e3o proferiu o seguinte discurso:<\/em><\/p>\n\n<div class=\"wp-block-image\"><figure class=\"alignleft size-large\"><img loading=\"lazy\" decoding=\"async\" width=\"702\" height=\"566\" src=\"https:\/\/neocatechumenaleiter.org\/wp-content\/uploads\/2020\/03\/Camino_Neocatecumenal_Juan_Pablo_II_visita_parroquia_San_Crispin_1993_2.jpg\" alt=\"\" class=\"wp-image-2453\" srcset=\"https:\/\/neocatechumenaleiter.org\/wp-content\/uploads\/2020\/03\/Camino_Neocatecumenal_Juan_Pablo_II_visita_parroquia_San_Crispin_1993_2.jpg 702w, https:\/\/neocatechumenaleiter.org\/wp-content\/uploads\/2020\/03\/Camino_Neocatecumenal_Juan_Pablo_II_visita_parroquia_San_Crispin_1993_2-300x242.jpg 300w\" sizes=\"auto, (max-width: 702px) 100vw, 702px\" \/><\/figure><\/div>\n\n<p>&#8220;Vosso representante disse que dom Vicente nunca vos abandonou. Demos gra\u00e7as ao Senhor que dom Vicente seja t\u00e3o bom, mas v\u00f3s tampouco abandonaram dom Vicente, e isso \u00e9 importante. \u00c9 importante essa comunh\u00e3o com vosso p\u00e1roco, com o sacerdote, e, atrav\u00e9s do sacerdote, com Cristo. Falei agora ao Conselho Pastoral sobre a anima\u00e7\u00e3o porque \u00e9 certo que esta par\u00f3quia, como comunidade humana e crist\u00e3, necessita de uma grande anima\u00e7\u00e3o. Anima\u00e7\u00e3o \u00e9 o processo que faz &#8216;coexistir&#8217; os distintos elementos do organismo em uma unidade viva.<\/p>\n\n<p>E v\u00f3s, de diversas maneiras, proporcionais esta anima\u00e7\u00e3o. Quando se entra na Igreja, quando se celebra a Missa, se pode dizer: &#8216;<em>Animam com o canto&#8217;<\/em>. Certamente tive muitas experi\u00eancias das celebra\u00e7\u00f5es nas distintas par\u00f3quias e nas diversas Igrejas do mundo: o canto \u00e9 uma anima\u00e7\u00e3o, d\u00e1 alma \u00e0 comunidade orante, crente. D\u00e1 alma, e n\u00e3o&#13;\nera desprovido de fundamento o que disse Santo Agostinho: &#8216;Qui cantat bis orat \u2013 quem canta reza duas vezes\u201d. \u201cBis orat\u201d porque faz &#8216;rezar&#8217; os demais. Mas essa anima\u00e7\u00e3o pr\u00f3pria dos neocatec\u00famenos est\u00e1 enraizada mais profundamente. N\u00e3o s\u00e3o apenas cantores, embora sejam bons cantores. Essa anima\u00e7\u00e3o vem da mesma raiz\u00a0 da nossa experi\u00eancia em Cristo e essa raiz \u00e9 o Batismo. Escolheram este nome &#8216;neocatec\u00famenos&#8217; pensando no catecumenato que formaram as primeiras gera\u00e7\u00f5es da Igreja, aqui em Roma e por todas as partes. Esse catecumenato fazia os n\u00e3o crist\u00e3os, os candidatos ao Batismo, descobrirem o mist\u00e9rio de Cristo, as riquezas insond\u00e1veis que existem em Cristo e que s\u00e3o para n\u00f3s, nas quais participamos. E essa participa\u00e7\u00e3o \u00e9 plena, o n\u00facleo come\u00e7a j\u00e1 no Batismo.<\/p>\n\n<p>Deve-se voltar ao Batismo, todo crist\u00e3o deve voltar a seu Batismo para conhecer quem \u00e9, sim, para conhecer quem \u00e9 Cristo. Quem \u00e9 gra\u00e7as a Cristo. E assim mudar sua vida: vida nova. N\u00f3s sabemos que essa vida nova est\u00e1 inscrita muito profundamente na mensagem crist\u00e3, nos Atos dos Ap\u00f3stolos e sobretudo no Evangelho, Uma coisa \u00e9 essa vida como \u00e9 lida como palavra, e outra coisa \u00e9 essa vida nova como \u00e9 vivida. \u00c9 um viver tremendo, uma experi\u00eancia tremenda. Essa \u00e9 vossa anima\u00e7\u00e3o mais fundamental, a anima\u00e7\u00e3o feita atrav\u00e9s deste redescobrimento das riquezas que existem em Cristo, e que est\u00e3o em n\u00f3s gra\u00e7as a Cristo, e que o Esp\u00edrito Santo d\u00e1 a todos mediante o Batismo.<\/p>\n\n<p>Existe tamb\u00e9m outra riqueza, uma anima\u00e7\u00e3o muito importante que v\u00f3s levais adiante no mundo. Este mundo t\u00e3o resignado que, com todo seu progresso, n\u00e3o v\u00ea perspectivas e muitas vezes n\u00e3o tem nenhuma esperan\u00e7a: n\u00e3o ama a vida; n\u00e3o ama a vida, esta \u00e9 a enfermidade profunda de nossa civiliza\u00e7\u00e3o moderna, ocidental, americana, europeia. N\u00e3o ama a vida, teme a vida, faz de tudo para n\u00e3o dar a vida.<\/p>\n\n<p>E ent\u00e3o a vossa anima\u00e7\u00e3o \u00e9 a do amor pela vida. E essa \u00e9 uma anima\u00e7\u00e3o que est\u00e1 dentro de v\u00f3s, est\u00e1 em vossas fam\u00edlias, e ali se realiza, espirituosa, cheia de esperan\u00e7a e cheia de alegria porque a vida nova, as crian\u00e7as d\u00e3o alegria, e al\u00e9m disso \u00e9 uma anima\u00e7\u00e3o de valentia humana e crist\u00e3. Gostaria de dizer-vos isso, porque vos acompanho, nem sempre de perto, na maioria das vezes de longe, mas vos acompanho bastante, e penso que este movimento, assim como muitos outros movimentos, \u00e9 um grande dom do Esp\u00edrito Santo \u00e0 Igreja e \u00e0 humanidade de hoje. Feliz P\u00e1scoa, e a P\u00e1scoa \u00e9 o ponto central de nosso credo e de nossa vida&#8221;.<\/p>\n","protected":false},"excerpt":{"rendered":"<p>Visita \u00e0 par\u00f3quia de S\u00e3o Crispim de Viterbo 28\/3\/1993 S. Jo\u00e3o Paulo II Roma, 28 de mar\u00e7o de 1993 Jo\u00e3o Paulo II se reuniu com as duas comunidades neocatecumenais, fruto de 8 anos de evangeliza\u00e7\u00e3o na par\u00f3quia de S\u00e3o Crispim. As palavras de boas-vindas foram proferidas por um jovem: Roberto Santoponte. &#8220;Santo Padre:&#13; Est\u00e3o aqui presentes as duas comunidades neocatecumenais fruto de 8 anos de&#13; laboriosa evangeliza\u00e7\u00e3o nesta par\u00f3quia por<\/p>\n<div class=\"read-more\"><a class=\"btn read-more-btn\" href=\"https:\/\/neocatechumenaleiter.org\/pt-br\/palavras-dos-papas\/sao-joao-paulo-ii\/visita-a-paroquia-de-sao-crispim-de-viterbo-28-3-1993\/\">Ler mais<\/a><\/div>\n","protected":false},"author":2,"featured_media":0,"parent":4247,"menu_order":72,"comment_status":"closed","ping_status":"closed","template":"","meta":{"footnotes":""},"class_list":["post-7659","page","type-page","status-publish","hentry"],"_links":{"self":[{"href":"https:\/\/neocatechumenaleiter.org\/pt-br\/wp-json\/wp\/v2\/pages\/7659","targetHints":{"allow":["GET"]}}],"collection":[{"href":"https:\/\/neocatechumenaleiter.org\/pt-br\/wp-json\/wp\/v2\/pages"}],"about":[{"href":"https:\/\/neocatechumenaleiter.org\/pt-br\/wp-json\/wp\/v2\/types\/page"}],"author":[{"embeddable":true,"href":"https:\/\/neocatechumenaleiter.org\/pt-br\/wp-json\/wp\/v2\/users\/2"}],"replies":[{"embeddable":true,"href":"https:\/\/neocatechumenaleiter.org\/pt-br\/wp-json\/wp\/v2\/comments?post=7659"}],"version-history":[{"count":4,"href":"https:\/\/neocatechumenaleiter.org\/pt-br\/wp-json\/wp\/v2\/pages\/7659\/revisions"}],"predecessor-version":[{"id":24149,"href":"https:\/\/neocatechumenaleiter.org\/pt-br\/wp-json\/wp\/v2\/pages\/7659\/revisions\/24149"}],"up":[{"embeddable":true,"href":"https:\/\/neocatechumenaleiter.org\/pt-br\/wp-json\/wp\/v2\/pages\/4247"}],"wp:attachment":[{"href":"https:\/\/neocatechumenaleiter.org\/pt-br\/wp-json\/wp\/v2\/media?parent=7659"}],"curies":[{"name":"wp","href":"https:\/\/api.w.org\/{rel}","templated":true}]}}