{"id":7665,"date":"2020-04-21T04:32:10","date_gmt":"2020-04-21T03:32:10","guid":{"rendered":"https:\/\/neocatechumenaleiter.org\/palavras-dos-papas\/sao-joao-paulo-ii\/visita-do-papa-joao-paulo-ii-a-paroquia-de-sao-cipriano-em-torrevecchia-22-1-1989\/"},"modified":"2020-05-04T17:38:10","modified_gmt":"2020-05-04T16:38:10","slug":"visita-do-papa-joao-paulo-ii-a-paroquia-de-sao-cipriano-em-torrevecchia-22-1-1989","status":"publish","type":"page","link":"https:\/\/neocatechumenaleiter.org\/pt-br\/palavras-dos-papas\/sao-joao-paulo-ii\/visita-do-papa-joao-paulo-ii-a-paroquia-de-sao-cipriano-em-torrevecchia-22-1-1989\/","title":{"rendered":"Visita \u00e0 par\u00f3quia de S\u00e3o Cipriano em Torrevecchia 22\/1\/1989"},"content":{"rendered":"\n<h1 class=\"has-text-align-center wp-block-heading\">Visita \u00e0 par\u00f3quia de S\u00e3o Cipriano em Torrevecchia 22\/1\/1989<\/h1>\n\n<div style=\"height:20px\" aria-hidden=\"true\" class=\"wp-block-spacer\"><\/div>\n\n<h4 class=\"has-text-align-center wp-block-heading\">S\u00e3o Jo\u00e3o Paulo II<\/h4>\n\n<div style=\"height:20px\" aria-hidden=\"true\" class=\"wp-block-spacer\"><\/div>\n\n<p><strong>Roma, 22 de janeiro de 1989.<\/strong><\/p>\n\n<p><em>O Caminho Neocatecumenal, aberto em 1981, \u00e9 a experi\u00eancia religiosa mais forte entre aquelas que neste momento se desenvolvem na par\u00f3quia de S\u00e3o Cipriano. Aos integrantes das 5 comunidades, aproximadamente 150 irm\u00e3os, o Papa dedicou o \u00faltimo encontro da intensa visita.<\/em> &#8220;Depois da missa na par\u00f3quia, Santo Padre, ser\u00e1 iniciada aqui uma nova catequiza\u00e7\u00e3o \u2500 anunciou Claudia, a catequista que abriu o Caminho em S\u00e3o Cipriano.<\/p>\n\n<div class=\"wp-block-image\"><figure class=\"alignright size-medium\"><img loading=\"lazy\" decoding=\"async\" width=\"300\" height=\"247\" src=\"https:\/\/neocatechumenaleiter.org\/wp-content\/uploads\/2020\/03\/Camino_Neocatecumenal_Juan_Pablo_II_visita_parroquia_San_Cipriano_1989-300x247.jpg\" alt=\"\" class=\"wp-image-2209\" srcset=\"https:\/\/neocatechumenaleiter.org\/wp-content\/uploads\/2020\/03\/Camino_Neocatecumenal_Juan_Pablo_II_visita_parroquia_San_Cipriano_1989-300x247.jpg 300w, https:\/\/neocatechumenaleiter.org\/wp-content\/uploads\/2020\/03\/Camino_Neocatecumenal_Juan_Pablo_II_visita_parroquia_San_Cipriano_1989.jpg 692w\" sizes=\"auto, (max-width: 300px) 100vw, 300px\" \/><\/figure><\/div>\n\n<p>Esperamos que esta vinda de Pedro entre n\u00f3s mova muitas pessoas a quererem conhecer Jesus Cristo. Como nos diz este cartaz, Padre, \u00e9ramos cegos, aleijados, afastados. Eu estava afastado da Igreja. Conhecemos nesta Igreja, como diz a Palavra de hoje, a liberdade para todos os prisioneiros da ang\u00fastia, do medo, da morte.  \u00c9ramos t\u00e3o cegos que n\u00e3o v\u00edamos o amor de Deus na nossa vida. Agradecemos a Pedro que veio hoje nos confirmar em nosso caminho&#8221;.<\/p>\n\n<p>O testemunho do p\u00e1roco monsenhor Marcello Pieraccini foi intenso e comovente, e o reportamos a seguir: Comecei este caminho em 1971, quando estava na par\u00f3quia de Santo Eug\u00eanio, disse o p\u00e1roco mons. Pieraccini. Estava num momento de grande crise, porque me acreditava um presb\u00edtero muito bom, muito inteligente, de sucesso. E era um orgulhoso, um presun\u00e7oso; agora vejo claramente, mas naquele momento estava cego. Encontrei-me numa situa\u00e7\u00e3o de grande crise, de grande depress\u00e3o.<\/p>\n\n<p>E chegou este Caminho, este movimento, esta catequese, que veio despertar em mim o abandono a Deus, a confian\u00e7a de que Deus me quer bem, assim como sou. N\u00e3o obstante as minhas fraquezas e os meus pecados, este amor me abriu os olhos e me fez ver nos sinais o amor que Deus tem por mim. E isso come\u00e7ou a mudar a minha vida e a me trazer a paz. Depois precisei deixar aquela par\u00f3quia para vir aqui. Encontrei essa par\u00f3quia t\u00e3o grande, j\u00e1 adulto, j\u00e1 velho; mas essa \u00e9 tamb\u00e9m uma coisa que fa\u00e7o dia a dia com prazer, com alegria. Devo dizer que neste Caminho se descobre verdadeiramente a alegria de estar com o Senhor. Vi tamb\u00e9m uma outra coisa em todo este tempo: como esta forma de pregar o Evangelho agarra as pessoas afastadas e as aproxima de Deus.<\/p>\n\n<p><em>Profundamente comovido pelos testemunhos, o Santo Padre dirigiu \u00e0s comunidades as seguintes palavras:<\/em>&#013;\n&#013;\n&#8220;Vem sempre \u00e0 minha mente esta palavra que introduzi como palavra de vida para o ano mariano e para a Enc\u00edclica Redemptoris Mater. Esta palavra de Maria: &#8220;\u00c9s Bendita porque acreditaste no Senhor\u00ad&#8221;, eu a repito porque \u00e9 certamente central no caminho de f\u00e9 da Virgem. Sobre esta palavra fundamentei toda a Enc\u00edclica mariana. Fundamentada assim, pode servir para a Igreja e talvez tamb\u00e9m aos irm\u00e3os separados, porque Maria nos precede no caminho da f\u00e9. Quando vos encontro, vivo sempre um momento de surpresa, porque tantos de v\u00f3s dizem que v\u00eam de uma outra margem donde n\u00e3o se cr\u00ea, donde n\u00e3o se vive como crist\u00e3os\u00ad, donde, na verdade, nega-se a Deus e procura-se um outro programa de vida pessoal\u00ad e social. E depois encontraram este Caminho.<\/p>\n\n<div class=\"wp-block-image\"><figure class=\"alignleft size-medium\"><img loading=\"lazy\" decoding=\"async\" width=\"300\" height=\"247\" src=\"https:\/\/neocatechumenaleiter.org\/wp-content\/uploads\/2020\/03\/Camino_Neocatecumenal_Juan_Pablo_II_visita_parroquia_San_Cipriano_1989_2-300x247.jpg\" alt=\"\" class=\"wp-image-2216\" srcset=\"https:\/\/neocatechumenaleiter.org\/wp-content\/uploads\/2020\/03\/Camino_Neocatecumenal_Juan_Pablo_II_visita_parroquia_San_Cipriano_1989_2-300x247.jpg 300w, https:\/\/neocatechumenaleiter.org\/wp-content\/uploads\/2020\/03\/Camino_Neocatecumenal_Juan_Pablo_II_visita_parroquia_San_Cipriano_1989_2.jpg 688w\" sizes=\"auto, (max-width: 300px) 100vw, 300px\" \/><\/figure><\/div>\n\n<p>Eles entraram nesta estrada e dizem: &#8220;encontramos a alegria, encontramos a paz&#8221;. Car\u00edssimos, caminhais substancialmente\u00ad no interior desta par\u00f3quia. Caminhais no mundo contempor\u00e2neo, neste mundo hodierno, muito rico e opulento, avan\u00e7ado e seguro de si por causa de suas investiga\u00e7\u00f5es e de suas inven\u00e7\u00f5es. Caminhais neste mundo que ao mesmo tempo se cansa de caminhar\u00ad.&#013;\n&#013;\nAcredito que o carisma especial deste movimento, deste Caminho\u00ad, \u00e9 precisamente o de caminhar junto com os nossos contempor\u00e2neos\u00ad, com esses homens ricos e pobres ao mesmo tempo: andar entre eles e levar o testemunho de um outro caminho, de uma outra vida, de uma outra perspectiva. Este \u00e9 o caminho de Maria, o caminho de f\u00e9. Caminhais com Ela o mesmo caminho.<\/p>\n\n<p>Pensai sempre que v\u00f3s caminhais assim com Maria, que caminha com todos porque \u00e9 M\u00e3e: com a Igreja, com a cristandade, com os crist\u00e3os que dificilmente encontram unidade com um mundo dividido entre Leste e Oeste, Norte e Sul, pobres e ricos. O vosso carisma \u00e9 como o de Maria: caminhar\u00ad na f\u00e9 e levar na f\u00e9 o testemunho a todos, o testemunho\u00ad de uma outra possibilidade, de uma outra autorrealiza\u00e7\u00e3o. O homem quer se realizar e n\u00e3o consegue. A este homem se deve testemunhar a realiza\u00e7\u00e3o que Maria encontra em Cristo. Ele \u00e9 a verdadeira autorrealiza\u00e7\u00e3o\u00ad do homem. Porque Ele diz: &#8220;Eu sou o Caminho, a Verdade e a Vida&#8221;.<\/p>\n\n<p>Desejo que continueis nesta par\u00f3quia, nesta voca\u00e7\u00e3o e neste caminho&#8221;.<\/p>\n","protected":false},"excerpt":{"rendered":"<p>Visita \u00e0 par\u00f3quia de S\u00e3o Cipriano em Torrevecchia 22\/1\/1989 S\u00e3o Jo\u00e3o Paulo II Roma, 22 de janeiro de 1989. O Caminho Neocatecumenal, aberto em 1981, \u00e9 a experi\u00eancia religiosa mais forte entre aquelas que neste momento se desenvolvem na par\u00f3quia de S\u00e3o Cipriano. Aos integrantes das 5 comunidades, aproximadamente 150 irm\u00e3os, o Papa dedicou o \u00faltimo encontro da intensa visita. &#8220;Depois da missa na par\u00f3quia, Santo Padre, ser\u00e1 iniciada aqui<\/p>\n<div class=\"read-more\"><a class=\"btn read-more-btn\" href=\"https:\/\/neocatechumenaleiter.org\/pt-br\/palavras-dos-papas\/sao-joao-paulo-ii\/visita-do-papa-joao-paulo-ii-a-paroquia-de-sao-cipriano-em-torrevecchia-22-1-1989\/\">Ler mais<\/a><\/div>\n","protected":false},"author":2,"featured_media":0,"parent":4247,"menu_order":56,"comment_status":"closed","ping_status":"closed","template":"","meta":{"footnotes":""},"class_list":["post-7665","page","type-page","status-publish","hentry"],"_links":{"self":[{"href":"https:\/\/neocatechumenaleiter.org\/pt-br\/wp-json\/wp\/v2\/pages\/7665","targetHints":{"allow":["GET"]}}],"collection":[{"href":"https:\/\/neocatechumenaleiter.org\/pt-br\/wp-json\/wp\/v2\/pages"}],"about":[{"href":"https:\/\/neocatechumenaleiter.org\/pt-br\/wp-json\/wp\/v2\/types\/page"}],"author":[{"embeddable":true,"href":"https:\/\/neocatechumenaleiter.org\/pt-br\/wp-json\/wp\/v2\/users\/2"}],"replies":[{"embeddable":true,"href":"https:\/\/neocatechumenaleiter.org\/pt-br\/wp-json\/wp\/v2\/comments?post=7665"}],"version-history":[{"count":5,"href":"https:\/\/neocatechumenaleiter.org\/pt-br\/wp-json\/wp\/v2\/pages\/7665\/revisions"}],"predecessor-version":[{"id":9363,"href":"https:\/\/neocatechumenaleiter.org\/pt-br\/wp-json\/wp\/v2\/pages\/7665\/revisions\/9363"}],"up":[{"embeddable":true,"href":"https:\/\/neocatechumenaleiter.org\/pt-br\/wp-json\/wp\/v2\/pages\/4247"}],"wp:attachment":[{"href":"https:\/\/neocatechumenaleiter.org\/pt-br\/wp-json\/wp\/v2\/media?parent=7665"}],"curies":[{"name":"wp","href":"https:\/\/api.w.org\/{rel}","templated":true}]}}