{"id":7671,"date":"2020-04-21T04:41:02","date_gmt":"2020-04-21T03:41:02","guid":{"rendered":""},"modified":"2020-05-04T17:40:06","modified_gmt":"2020-05-04T16:40:06","slug":"vigilia-pascal-em-sao-pedro-solene-renovacao-das-promessas-batismais-da-1a-comunidade-de-sao-luiz-gonzaga-e-da-2a-comunidade-dos-martires-canadenses-ao-final-do-itinerario-neocatecumenal-26-3-1989","status":"publish","type":"page","link":"https:\/\/neocatechumenaleiter.org\/pt-br\/palavras-dos-papas\/sao-joao-paulo-ii\/vigilia-pascal-em-sao-pedro-solene-renovacao-das-promessas-batismais-da-1a-comunidade-de-sao-luiz-gonzaga-e-da-2a-comunidade-dos-martires-canadenses-ao-final-do-itinerario-neocatecumenal-26-3-1989\/","title":{"rendered":"Vig\u00edlia Pascal na Bas\u00edlica de S\u00e3o Pedro 26\/3\/1989"},"content":{"rendered":"\n<h1 class=\"has-text-align-center wp-block-heading\">Vig\u00edlia Pascal na Bas\u00edlica de S\u00e3o Pedro 26\/3\/1989<\/h1>\n\n<div style=\"height:20px\" aria-hidden=\"true\" class=\"wp-block-spacer\"><\/div>\n\n<h4 class=\"has-text-align-center wp-block-heading\">S\u00e3o Jo\u00e3o Paulo II<\/h4>\n\n<div style=\"height:20px\" aria-hidden=\"true\" class=\"wp-block-spacer\"><\/div>\n\n<p><strong>Cidade do Vaticano, 26 de mar\u00e7o de 1989.<\/strong><\/p>\n\n<p><em>Os irm\u00e3os das comunidades de S\u00e3o Luiz Gonzaga e dos M\u00e1rtires Canadenses renovaram solenemente\u00ad as promessas batismais ao t\u00e9rmino do itiner\u00e1rio Neocatecumenal. Estiveram acompanhados de seus catequistas: Kiko Arg\u00fcello, Carmen Hern\u00e1ndez, Pe. Mario Pezzi e da primeira comunidade dos M\u00e1rtires Canadenses.<\/em><\/p>\n\n<figure class=\"wp-block-image size-large\"><img loading=\"lazy\" decoding=\"async\" width=\"714\" height=\"569\" src=\"https:\/\/neocatechumenaleiter.org\/wp-content\/uploads\/2020\/03\/Camino_Neocatecumenal_Juan_Pablo_II_vigilia_pascual_hermanos_vestidura_blanca_1989.jpg\" alt=\"\" class=\"wp-image-2230\" srcset=\"https:\/\/neocatechumenaleiter.org\/wp-content\/uploads\/2020\/03\/Camino_Neocatecumenal_Juan_Pablo_II_vigilia_pascual_hermanos_vestidura_blanca_1989.jpg 714w, https:\/\/neocatechumenaleiter.org\/wp-content\/uploads\/2020\/03\/Camino_Neocatecumenal_Juan_Pablo_II_vigilia_pascual_hermanos_vestidura_blanca_1989-300x239.jpg 300w\" sizes=\"auto, (max-width: 714px) 100vw, 714px\" \/><\/figure>\n","protected":false},"excerpt":{"rendered":"<p>Vig\u00edlia Pascal na Bas\u00edlica de S\u00e3o Pedro 26\/3\/1989 S\u00e3o Jo\u00e3o Paulo II Cidade do Vaticano, 26 de mar\u00e7o de 1989. Os irm\u00e3os das comunidades de S\u00e3o Luiz Gonzaga e dos M\u00e1rtires Canadenses renovaram solenemente\u00ad as promessas batismais ao t\u00e9rmino do itiner\u00e1rio Neocatecumenal. Estiveram acompanhados de seus catequistas: Kiko Arg\u00fcello, Carmen Hern\u00e1ndez, Pe. Mario Pezzi e da primeira comunidade dos M\u00e1rtires Canadenses.<\/p>\n","protected":false},"author":2,"featured_media":0,"parent":4247,"menu_order":57,"comment_status":"closed","ping_status":"closed","template":"","meta":{"footnotes":""},"class_list":["post-7671","page","type-page","status-publish","hentry"],"_links":{"self":[{"href":"https:\/\/neocatechumenaleiter.org\/pt-br\/wp-json\/wp\/v2\/pages\/7671","targetHints":{"allow":["GET"]}}],"collection":[{"href":"https:\/\/neocatechumenaleiter.org\/pt-br\/wp-json\/wp\/v2\/pages"}],"about":[{"href":"https:\/\/neocatechumenaleiter.org\/pt-br\/wp-json\/wp\/v2\/types\/page"}],"author":[{"embeddable":true,"href":"https:\/\/neocatechumenaleiter.org\/pt-br\/wp-json\/wp\/v2\/users\/2"}],"replies":[{"embeddable":true,"href":"https:\/\/neocatechumenaleiter.org\/pt-br\/wp-json\/wp\/v2\/comments?post=7671"}],"version-history":[{"count":5,"href":"https:\/\/neocatechumenaleiter.org\/pt-br\/wp-json\/wp\/v2\/pages\/7671\/revisions"}],"predecessor-version":[{"id":9365,"href":"https:\/\/neocatechumenaleiter.org\/pt-br\/wp-json\/wp\/v2\/pages\/7671\/revisions\/9365"}],"up":[{"embeddable":true,"href":"https:\/\/neocatechumenaleiter.org\/pt-br\/wp-json\/wp\/v2\/pages\/4247"}],"wp:attachment":[{"href":"https:\/\/neocatechumenaleiter.org\/pt-br\/wp-json\/wp\/v2\/media?parent=7671"}],"curies":[{"name":"wp","href":"https:\/\/api.w.org\/{rel}","templated":true}]}}