{"id":7678,"date":"2020-04-21T04:47:20","date_gmt":"2020-04-21T03:47:20","guid":{"rendered":"https:\/\/neocatechumenaleiter.org\/palavras-dos-papas\/sao-joao-paulo-ii\/o-papa-abencoa-as-familias-polonesas-que-partem-para-a-missao-na-russia-8-11-1989\/"},"modified":"2020-05-04T17:41:31","modified_gmt":"2020-05-04T16:41:31","slug":"o-papa-abencoa-as-familias-polonesas-que-partem-para-a-missao-na-russia-8-11-1989","status":"publish","type":"page","link":"https:\/\/neocatechumenaleiter.org\/pt-br\/palavras-dos-papas\/sao-joao-paulo-ii\/o-papa-abencoa-as-familias-polonesas-que-partem-para-a-missao-na-russia-8-11-1989\/","title":{"rendered":"B\u00ean\u00e7\u00e3o \u00e0 uma fam\u00edlia polaca que parte para a miss\u00e3o na R\u00fassia 8\/11\/1989"},"content":{"rendered":"\n<h1 class=\"has-text-align-center wp-block-heading\">B\u00ean\u00e7\u00e3o \u00e0 uma fam\u00edlia polaca que parte para a miss\u00e3o na R\u00fassia 8\/11\/1989<\/h1>\n\n<div style=\"height:20px\" aria-hidden=\"true\" class=\"wp-block-spacer\"><\/div>\n\n<h4 class=\"has-text-align-center wp-block-heading\">S\u00e3o Jo\u00e3o Paulo II<\/h4>\n\n<div style=\"height:20px\" aria-hidden=\"true\" class=\"wp-block-spacer\"><\/div>\n\n<p><strong>Cidade do Vaticano, 8 de dezembro de 1989.<\/strong><\/p>\n\n<div class=\"wp-block-image\"><figure class=\"aligncenter size-large\"><img loading=\"lazy\" decoding=\"async\" width=\"347\" height=\"486\" src=\"https:\/\/neocatechumenaleiter.org\/wp-content\/uploads\/2020\/03\/Camino_Neocatecumenal_Juan_Pablo_II_envio_familia_mision_rusia_1989.jpg\" alt=\"\" class=\"wp-image-2240\" srcset=\"https:\/\/neocatechumenaleiter.org\/wp-content\/uploads\/2020\/03\/Camino_Neocatecumenal_Juan_Pablo_II_envio_familia_mision_rusia_1989.jpg 347w, https:\/\/neocatechumenaleiter.org\/wp-content\/uploads\/2020\/03\/Camino_Neocatecumenal_Juan_Pablo_II_envio_familia_mision_rusia_1989-214x300.jpg 214w\" sizes=\"auto, (max-width: 347px) 100vw, 347px\" \/><\/figure><\/div>\n","protected":false},"excerpt":{"rendered":"<p>B\u00ean\u00e7\u00e3o \u00e0 uma fam\u00edlia polaca que parte para a miss\u00e3o na R\u00fassia 8\/11\/1989 S\u00e3o Jo\u00e3o Paulo II Cidade do Vaticano, 8 de dezembro de 1989.<\/p>\n","protected":false},"author":2,"featured_media":0,"parent":4247,"menu_order":58,"comment_status":"closed","ping_status":"closed","template":"","meta":{"footnotes":""},"class_list":["post-7678","page","type-page","status-publish","hentry"],"_links":{"self":[{"href":"https:\/\/neocatechumenaleiter.org\/pt-br\/wp-json\/wp\/v2\/pages\/7678","targetHints":{"allow":["GET"]}}],"collection":[{"href":"https:\/\/neocatechumenaleiter.org\/pt-br\/wp-json\/wp\/v2\/pages"}],"about":[{"href":"https:\/\/neocatechumenaleiter.org\/pt-br\/wp-json\/wp\/v2\/types\/page"}],"author":[{"embeddable":true,"href":"https:\/\/neocatechumenaleiter.org\/pt-br\/wp-json\/wp\/v2\/users\/2"}],"replies":[{"embeddable":true,"href":"https:\/\/neocatechumenaleiter.org\/pt-br\/wp-json\/wp\/v2\/comments?post=7678"}],"version-history":[{"count":5,"href":"https:\/\/neocatechumenaleiter.org\/pt-br\/wp-json\/wp\/v2\/pages\/7678\/revisions"}],"predecessor-version":[{"id":9367,"href":"https:\/\/neocatechumenaleiter.org\/pt-br\/wp-json\/wp\/v2\/pages\/7678\/revisions\/9367"}],"up":[{"embeddable":true,"href":"https:\/\/neocatechumenaleiter.org\/pt-br\/wp-json\/wp\/v2\/pages\/4247"}],"wp:attachment":[{"href":"https:\/\/neocatechumenaleiter.org\/pt-br\/wp-json\/wp\/v2\/media?parent=7678"}],"curies":[{"name":"wp","href":"https:\/\/api.w.org\/{rel}","templated":true}]}}