{"id":7685,"date":"2020-04-21T05:00:27","date_gmt":"2020-04-21T04:00:27","guid":{"rendered":"https:\/\/neocatechumenaleiter.org\/palavras-dos-papas\/sao-joao-paulo-ii\/visita-do-papa-joao-paulo-ii-a-paroquia-dos-santos-fabiano-e-venancio-14-4-1990\/"},"modified":"2020-06-13T03:19:15","modified_gmt":"2020-06-13T02:19:15","slug":"visita-do-papa-joao-paulo-ii-a-paroquia-dos-santos-fabiano-e-venancio-14-4-1990","status":"publish","type":"page","link":"https:\/\/neocatechumenaleiter.org\/pt-br\/palavras-dos-papas\/sao-joao-paulo-ii\/visita-do-papa-joao-paulo-ii-a-paroquia-dos-santos-fabiano-e-venancio-14-4-1990\/","title":{"rendered":"Visita \u00e0 par\u00f3quia dos Santos Fabiano e Ven\u00e2ncio 14\/1\/1990"},"content":{"rendered":"\n<h1 class=\"has-text-align-center wp-block-heading\">Visita \u00e0 par\u00f3quia dos Santos Fabiano e Ven\u00e2ncio 14\/1\/1990<\/h1>\n\n<div style=\"height:20px\" aria-hidden=\"true\" class=\"wp-block-spacer\"><\/div>\n\n<h4 class=\"has-text-align-center wp-block-heading\">S\u00e3o Jo\u00e3o Paulo II<\/h4>\n\n<div style=\"height:20px\" aria-hidden=\"true\" class=\"wp-block-spacer\"><\/div>\n\n<div class=\"wp-block-image\"><figure class=\"alignleft size-medium\"><img loading=\"lazy\" decoding=\"async\" width=\"300\" height=\"253\" src=\"https:\/\/neocatechumenaleiter.org\/wp-content\/uploads\/2020\/03\/Camino_Neocatecumenal_Juan_Pablo_II_visita_parroquia_Santos_Fabian_Venancio_1990-300x253.jpg\" alt=\"\" class=\"wp-image-2265\" srcset=\"https:\/\/neocatechumenaleiter.org\/wp-content\/uploads\/2020\/03\/Camino_Neocatecumenal_Juan_Pablo_II_visita_parroquia_Santos_Fabian_Venancio_1990-300x253.jpg 300w, https:\/\/neocatechumenaleiter.org\/wp-content\/uploads\/2020\/03\/Camino_Neocatecumenal_Juan_Pablo_II_visita_parroquia_Santos_Fabian_Venancio_1990.jpg 661w\" sizes=\"auto, (max-width: 300px) 100vw, 300px\" \/><\/figure><\/div>\n\n<p><strong>Roma, 14 de janeiro de 1990.<\/strong><\/p>\n\n<p><em>&#8220;O mundo se abre, busca uma dimens\u00e3o humana<br\/>e mais crist\u00e3 e espera a resposta da verdade que \u00e9 Cristo&#8221;<\/em><\/p>\n\n<p><em>O encontro do Santo Padre com os numerosos representantes das comunidades neocatecumenais da par\u00f3quia foi festivo. Festivo sobretudo pela presen\u00e7a de tantas crian\u00e7as que, como de costume, sublinha a dimens\u00e3o da &#8220;fam\u00edlia&#8221; como um momento fundamental da comunidade\u00ad que percorre o Caminho Neocatecumenal.<\/em><\/p>\n\n<p><em>Depois de algumas palavras de apresenta\u00e7\u00e3o dirigidas por Giuseppe, um dos catequistas da comunidade\u00ad, o Santo Padre pronunciou o seguinte discurso:<\/em><\/p>\n\n<p>&#8220;Desejo-vos que o ano de 1990 seja um ano novo para o vosso Caminho. Certamente o ano anterior, o de 1989, deixou-nos muitas coisas surpreendentes, sobretudo na Europa. Muitos ambientes, muitos pa\u00edses abriram-se, mas tudo isso \u00e9 somente um desafio. Este mundo que se abre, que rompe com a tradi\u00e7\u00e3o menos crist\u00e3 e menos humana, buscando aquela crist\u00e3 e mais humana, espera, junto com suas popula\u00e7\u00f5es, a Palavra da Verdade, a Palavra do Evangelho, a Palavra da comunh\u00e3o com Cristo. Ao mesmo tempo n\u00f3s estamos aqui no Ocidente. <\/p>\n\n<div class=\"wp-block-image\"><figure class=\"alignright size-medium\"><img loading=\"lazy\" decoding=\"async\" width=\"300\" height=\"239\" src=\"https:\/\/neocatechumenaleiter.org\/wp-content\/uploads\/2020\/03\/Camino_Neocatecumenal_Juan_Pablo_II_visita_parroquia_Santos_Fabian_Venancio_1990_2-300x239.jpg\" alt=\"\" class=\"wp-image-2272\" srcset=\"https:\/\/neocatechumenaleiter.org\/wp-content\/uploads\/2020\/03\/Camino_Neocatecumenal_Juan_Pablo_II_visita_parroquia_Santos_Fabian_Venancio_1990_2-300x239.jpg 300w, https:\/\/neocatechumenaleiter.org\/wp-content\/uploads\/2020\/03\/Camino_Neocatecumenal_Juan_Pablo_II_visita_parroquia_Santos_Fabian_Venancio_1990_2.jpg 704w\" sizes=\"auto, (max-width: 300px) 100vw, 300px\" \/><\/figure><\/div>\n\n<p>Ontem falei aos Embaixadores credenciados \u00e0 Santa S\u00e9 e disse que este momento \u00e9 tamb\u00e9m um desafio para os pa\u00edses da Europa ocidental, porque eles tamb\u00e9m devem recuperar os verdadeiros valores, reencontrar as ra\u00edzes crist\u00e3s de suas identidades e ir na dire\u00e7\u00e3o de Cristo. Assim, car\u00edssimos, tendes muitos desafios diante de v\u00f3s.<\/p>\n\n<p>Desejo-vos que este ano novo seja um novo ano para o vosso Caminho, frutuoso com a gra\u00e7a do Senhor, com a luz do Esp\u00edrito Santo e com a presen\u00e7a da Virgem e M\u00e3e&#8221;.<\/p>\n\n<p><em>(*) Cfr. \u00abL\u2018Osservatore Romano\u00bb, 19 janeiro 1990.<\/em><\/p>\n","protected":false},"excerpt":{"rendered":"<p>Visita \u00e0 par\u00f3quia dos Santos Fabiano e Ven\u00e2ncio 14\/1\/1990 S\u00e3o Jo\u00e3o Paulo II Roma, 14 de janeiro de 1990. &#8220;O mundo se abre, busca uma dimens\u00e3o humanae mais crist\u00e3 e espera a resposta da verdade que \u00e9 Cristo&#8221; O encontro do Santo Padre com os numerosos representantes das comunidades neocatecumenais da par\u00f3quia foi festivo. Festivo sobretudo pela presen\u00e7a de tantas crian\u00e7as que, como de costume, sublinha a dimens\u00e3o da &#8220;fam\u00edlia&#8221;<\/p>\n<div class=\"read-more\"><a class=\"btn read-more-btn\" href=\"https:\/\/neocatechumenaleiter.org\/pt-br\/palavras-dos-papas\/sao-joao-paulo-ii\/visita-do-papa-joao-paulo-ii-a-paroquia-dos-santos-fabiano-e-venancio-14-4-1990\/\">Ler mais<\/a><\/div>\n","protected":false},"author":2,"featured_media":0,"parent":4247,"menu_order":60,"comment_status":"closed","ping_status":"closed","template":"","meta":{"footnotes":""},"class_list":["post-7685","page","type-page","status-publish","hentry"],"_links":{"self":[{"href":"https:\/\/neocatechumenaleiter.org\/pt-br\/wp-json\/wp\/v2\/pages\/7685","targetHints":{"allow":["GET"]}}],"collection":[{"href":"https:\/\/neocatechumenaleiter.org\/pt-br\/wp-json\/wp\/v2\/pages"}],"about":[{"href":"https:\/\/neocatechumenaleiter.org\/pt-br\/wp-json\/wp\/v2\/types\/page"}],"author":[{"embeddable":true,"href":"https:\/\/neocatechumenaleiter.org\/pt-br\/wp-json\/wp\/v2\/users\/2"}],"replies":[{"embeddable":true,"href":"https:\/\/neocatechumenaleiter.org\/pt-br\/wp-json\/wp\/v2\/comments?post=7685"}],"version-history":[{"count":7,"href":"https:\/\/neocatechumenaleiter.org\/pt-br\/wp-json\/wp\/v2\/pages\/7685\/revisions"}],"predecessor-version":[{"id":15797,"href":"https:\/\/neocatechumenaleiter.org\/pt-br\/wp-json\/wp\/v2\/pages\/7685\/revisions\/15797"}],"up":[{"embeddable":true,"href":"https:\/\/neocatechumenaleiter.org\/pt-br\/wp-json\/wp\/v2\/pages\/4247"}],"wp:attachment":[{"href":"https:\/\/neocatechumenaleiter.org\/pt-br\/wp-json\/wp\/v2\/media?parent=7685"}],"curies":[{"name":"wp","href":"https:\/\/api.w.org\/{rel}","templated":true}]}}