{"id":8168,"date":"2020-03-04T01:52:32","date_gmt":"2020-03-04T00:52:32","guid":{"rendered":"https:\/\/neocatechumenaleiter.org\/palavras-dos-papas\/sao-joao-paulo-ii\/audiencia-com-bispos-da-africa-31-1-1994\/"},"modified":"2021-08-10T11:03:39","modified_gmt":"2021-08-10T10:03:39","slug":"audiencia-com-bispos-da-africa-31-1-1994","status":"publish","type":"page","link":"https:\/\/neocatechumenaleiter.org\/pt-br\/palavras-dos-papas\/sao-joao-paulo-ii\/audiencia-com-bispos-da-africa-31-1-1994\/","title":{"rendered":"Audi\u00eancia com bispos da \u00c1frica 31\/1\/1994"},"content":{"rendered":"\n<h1 class=\"has-text-align-center wp-block-heading\">Audi\u00eancia com bispos da \u00c1frica 31\/1\/1994<\/h1>\n\n<div style=\"height:20px\" aria-hidden=\"true\" class=\"wp-block-spacer\"><\/div>\n\n<h4 class=\"has-text-align-center wp-block-heading\">S\u00e3o Jo\u00e3o Paulo II<\/h4>\n\n<div style=\"height:20px\" aria-hidden=\"true\" class=\"wp-block-spacer\"><\/div>\n\n<p><strong>Cidade do Vaticano \u2013 Sala Clementina, 31 de janeiro de 1994.<\/strong><\/p>\n\n<p>&#8220;Cem anos ap\u00f3s a primeira evangeliza\u00e7\u00e3o, fecundada pelo sangue dos m\u00e1rtires e pelo testemunho de muitos mission\u00e1rios, a \u00c1frica espera novos santos que levem o Evangelho encarnado neles, novos evangelizadores com os quais Cristo Ressuscitado aja confirmando sua palavra&#8221; \u2013 salientou Jo\u00e3o Paulo II aos cardeais e bispos de 30 pa\u00edses africanos que participam de um Congresso promovido pelo Caminho Neocatecumenal. <em>Durante o encontro, que ocorreu na manh\u00e3 da segunda-feira 31 de janeiro, na Sala Clementina, o Santo Padre pronunciou o seguinte discurso:<\/em><\/p>\n\n<p>&#8220;Venerados irm\u00e3os no episcopado!&#13;\nQuerid\u00edssimos irm\u00e3os e irm\u00e3s!<\/p>\n\n<p>1. Acolho-vos com alegria, querid\u00edssimos cardeais e bispos de 30 na\u00e7\u00f5es africanas, junto com os iniciadores do Caminho Neocatecumenal e numerosos catequistas itinerantes que trabalham no continente da \u00c1frica pelo Reino de Deus. A paz esteja com todos v\u00f3s. Nos umbrais do terceiro mil\u00eanio crist\u00e3o, v\u00f3s vos reunistes em Roma para pedir ao Senhor um novo impulso mission\u00e1rio em vista da Assembleia do S\u00ednodo dos Bispos da \u00c1frica, que ser\u00e1 celebrada no pr\u00f3ximo m\u00eas de abril. Tamb\u00e9m em vosso continente, jovem e din\u00e2mico, a Igreja espera com \u00e2nsia uma acolhida mais ampla e mais profunda das riquezas teol\u00f3gico-pastorais redescobertas pelo Conc\u00edlio Vaticano II. A humanidade de hoje necessita de um testemunho que toque o cora\u00e7\u00e3o. Somente assim nascer\u00e1 o homem novo. Somente assim n\u00e3o existir\u00e1 nem o judeu nem o grego, nem o escravo nem o livre, nem homem nem mulher, nem branco nem negro <em>(cfr. Col 3, 10s; Ga 3, 28)<\/em>. O homem novo supera a religiosidade natural, seu medo do divino e a cont\u00ednua tenta\u00e7\u00e3o de venerar a Deus com o \u00fanico fim de obter uma vida f\u00e1cil e segura. O homem &#8216;<em>naturalmente&#8217; <\/em>\u00a0religioso n\u00e3o conhece ainda a dimens\u00e3o profunda do Cristianismo.<\/p>\n\n<p>O continente africano est\u00e1 vivendo, a este respeito, um momento de alcance hist\u00f3rico. E isso representa para v\u00f3s um <em>\u201ctempo favor\u00e1vel\u201d<\/em>, amplamente esperando e preparado, no qual as comunidades eclesiais s\u00e3o chamadas a manifestar em plenitude seu\u00a0<em>\u2018caminhar juntas\u2019<\/em>. A iminente reuni\u00e3o certamente constitui um acontecimento providencial, que se insere na promissora esta\u00e7\u00e3o pastoral da Nova Evangeliza\u00e7\u00e3o. A \u00c1frica tamb\u00e9m necessita de um itiner\u00e1rio catecumenal que ultrapasse a religiosidade natural e conduza \u00e0 verdadeira f\u00e9. Na Igreja dos primeiros s\u00e9culos aconteceu isso com os povos da bacia do Mediterr\u00e2neo, fervorosos tamb\u00e9m de uma religiosidade natural e ao mesmo tempo dispostos a acolher a mensagem evang\u00e9lica. O Evangelho semeia no cora\u00e7\u00e3o do homem a caridade, o amor como Cristo nos amou, o amor divino, o amor total, o amor ao inimigo como fez Jesus, que deu sua vida por n\u00f3s quando \u00e9ramos inimigos de Deus <em>(cf. Rm 5, 10)<\/em>. O amor, que faz de homens distintos uma s\u00f3 coisa, para que o mundo creia que Jesus Cristo \u00e9 o enviado do Pai\u00a0<em>(cf. Jo 17).<\/em> Cem anos depois da primeira evangeliza\u00e7\u00e3o, fecundada pelo sangue dos m\u00e1rtires e pelo testemunho de tantos mission\u00e1rios, a \u00c1frica espera novos santos que levem o Evangelho encarnado neles, novos evangelizadores com os quais Cristo Ressuscitado aja confirmando sua palavra<em> (cf. Mc 16, 20)<\/em>.<\/p>\n\n<div class=\"wp-block-image\"><figure class=\"alignleft size-large\"><img loading=\"lazy\" decoding=\"async\" width=\"685\" height=\"557\" src=\"https:\/\/neocatechumenaleiter.org\/wp-content\/uploads\/2020\/03\/Camino_Neocatecumenal_Juan_Pablo_II_audiencia_obispos_africa_1994.jpg\" alt=\"\" class=\"wp-image-2567\" srcset=\"https:\/\/neocatechumenaleiter.org\/wp-content\/uploads\/2020\/03\/Camino_Neocatecumenal_Juan_Pablo_II_audiencia_obispos_africa_1994.jpg 685w, https:\/\/neocatechumenaleiter.org\/wp-content\/uploads\/2020\/03\/Camino_Neocatecumenal_Juan_Pablo_II_audiencia_obispos_africa_1994-300x244.jpg 300w\" sizes=\"auto, (max-width: 685px) 100vw, 685px\" \/><\/figure><\/div>\n\n<p> 2. Venerados irm\u00e3os no episcopado! Sendo bispos, sois acima de tudo \u2018ap\u00f3stolos\u2019, enviados a anunciar a Boa Nova! Sois os primeiros respons\u00e1veis do an\u00fancio de Cristo na Igreja. Tal responsabilidade comporta essencialmente duas aten\u00e7\u00f5es fundamentais: a primeira, que Cristo seja anunciado; a segunda, que o an\u00fancio, por assim dizer, \u2018tome corpo\u2019 na vida concreta das pessoas. Tocamos aqui um ponto central da pastoral: a chamada incultura\u00e7\u00e3o da f\u00e9.<\/p>\n\n<p>A evangeliza\u00e7\u00e3o, com efeito, se renova ali onde Cristo \u00e9 anunciado com o poder do Esp\u00edrito e ao mesmo tempo com sincero amor para com o homem e sua hist\u00f3ria. Pois bem, entre os instrumentos providenciais desta incultura\u00e7\u00e3o est\u00e1 tamb\u00e9m o Caminho Neocatecumenal. Vejo com alegria que em muitas de vossas dioceses, em culturas diversas, como na Z\u00e2mbia, no Zaire, na Costa do Marfim e em outras na\u00e7\u00f5es, produz seus frutos. Formaram-se pequenas comunidades nas quais a fam\u00edlia \u00e9 sustentada e ajudada em sua miss\u00e3o fundamental de proclamar Cristo levando a Cruz da salva\u00e7\u00e3o n\u2019Ele.<\/p>\n\n<p>3. O Pastor, enviado a discernir e valorizar os dons dispensados para o crescimento da comunidade, vigiar\u00e1, em especial, para que se estabele\u00e7am de modo oportuno a rela\u00e7\u00e3o entre o &#8220;kerigma&#8221; e a cultura local e a rela\u00e7\u00e3o entre as comunidades paroquiais. \u00c9 acima de tudo dever do bispo orientar as op\u00e7\u00f5es de fundo no Caminho Neocatecumenal, o qual, tendo nascido e se desenvolvido em ambientes europeus e latino-americanos, necessita da guia de iluminados pastores africanos ou de s\u00e1bios mission\u00e1rios para ser adaptado \u00e0s exig\u00eancias particulares e mission\u00e1rias das distintas na\u00e7\u00f5es.<\/p>\n\n<p>A respeito das relac\u00f5es intraeclesiais entre as comunidades neocatecumenais e a par\u00f3quia, a provid\u00eancia sai ao vosso encontro, queridos irm\u00e3os, justamente mediante a experi\u00eancia sinodal. <em>\u2018S\u00ednodo\u2019,<\/em> de fato, significa \u2018caminho feito juntos\u2019. O cristianismo, segundo a primitiva denomina\u00e7\u00e3o, \u00e9 ele mesmo o \u2018caminho\u2019. O itiner\u00e1rio Neocatecumenal, que escolheu este bonito nome de \u2018Caminho\u2019, se p\u00f5e a servi\u00e7o do redescobrimento do \u2018caminho\u2019 do Evangelho, acima de tudo para os que est\u00e3o afastados. Por isso, pode ser valorizado para a edifica\u00e7\u00e3o de uma par\u00f3quia capaz de formar adultos firmemente enxertados em Cristo, em sua palavra e em seus mist\u00e9rios. Penso nas exorta\u00e7\u00f5es do ap\u00f3stolo Paulo aos Tessalonicenses: \u2018N\u00e3o extingais o Esp\u00edrito\u2019 <em>(1Ts 5,19)<\/em> e aos Corintios:\u00a0<em>\u2018Fa\u00e7a-se tudo para a edifica\u00e7\u00e3o\u2019<\/em>\u00a0<em>(1Co 14, 26)<\/em>. \u00c9 necess\u00e1rio\u00a0<em>\u2019caminhar juntos\u2019<\/em>, harmonizando as comunidades e os grupos eclesiais em ordem ao crescimento de toda a comunidade paroquial sob a guia do p\u00e1roco e de seus colaboradores.<\/p>\n\n<p>O Caminho Neocatecumenal, bem inserido no plano pastoral da comunidade, em harmonia com os demais carismas que atuam nela, contribuir\u00e1 eficazmente para imprimir \u00e0s par\u00f3quias o estilo t\u00edpico da Nova Evangeliza\u00e7\u00e3o: estilo feito de essencialidade e de radicalidade de imers\u00e3o no mist\u00e9rio de Cristo morto e ressuscitado e de valente abertura \u00e0s necessidades do homem contempor\u00e2neo.<\/p>\n\n<p>4. De tal renovada a\u00e7\u00e3o mission\u00e1ria, a fam\u00edlia \u00e9 sem d\u00favida um sujeito prim\u00e1rio no duplo sentido de destinat\u00e1ria e ao mesmo tempo ve\u00edculo da Boa Not\u00edcia. Tal estupenda realidade, que se manifestou em seguida na comunidade primitiva, voltou \u00e0 plena evid\u00eancia depois do Concilio Vaticano II, e representa uma verdadeira estrutura de suporte da Igreja de toda \u00e9poca. N\u00e3o \u00e9 a fam\u00edlia o ber\u00e7o natural dos santos? N\u00e3o germinam as voca\u00e7\u00f5es mais facilmente em um n\u00facleo familiar fiel ao Evangelho?<\/p>\n\n<p>Dentro do Caminho Neocatecumenal, numerosas fam\u00edlias, impulsionadas pela for\u00e7a da palavra de Deus e pela participa\u00e7\u00e3o nos santos mist\u00e9rios, abra\u00e7aram com generosidade as exig\u00eancias da miss\u00e3o, oferecendo-vos uma ajuda preciosa a v\u00f3s pastores, que buscais n\u00e3o somente sacerdotes e catequistas, mas tamb\u00e9m c\u00f4njuges e fam\u00edlias capazes de prestar voz e cora\u00e7\u00e3o \u00e0 mensagem da salva\u00e7\u00e3o. Querid\u00edssimos, que vos auxilie e acompanhe em vosso esfor\u00e7o mission\u00e1rio Maria a Virgem do Caminho. Ela, que fez uma viagem para oferecer \u00e0 sua parente Isabel a plenitude de caridade e de gozo da qual estava repleta\u00a0<em>(cf. Lc 1,39-45)<\/em>, fa\u00e7a que vosso servi\u00e7o seja generoso e rico em frutos para a edifica\u00e7\u00e3o das comunidades eclesiais da \u00c1frica.<\/p>\n\n<p>Caminhai na fidelidade para com Cristo e com os irm\u00e3os. Caminhai juntos! Aben\u00e7oo-vos a todos de cora\u00e7\u00e3o\u201d.<\/p>\n\n<p><em>Terminado o discurso aos participantes no encontro dos bispos da \u00c1frica, o Papa acresceuntou:<\/em><\/p>\n\n<p>\u201cGostaria de oferecer a todos os presentes a b\u00ean\u00e7\u00e3o: aos pastores, a tantos bispos e sacerdotes, e aos representantes do laicado, sobretudo \u00e0s fam\u00edlias. Vejo muitos europeus, mas sobretudo se v\u00ea a cor negra! Nesta vez no Caminho Neocatecumenal a cor negra \u00e9 um sinal de esperan\u00e7a. Agrade\u00e7o-vos a visita e quero oferecer uma b\u00ean\u00e7\u00e3o a todos. Antes podemos recitar o \u00c2ngelus em latim. V\u00f3s estudais um pouco essa l\u00edngua&#8221;.&#13;\n<\/p>\n\n<p>\u2013 Ora\u00e7\u00e3o do \u00c2ngelus.<\/p>\n\n<p>Agora v\u00eam os cantos! Os cantos s\u00e3o um elemento indispens\u00e1vel em vosso Caminho, sobretudo quando Kiko est\u00e1 presente.<\/p>\n\n<p>\u2013 Canto: <em>\u2018Gra\u00e7as a Iahweh'&#8221;<\/em>.<\/p>\n","protected":false},"excerpt":{"rendered":"<p>Audi\u00eancia com bispos da \u00c1frica 31\/1\/1994 S\u00e3o Jo\u00e3o Paulo II Cidade do Vaticano \u2013 Sala Clementina, 31 de janeiro de 1994. &#8220;Cem anos ap\u00f3s a primeira evangeliza\u00e7\u00e3o, fecundada pelo sangue dos m\u00e1rtires e pelo testemunho de muitos mission\u00e1rios, a \u00c1frica espera novos santos que levem o Evangelho encarnado neles, novos evangelizadores com os quais Cristo Ressuscitado aja confirmando sua palavra&#8221; \u2013 salientou Jo\u00e3o Paulo II aos cardeais e bispos de<\/p>\n<div class=\"read-more\"><a class=\"btn read-more-btn\" href=\"https:\/\/neocatechumenaleiter.org\/pt-br\/palavras-dos-papas\/sao-joao-paulo-ii\/audiencia-com-bispos-da-africa-31-1-1994\/\">Ler mais<\/a><\/div>\n","protected":false},"author":2,"featured_media":0,"parent":4247,"menu_order":79,"comment_status":"closed","ping_status":"closed","template":"","meta":{"footnotes":""},"class_list":["post-8168","page","type-page","status-publish","hentry"],"_links":{"self":[{"href":"https:\/\/neocatechumenaleiter.org\/pt-br\/wp-json\/wp\/v2\/pages\/8168","targetHints":{"allow":["GET"]}}],"collection":[{"href":"https:\/\/neocatechumenaleiter.org\/pt-br\/wp-json\/wp\/v2\/pages"}],"about":[{"href":"https:\/\/neocatechumenaleiter.org\/pt-br\/wp-json\/wp\/v2\/types\/page"}],"author":[{"embeddable":true,"href":"https:\/\/neocatechumenaleiter.org\/pt-br\/wp-json\/wp\/v2\/users\/2"}],"replies":[{"embeddable":true,"href":"https:\/\/neocatechumenaleiter.org\/pt-br\/wp-json\/wp\/v2\/comments?post=8168"}],"version-history":[{"count":8,"href":"https:\/\/neocatechumenaleiter.org\/pt-br\/wp-json\/wp\/v2\/pages\/8168\/revisions"}],"predecessor-version":[{"id":24229,"href":"https:\/\/neocatechumenaleiter.org\/pt-br\/wp-json\/wp\/v2\/pages\/8168\/revisions\/24229"}],"up":[{"embeddable":true,"href":"https:\/\/neocatechumenaleiter.org\/pt-br\/wp-json\/wp\/v2\/pages\/4247"}],"wp:attachment":[{"href":"https:\/\/neocatechumenaleiter.org\/pt-br\/wp-json\/wp\/v2\/media?parent=8168"}],"curies":[{"name":"wp","href":"https:\/\/api.w.org\/{rel}","templated":true}]}}