{"id":8175,"date":"2020-03-04T01:48:56","date_gmt":"2020-03-04T00:48:56","guid":{"rendered":"https:\/\/neocatechumenaleiter.org\/palavras-dos-papas\/sao-joao-paulo-ii\/audiencia-com-catequistas-itinerantes-17-1-1994\/"},"modified":"2021-08-10T11:03:34","modified_gmt":"2021-08-10T10:03:34","slug":"audiencia-com-catequistas-itinerantes-17-1-1994","status":"publish","type":"page","link":"https:\/\/neocatechumenaleiter.org\/pt-br\/palavras-dos-papas\/sao-joao-paulo-ii\/audiencia-com-catequistas-itinerantes-17-1-1994\/","title":{"rendered":"Audi\u00eancia com catequistas itinerantes 17\/1\/1994"},"content":{"rendered":"\n<h1 class=\"has-text-align-center wp-block-heading\">Audi\u00eancia com catequistas itinerantes 17\/1\/1994<\/h1>\n\n<div style=\"height:20px\" aria-hidden=\"true\" class=\"wp-block-spacer\"><\/div>\n\n<h4 class=\"has-text-align-center wp-block-heading\">S\u00e3o Jo\u00e3o Paulo II<\/h4>\n\n<div style=\"height:20px\" aria-hidden=\"true\" class=\"wp-block-spacer\"><\/div>\n\n<p><strong>Cidade do Vaticano \u2013 Sala Clementina, 17 de janeiro de 1994.<\/strong><\/p>\n\n<p><em>Jo\u00e3o Paulo II recebeu em audi\u00eancia na Sala Clementina um grupo de catequistas itinerantes do Caminho Neocatecumenal.<\/em> <em>Este \u00e9 o texto do discurso que o Santo Padre lhes dirigiu:<\/em><\/p>\n\n<div class=\"wp-block-image\"><figure class=\"alignright size-large\"><img loading=\"lazy\" decoding=\"async\" width=\"690\" height=\"567\" src=\"https:\/\/neocatechumenaleiter.org\/wp-content\/uploads\/2020\/03\/Camino_Neocatecumenal_Juan_Pablo_II_audiencia_catequistas_itinerantes_1994.jpg\" alt=\"\" class=\"wp-image-2550\" srcset=\"https:\/\/neocatechumenaleiter.org\/wp-content\/uploads\/2020\/03\/Camino_Neocatecumenal_Juan_Pablo_II_audiencia_catequistas_itinerantes_1994.jpg 690w, https:\/\/neocatechumenaleiter.org\/wp-content\/uploads\/2020\/03\/Camino_Neocatecumenal_Juan_Pablo_II_audiencia_catequistas_itinerantes_1994-300x247.jpg 300w\" sizes=\"auto, (max-width: 690px) 100vw, 690px\" \/><\/figure><\/div>\n\n<p>Querid\u00edssimos Irm\u00e3os e Irm\u00e3s em Cristo!&#13;\n1. \u00c9 para mim um motivo de grande alegria encontrar-me convosco, experientes catequistas itinerantes do Caminho Neocatecumenal, que, junto com os\u00a0 iniciadores e os respons\u00e1veis, vos reunistes para rezar e refletir sobre os frutos e as perspectivas da miss\u00e3o que vos foi confiada, com especial aten\u00e7\u00e3o ao papel das fam\u00edlias no meio dos pobres. Sa\u00fado o Sr. Kiko Arg\u00fcello e lhe agrade\u00e7o as palavras que em vosso nome me dirigiu; sa\u00fado com afeto cada um de v\u00f3s. A paz do Senhor esteja convosco!<\/p>\n\n<p>2. Vosso &#8220;Caminho&#8221; quer beber no esp\u00edrito do Conc\u00edlio Vaticano II, para oferecer um exemplo de Nova Evangeliza\u00e7\u00e3o que d\u00e1 esperan\u00e7a \u00e0 Igreja \u00e0s v\u00e9speras do terceiro mil\u00eanio crist\u00e3o. \u00c9 m\u00e9rito vosso ter redescoberto um an\u00fancio querigm\u00e1tico, que convida \u00e0 f\u00e9 tamb\u00e9m os \u2018afastados\u2019, percorrendo um itiner\u00e1rio p\u00f3s-batismal segundo as indica\u00e7\u00f5es do <em>Ordo Initiationis Christianae Adultorum<\/em>, requeridas pelo Catecismo da Igreja Cat\u00f3lica\u00a0<em>(cf. n. 1231). <\/em>No centro de tal percurso h\u00e1 uma frut\u00edfera s\u00edntese entre prega\u00e7\u00e3o, mudan\u00e7a de vida moral e liturgia. Tudo isso se realiza em pequenas comunidades, nas quais \u2018a reflex\u00e3o sobre a palavra de Deus e a participa\u00e7\u00e3o na Eucaristia\u2026 formam c\u00e9lulas vivas da Igreja, renovam a vitalidade da par\u00f3quia mediante crist\u00e3os maduros capazes de testemunhar a verdade com uma f\u00e9 radicalmente vivida\u2019 (<em>Mensagem aos bispos da Europa reunidos em Viena, 12 de abril de 1993)<\/em>. Essas comunidades ajudam a experimentar a Igreja como corpo de Cristo no qual, mediante os sinais sacramentais, Deus estende sua a\u00e7\u00e3o salv\u00edfica aos homens de cada gera\u00e7\u00e3o, sobretudo \u00e0s fam\u00edlias.<\/p>\n\n<p>3. Hoje todos reconhecem a grave crise que acomete a fam\u00edlia e que est\u00e1 na origem dos males mais profundos da sociedade contempor\u00e2nea. Precisamente por isso, a Igreja, fazendo pr\u00f3pria a iniciativa das Na\u00e7\u00f5es Unidas, designou o ano de 1994 como o Ano da Fam\u00edlia. Vossa experi\u00eancia de muitos anos no \u2018Caminho\u2019 ter\u00e1 certamente vos ensinado que a pequena comunidade, sustentada pela palavra de Deus e a Eucaristia dominical, se converte em um lugar de comunh\u00e3o, no qual a fam\u00edlia encontra o sentido e a alegria de sua miss\u00e3o fundamental de transmitir a vida natural e a sobrenatural. A fam\u00edlia n\u00e3o pode delegar este dever fundamental a outros. Desde os tempos mais antigos vemos que, no povo de Deus, \u00e9 a fam\u00edlia quem se prop\u00f5e como primeiro \u00e2mbito de evangeliza\u00e7\u00e3o, segundo o que se l\u00ea no Deuteron\u00f4mio: &#8220;Essas palavras\u2026 tu as encucar\u00e1s aos teus filhos, e delas falar\u00e1s sentado em tua casa e andando em teu caminho, ao te deitares e ao te levantares&#8221; <em>(Dt 6,7)<\/em>. Vossas fam\u00edlias redescobrem a ora\u00e7\u00e3o di\u00e1ria com os filhos e sobretudo a celebra\u00e7\u00e3o dom\u00e9stica realizada no dia do Senhor, na qual o pai e a m\u00e3e abrem o Livro Sagrado, o leem e o comentam, e os filhos podem se abrir em um di\u00e1logo iluminado pelo Esp\u00edrito Santo. Dessa pr\u00e1tica se encontra um eco na carta em que Paulo recorda a Tim\u00f3teo como a m\u00e3e e a av\u00f3 desde sua inf\u00e2ncia o iniciaram nas sagradas escrituras <em>(cf. 2 Tim 1,5;3,14-15).<\/em><\/p>\n\n<p>4. Portanto, n\u00e3o \u00e9 dif\u00edcil, \u00e0 luz disso, constatar os frutos do Caminho Neocatecumenal: as fam\u00edlias reconciliadas, abertas \u00e0 vida e agradecidas \u00e0 Igreja, se oferecem para levar o an\u00fancio do Evangelho at\u00e9 os confins da terra. Eu mesmo pude em outras ocasi\u00f5es entregar o crucifixo a fam\u00edlias que partiam a regi\u00f5es mais pobres e descristianizadas. Delas est\u00e3o surgindo agora muit\u00edssimas voca\u00e7\u00f5es.&#13;\nMo\u00e7as que abra\u00e7am a vida religiosa e contemplativa; rapazes encaminhados ao sacerd\u00f3cio nos semin\u00e1rios locais e nos diocesanos mission\u00e1rios \u2018Redemptoris Mater\u2019, surgidos para ajudar \u00e0s Igrejas que, dada a escassez de clero, se encontram em grave dificuldade. Realiza-se assim o desejo do Vaticano II: \u2018Lembrem-se os presb\u00edteros que devem tomar a peito a solicitude por todas as Igrejas\u2026 Para isso, podem ser erigidos com utilidade alguns semin\u00e1rios internacionais \u2026\u2019 <em>(Presbiterorum Ordinis, 10).<\/em><\/p>\n\n<div class=\"wp-block-image\"><figure class=\"alignleft size-large\"><img loading=\"lazy\" decoding=\"async\" width=\"681\" height=\"558\" src=\"https:\/\/neocatechumenaleiter.org\/wp-content\/uploads\/2020\/03\/Camino_Neocatecumenal_Juan_Pablo_II_audiencia_catequistas_itinerantes_1994_2.jpg\" alt=\"\" class=\"wp-image-2557\" srcset=\"https:\/\/neocatechumenaleiter.org\/wp-content\/uploads\/2020\/03\/Camino_Neocatecumenal_Juan_Pablo_II_audiencia_catequistas_itinerantes_1994_2.jpg 681w, https:\/\/neocatechumenaleiter.org\/wp-content\/uploads\/2020\/03\/Camino_Neocatecumenal_Juan_Pablo_II_audiencia_catequistas_itinerantes_1994_2-300x246.jpg 300w\" sizes=\"auto, (max-width: 681px) 100vw, 681px\" \/><\/figure><\/div>\n\n<p>5. Mas sobretudo um grande fruto desse Caminho \u00e9 o impulso mission\u00e1rio. Alegra-me saber que as palavras que dirigi aos jovens em Denver encontraram eco em v\u00f3s. Dizia ent\u00e3o: \u2018N\u00e3o \u00e9 hora de envergonhar-se do Evangelho <em>(cf. Rm 1,16)<\/em>. \u00c9 hora de anunci\u00e1-lo dos telhados <em>(cf. Mt 10, 27)\u2019 (Homilia da Santa Missa na Jornada Mundial da Juventude em Denver, 15 de agosto de 1993).<\/em> Por isso estais vos preparando para fazer grandes miss\u00f5es populares, dirigidas especialmente aos que se afastaram da Igreja ou ainda n\u00e3o a conhecem. Desejo que a iniciativa de anunciar o Evangelho pelas ruas, desenvolvida em pleno acordo com os bispos locais, d\u00ea em todo lugar frutos abundantes.&#13;\n&#13;\n6. Querid\u00edssimos evangelizadores itinerantes! Dirijo-me com grande afeto a v\u00f3s, que deixastes tudo para anunciar a Cristo, e Cristo crucificado, em 94 pa\u00edses dos 5 continentes, em d\u00f3cil e constante obedi\u00eancia aos bispos. Exorto-vos a permanecer sempre fi\u00e9is ao carisma que Deus vos confiou para o bem de toda a comunidade eclesial, contribuindo com vossa obra a um mais profundo redescobrimento da inicia\u00e7\u00e3o crist\u00e3 dos adultos. Enquanto vos asseguro minha constante lembran\u00e7a na ora\u00e7\u00e3o, estou feliz hoje, em um clima de comunh\u00e3o festiva, em entregar o crucifixo \u00e0queles dentre v\u00f3s que s\u00e3o chamados a ser evangelizadores itinerantes. Que Maria Sant\u00edssima, humilde Virgem de Nazar\u00e9, vos acompanhe em vosso peregrinar pelo mundo para anunciar o Reino de Deus. Permanecei todos sob sua prote\u00e7\u00e3o materna! De cora\u00e7\u00e3o concedo a v\u00f3s, a vossas fam\u00edlias e ao Caminho Neocatecumenal, a B\u00ean\u00e7\u00e3o Apost\u00f3lica\u201d.<\/p>\n\n<p>Na sauda\u00e7\u00e3o dirigida a Jo\u00e3o Paulo II no come\u00e7o da audi\u00eancia, o iniciador do Caminho Neocatecumenal, Kiko Arg\u00fcello, relembrou acima de tudo os frutos da extraordin\u00e1ria experi\u00eancia realizada por trinta mil jovens do \u201cCaminho\u201d durante a reuni\u00e3o mundial de Denver, que ocorreu em agosto do ano passado por ocasi\u00e3o da VIII Jornada Mundial da Juventude. Ap\u00f3s aquele encontro, mil e duzentos rapazes decidiram entrar no semin\u00e1rio e mil mo\u00e7as optaram pela vida mon\u00e1stica de clausura.&#13;\n\u201cA partir de Denver &#8211; disse &#8211; se produziu verdadeiramente um giro na Igreja. Em Denver houve uma gra\u00e7a especial do Esp\u00edrito Santo, e os jovens foram tocados sobretudo pela palavra do Santo Padre\u201d.<\/p>\n\n<p><em>Kiko Arg\u00fcello depois apresentou ao Papa os respons\u00e1veis itinerantes de 94 na\u00e7\u00f5es dos 5 continentes, que participaram em um encontro de 7 dias sobre a realidade do \u201cCaminho\u201d, sobre os frutos das fam\u00edlias em miss\u00e3o (400 em todo o mundo) e sobre os semin\u00e1rios \u2018Redemptoris Mater\u2019 (25 j\u00e1 abertos em diversos pa\u00edses), cujos reitores estavam presentes na audi\u00eancia.<\/em> Passaram-se 7 <em>anos desde que as primeiras fam\u00edlias do Caminho partiram em miss\u00e3o para os pa\u00edses mais pobres da Am\u00e9rica Latina. Hoje, a obra de evangeliza\u00e7\u00e3o realizada produziu frutos abundantes nas par\u00f3quias, nos semin\u00e1rios, nas \u00a0fam\u00edlias, em realidades pol\u00edticas e sociais dif\u00edceis de hostis \u00e0 f\u00e9.<\/em> \u201cEstamos plenamente convencidos \u2013 disse Kiko Arg\u00fcello \u2013 de que o futuro da humanidade passa pela fam\u00edlia. Crescendo na f\u00e9, as fam\u00edlias se abrem \u00e0 vida e transmitem aos filhos a novidade e a alegria da mensagem crist\u00e3. A esta importante obra de evangeliza\u00e7\u00e3o o Caminho Neocatecumenal oferece um apoio constante, sabendo \u2013 como disse Arg\u00fcello \u2013 que \u2018a pequena comunidade\u2019 poder\u00e1 salvar a fam\u00edlia na Europa\u201d.<\/p>\n","protected":false},"excerpt":{"rendered":"<p>Audi\u00eancia com catequistas itinerantes 17\/1\/1994 S\u00e3o Jo\u00e3o Paulo II Cidade do Vaticano \u2013 Sala Clementina, 17 de janeiro de 1994. Jo\u00e3o Paulo II recebeu em audi\u00eancia na Sala Clementina um grupo de catequistas itinerantes do Caminho Neocatecumenal. Este \u00e9 o texto do discurso que o Santo Padre lhes dirigiu: Querid\u00edssimos Irm\u00e3os e Irm\u00e3s em Cristo!&#13; 1. \u00c9 para mim um motivo de grande alegria encontrar-me convosco, experientes catequistas itinerantes do<\/p>\n<div class=\"read-more\"><a class=\"btn read-more-btn\" href=\"https:\/\/neocatechumenaleiter.org\/pt-br\/palavras-dos-papas\/sao-joao-paulo-ii\/audiencia-com-catequistas-itinerantes-17-1-1994\/\">Ler mais<\/a><\/div>\n","protected":false},"author":2,"featured_media":0,"parent":4247,"menu_order":78,"comment_status":"closed","ping_status":"closed","template":"","meta":{"footnotes":""},"class_list":["post-8175","page","type-page","status-publish","hentry"],"_links":{"self":[{"href":"https:\/\/neocatechumenaleiter.org\/pt-br\/wp-json\/wp\/v2\/pages\/8175","targetHints":{"allow":["GET"]}}],"collection":[{"href":"https:\/\/neocatechumenaleiter.org\/pt-br\/wp-json\/wp\/v2\/pages"}],"about":[{"href":"https:\/\/neocatechumenaleiter.org\/pt-br\/wp-json\/wp\/v2\/types\/page"}],"author":[{"embeddable":true,"href":"https:\/\/neocatechumenaleiter.org\/pt-br\/wp-json\/wp\/v2\/users\/2"}],"replies":[{"embeddable":true,"href":"https:\/\/neocatechumenaleiter.org\/pt-br\/wp-json\/wp\/v2\/comments?post=8175"}],"version-history":[{"count":6,"href":"https:\/\/neocatechumenaleiter.org\/pt-br\/wp-json\/wp\/v2\/pages\/8175\/revisions"}],"predecessor-version":[{"id":24219,"href":"https:\/\/neocatechumenaleiter.org\/pt-br\/wp-json\/wp\/v2\/pages\/8175\/revisions\/24219"}],"up":[{"embeddable":true,"href":"https:\/\/neocatechumenaleiter.org\/pt-br\/wp-json\/wp\/v2\/pages\/4247"}],"wp:attachment":[{"href":"https:\/\/neocatechumenaleiter.org\/pt-br\/wp-json\/wp\/v2\/media?parent=8175"}],"curies":[{"name":"wp","href":"https:\/\/api.w.org\/{rel}","templated":true}]}}