{"id":8187,"date":"2020-03-04T00:43:23","date_gmt":"2020-03-03T23:43:23","guid":{"rendered":"https:\/\/neocatechumenaleiter.org\/palavras-dos-papas\/sao-joao-paulo-ii\/ordenacao-sacerdotal-de-29-diaconos-2-5-1993\/"},"modified":"2021-08-10T11:03:10","modified_gmt":"2021-08-10T10:03:10","slug":"ordenacao-sacerdotal-de-29-diaconos-2-5-1993","status":"publish","type":"page","link":"https:\/\/neocatechumenaleiter.org\/pt-br\/palavras-dos-papas\/sao-joao-paulo-ii\/ordenacao-sacerdotal-de-29-diaconos-2-5-1993\/","title":{"rendered":"Ordena\u00e7\u00e3o sacerdotal de 29 di\u00e1conos 2\/5\/1993"},"content":{"rendered":"\n<h1 class=\"has-text-align-center wp-block-heading\">Ordena\u00e7\u00e3o sacerdotal de 29 di\u00e1conos 2\/5\/1993<\/h1>\n\n<div style=\"height:20px\" aria-hidden=\"true\" class=\"wp-block-spacer\"><\/div>\n\n<h4 class=\"has-text-align-center wp-block-heading\">S\u00e3o Jo\u00e3o Paulo II<\/h4>\n\n<div style=\"height:20px\" aria-hidden=\"true\" class=\"wp-block-spacer\"><\/div>\n\n<div class=\"wp-block-image\"><figure class=\"alignleft size-medium\"><img loading=\"lazy\" decoding=\"async\" width=\"300\" height=\"245\" src=\"https:\/\/neocatechumenaleiter.org\/wp-content\/uploads\/2020\/03\/Camino_Neocatecumenal_Juan_Pablo_II_ordenacion_sacerdotal_1993-300x245.jpg\" alt=\"\" class=\"wp-image-2470\" srcset=\"https:\/\/neocatechumenaleiter.org\/wp-content\/uploads\/2020\/03\/Camino_Neocatecumenal_Juan_Pablo_II_ordenacion_sacerdotal_1993-300x245.jpg 300w, https:\/\/neocatechumenaleiter.org\/wp-content\/uploads\/2020\/03\/Camino_Neocatecumenal_Juan_Pablo_II_ordenacion_sacerdotal_1993.jpg 696w\" sizes=\"auto, (max-width: 300px) 100vw, 300px\" \/><\/figure><\/div>\n\n<p><strong>S\u00e3o Pedro, 2 de maio de 1993.<\/strong><\/p>\n\n<p><em>Domingo 2 de mai<\/em><em>o, XXX Jornada Mundial de Ora\u00e7\u00e3o pelas Voca\u00e7\u00f5es. Jo\u00e3o Paulo II conferiu a ordena\u00e7\u00e3o presbiteral a 29 di\u00e1conos da diocese de Roma (dos quais 16 foram\u00a0 formados no Semin\u00e1rio \u201cRedemptoris Mater\u201d de Roma). O solene rito aconteceu na Bas\u00edlica de S\u00e3o Pedro com a presen\u00e7a de uma grande assembleia de familiares e amigos dos novos sacerdotes.<\/em> O<em> reitor do \u201cRedemptoris Mater\u201d, o bispo mons. Giulio Salimei, acompanhou a celebra\u00e7\u00e3o em uma cadeira de rodas, junto a outros prelados \u2013 entre os quais se encontrava mons. Josef Cordes, vice-presidente do Pontif\u00edcio Conselho para os Leigos e encarregado de acompanhar o apostolado das comunidades neocatecumenais. Estavam presentes tamb\u00e9m Kiko Arg\u00fcello, iniciador do Caminho Neocatecumenal e promotor dos Centros de Forma\u00e7\u00e3o Presbiteral \u201cRedemptoris Mater\u201d, que se configuram como semin\u00e1rios diocesanos internacionais mission\u00e1rios (atualmente em funcionamento existem 20 na Am\u00e9rica, Europa, Asia e Oceania e outros que est\u00e3o iniciando) e Carmen Hern\u00e1ndez, sua companheira de aventura espiritual.<\/em> <em>Antes de conferir aos candidatos o sacramento da Ordem, o Papa lhes dirigiu a seguinte homilia:<\/em><\/p>\n\n<p>&#8220;1. &#8216;Eu sou a porta das ovelhas&#8217; <em>(Jo 10,7)<\/em>. A liturgia pascal do Bom Pastor se expressa com duas imagens, que se complementam entre si. A do pastor, acima de tudo. Cristo diz de si mesmo: &#8216;Eu sou o Bom Pastor&#8217; (Jo 10,11). Tanto o salmo responsorial como o fragmento da primeira carta de S\u00e3o Pedro desenvolvem esta imagem lit\u00fargica: o Bom Pastor guia seu rebanho aos pastos de erva fresca, se preocupa em que as ovelhas tenham a comida e a bebida no momento necess\u00e1rio, as protege nos lugares perigosos, as defende diante do inimigo. O Bom Pastor est\u00e1 disposto inclusive a oferecer sua vida pelas ovelhas. Precisamente sobre esse pensamento se det\u00e9m a primeira carta de S\u00e3o Pedro. Nela se fala dos sofrimentos de Cristo, que &#8216;sobre o madeiro, levou os nossos pecados em seu pr\u00f3prio corpo, a fim de que, mortos para os nossos pecados, viv\u00eassemos para a justi\u00e7a. Por suas feridas fostes curados&#8217; <em>(1Pe 2,24-25).<\/em><\/p>\n\n<div class=\"wp-block-image\"><figure class=\"alignright size-large\"><img loading=\"lazy\" decoding=\"async\" width=\"498\" height=\"321\" src=\"https:\/\/neocatechumenaleiter.org\/wp-content\/uploads\/2020\/03\/Camino_Neocatecumenal_Juan_Pablo_II_ordenacion_sacerdotal_1993_2.jpg\" alt=\"\" class=\"wp-image-2481\" srcset=\"https:\/\/neocatechumenaleiter.org\/wp-content\/uploads\/2020\/03\/Camino_Neocatecumenal_Juan_Pablo_II_ordenacion_sacerdotal_1993_2.jpg 498w, https:\/\/neocatechumenaleiter.org\/wp-content\/uploads\/2020\/03\/Camino_Neocatecumenal_Juan_Pablo_II_ordenacion_sacerdotal_1993_2-300x193.jpg 300w\" sizes=\"auto, (max-width: 498px) 100vw, 498px\" \/><\/figure><\/div>\n\n<p>2. E \u00e9 justamente aqui onde entra no conjunto do pensamento da liturgia a segunda imagem: a de Cristo &#8216;porta das ovelhas&#8217;. O Bom Pastor n\u00e3o somente guia seu rebanho, convidando-o a a seguir suas pegadas\u00a0<em>(cf. Jo 10,4) \u2013<\/em> Ele o introduz tamb\u00e9m atrav\u00e9s da porta. H\u00e1, portanto, um lugar que serve de ref\u00fagio para o rebanho. \u00c9 um lugar de abrigo, onde as ovelhas habitam e repousam depois das fadigas do caminho. O Bom Pastor n\u00e3o somente as introduz nesse ref\u00fagio \u2013 Ele mesmo \u00e9 a porta.&#13;\nCristo diz: &#8216;Eu sou a porta das ovelhas\u2026 se algu\u00e9m entrar por mim, ser\u00e1 salvo&#8217; <em>(Jo 10,7.9).<\/em> &#8216;Salvo&#8217;, quer dizer, ter\u00e1 a vida e a ter\u00e1 em abund\u00e2ncia <em>(cf. Jo 10,10).<\/em>&#13;\nCristo, Bom Pastor, se transformou na porta de salva\u00e7\u00e3o da humanidade, porque &#8216;carregou nossos pecados\u2026 sobre o madeiro da cruz&#8217; <em>(1Pe 2,24).<\/em><\/p>\n\n<p>3. Aqueles que escutaram o ap\u00f3stolo Pedro no dia de Pentecostes perguntavam sobretudo pela porta atrav\u00e9s da qual tinham que passar para chegar \u00e0 salva\u00e7\u00e3o. A pergunta era: &#8216;Que devemos fazer, irm\u00e3os?&#8217; <em>(At 2,37).<\/em> E a resposta de Pedro: &#8216;Arrependei-vos, e cada um de v\u00f3s seja batizado em nome de Jesus Cristo, para a remiss\u00e3o dos vossos pecados&#8217; <em>(At 2,38).<\/em> Portanto, est\u00e1 claro: entrar atrav\u00e9s da porta que \u00e9 Cristo significa converter-se. Converter-se, por sua vez, significa: receber o Batismo. O Batismo \u00e9 a porta da Igreja. Atrav\u00e9s dessa porta o homem \u00e9 introduzido na salva\u00e7\u00e3o obtida pelo sangue de Cristo. Cristo instituiu o Batismo. Ele mesmo \u2013 crucificado e ressuscitado \u2013 \u00e9 a porta da salva\u00e7\u00e3o dos homens por meio do Batismo. No Batismo recebemos o dom do Esp\u00edrito Santo. Quando os homens \u2013 que sem sua culpa ignoram este caminho de salva\u00e7\u00e3o e esta porta \u2013 recebem tamb\u00e9m o Esp\u00edrito Santo, ent\u00e3o Cristo se converte tamb\u00e9m para eles na porta. Abaixo do c\u00e9u n\u00e3o h\u00e1 mais ningu\u00e9m\u00a0 por quem possamos nos salvar <em>(cf. At 4,12).<\/em> Cristo \u00e9 o \u00fanico mediador entre Deus e os homens.<\/p>\n\n<div class=\"wp-block-image\"><figure class=\"alignright size-large\"><img loading=\"lazy\" decoding=\"async\" width=\"400\" height=\"328\" src=\"https:\/\/neocatechumenaleiter.org\/wp-content\/uploads\/2020\/03\/Camino_Neocatecumenal_Juan_Pablo_II_ordenacion_sacerdotal_1993_3.jpg\" alt=\"\" class=\"wp-image-2488\" srcset=\"https:\/\/neocatechumenaleiter.org\/wp-content\/uploads\/2020\/03\/Camino_Neocatecumenal_Juan_Pablo_II_ordenacion_sacerdotal_1993_3.jpg 400w, https:\/\/neocatechumenaleiter.org\/wp-content\/uploads\/2020\/03\/Camino_Neocatecumenal_Juan_Pablo_II_ordenacion_sacerdotal_1993_3-300x246.jpg 300w\" sizes=\"auto, (max-width: 400px) 100vw, 400px\" \/><\/figure><\/div>\n\n<p>4. Hoje, na Bas\u00edlica de S\u00e3o Pedro, recebem a ordena\u00e7\u00e3o sacerdotal os di\u00e1conos da Igreja que est\u00e1 em Roma. Nesta Roma, na qual no princ\u00edpio de uma longa s\u00e9rie de pastores e bispos se encontra Pedro, ap\u00f3stolo de Cristo, sua testemunha at\u00e9 derramar seu sangue. Ele foi o primeiro que converteu as &#8216;ovelhas perdidas&#8217; do mundo antigo a Cristo \u201cPastor e Guarda de nossas almas\u201d <em>(cf. 1Pe 2,25).<\/em>&#13;\nSereis ordenados, filhos queridos, no ano em que se conclui o S\u00ednodo diocesano de Roma: S\u00ednodo de cujo ensinamento e esp\u00edrito de comunh\u00e3o e de miss\u00e3o estais chamados a ser int\u00e9rpretes e servidores fi\u00e9is. Nesse eloquente contexto sinodal o dom do Esp\u00edrito Santo, que vos configura a Cristo Bom Pastor, vos d\u00ea a for\u00e7a de ser, no meio de vossos irm\u00e3os, anunciadores e testemunhas veross\u00edmeis do Evangelho, palavra de verdade e de vida: espera-vos esta cidade de Roma, que quer receber Cristo atrav\u00e9s de vosso minist\u00e9rio, espera-vos o vasto mundo que est\u00e1 ligado misteriosamente a esta cidade. O Pontif\u00edcio Semin\u00e1rio Romano, o Semin\u00e1rio &#8216;Redemptoris Mater&#8217; e o Centro de Forma\u00e7\u00e3o Presbiteral do Santu\u00e1rio da Virgem do Divino Amor, onde recebestes vossa forma\u00e7\u00e3o, hoje se alegram convosco e convosco d\u00e3o gra\u00e7as a Deus, reunidos nesta Bas\u00edlica junto \u00e0queles que, por la\u00e7os de sangue, de amizade e de pertencimento eclesial, percorreram pr\u00f3ximos a v\u00f3s o caminho que vos conduziu ao presbiterato. A gra\u00e7a deste dia transborda tamb\u00e9m sobre vossos Semin\u00e1rios, sobre vossas fam\u00edlias, sobre vossos amigos e sobre toda a Igreja de Deus que est\u00e1 em Roma.<\/p>\n\n<p>5. Queridos novos sacerdotes! A imposi\u00e7\u00e3o das m\u00e3os e a ora\u00e7\u00e3o daquele que, em Roma, \u00e9 indigno sucessor de Pedro, vos transmitem a gra\u00e7a e o car\u00e1ter sacramental do sacerd\u00f3cio ministerial. Todo bispo cumpre seu minist\u00e9rio como &#8216;vig\u00e1rio de Cristo&#8217;. O bispo de Roma, na hist\u00f3ria, tamb\u00e9m era chamado &#8216;vig\u00e1rio de Pedro&#8217;. Ao receber a ordena\u00e7\u00e3o, meditai profundamente sobre o mist\u00e9rio do pastor, que \u00e9 a porta das ovelhas, para que sejais cada vez mais dignos do tesouro que vos foi confiado. Aquele que come\u00e7ou em v\u00f3s esta boa obra, que a leve tamb\u00e9m a seu cumprimento. Am\u00e9m!&#8221;.<\/p>\n","protected":false},"excerpt":{"rendered":"<p>Ordena\u00e7\u00e3o sacerdotal de 29 di\u00e1conos 2\/5\/1993 S\u00e3o Jo\u00e3o Paulo II S\u00e3o Pedro, 2 de maio de 1993. Domingo 2 de maio, XXX Jornada Mundial de Ora\u00e7\u00e3o pelas Voca\u00e7\u00f5es. Jo\u00e3o Paulo II conferiu a ordena\u00e7\u00e3o presbiteral a 29 di\u00e1conos da diocese de Roma (dos quais 16 foram\u00a0 formados no Semin\u00e1rio \u201cRedemptoris Mater\u201d de Roma). O solene rito aconteceu na Bas\u00edlica de S\u00e3o Pedro com a presen\u00e7a de uma grande assembleia de<\/p>\n<div class=\"read-more\"><a class=\"btn read-more-btn\" href=\"https:\/\/neocatechumenaleiter.org\/pt-br\/palavras-dos-papas\/sao-joao-paulo-ii\/ordenacao-sacerdotal-de-29-diaconos-2-5-1993\/\">Ler mais<\/a><\/div>\n","protected":false},"author":2,"featured_media":0,"parent":4247,"menu_order":74,"comment_status":"closed","ping_status":"closed","template":"","meta":{"footnotes":""},"class_list":["post-8187","page","type-page","status-publish","hentry"],"_links":{"self":[{"href":"https:\/\/neocatechumenaleiter.org\/pt-br\/wp-json\/wp\/v2\/pages\/8187","targetHints":{"allow":["GET"]}}],"collection":[{"href":"https:\/\/neocatechumenaleiter.org\/pt-br\/wp-json\/wp\/v2\/pages"}],"about":[{"href":"https:\/\/neocatechumenaleiter.org\/pt-br\/wp-json\/wp\/v2\/types\/page"}],"author":[{"embeddable":true,"href":"https:\/\/neocatechumenaleiter.org\/pt-br\/wp-json\/wp\/v2\/users\/2"}],"replies":[{"embeddable":true,"href":"https:\/\/neocatechumenaleiter.org\/pt-br\/wp-json\/wp\/v2\/comments?post=8187"}],"version-history":[{"count":8,"href":"https:\/\/neocatechumenaleiter.org\/pt-br\/wp-json\/wp\/v2\/pages\/8187\/revisions"}],"predecessor-version":[{"id":24172,"href":"https:\/\/neocatechumenaleiter.org\/pt-br\/wp-json\/wp\/v2\/pages\/8187\/revisions\/24172"}],"up":[{"embeddable":true,"href":"https:\/\/neocatechumenaleiter.org\/pt-br\/wp-json\/wp\/v2\/pages\/4247"}],"wp:attachment":[{"href":"https:\/\/neocatechumenaleiter.org\/pt-br\/wp-json\/wp\/v2\/media?parent=8187"}],"curies":[{"name":"wp","href":"https:\/\/api.w.org\/{rel}","templated":true}]}}