{"id":8199,"date":"2020-03-04T00:46:49","date_gmt":"2020-03-03T23:46:49","guid":{"rendered":"https:\/\/neocatechumenaleiter.org\/palavras-dos-papas\/sao-joao-paulo-ii\/visita-pastoral-a-macerata-foligno-e-gran-sasso-19-6-1993\/"},"modified":"2021-08-10T11:03:16","modified_gmt":"2021-08-10T10:03:16","slug":"visita-pastoral-a-macerata-foligno-e-gran-sasso-19-6-1993","status":"publish","type":"page","link":"https:\/\/neocatechumenaleiter.org\/pt-br\/palavras-dos-papas\/sao-joao-paulo-ii\/visita-pastoral-a-macerata-foligno-e-gran-sasso-19-6-1993\/","title":{"rendered":"Visita pastoral a Macerata, Foligno e Gran Sasso 19\/6\/1993"},"content":{"rendered":"\n<h1 class=\"has-text-align-center wp-block-heading\">Visita pastoral a Macerata, Foligno e Gran Sasso 19\/6\/1993<\/h1>\n\n<div style=\"height:20px\" aria-hidden=\"true\" class=\"wp-block-spacer\"><\/div>\n\n<h4 class=\"has-text-align-center wp-block-heading\">S\u00e3o Jo\u00e3o Paulo II<\/h4>\n\n<div style=\"height:20px\" aria-hidden=\"true\" class=\"wp-block-spacer\"><\/div>\n\n<p><strong>S\u00e1bado, 19, e domingo, 20 de junho de 1993.<\/strong><\/p>\n\n<p><em>Francisco Tarsicio Carboni, bispo de Macerata, escreveu:<\/em><\/p>\n\n<p><p style=\"text-align: justify; background: white; margin: 0cm 0cm 18.0pt 0cm;\"><span style=\"color: #2f2e2e;\">Jo\u00e3o Paulo II, no dia 13 de setembro de 1992, escreveu-me: \u201cComo amo tanto a China e meu interesse por essa Igreja \u2018<\/span><span style=\"color: black; background: white;\">tornou-se especial e constante preocupa\u00e7\u00e3o do meu Pontificado<\/span>\u2019<span style=\"color: #2f2e2e;\"> (Carta aos bispos do mundo de 6 de janeiro de 1982 \u2013 L\u2019Osservatore Romano de 24\/1\/82), formulo um viv\u00edssimo voto de que a figura deste homem de Deus seja cada vez mais conhecida e apreciada, pelos m\u00e9ritos adquiridos em seus 57 anos de vida, dos quais passou 28 naquela vasta regi\u00e3o\u201d <em>(L\u2019Osservatore Romano, 27 de outubro de 1992, p. 2).<\/em><\/span><\/p><\/p>\n\n<p>Chega agora o tempo de nos determos com o Santo Padre diante da casa onde nasceu Mateo Ricci e percorrer as ruas de Macerata onde o ap\u00f3stolo da China teve o primeiro germe de sua voca\u00e7\u00e3o. Mateo Ricci nasceu em Macerata em 6 de outubro de 1552; em 15 de agosto de 1571 entra no noviciado da Companhia de Jesus e em 18 de maio de 1577 deixa Roma para ir \u00e0s Miss\u00f5es do Oriente. Em 26 de julho de 1580 \u00e9 ordenado sacerdote em Cochim (\u00cdndia), em 10 de setembro de 1583 chega \u00e0 China e morre em Pequim em 11 de setembro de 1610.<\/p>\n\n<p>\u201cHoje \u2013 escrevia o Papa em 1982 \u2013 a figura do Pe. Ricci est\u00e1 viva ante o povo chin\u00eas com o nome de\u00a0<em>\u201cLi Ma-tou\u201d<\/em>. Ele constitui uma heran\u00e7a comum da Igreja e da China e se apresenta como s\u00f3lido e emblem\u00e1tico ponto de refer\u00eancia para um di\u00e1logo construtivo dirigido ao futuro\u201d <em>(L\u2019Osservatore Romano, 27 de outubro de 1982).<\/em><\/p>\n\n<p>Passaram-se somente 11 anos, e a vinda do Santo Padre a Macerata confirma e d\u00e1 impulso novo \u00e0 rela\u00e7\u00e3o fraterna \u201cIgreja-China\u201d que \u2013 h\u00e1 mais de uma raz\u00e3o para acredit\u00e1-lo inegavelmente \u2013 \u00a0est\u00e1 passando por Macerata: h\u00e1 dois anos est\u00e1 funcionando em Macerata um Semin\u00e1rio Diocesano Mission\u00e1rio \u201cRedemptoris Mater\u201d, com a finalidade espec\u00edfica de formar sacerdotes dispostos a dar a vida, como o Pe. Mateo Ricci, pela evangeliza\u00e7\u00e3o da China: j\u00e1 s\u00e3o 18 os seminaristas que est\u00e3o cursando Filosofia e Teologia.<\/p>\n\n<p>J\u00e1 no curso escolar 1993-94 o n\u00famero de alunos poder\u00e1 chegar a 30, os quais se formar\u00e3o no recinto do semin\u00e1rio, \u00e0 espera de uma estrutura capaz de acolher cerca de 100 seminaristas dentro de alguns anos. O Santo Padre aben\u00e7oar\u00e1 na catedral a primeira pedra do novo \u201cSemin\u00e1rio para China\u201d que surgir\u00e1 aqui na cidade de Mateo Ricci, considerado com raz\u00e3o \u201cPonte entre ocidente e oriente\u201d. A universidade local come\u00e7ou a ministrar um curso de l\u00edngua chinesa, ao qual assistem nossos seminaristas e outros alunos interessados no mandarim.<\/p>\n\n<p>S\u00e3o luzes de significativa claridade, segundo a frase do Santo Padre: \u201cAo futuro \u00e9 onde temos que mirar\u201d <em>(Ensinamentos de Jo\u00e3o Paulo II, IV, 1, 1981, p. 384)<\/em>. \u201cAbrigo a esperan\u00e7a de copiosos benef\u00edcios, n\u00e3o somente para a a\u00e7\u00e3o mission\u00e1ria da Igreja \u2013 escreve o Papa \u2013 mas tamb\u00e9m para todo o querido povo chin\u00eas, o qual a Sede Apost\u00f3lica fita com especial simpatia e afeto por toda a admir\u00e1vel realidade de tradi\u00e7\u00f5es e de cultura, de elevada humanidade e de rica espiritualidade, que forma o acervo hist\u00f3rico e atual da grande na\u00e7\u00e3o chinesa\u201d <em>(Cf. L\u2019Osservatore Romano, 24 de jameiro de 1982).<\/em><\/p>\n\n<p>A presen\u00e7a do Papa entre os 18 seminaristas que v\u00e3o \u00e0 China dar\u00e1 vigor a estas esperan\u00e7as.<\/p>\n\n<div class=\"wp-block-image\"><figure class=\"aligncenter size-large\"><img loading=\"lazy\" decoding=\"async\" width=\"569\" height=\"693\" src=\"https:\/\/neocatechumenaleiter.org\/wp-content\/uploads\/2020\/03\/Camino_Neocatecumenal_Juan_Pablo_II_visita_pastoral_Macerata_1993.jpg\" alt=\"\" class=\"wp-image-2499\" srcset=\"https:\/\/neocatechumenaleiter.org\/wp-content\/uploads\/2020\/03\/Camino_Neocatecumenal_Juan_Pablo_II_visita_pastoral_Macerata_1993.jpg 569w, https:\/\/neocatechumenaleiter.org\/wp-content\/uploads\/2020\/03\/Camino_Neocatecumenal_Juan_Pablo_II_visita_pastoral_Macerata_1993-246x300.jpg 246w\" sizes=\"auto, (max-width: 569px) 100vw, 569px\" \/><\/figure><\/div>\n","protected":false},"excerpt":{"rendered":"<p>Visita pastoral a Macerata, Foligno e Gran Sasso 19\/6\/1993 S\u00e3o Jo\u00e3o Paulo II S\u00e1bado, 19, e domingo, 20 de junho de 1993. Francisco Tarsicio Carboni, bispo de Macerata, escreveu: Jo\u00e3o Paulo II, no dia 13 de setembro de 1992, escreveu-me: \u201cComo amo tanto a China e meu interesse por essa Igreja \u2018tornou-se especial e constante preocupa\u00e7\u00e3o do meu Pontificado\u2019 (Carta aos bispos do mundo de 6 de janeiro de 1982<\/p>\n<div class=\"read-more\"><a class=\"btn read-more-btn\" href=\"https:\/\/neocatechumenaleiter.org\/pt-br\/palavras-dos-papas\/sao-joao-paulo-ii\/visita-pastoral-a-macerata-foligno-e-gran-sasso-19-6-1993\/\">Ler mais<\/a><\/div>\n","protected":false},"author":2,"featured_media":0,"parent":4247,"menu_order":75,"comment_status":"closed","ping_status":"closed","template":"","meta":{"footnotes":""},"class_list":["post-8199","page","type-page","status-publish","hentry"],"_links":{"self":[{"href":"https:\/\/neocatechumenaleiter.org\/pt-br\/wp-json\/wp\/v2\/pages\/8199","targetHints":{"allow":["GET"]}}],"collection":[{"href":"https:\/\/neocatechumenaleiter.org\/pt-br\/wp-json\/wp\/v2\/pages"}],"about":[{"href":"https:\/\/neocatechumenaleiter.org\/pt-br\/wp-json\/wp\/v2\/types\/page"}],"author":[{"embeddable":true,"href":"https:\/\/neocatechumenaleiter.org\/pt-br\/wp-json\/wp\/v2\/users\/2"}],"replies":[{"embeddable":true,"href":"https:\/\/neocatechumenaleiter.org\/pt-br\/wp-json\/wp\/v2\/comments?post=8199"}],"version-history":[{"count":6,"href":"https:\/\/neocatechumenaleiter.org\/pt-br\/wp-json\/wp\/v2\/pages\/8199\/revisions"}],"predecessor-version":[{"id":24183,"href":"https:\/\/neocatechumenaleiter.org\/pt-br\/wp-json\/wp\/v2\/pages\/8199\/revisions\/24183"}],"up":[{"embeddable":true,"href":"https:\/\/neocatechumenaleiter.org\/pt-br\/wp-json\/wp\/v2\/pages\/4247"}],"wp:attachment":[{"href":"https:\/\/neocatechumenaleiter.org\/pt-br\/wp-json\/wp\/v2\/media?parent=8199"}],"curies":[{"name":"wp","href":"https:\/\/api.w.org\/{rel}","templated":true}]}}