{"id":8206,"date":"2020-03-04T00:49:05","date_gmt":"2020-03-03T23:49:05","guid":{"rendered":"https:\/\/neocatechumenaleiter.org\/palavras-dos-papas\/sao-joao-paulo-ii\/saudacao-aos-jovens-das-janelas-do-arcebispado-de-macerata-20-6-1993\/"},"modified":"2021-08-10T11:03:21","modified_gmt":"2021-08-10T10:03:21","slug":"saudacao-aos-jovens-das-janelas-do-arcebispado-de-macerata-20-6-1993","status":"publish","type":"page","link":"https:\/\/neocatechumenaleiter.org\/pt-br\/palavras-dos-papas\/sao-joao-paulo-ii\/saudacao-aos-jovens-das-janelas-do-arcebispado-de-macerata-20-6-1993\/","title":{"rendered":"Sauda\u00e7\u00e3o aos jovens das janelas do bispado de Macerata 20\/6\/1993"},"content":{"rendered":"\n<h1 class=\"has-text-align-center wp-block-heading\">Sauda\u00e7\u00e3o aos jovens das janelas do bispado de Macerata 20\/6\/1993<\/h1>\n\n<div style=\"height:20px\" aria-hidden=\"true\" class=\"wp-block-spacer\"><\/div>\n\n<h4 class=\"has-text-align-center wp-block-heading\">S\u00e3o Jo\u00e3o Paulo II<\/h4>\n\n<div style=\"height:20px\" aria-hidden=\"true\" class=\"wp-block-spacer\"><\/div>\n\n<p><strong>Macerata, 20 de junho de 1993.<\/strong><\/p>\n\n<p><em>Na manh\u00e3 bem cedo do domingo 20 de junho, antes de sair para Foligno, Jo\u00e3o Paulo II quis dirigir uma sauda\u00e7\u00e3o afetuosa da varanda do bispado de Macerata aos jovens neocatec\u00famenos, que reunidos na pra\u00e7a, cantavam juntos para agradecer o Papa por sua visita.<\/em> <em>Atrav\u00e9s deles, o Santo Padre dirigiu igualmente uma sauda\u00e7\u00e3o a todo o povo de Macerata que o acolheu com grande alegria.<\/em><\/p>\n\n<div class=\"wp-block-image\"><figure class=\"alignleft size-large\"><img loading=\"lazy\" decoding=\"async\" width=\"495\" height=\"304\" src=\"https:\/\/neocatechumenaleiter.org\/wp-content\/uploads\/2020\/03\/Camino_Neocatecumenal_Juan_Pablo_II_saludo_jovenes_1993.jpg\" alt=\"\" class=\"wp-image-2509\" srcset=\"https:\/\/neocatechumenaleiter.org\/wp-content\/uploads\/2020\/03\/Camino_Neocatecumenal_Juan_Pablo_II_saludo_jovenes_1993.jpg 495w, https:\/\/neocatechumenaleiter.org\/wp-content\/uploads\/2020\/03\/Camino_Neocatecumenal_Juan_Pablo_II_saludo_jovenes_1993-300x184.jpg 300w\" sizes=\"auto, (max-width: 495px) 100vw, 495px\" \/><\/figure><\/div>\n\n<p>&#8220;Pensai um momento nesses peregrinos que caminharam toda a noite, a p\u00e9, e que agora se encontram em Loreto \u2013 disse o Santo Padre aos jovens. Vosso caminho \u00e9 com viol\u00f5es, com cantos, e o fazeis bem, muito bem. J\u00e1 pude vos escutar algumas vezes: cantais bem em rela\u00e7\u00e3o \u00e0 m\u00fasica, mas cantais igualmente bem em rela\u00e7\u00e3o ao texto, em rela\u00e7\u00e3o ao conte\u00fado, e \u00e9 por isso que cantais bem. <\/p>\n\n<p>\u00c9 preciso mandar um telegrama a Loreto, dizendo que aqui outros peregrinos, cantando toda a noite, caminham junto com eles &#8211; continuou o Papa. Nesta ocasi\u00e3o quero tamb\u00e9m me despedir de todos os cidad\u00e3os de Macerata porque devo me transladar para Foligno. Encomendo-me a vossas ora\u00e7\u00f5es e a vossos cantos. Encomendo-me a todos os maceratenses, especialmente \u00e0queles que tamb\u00e9m t\u00eam viol\u00f5es, pois sabemos que quem canta reza duas vezes: &#8216;<em>qui cantat bis orat&#8217;\u201d<\/em>.<\/p>\n","protected":false},"excerpt":{"rendered":"<p>Sauda\u00e7\u00e3o aos jovens das janelas do bispado de Macerata 20\/6\/1993 S\u00e3o Jo\u00e3o Paulo II Macerata, 20 de junho de 1993. Na manh\u00e3 bem cedo do domingo 20 de junho, antes de sair para Foligno, Jo\u00e3o Paulo II quis dirigir uma sauda\u00e7\u00e3o afetuosa da varanda do bispado de Macerata aos jovens neocatec\u00famenos, que reunidos na pra\u00e7a, cantavam juntos para agradecer o Papa por sua visita. Atrav\u00e9s deles, o Santo Padre dirigiu<\/p>\n<div class=\"read-more\"><a class=\"btn read-more-btn\" href=\"https:\/\/neocatechumenaleiter.org\/pt-br\/palavras-dos-papas\/sao-joao-paulo-ii\/saudacao-aos-jovens-das-janelas-do-arcebispado-de-macerata-20-6-1993\/\">Ler mais<\/a><\/div>\n","protected":false},"author":2,"featured_media":0,"parent":4247,"menu_order":76,"comment_status":"closed","ping_status":"closed","template":"","meta":{"footnotes":""},"class_list":["post-8206","page","type-page","status-publish","hentry"],"_links":{"self":[{"href":"https:\/\/neocatechumenaleiter.org\/pt-br\/wp-json\/wp\/v2\/pages\/8206","targetHints":{"allow":["GET"]}}],"collection":[{"href":"https:\/\/neocatechumenaleiter.org\/pt-br\/wp-json\/wp\/v2\/pages"}],"about":[{"href":"https:\/\/neocatechumenaleiter.org\/pt-br\/wp-json\/wp\/v2\/types\/page"}],"author":[{"embeddable":true,"href":"https:\/\/neocatechumenaleiter.org\/pt-br\/wp-json\/wp\/v2\/users\/2"}],"replies":[{"embeddable":true,"href":"https:\/\/neocatechumenaleiter.org\/pt-br\/wp-json\/wp\/v2\/comments?post=8206"}],"version-history":[{"count":6,"href":"https:\/\/neocatechumenaleiter.org\/pt-br\/wp-json\/wp\/v2\/pages\/8206\/revisions"}],"predecessor-version":[{"id":24197,"href":"https:\/\/neocatechumenaleiter.org\/pt-br\/wp-json\/wp\/v2\/pages\/8206\/revisions\/24197"}],"up":[{"embeddable":true,"href":"https:\/\/neocatechumenaleiter.org\/pt-br\/wp-json\/wp\/v2\/pages\/4247"}],"wp:attachment":[{"href":"https:\/\/neocatechumenaleiter.org\/pt-br\/wp-json\/wp\/v2\/media?parent=8206"}],"curies":[{"name":"wp","href":"https:\/\/api.w.org\/{rel}","templated":true}]}}