{"id":8213,"date":"2020-03-04T00:53:11","date_gmt":"2020-03-03T23:53:11","guid":{"rendered":"https:\/\/neocatechumenaleiter.org\/palavras-dos-papas\/sao-joao-paulo-ii\/homilia-no-seminario-redemptoris-mater-de-roma-31-10-1993\/"},"modified":"2021-08-10T11:03:28","modified_gmt":"2021-08-10T10:03:28","slug":"homilia-no-seminario-redemptoris-mater-de-roma-31-10-1993","status":"publish","type":"page","link":"https:\/\/neocatechumenaleiter.org\/pt-br\/palavras-dos-papas\/sao-joao-paulo-ii\/homilia-no-seminario-redemptoris-mater-de-roma-31-10-1993\/","title":{"rendered":"Homilia no Semin\u00e1rio Redemptoris Mater de Roma 31\/10\/1993"},"content":{"rendered":"\n<h1 class=\"has-text-align-center wp-block-heading\">Homilia no Semin\u00e1rio Redemptoris Mater de Roma 31\/10\/1993<\/h1>\n\n<div style=\"height:20px\" aria-hidden=\"true\" class=\"wp-block-spacer\"><\/div>\n\n<h4 class=\"has-text-align-center wp-block-heading\">S\u00e3o Jo\u00e3o Paulo II<\/h4>\n\n<div style=\"height:20px\" aria-hidden=\"true\" class=\"wp-block-spacer\"><\/div>\n\n<p><strong>Ci<\/strong><strong>dade do Vaticano \u2013 Capela \u201cRedemptoris Mater\u201d, 31 de outubro de 1993.<\/strong><\/p>\n\n<p><em>&#8220;\u00c9 precisamente o aprofundamento da vida espiritual, na aceita\u00e7\u00e3o do \u2018radicalismo evang\u00e9lico\u2019, um terreno mais fecundo para fazer surgir uma voca\u00e7\u00e3o&#8221; &#8211; afirmou <\/em><em>Jo\u00e3o Paulo II na homilia proferida no domingo 31 de outubro, durante a missa celebrada pela comunidade do Semin\u00e1rio romano \u201cRedemptoris Mater\u201d.<\/em><\/p>\n\n<div class=\"wp-block-image\"><figure class=\"alignleft size-medium\"><img loading=\"lazy\" decoding=\"async\" width=\"300\" height=\"248\" src=\"https:\/\/neocatechumenaleiter.org\/wp-content\/uploads\/2020\/03\/Camino_Neocatecumenal_Juan_Pablo_II_homilia_seminario_redemptoris_mater_Roma_1993-300x248.jpg\" alt=\"\" class=\"wp-image-2515\" srcset=\"https:\/\/neocatechumenaleiter.org\/wp-content\/uploads\/2020\/03\/Camino_Neocatecumenal_Juan_Pablo_II_homilia_seminario_redemptoris_mater_Roma_1993-300x248.jpg 300w, https:\/\/neocatechumenaleiter.org\/wp-content\/uploads\/2020\/03\/Camino_Neocatecumenal_Juan_Pablo_II_homilia_seminario_redemptoris_mater_Roma_1993.jpg 689w\" sizes=\"auto, (max-width: 300px) 100vw, 300px\" \/><\/figure><\/div>\n\n<p>\u201cLouvado seja Jesus Cristo!&#13;\n&#13;\n1. Venerados irm\u00e3os no episcopado e no sacerd\u00f3cio, irm\u00e3os e irm\u00e3s todos!&#13;\n\u2018Apresentamo-nos no meio de v\u00f3s cheios de bondade, como uma m\u00e3e que acaricia os filhinhos\u2019 <em>(1Ts 2,7)<\/em>: palavras de S\u00e3o Paulo aos Tessalonicenses. Todo presb\u00edtero deveria poder fazer suas essas palavras de S\u00e3o Paulo que acabamos de escutar. A imagem maternal que ele se atribui \u00e9, com efeito, uma das mais sugestivas para expressar a beleza da voca\u00e7\u00e3o sacerdotal. N\u00e3o apenas indica uma rara intensidade de afeto e de entrega, mas sugere tamb\u00e9m a \u00edntima conex\u00e3o que existe entre o minist\u00e9rio apost\u00f3lico e o minist\u00e9rio do novo \u2018nascimento\u2019 em Cristo mediante o Esp\u00edrito Santo <em>(cf. Jo 3,5-8).<\/em> A m\u00e3e que cuida de suas criaturas, a m\u00e3e que nutre. Sendo portador da \u2018palavra divina da prega\u00e7\u00e3o\u2019, o ap\u00f3stolo se sente instrumento desta regenera\u00e7\u00e3o espiritual, se sente como uma m\u00e3e. Encarna para seus irm\u00e3os \u2018a maternidade\u2019 da Igreja. Tendo sido chamado a ger\u00e1-los em Cristo mediante o Evangelho\u00a0<em>(cf. 1Co 4,15)<\/em>, com pleno direito sente-se, em rela\u00e7\u00e3o a eles, n\u00e3o apenas pai, mas tamb\u00e9m uma m\u00e3e, \u2018pai\u2019 e \u2018m\u00e3e\u2019, disposto n\u00e3o somente a dar-lhes o Evangelho, mas \u2018sua pr\u00f3pria vida\u2019 por eles\u2026 <em>(cf. 1 Ts 2, 8).<\/em><\/p>\n\n<p>2. Que diferen\u00e7a entre esta imagem do apostolado e a que aparece nas outras duas leituras, acompanhadas por advert\u00eancias claras e severas! Elas est\u00e3o dirigidas aos sacerdotes da antiga alian\u00e7a, aos escribas, aos fariseus, demonstrando os perigos do desvio que est\u00e3o sempre realizando tamb\u00e9m em nosso minist\u00e9rio. \u2018V\u00f3s vos afastastes do caminho, fizestes trope\u00e7ar a muitos pelo ensinamento\u2019 <em>(Mal 2, 8).<\/em>&#13;\n&#13;\nEssas palavras do profeta Malaquias enfatizam a grande responsabilidade dos ministros do altar e da palavra. Sua incoer\u00eancia \u00e9 duplamente grave, pois vai acompanhada do esc\u00e2ndalo. Ai daqueles que deveriam ser os educadores do povo de Deus e, em vez disso, lhe servem de trope\u00e7o!&#13;\n&#13;\nIgualmente duras s\u00e3o as palavras de Jesus referindo-se aos que haviam sentado na c\u00e1tedra de Mois\u00e9s, n\u00e3o como servidores humildes da palavra de Deus, mas como buscadores \u00e1vidos do aplauso dos homens. Neles, palavra e vida aparecem em estridente contraste: s\u00e3o mestres de coisas que n\u00e3o cumprem, imp\u00f5em fardos que n\u00e3o se atrevem a carregar e reivindicam um t\u00edtulo \u2013 o de rabi \u2013 que n\u00e3o lhes pertence, porque \u2018um s\u00f3 \u00e9 vosso mestre, Cristo\u2019 <em>(cf. Mt 23,10).<\/em><\/p>\n\n<div class=\"wp-block-image\"><figure class=\"alignright size-large\"><img loading=\"lazy\" decoding=\"async\" width=\"676\" height=\"507\" src=\"https:\/\/neocatechumenaleiter.org\/wp-content\/uploads\/2020\/03\/Camino_Neocatecumenal_Juan_Pablo_II_homilia_seminario_redemptoris_mater_Roma_1993_2.jpg\" alt=\"\" class=\"wp-image-2526\" srcset=\"https:\/\/neocatechumenaleiter.org\/wp-content\/uploads\/2020\/03\/Camino_Neocatecumenal_Juan_Pablo_II_homilia_seminario_redemptoris_mater_Roma_1993_2.jpg 676w, https:\/\/neocatechumenaleiter.org\/wp-content\/uploads\/2020\/03\/Camino_Neocatecumenal_Juan_Pablo_II_homilia_seminario_redemptoris_mater_Roma_1993_2-300x225.jpg 300w\" sizes=\"auto, (max-width: 676px) 100vw, 676px\" \/><\/figure><\/div>\n\n<p>3. A palavra de Deus nos apresenta assim, por uma parte, o modelo aut\u00eantico da voca\u00e7\u00e3o apost\u00f3lica e sacerdotal, e por outra, suas poss\u00edveis degenera\u00e7\u00f5es. A Palavra de Deus nesta liturgia vem a prop\u00f3sito para este encontro convosco, \u2018Redemptoris Mater\u2019, respons\u00e1veis e estudantes, cl\u00e9rigos do semin\u00e1rio romano que leva o mesmo nome desta capela: \u2018Redemptoris Mater\u2019. Isso nos recorda tanto a Reden\u00e7\u00e3o, nos recorda a \u2018Redemptoris Hominis\u2019, a \u2018Redemptoris Mater\u2019, a \u2018Redemptoris Custos\u2019, e tamb\u00e9m a \u2018Redemptoris Missio\u2019, tudo no mesmo contexto. Sa\u00fado, portanto, os seminaristas e os superiores do \u2018Redemptoris Mater\u2019 nesta capela dedicada \u00e0 Redemptoris Mater. Sa\u00fado o cardeal vig\u00e1rio de Roma, Camilo Ruini, que em certo sentido \u00e9 o primeiro respons\u00e1vel de vosso semin\u00e1rio, pois, distinguindo-se por sua finalidade mission\u00e1ria, se configura como semin\u00e1rio da diocese de Roma, e assim o \u00e9. Sa\u00fado vosso reitor, monsenhor Julio Salimei, e vosso pai espiritual, monsenhor Maximino Romero de Lema, e dou gra\u00e7as aos dois por terem se encarregado destas importantes tarefas da educa\u00e7\u00e3o do \u2018Redemptoris Mater\u2019, depois de tantos anos de trabalho na C\u00faria romana e no Vicariato de Roma. Sa\u00fado a todos v\u00f3s, amad\u00edssimos seminaristas, sa\u00fado um a um, vendo em v\u00f3s futuros sacerdotes, que j\u00e1 fizeram uma elei\u00e7\u00e3o e se preparam para o sacerd\u00f3cio de Cristo. \u00c9 significativo e importante que tenhais descoberto a voca\u00e7\u00e3o sacerdotal seguindo o Caminho Neocatecumenal e agora prossigais vosso itiner\u00e1rio formativo atentando-vos, como \u00e9 preciso, \u00e0s orienta\u00e7\u00f5es que a Igreja d\u00e1 para todo os candidatos ao sacerd\u00f3cio. A meta \u00e0 qual tendeis \u00e9 um profundo enraizamento em Cristo, acompanhado pela ades\u00e3o total, cordial \u00e0 Igreja. Esta \u00e9 a base inalien\u00e1vel de uma aut\u00eantica forma\u00e7\u00e3o sacerdotal e tamb\u00e9m a garantia da b\u00ean\u00e7\u00e3o de Deus neste caminho sacerdotal e Neocatecumenal; Neocatecumenal e mission\u00e1rio; apost\u00f3lico e mission\u00e1rio.<\/p>\n\n<p>Por isso, alegro-me ao saber que, assim como as vossas, muitas outras voca\u00e7\u00f5es est\u00e3o florescendo na senda de vossa espiritualidade \u2013 o Caminho Neocatecumenal, n\u00e3o s\u00f3 aqui em Roma, mas tamb\u00e9m em v\u00e1rios lugares, em v\u00e1rios pa\u00edses da Europa e do mundo inteiro. \u00c9 precisamente o aprofundamento da vida espiritual, neste Caminho, que encontra, na aceita\u00e7\u00e3o do \u2018radicalismo evang\u00e9lico\u2019, um terreno mais fecundo para fazer surgir uma voca\u00e7\u00e3o. Deus n\u00e3o deixa de chamar, mas s\u00f3 a intimidade profunda com Cristo permite escutar a voz, aceit\u00e1-la com prontid\u00e3o e segui-la com perseveran\u00e7a.<\/p>\n\n<div class=\"wp-block-image\"><figure class=\"alignleft size-medium\"><img loading=\"lazy\" decoding=\"async\" width=\"300\" height=\"251\" src=\"https:\/\/neocatechumenaleiter.org\/wp-content\/uploads\/2020\/03\/Camino_Neocatecumenal_Juan_Pablo_II_homilia_seminario_redemptoris_mater_Roma_1993_3-300x251.jpg\" alt=\"\" class=\"wp-image-2529\" srcset=\"https:\/\/neocatechumenaleiter.org\/wp-content\/uploads\/2020\/03\/Camino_Neocatecumenal_Juan_Pablo_II_homilia_seminario_redemptoris_mater_Roma_1993_3-300x251.jpg 300w, https:\/\/neocatechumenaleiter.org\/wp-content\/uploads\/2020\/03\/Camino_Neocatecumenal_Juan_Pablo_II_homilia_seminario_redemptoris_mater_Roma_1993_3.jpg 684w\" sizes=\"auto, (max-width: 300px) 100vw, 300px\" \/><\/figure><\/div>\n\n<p>4. N\u00e3o se pode ser \u2018gerador\u2019 de f\u00e9 sem que antes se tenha sido \u2018gerado\u2019 pela f\u00e9. Paulo podia anunciar Cristo, porque tamb\u00e9m podia dizer com toda a verdade: \u2018N\u00e3o sou eu que vivo, \u00e9 Cristo que vive em mim\u2019 (Gl 2, 20). Assim podia anunciar Cristo, pois fora antes gerado por Cristo, convertido por Cristo, permeado por Cristo. Ent\u00e3o n\u00e3o reivindicava um t\u00edtulo impr\u00f3prio, como o que pro\u00edbe o Evangelho de hoje, quando se sentia e se dizia \u2018pai\u2019 de suas comunidades, porque sua paternidade n\u00e3o era outra coisa que a transparente manifesta\u00e7\u00e3o de Deus. E, ao mesmo tempo, se dizia \u2018m\u00e3e\u2019, isto \u00e9, dava uma certa prioridade \u00e0 maternidade apost\u00f3lica, que lhe era pr\u00f3pria, em rela\u00e7\u00e3o a essas comunidades. Com efeito, o mist\u00e9rio do sacerd\u00f3cio deve ser visto em sua \u00edntima conex\u00e3o com o mist\u00e9rio de Cristo. A toda a Igreja corresponde fazer que Cristo, de alguma maneira, seja \u2018vis\u00edvel\u2019, presente na hist\u00f3ria dos homens, mas compete em primeiro lugar ao sacerdote, ao presb\u00edtero, chamado a atuar <em>&#8216;in persona Christi\u2019<\/em>, chamado a represent\u00e1-lo como \u2018pastor\u2019 e \u2018cabe\u00e7a\u2019 de seu povo, de seu rebanho, de sua comunidade. O sacerdote deve ser uma pessoa conquistada, \u2018alcan\u00e7ada\u2019 por Cristo (cfr. Flp 3, 12). Minist\u00e9rio realmente \u2018grande\u2019, mas com uma grandeza caracterizada pela humildade do servi\u00e7o: \u2018O maior dentre v\u00f3s seja vosso servidor\u2019. (cfr. Mt 23,11), assim disse Jesus.<\/p>\n\n<div class=\"wp-block-image\"><figure class=\"alignright size-large\"><img loading=\"lazy\" decoding=\"async\" width=\"662\" height=\"560\" src=\"https:\/\/neocatechumenaleiter.org\/wp-content\/uploads\/2020\/03\/Camino_Neocatecumenal_Juan_Pablo_II_homilia_seminario_redemptoris_mater_Roma_1993_4.jpg\" alt=\"\" class=\"wp-image-2540\" srcset=\"https:\/\/neocatechumenaleiter.org\/wp-content\/uploads\/2020\/03\/Camino_Neocatecumenal_Juan_Pablo_II_homilia_seminario_redemptoris_mater_Roma_1993_4.jpg 662w, https:\/\/neocatechumenaleiter.org\/wp-content\/uploads\/2020\/03\/Camino_Neocatecumenal_Juan_Pablo_II_homilia_seminario_redemptoris_mater_Roma_1993_4-300x254.jpg 300w\" sizes=\"auto, (max-width: 662px) 100vw, 662px\" \/><\/figure><\/div>\n\n<p>5.  Sa\u00fado-vos, mais uma vez, nesta capela &#8220;Redemptoris Mater&#8221;. Estou t\u00e3o feliz por poder celebrar convosco esta Eucaristia que ofere\u00e7o ao Senhor pela vossa perseveran\u00e7a. Que Deus os ajude a seguir os caminhos da santidade, da alegria, em dire\u00e7\u00e3o a todos os povos para os quais sua Provid\u00eancia o guiar\u00e1. Que bom que o cardeal Vig\u00e1rio nos deixou livres neste domingo! N\u00e3o preciso visitar nenhuma par\u00f3quia em Roma! Ao lado do Semin\u00e1rio romano \u00e9 o &#8220;Redemptoris Mater&#8221;, valeu a pena encontrar esse domingo livre!<\/p>\n\n<p>Desejo-vos a presen\u00e7a, o sustento de Maria, Sant\u00edssima M\u00e3e do Redentor. Encomendando-vos a ela, \u00e0 sua maternidade, vos sentireis realmente \u2018tranquilos e serenos\u2019, como \u2018crian\u00e7as no colo de sua m\u00e3e\u2019 (as palavras do salmo responsorial de hoje). Que Maria vos conceda o consumir-se com o ardor do ap\u00f3stolo Paulo pelo Reino de Deus, com total fidelidade e obedi\u00eancia \u00e0 Igreja, \u00e0 Igreja que \u00e9 tamb\u00e9m M\u00e3e, como nos ensina toda a tradi\u00e7\u00e3o, o Vaticano II: a Igreja \u00e9 tamb\u00e9m M\u00e3e, \u00e0 imita\u00e7\u00e3o da M\u00e3e de Cristo. Esta Igreja vos gera, vos tem gerado para a f\u00e9 e nesta Igreja fostes chamados a ser presb\u00edteros, a servir at\u00e9 o fim de vossa vida. Assim seja\u201d.<\/p>\n","protected":false},"excerpt":{"rendered":"<p>Homilia no Semin\u00e1rio Redemptoris Mater de Roma 31\/10\/1993 S\u00e3o Jo\u00e3o Paulo II Cidade do Vaticano \u2013 Capela \u201cRedemptoris Mater\u201d, 31 de outubro de 1993. &#8220;\u00c9 precisamente o aprofundamento da vida espiritual, na aceita\u00e7\u00e3o do \u2018radicalismo evang\u00e9lico\u2019, um terreno mais fecundo para fazer surgir uma voca\u00e7\u00e3o&#8221; &#8211; afirmou Jo\u00e3o Paulo II na homilia proferida no domingo 31 de outubro, durante a missa celebrada pela comunidade do Semin\u00e1rio romano \u201cRedemptoris Mater\u201d. \u201cLouvado<\/p>\n<div class=\"read-more\"><a class=\"btn read-more-btn\" href=\"https:\/\/neocatechumenaleiter.org\/pt-br\/palavras-dos-papas\/sao-joao-paulo-ii\/homilia-no-seminario-redemptoris-mater-de-roma-31-10-1993\/\">Ler mais<\/a><\/div>\n","protected":false},"author":2,"featured_media":0,"parent":4247,"menu_order":77,"comment_status":"closed","ping_status":"closed","template":"","meta":{"footnotes":""},"class_list":["post-8213","page","type-page","status-publish","hentry"],"_links":{"self":[{"href":"https:\/\/neocatechumenaleiter.org\/pt-br\/wp-json\/wp\/v2\/pages\/8213","targetHints":{"allow":["GET"]}}],"collection":[{"href":"https:\/\/neocatechumenaleiter.org\/pt-br\/wp-json\/wp\/v2\/pages"}],"about":[{"href":"https:\/\/neocatechumenaleiter.org\/pt-br\/wp-json\/wp\/v2\/types\/page"}],"author":[{"embeddable":true,"href":"https:\/\/neocatechumenaleiter.org\/pt-br\/wp-json\/wp\/v2\/users\/2"}],"replies":[{"embeddable":true,"href":"https:\/\/neocatechumenaleiter.org\/pt-br\/wp-json\/wp\/v2\/comments?post=8213"}],"version-history":[{"count":6,"href":"https:\/\/neocatechumenaleiter.org\/pt-br\/wp-json\/wp\/v2\/pages\/8213\/revisions"}],"predecessor-version":[{"id":24207,"href":"https:\/\/neocatechumenaleiter.org\/pt-br\/wp-json\/wp\/v2\/pages\/8213\/revisions\/24207"}],"up":[{"embeddable":true,"href":"https:\/\/neocatechumenaleiter.org\/pt-br\/wp-json\/wp\/v2\/pages\/4247"}],"wp:attachment":[{"href":"https:\/\/neocatechumenaleiter.org\/pt-br\/wp-json\/wp\/v2\/media?parent=8213"}],"curies":[{"name":"wp","href":"https:\/\/api.w.org\/{rel}","templated":true}]}}