{"id":8702,"date":"2020-04-27T15:00:14","date_gmt":"2020-04-27T14:00:14","guid":{"rendered":"https:\/\/neocatechumenaleiter.org\/palavras-dos-papas\/sao-joao-paulo-ii\/chamado-vocacional-no-monte-das-bem-aventurancas-24-3-2000\/"},"modified":"2020-05-07T15:48:12","modified_gmt":"2020-05-07T14:48:12","slug":"chamado-vocacional-no-monte-das-bem-aventurancas-24-3-2000","status":"publish","type":"page","link":"https:\/\/neocatechumenaleiter.org\/pt-br\/palavras-dos-papas\/sao-joao-paulo-ii\/chamado-vocacional-no-monte-das-bem-aventurancas-24-3-2000\/","title":{"rendered":"Chamado vocacional no Monte das Bem-Aventuran\u00e7as 24\/3\/2000"},"content":{"rendered":"\n<h1 class=\"has-text-align-center wp-block-heading\">Chamado vocacional no Monte das Bem-Aventuran\u00e7as 24\/3\/2000<\/h1>\n\n<div style=\"height:20px\" aria-hidden=\"true\" class=\"wp-block-spacer\"><\/div>\n\n<h4 class=\"has-text-align-center wp-block-heading\">S\u00e3o Jo\u00e3o Paulo II<\/h4>\n\n<div style=\"height:20px\" aria-hidden=\"true\" class=\"wp-block-spacer\"><\/div>\n\n<p><strong>Corazim, 24 de mar\u00e7o de 2000.<\/strong><\/p>\n\n<p><em>Ao t\u00e9rmino da celebra\u00e7\u00e3o eucar\u00edstica, os iniciadores do Caminho tiveram um encontro com 50 mil jovens da comunidades neocatecumenais provenientes de 72 na\u00e7\u00f5es.<\/em> <em>Durante o encontro, presidido pelo cardeal Antonio Mar\u00eda Rouco Varela, arcebispo de Madrid, foi realizado um chamado vocacional: levantaram-se cerca de 3 mil jovens para o sacerd\u00f3cio e cerca de 2 mil mo\u00e7as para a vida religiosa.<\/em>\u00a0 Essas mais de 2 mil mo\u00e7as que se levantaram ao chamado<em> vocacional para a vida religiosa ficaram de joelhos enquanto recebiam a imposi\u00e7\u00e3o das m\u00e3os por parte dos bispos.<\/em><\/p>\n\n<figure class=\"wp-block-gallery aligncenter columns-2 is-cropped wp-block-gallery-1 is-layout-flex wp-block-gallery-is-layout-flex\"><ul class=\"blocks-gallery-grid\"><li class=\"blocks-gallery-item\"><figure><img loading=\"lazy\" decoding=\"async\" width=\"347\" height=\"207\" src=\"https:\/\/neocatechumenaleiter.org\/wp-content\/uploads\/2020\/03\/Camino_Neocatecumenal_Juan_Pablo_II_llamada_vocacional_monte_Bienaventuranzas_2000.jpg\" alt=\"\" data-id=\"2823\" data-full-url=\"https:\/\/neocatechumenaleiter.org\/wp-content\/uploads\/2020\/03\/Camino_Neocatecumenal_Juan_Pablo_II_llamada_vocacional_monte_Bienaventuranzas_2000.jpg\" data-link=\"https:\/\/neocatechumenaleiter.org\/?attachment_id=2823\" class=\"wp-image-2827\" srcset=\"https:\/\/neocatechumenaleiter.org\/wp-content\/uploads\/2020\/03\/Camino_Neocatecumenal_Juan_Pablo_II_llamada_vocacional_monte_Bienaventuranzas_2000.jpg 347w, https:\/\/neocatechumenaleiter.org\/wp-content\/uploads\/2020\/03\/Camino_Neocatecumenal_Juan_Pablo_II_llamada_vocacional_monte_Bienaventuranzas_2000-300x179.jpg 300w\" sizes=\"auto, (max-width: 347px) 100vw, 347px\" \/><\/figure><\/li><li class=\"blocks-gallery-item\"><figure><img loading=\"lazy\" decoding=\"async\" width=\"400\" height=\"271\" src=\"https:\/\/neocatechumenaleiter.org\/wp-content\/uploads\/2020\/03\/Camino_Neocatecumenal_Juan_Pablo_II_llamada_vocacional_monte_Bienaventuranzas_2000_2.jpg\" alt=\"\" data-id=\"2816\" data-full-url=\"https:\/\/neocatechumenaleiter.org\/wp-content\/uploads\/2020\/03\/Camino_Neocatecumenal_Juan_Pablo_II_llamada_vocacional_monte_Bienaventuranzas_2000_2.jpg\" data-link=\"https:\/\/neocatechumenaleiter.org\/?attachment_id=2816\" class=\"wp-image-2820\" srcset=\"https:\/\/neocatechumenaleiter.org\/wp-content\/uploads\/2020\/03\/Camino_Neocatecumenal_Juan_Pablo_II_llamada_vocacional_monte_Bienaventuranzas_2000_2.jpg 400w, https:\/\/neocatechumenaleiter.org\/wp-content\/uploads\/2020\/03\/Camino_Neocatecumenal_Juan_Pablo_II_llamada_vocacional_monte_Bienaventuranzas_2000_2-300x203.jpg 300w\" sizes=\"auto, (max-width: 400px) 100vw, 400px\" \/><\/figure><\/li><\/ul><\/figure>\n","protected":false},"excerpt":{"rendered":"<p>Chamado vocacional no Monte das Bem-Aventuran\u00e7as 24\/3\/2000 S\u00e3o Jo\u00e3o Paulo II Corazim, 24 de mar\u00e7o de 2000. Ao t\u00e9rmino da celebra\u00e7\u00e3o eucar\u00edstica, os iniciadores do Caminho tiveram um encontro com 50 mil jovens da comunidades neocatecumenais provenientes de 72 na\u00e7\u00f5es. Durante o encontro, presidido pelo cardeal Antonio Mar\u00eda Rouco Varela, arcebispo de Madrid, foi realizado um chamado vocacional: levantaram-se cerca de 3 mil jovens para o sacerd\u00f3cio e cerca de<\/p>\n<div class=\"read-more\"><a class=\"btn read-more-btn\" href=\"https:\/\/neocatechumenaleiter.org\/pt-br\/palavras-dos-papas\/sao-joao-paulo-ii\/chamado-vocacional-no-monte-das-bem-aventurancas-24-3-2000\/\">Ler mais<\/a><\/div>\n","protected":false},"author":2,"featured_media":0,"parent":4247,"menu_order":95,"comment_status":"closed","ping_status":"closed","template":"","meta":{"footnotes":""},"class_list":["post-8702","page","type-page","status-publish","hentry"],"_links":{"self":[{"href":"https:\/\/neocatechumenaleiter.org\/pt-br\/wp-json\/wp\/v2\/pages\/8702","targetHints":{"allow":["GET"]}}],"collection":[{"href":"https:\/\/neocatechumenaleiter.org\/pt-br\/wp-json\/wp\/v2\/pages"}],"about":[{"href":"https:\/\/neocatechumenaleiter.org\/pt-br\/wp-json\/wp\/v2\/types\/page"}],"author":[{"embeddable":true,"href":"https:\/\/neocatechumenaleiter.org\/pt-br\/wp-json\/wp\/v2\/users\/2"}],"replies":[{"embeddable":true,"href":"https:\/\/neocatechumenaleiter.org\/pt-br\/wp-json\/wp\/v2\/comments?post=8702"}],"version-history":[{"count":5,"href":"https:\/\/neocatechumenaleiter.org\/pt-br\/wp-json\/wp\/v2\/pages\/8702\/revisions"}],"predecessor-version":[{"id":9714,"href":"https:\/\/neocatechumenaleiter.org\/pt-br\/wp-json\/wp\/v2\/pages\/8702\/revisions\/9714"}],"up":[{"embeddable":true,"href":"https:\/\/neocatechumenaleiter.org\/pt-br\/wp-json\/wp\/v2\/pages\/4247"}],"wp:attachment":[{"href":"https:\/\/neocatechumenaleiter.org\/pt-br\/wp-json\/wp\/v2\/media?parent=8702"}],"curies":[{"name":"wp","href":"https:\/\/api.w.org\/{rel}","templated":true}]}}