{"id":8770,"date":"2020-04-27T21:06:41","date_gmt":"2020-04-27T20:06:41","guid":{"rendered":"https:\/\/neocatechumenaleiter.org\/palavras-dos-papas\/sao-joao-paulo-ii\/eucaristia-no-monte-das-bem-aventurancas-com-jovens-24-3-2000\/"},"modified":"2020-05-07T15:41:43","modified_gmt":"2020-05-07T14:41:43","slug":"eucaristia-no-monte-das-bem-aventurancas-com-jovens-24-3-2000","status":"publish","type":"page","link":"https:\/\/neocatechumenaleiter.org\/pt-br\/palavras-dos-papas\/sao-joao-paulo-ii\/eucaristia-no-monte-das-bem-aventurancas-com-jovens-24-3-2000\/","title":{"rendered":"Eucaristia no Monte das Bem-aventuran\u00e7as com os jovens 24\/3\/2000"},"content":{"rendered":"\n<h1 class=\"has-text-align-center wp-block-heading\">Eucaristia no Monte das Bem-aventuran\u00e7as com os jovens 24\/3\/2000<\/h1>\n\n<div style=\"height:20px\" aria-hidden=\"true\" class=\"wp-block-spacer\"><\/div>\n\n<h4 class=\"has-text-align-center wp-block-heading\">S\u00e3o Jo\u00e3o Paulo II<\/h4>\n\n<div style=\"height:20px\" aria-hidden=\"true\" class=\"wp-block-spacer\"><\/div>\n\n<div class=\"wp-block-image\"><figure class=\"alignleft size-large\"><img loading=\"lazy\" decoding=\"async\" width=\"605\" height=\"254\" src=\"https:\/\/neocatechumenaleiter.org\/wp-content\/uploads\/2020\/03\/Camino_Neocatecumenal_Juan_Pablo_II_eucaristia_monte_Bienaventuranzas_2000.jpg\" alt=\"\" class=\"wp-image-2775\" srcset=\"https:\/\/neocatechumenaleiter.org\/wp-content\/uploads\/2020\/03\/Camino_Neocatecumenal_Juan_Pablo_II_eucaristia_monte_Bienaventuranzas_2000.jpg 605w, https:\/\/neocatechumenaleiter.org\/wp-content\/uploads\/2020\/03\/Camino_Neocatecumenal_Juan_Pablo_II_eucaristia_monte_Bienaventuranzas_2000-300x126.jpg 300w\" sizes=\"auto, (max-width: 605px) 100vw, 605px\" \/><\/figure><\/div>\n\n<p><strong>Corazim, 24 de mar\u00e7o de 2000.<\/strong><\/p>\n\n<p><em>Jo\u00e3o Paulo II celebrou &#8211; na manh\u00e3 da quinta-<\/em><em>feira 24 de mar\u00e7o &#8211; a santa missa para os jovens sobre o monte das Bem-Aventuran\u00e7as. No in\u00edcio do encontro, o arcebispo de Akka dos Greco-Melquitas, mons. Boutros Mouallem, e uma jovem dirigiram ao Papa algumas palavras de boas-vindas. Esta \u00e9 a homilia de Jo\u00e3o Paulo II: \u201c&#8217;Irm\u00e3os&#8230; vede bem quem sois!&#8217; (1Co 1,26).<\/em><\/p>\n\n<p><p align=\"left\">1. Hoje estas palavras de S\u00e3o Paulo dirigem-se a todos n\u00f3s que viemos aqui ao Monte das Bem-Aventuran\u00e7as. Encontramo-nos sentados sobre esta colina, como os primeiros disc\u00edpulos, \u00e0 escuta de Jesus. No sil\u00eancio, ouvimos a sua voz suave e urgente, t\u00e3o suave como esta mesma terra e t\u00e3o urgente quanto o chamado a escolher entre a vida e a morte.<\/p>&#013;\n<p align=\"left\">Quantas gera\u00e7\u00f5es que nos precederam ficaram profundamente sensibilizadas ao ouvirem o Serm\u00e3o da Montanha! Quantos jovens ao longo dos s\u00e9culos se reuniram em torno de Jesus para aprenderem as palavras da vida eterna, precisamente como hoje vos encontrais congregados aqui! Quantos jovens cora\u00e7\u00f5es foram inspirados pelo poder da sua personalidade e pela premente verdade da sua mensagem! \u00c9 maravilhoso que vos encontreis aqui!<\/p>&#013;\n<p align=\"left\">Agrade\u00e7o-lhe, arcebispo D. Pierre Mouallem, a sua am\u00e1vel hospitalidade. Pe\u00e7o-lhe a gentileza de transmitir a minha sincera sauda\u00e7\u00e3o \u00e0 inteira comunidade greco-melquita \u00e0 qual Vossa Excel\u00eancia preside. Fa\u00e7o extensivos os meus votos fraternos aos numerosos cardeais, ao patriarca Sabbah, aos bispos e sacerdotes aqui reunidos. Sa\u00fado os membros das comunidades latina, maronita, s\u00edria, arm\u00eania e caldeia, assim como todos os nossos irm\u00e3os e irm\u00e3s das outras Igrejas crist\u00e3s e comunidades eclesiais. Dirijo uma especial palavra de agradecimento aos nossos amigos mu\u00e7ulmanos que se encontram aqui e aos membros da f\u00e9 hebraica.<\/p>&#013;\n<p align=\"left\">Este grandioso encontro \u00e9 como que um ensaio para o Dia Mundial da Juventude, que se h\u00e1 de realizar em Roma no pr\u00f3ximo m\u00eas de agosto! O jovem que tomou a palavra prometeu que tereis outra montanha, o Monte Sinai. Jovens de Israel, dos Territ\u00f3rios Palestinos, da Jord\u00e2nia e do Chipre, jovens do Oriente M\u00e9dio, da \u00c1frica e da \u00c1sia, da Europa, da Am\u00e9rica e da Oceania, sa\u00fado a cada um de v\u00f3s com afeto e amor.<\/p><\/p>\n\n<div class=\"wp-block-image\"><figure class=\"alignright size-large\"><img loading=\"lazy\" decoding=\"async\" width=\"768\" height=\"520\" src=\"https:\/\/neocatechumenaleiter.org\/wp-content\/uploads\/2020\/03\/Camino_Neocatecumenal_Juan_Pablo_II_eucaristia_monte_Bienaventuranzas_2000_2.jpg\" alt=\"\" class=\"wp-image-2782\" srcset=\"https:\/\/neocatechumenaleiter.org\/wp-content\/uploads\/2020\/03\/Camino_Neocatecumenal_Juan_Pablo_II_eucaristia_monte_Bienaventuranzas_2000_2.jpg 768w, https:\/\/neocatechumenaleiter.org\/wp-content\/uploads\/2020\/03\/Camino_Neocatecumenal_Juan_Pablo_II_eucaristia_monte_Bienaventuranzas_2000_2-300x203.jpg 300w\" sizes=\"auto, (max-width: 768px) 100vw, 768px\" \/><\/figure><\/div>\n\n<p>2. Os primeiros que ouviram as Bem-Aventuran\u00e7as de Jesus guardavam em seu cora\u00e7\u00e3o a lembran\u00e7a de outro monte, o Monte Sinai. H\u00e1 precisamente um m\u00eas, tive a gra\u00e7a de ir ali, onde Deus falou a Mois\u00e9s e comunicou a Lei, &#8216;escrita pelo dedo de Deus&#8217; (E<i>x\u00a0<\/i>31,18) em t\u00e1buas de pedra. Estas duas montanhas, o Monte Sinai e o Monte das Bem-Aventuran\u00e7as, oferecem-nos o itiner\u00e1rio da nossa vida crist\u00e3 e um sum\u00e1rio das nossas responsabilidades perante Deus e o pr\u00f3ximo. Juntas, <i>a Lei e as Bem-Aventuran\u00e7as <\/i>tra\u00e7am o caminho do seguimento de Jesus e a vereda real para a maturidade e liberdade espirituais. Os Dez Mandamentos do Sinai podem parecer negativos:\u00a0 &#8216;N\u00e3o ter\u00e1s outros deuses diante de mim&#8230; n\u00e3o matar\u00e1s. N\u00e3o cometer\u00e1s adult\u00e9rio. N\u00e3o roubar\u00e1s. N\u00e3o apresentar\u00e1s falso testemunho&#8230;&#8217; (E<i>x\u00a0<\/i>20,3.13-16). Mas na realidade eles s\u00e3o extremamente positivos. Indo para al\u00e9m dos males mencionados, eles indicam o caminho para a lei do amor, que \u00e9 o primeiro e maior de todos os mandamentos:\u00a0 &#8216;Amar\u00e1s ao Senhor teu Deus com todo o teu cora\u00e7\u00e3o, com toda a tua alma e com todo o teu entendimento&#8230; Amar\u00e1s ao teu pr\u00f3ximo como a ti mesmo&#8217;<i>\u00a0(Mt\u00a0<\/i>22, 37.39). Jesus mesmo disse que veio n\u00e3o para abolir a lei, mas para cumpri-la (cf. <i>Mt\u00a0<\/i>5,17). A sua mensagem \u00e9 nova mas n\u00e3o destr\u00f3i o que a precede; antes, leva aquilo que existe \u00e0 sua plena potencialidade. <i>Jesus ensina que o caminho do amor leva a Lei ao seu cumprimento <\/i>(cf.\u00a0<i>Gl\u00a0<\/i>5,14). E Ele ensinou esta verdade extremamente importante nesta montanha, aqui na Galileia.<\/p>\n\n<p><p align=\"left\">3. &#8216;Felizes de v\u00f3s!&#8217;, diz Ele, &#8216;felizes todos os pobres em esp\u00edrito, os mansos e os misericordiosos, os aflitos, os que t\u00eam fome e sede de justi\u00e7a, os que s\u00e3o puros de cora\u00e7\u00e3o, os que promovem a paz e os perseguidos! Felizes de v\u00f3s!&#8217;. As palavras de Jesus podem parecer estranhas. \u00c9 raro que Jesus exalte aqueles que o mundo geralmente considera fr\u00e1geis. Ele lhes diz:\u00a0 &#8216;Felizes de v\u00f3s que pareceis derrotados, porque sois os verdadeiros vencedores, os aut\u00eanticos vencedores:\u00a0 o reino do c\u00e9u \u00e9 vosso!&#8217;. Pronunciadas por Ele, que \u00e9 &#8216;manso e humilde de cora\u00e7\u00e3o&#8217; (<i>Mt\u00a0<\/i>11, 29), estas palavras apresentam um desafio que exige uma profunda e permanente <i>metanoia\u00a0<\/i>do esp\u00edrito, uma grande transforma\u00e7\u00e3o do cora\u00e7\u00e3o.<\/p>&#013;\n<p align=\"left\">V\u00f3s, jovens, compreendereis por que motivo esta mudan\u00e7a de cora\u00e7\u00e3o \u00e9 necess\u00e1ria! Porque estais conscientes de que h\u00e1 outra voz dentro de v\u00f3s e ao vosso redor, uma voz contradit\u00f3ria. Trata-se de uma voz que diz: &#8216;Felizes os soberbos e violentos, aqueles que progridem custe o que custar, os que n\u00e3o t\u00eam escr\u00fapulos, os impiedosos e os desonestos, aqueles que promovem a guerra e n\u00e3o a paz, os que perseguem as pessoas que se lhes apresentam como obst\u00e1culo ao longo do caminho&#8217;. E parece que essa voz tem sentido num mundo onde os violentos com frequ\u00eancia triunfam e os desonestos d\u00e3o a impress\u00e3o de alcan\u00e7ar o sucesso. &#8216;Sim&#8217;, diz a voz do mal, &#8216;s\u00e3o eles que h\u00e3o de vencer. Felizes deles!&#8217;.<\/p><\/p>\n\n<div class=\"wp-block-image\"><figure class=\"alignleft size-medium\"><img loading=\"lazy\" decoding=\"async\" width=\"300\" height=\"204\" src=\"https:\/\/neocatechumenaleiter.org\/wp-content\/uploads\/2020\/03\/Camino_Neocatecumenal_Juan_Pablo_II_eucaristia_monte_Bienaventuranzas_2000_3-300x204.jpg\" alt=\"\" class=\"wp-image-2785\" srcset=\"https:\/\/neocatechumenaleiter.org\/wp-content\/uploads\/2020\/03\/Camino_Neocatecumenal_Juan_Pablo_II_eucaristia_monte_Bienaventuranzas_2000_3-300x204.jpg 300w, https:\/\/neocatechumenaleiter.org\/wp-content\/uploads\/2020\/03\/Camino_Neocatecumenal_Juan_Pablo_II_eucaristia_monte_Bienaventuranzas_2000_3.jpg 768w\" sizes=\"auto, (max-width: 300px) 100vw, 300px\" \/><\/figure><\/div>\n\n<p>4. Jesus transmite uma mensagem muito diferente. N\u00e3o distante deste lugar, chamou os seus primeiros disc\u00edpulos, da mesma forma que agora vos chama. O seu chamado sempre exigiu uma escolha entre as duas vozes que concorrem para conquistar o vosso cora\u00e7\u00e3o at\u00e9 mesmo agora, aqui nesta montanha:  a voz entre o bem e o mal, entre a vida e a morte. Que voz os jovens do s\u00e9culo XXI preferem seguir? Depositar a vossa f\u00e9 em Jesus significa escolher acreditar naquilo que Ele diz, por mais estranho que isto possa parecer, e escolher a rejei\u00e7\u00e3o das pretens\u00f5es do mal, por mais sens\u00edveis ou atraentes que elas possam ser. Em \u00faltima an\u00e1lise, Jesus n\u00e3o s\u00f3 proclama as Bem-Aventuran\u00e7as. Ele vive as Bem-Aventuran\u00e7as. Ele \u00e9 as Bem-Aventuran\u00e7as. Olhando para Ele, descobrireis o que significa ser pobre em esp\u00edrito, manso e misericordioso, aflito, ter fome e sede de justi\u00e7a, ser puro de cora\u00e7\u00e3o, promover a paz, ser perseguido. Eis por que Ele tem o direito de dizer: &#8216;Vinde, segui-me!&#8217;. Ele n\u00e3o diz simplesmente: &#8216;Fazei o que vos digo!&#8217;, mas sim:  &#8216;Vinde, segui-me!&#8217;.<\/p>\n\n<p>V\u00f3s escutais a sua voz nesta montanha e acreditais naquilo que Ele diz. Todavia, assim como os primeiros disc\u00edpulos no Mar da Galileia, tamb\u00e9m v\u00f3s deveis abandonar as vossas barcas e redes, e isto nunca \u00e9 f\u00e1cil, sobretudo quando deveis enfrentar um futuro incerto e sois tentados a perder a confian\u00e7a na vossa heran\u00e7a crist\u00e3. No mundo de hoje, ser um bom crist\u00e3o pode parecer algo que est\u00e1 acima das vossas for\u00e7as. Mas Jesus n\u00e3o fica a olhar, deixando que enfrenteis \u00a0sozinhos este desafio. Ele est\u00e1 sempre convosco para transformar a vossa debilidade em fortaleza. Confiai n&#8217;Ele, quando diz:\u00a0 &#8216;Basta-te a minha \u00a0gra\u00e7a, pois \u00a0\u00e9 \u00a0na \u00a0fragilidade que a for\u00e7a manifesta todo o seu poder&#8217; (2<i>Co<\/i> 12,9)!<\/p>\n\n<div class=\"wp-block-image\"><figure class=\"alignright size-large\"><img loading=\"lazy\" decoding=\"async\" width=\"433\" height=\"655\" src=\"https:\/\/neocatechumenaleiter.org\/wp-content\/uploads\/2020\/03\/Camino_Neocatecumenal_Juan_Pablo_II_eucaristia_monte_Bienaventuranzas_2000_4.jpg\" alt=\"\" class=\"wp-image-2796\" srcset=\"https:\/\/neocatechumenaleiter.org\/wp-content\/uploads\/2020\/03\/Camino_Neocatecumenal_Juan_Pablo_II_eucaristia_monte_Bienaventuranzas_2000_4.jpg 433w, https:\/\/neocatechumenaleiter.org\/wp-content\/uploads\/2020\/03\/Camino_Neocatecumenal_Juan_Pablo_II_eucaristia_monte_Bienaventuranzas_2000_4-198x300.jpg 198w\" sizes=\"auto, (max-width: 433px) 100vw, 433px\" \/><\/figure><\/div>\n\n<p>5. Os disc\u00edpulos passaram muito tempo com o Senhor. Eles conheceram-no e amaram-no profundamente. Descobriram o significado daquilo que, certa vez, o ap\u00f3stolo Pedro disse a Jesus: &#8216;A quem iremos, Senhor? Tu tens palavras de vida eterna&#8217;<i>\u00a0(Jo\u00a0<\/i>6,68). Descobriram que as palavras de vida eterna s\u00e3o as palavras do Sinai e as palavras das Bem-Aventuran\u00e7as. E esta foi a mensagem que \u00a0eles \u00a0espalharam em toda a parte. No momento da sua ascens\u00e3o, Jesus confiou aos seus disc\u00edpulos uma miss\u00e3o e esta certeza: &#8216;Toda a autoridade me foi dada no c\u00e9u e na terra. Portanto, ide e fazei com que todos os povos se tornem meus disc\u00edpulos&#8230; Eis que Eu estarei convosco todos os dias, at\u00e9 o fim do mundo&#8217; (<i>Mt\u00a0<\/i>28,18-20). Durante dois mil anos, os seguidores de Cristo cumpriram esta miss\u00e3o. Agora, no alvorecer do terceiro mil\u00eanio, compete a v\u00f3s realiz\u00e1-la. Cabe a v\u00f3s ir pelo mundo afora para anunciar a mensagem dos Dez Mandamentos e das Bem-Aventuran\u00e7as.<\/p>\n\n<p>Quando Deus se pronuncia, fala de coisas que t\u00eam a m\u00e1xima import\u00e2ncia para cada pessoa, para as popula\u00e7\u00f5es do s\u00e9culo XXI, em n\u00e3o menor medida do que para aquelas do s\u00e9culo I. Os Dez Mandamentos e as Bem-Aventuran\u00e7as falam da verdade e da bondade, da gra\u00e7a e da liberdade, de tudo o que \u00e9 necess\u00e1rio para entrar no Reino de Cristo. Agora, cabe a v\u00f3s ser corajosos ap\u00f3stolos desse Reino! Jovens da Terra Santa, jovens do mundo inteiro:\u00a0 respondei ao Senhor, respondei ao Senhor com um cora\u00e7\u00e3o dispon\u00edvel e aberto! Dispon\u00edvel e aberto como o cora\u00e7\u00e3o da maior filha da Galileia, Maria, a M\u00e3e de Jesus. Como foi que Ela respondeu? Ela disse: &#8220;Eis a serva do Senhor. Fa\u00e7a-se em mim segundo a tua palavra!&#8221;<i>\u00a0(Lc\u00a0<\/i>1,38).&#013;\n<p align=\"left\">\u00d3 Senhor Jesus Cristo, neste lugar que v\u00f3s conhecestes t\u00e3o bem e muito amastes, escutai estes cora\u00e7\u00f5es jovens e generosos! Continuai a ensinar a estes jovens a verdade dos Mandamentos e das Bem-Aventuran\u00e7as! Transformai-os em jubilosas testemunhas da vossa verdade e em convictos ap\u00f3stolos do vosso Reino! Permanecei sempre com eles, de modo especial quando se torna dif\u00edcil e exigente seguir a V\u00f3s e o Evangelho! V\u00f3s sereis a sua for\u00e7a e vit\u00f3ria!<\/p>&#013;\n<p align=\"left\">\u00d3 Senhor Jesus, fizestes destes jovens vossos amigos:\u00a0 conservai-os sempre pr\u00f3ximos de V\u00f3s!<\/p><\/p>\n\n<p><strong>Am\u00e9m!&#8221;.<\/strong><\/p>\n\n<div class=\"wp-block-image\"><figure class=\"alignleft size-medium\"><img loading=\"lazy\" decoding=\"async\" width=\"204\" height=\"300\" src=\"https:\/\/neocatechumenaleiter.org\/wp-content\/uploads\/2020\/03\/Camino_Neocatecumenal_Juan_Pablo_II_eucaristia_monte_Bienaventuranzas_2000_5-204x300.jpg\" alt=\"\" class=\"wp-image-2799\" srcset=\"https:\/\/neocatechumenaleiter.org\/wp-content\/uploads\/2020\/03\/Camino_Neocatecumenal_Juan_Pablo_II_eucaristia_monte_Bienaventuranzas_2000_5-204x300.jpg 204w, https:\/\/neocatechumenaleiter.org\/wp-content\/uploads\/2020\/03\/Camino_Neocatecumenal_Juan_Pablo_II_eucaristia_monte_Bienaventuranzas_2000_5.jpg 566w\" sizes=\"auto, (max-width: 204px) 100vw, 204px\" \/><\/figure><\/div>\n\n<p>Ao t\u00e9rmino da santa missa celebrada sobre o Monte das Bem-Aventuran\u00e7as, o Santo Padre dirigiu algumas palavras de sauda\u00e7\u00e3o a diversos grupos de peregrinos que se aproximaram dele para a celebra\u00e7\u00e3o. Depois de saudar os jovens italianos, o Papa se dirigiu aos de l\u00edngua francesa, alem\u00e3, espanhola, inglesa, polaca, hebraica e \u00e1rabe.\u00a0 Esta \u00e9 uma tradu\u00e7\u00e3o nossa das palavras do Papa: &#8220;Ao t\u00e9rmino desta gozosa celebra\u00e7\u00e3o eucar\u00edstica, quero agradecer a todos v\u00f3s, queridos jovens, vindos em grande n\u00famero de perto e de longe, como disc\u00edpulos de Jesus, para escutar sua palavra. Partindo deste Monte das Bem-Aventuran\u00e7as, cada um de v\u00f3s deve ser mensageiro do Evangelho das Bem-Aventuran\u00e7as. Sa\u00fado especialmente os jovens neocatec\u00famenos com Kiko e Carmen que vieram aqui em grande n\u00famero de todas as partes do mundo. Digo a todos v\u00f3s, Cristo vos acompanhe pelos caminhos do mundo.<\/p>\n\n<p>Que tamb\u00e9m vos acompanhe Maria, que \u2013 como recordarei amanh\u00e3 em Nazar\u00e9 \u2013 com seu &#8216;fiat&#8217; cooperou com o grande mist\u00e9rio da Encarna\u00e7\u00e3o, do qual o Ano do Jubileu celebra os dois mil anos. Deus os aben\u00e7oe! Sa\u00fado cordialmente os jovens de l\u00edngua francesa presentes neste maravilhoso encontro no curso do qual, sobre esta montanha, pudemos escutar de uma forma renovada a Boa Nova das Bem-Aventuran\u00e7as. Espero-vos em Roma para a Jornada Mundial da  Juventude.<\/p>\n\n<p>Dirijo uma sauda\u00e7\u00e3o cordial aos jovens de l\u00edngua alem\u00e3. A montanha das Bem-Aventuran\u00e7as nos relembra a exig\u00eancia de nosso ser crist\u00e3o: o programa do Serm\u00e3o da Montanha. Que vosso testemunho pessoal se converta em um serm\u00e3o vivo de tudo o que Jesus anunciou neste lugar! Sa\u00fado com grande alegria todos os jovens presentes de l\u00edngua espanhola. Aqui na Galileia, o pr\u00f3prio Jesus nos indicou o caminho das Bem-Aventuran\u00e7as. Que a forca e a beleza desse ensinamento orientem nossa vida! Jesus convida todos n\u00f3s a ser &#8216;pescadores de homens&#8217;. Diz a cada um de n\u00f3s: &#8216;Vem e segue-me!&#8217;. N\u00e3o tenhais medo em responder a esse chamado, porque Ele \u00e9 nossa for\u00e7a. Em agosto, espero-vos em Roma para a Jornada Mundial da Juventude.<\/p>\n\n<div class=\"wp-block-image\"><figure class=\"alignright size-large\"><img loading=\"lazy\" decoding=\"async\" width=\"264\" height=\"400\" src=\"https:\/\/neocatechumenaleiter.org\/wp-content\/uploads\/2020\/03\/Camino_Neocatecumenal_Juan_Pablo_II_eucaristia_monte_Bienaventuranzas_2000_6.jpg\" alt=\"\" class=\"wp-image-2810\" srcset=\"https:\/\/neocatechumenaleiter.org\/wp-content\/uploads\/2020\/03\/Camino_Neocatecumenal_Juan_Pablo_II_eucaristia_monte_Bienaventuranzas_2000_6.jpg 264w, https:\/\/neocatechumenaleiter.org\/wp-content\/uploads\/2020\/03\/Camino_Neocatecumenal_Juan_Pablo_II_eucaristia_monte_Bienaventuranzas_2000_6-198x300.jpg 198w\" sizes=\"auto, (max-width: 264px) 100vw, 264px\" \/><\/figure><\/div>\n\n<p>Aos jovens provenientes das \u00e1reas inglesas do mundo e a todos vos digo: Sede dignos seguidores de Cristo! No Esp\u00edrito das Bem-Aventuran\u00e7as sede a luz do mundo!<\/p>\n\n<p>Queridos jovens vindos da Pol\u00f4nia: &#013;\nVossa presen\u00e7a aqui me alegra muit\u00edssimo.  \u00c9 um sinal de esperan\u00e7a para nossa p\u00e1tria. Muitos de v\u00f3s sentastes hoje aos p\u00e9s de Jesus. Ele que \u00e9 a esperan\u00e7a da fam\u00edlia humana. De sua boca ouvistes o que quer dizer verdadeiramente bem-aventurados, o que quer dizer cumprir os mandamentos e viver segundo o esp\u00edrito das &#013;\nBem-Aventuran\u00e7as. N\u00e3o tenhais medo de dizer &#8216;sim&#8217; a Jesus e de segui-lo como seus disc\u00edpulos. Ent\u00e3o vossos cora\u00e7\u00f5es se encher\u00e3o de alegria e vos convertereis em uma b\u00ean\u00e7\u00e3o para a Pol\u00f4nia e para o mundo. Desejo-vos isso com todo meu cora\u00e7\u00e3o.<\/p>\n\n<p>Aos jovens de l\u00edngua hebraica vos digo: Sede construtores de paz! Deus esteja convosco!&#8221;.<\/p>\n","protected":false},"excerpt":{"rendered":"<p>Eucaristia no Monte das Bem-aventuran\u00e7as com os jovens 24\/3\/2000 S\u00e3o Jo\u00e3o Paulo II Corazim, 24 de mar\u00e7o de 2000. Jo\u00e3o Paulo II celebrou &#8211; na manh\u00e3 da quinta-feira 24 de mar\u00e7o &#8211; a santa missa para os jovens sobre o monte das Bem-Aventuran\u00e7as. No in\u00edcio do encontro, o arcebispo de Akka dos Greco-Melquitas, mons. Boutros Mouallem, e uma jovem dirigiram ao Papa algumas palavras de boas-vindas. Esta \u00e9 a homilia<\/p>\n<div class=\"read-more\"><a class=\"btn read-more-btn\" href=\"https:\/\/neocatechumenaleiter.org\/pt-br\/palavras-dos-papas\/sao-joao-paulo-ii\/eucaristia-no-monte-das-bem-aventurancas-com-jovens-24-3-2000\/\">Ler mais<\/a><\/div>\n","protected":false},"author":2,"featured_media":0,"parent":4247,"menu_order":94,"comment_status":"closed","ping_status":"closed","template":"","meta":{"footnotes":""},"class_list":["post-8770","page","type-page","status-publish","hentry"],"_links":{"self":[{"href":"https:\/\/neocatechumenaleiter.org\/pt-br\/wp-json\/wp\/v2\/pages\/8770","targetHints":{"allow":["GET"]}}],"collection":[{"href":"https:\/\/neocatechumenaleiter.org\/pt-br\/wp-json\/wp\/v2\/pages"}],"about":[{"href":"https:\/\/neocatechumenaleiter.org\/pt-br\/wp-json\/wp\/v2\/types\/page"}],"author":[{"embeddable":true,"href":"https:\/\/neocatechumenaleiter.org\/pt-br\/wp-json\/wp\/v2\/users\/2"}],"replies":[{"embeddable":true,"href":"https:\/\/neocatechumenaleiter.org\/pt-br\/wp-json\/wp\/v2\/comments?post=8770"}],"version-history":[{"count":13,"href":"https:\/\/neocatechumenaleiter.org\/pt-br\/wp-json\/wp\/v2\/pages\/8770\/revisions"}],"predecessor-version":[{"id":9712,"href":"https:\/\/neocatechumenaleiter.org\/pt-br\/wp-json\/wp\/v2\/pages\/8770\/revisions\/9712"}],"up":[{"embeddable":true,"href":"https:\/\/neocatechumenaleiter.org\/pt-br\/wp-json\/wp\/v2\/pages\/4247"}],"wp:attachment":[{"href":"https:\/\/neocatechumenaleiter.org\/pt-br\/wp-json\/wp\/v2\/media?parent=8770"}],"curies":[{"name":"wp","href":"https:\/\/api.w.org\/{rel}","templated":true}]}}