{"id":8806,"date":"2020-04-27T21:21:50","date_gmt":"2020-04-27T20:21:50","guid":{"rendered":"https:\/\/neocatechumenaleiter.org\/palavras-dos-papas\/sao-joao-paulo-ii\/regina-coeli-na-conclusao-da-missao-da-cidade-de-roma-23-5-1999\/"},"modified":"2020-06-10T19:35:14","modified_gmt":"2020-06-10T18:35:14","slug":"regina-coeli-na-conclusao-da-missao-da-cidade-de-roma-23-5-1999","status":"publish","type":"page","link":"https:\/\/neocatechumenaleiter.org\/pt-br\/palavras-dos-papas\/sao-joao-paulo-ii\/regina-coeli-na-conclusao-da-missao-da-cidade-de-roma-23-5-1999\/","title":{"rendered":"&#8220;Regina Coeli&#8221; na conclus\u00e3o da Miss\u00e3o da Cidade de Roma 23\/5\/1999"},"content":{"rendered":"\n<h1 class=\"has-text-align-center wp-block-heading\">&#8220;Regina Coeli&#8221; na conclus\u00e3o da Miss\u00e3o da Cidade de Roma 23\/5\/1999<\/h1>\n\n<div style=\"height:20px\" aria-hidden=\"true\" class=\"wp-block-spacer\"><\/div>\n\n<h4 class=\"has-text-align-center wp-block-heading\">S\u00e3o Jo\u00e3o Paulo II<\/h4>\n\n<div style=\"height:20px\" aria-hidden=\"true\" class=\"wp-block-spacer\"><\/div>\n\n<p><strong>S\u00e3o Pedro, 23 de maio de 1999. *<\/strong><\/p>\n\n<p><em>&#8220;Invoquemos juntos o Esp\u00edrito Santo, para que torne fecunda a Miss\u00e3o da Cidade de Roma e cumule de frutos as expectativas da Igreja inteira&#8221;. No &#8220;Regina Coeli&#8221; da solenidade de Pentecostes, no domingo 23 de maio, Jo\u00e3o Paulo II recordou a solene Vig\u00edlia com a qual foi encerrada no s\u00e1bado \u00e0 tarde a Miss\u00e3o da Cidade e o grande encontro do ano passado com os movimentos eclesiais e as novas comunidades.<\/em>&#13;\n<em>Estas s\u00e3o as palavras do Papa:<\/em><\/p>\n\n<p>&#8220;1. A solenidade de Pentecostes faz-nos reviver a extraordin\u00e1ria experi\u00eancia vivida pelos Ap\u00f3stolos, cinquenta dias depois da ressurrei\u00e7\u00e3o de Cristo. Com o Pentecostes, conclui-se o tempo da P\u00e1scoa, e essa conclus\u00e3o consiste precisamente na oferta do Esp\u00edrito Santo, segundo a promessa de Jesus.  Contemplamos hoje a transforma\u00e7\u00e3o dos disc\u00edpulos do Senhor, de seguidores ainda amedrontados em testemunhas intr\u00e9pidas, que anunciam com coragem a todos os povos a Boa Nova. Recolhidos em ora\u00e7\u00e3o un\u00e2nime dentro do cen\u00e1culo, com Maria, s\u00e3o enviados pelo Esp\u00edrito de verdade a transformar o mundo inteiro num cen\u00e1culo de amor e de unidade. Estas duas dimens\u00f5es \u2013 ora\u00e7\u00e3o e apostolado, comunh\u00e3o e miss\u00e3o \u2013 s\u00e3o indispens\u00e1veis para a vida da Igreja em todos os tempos e lugares.<\/p>\n\n<p>2. Preparamo-nos ontem \u00e0 noite para esta grande festa, aqui na Pra\u00e7a de S\u00e3o Pedro, com uma solene vig\u00edlia, com a qual foi conclu\u00edda a Miss\u00e3o da Cidade de Roma. Que extraordin\u00e1ria experi\u00eancia espiritual! Ela nos trouxe \u00e0 mem\u00f3ria o grande encontro do ano passado com os movimentos eclesiais e as novas comunidades, que constituem um verdadeiro dom do Esp\u00edrito \u00e0 Igreja no final dum mil\u00eanio e um dos novos sinais que surgiram do Conc\u00edlio Vaticano II. O encontro do ano passado deu frutos preciosos. Com efeito, multiplicaram-se as iniciativas que t\u00eam por objetivo alimentar nos movimentos e nas comunidades o sentido da comunh\u00e3o, com a finalidade de fazer crescer a colabora\u00e7\u00e3o entre si, como tamb\u00e9m no \u00e2mbito das Igrejas locais e nas par\u00f3quias.  Agradecemos ao Senhor esta promissora primavera da Igreja, rica de esperan\u00e7a. Tenho a certeza de que o pr\u00f3ximo congresso, organizado pelo Pontif\u00edcio Conselho para os Leigos sobre o tema &#8216;Os movimentos eclesiais e as novas comunidades na solicitude pastoral dos bispos&#8217;, contribuir\u00e1 para favorecer os seus ulteriores progressos.  O mundo secularizado interpela cada um dos crist\u00e3os a refortificar o pr\u00f3prio impulso mission\u00e1rio fundando-o numa experi\u00eancia radical da f\u00e9 em Cristo, experi\u00eancia feita de ora\u00e7\u00e3o, de unidade e de an\u00fancio.<\/p>\n\n<p>3. Invoquemos juntos o Esp\u00edrito Santo, para que torne fecunda a miss\u00e3o da cidade de Roma e cumule de frutos as expectativas da Igreja inteira. O empenho mission\u00e1rio n\u00e3o tem prazos e empenha cada membro da comunidade crist\u00e3. Hoje, como no in\u00edcio, a Igreja sabe que, para enfrentar os desafios da nova evangeliza\u00e7\u00e3o, precisa de se deter em ora\u00e7\u00e3o com Maria, M\u00e3e de Jesus e nossa M\u00e3e. Pedimos \u00e0 Virgem que reze conosco e por n\u00f3s ao Pai celeste, para que derrame sobre todos os crentes o Esp\u00edrito Santo e renove os prod\u00edgios do Pentecostes&#8221;.<\/p>\n\n<p><em>(*) Cfr. \u00abL\u2019Osservatore Romano\u00bb, 24-25 maio 1999.<\/em><\/p>\n","protected":false},"excerpt":{"rendered":"<p>&#8220;Regina Coeli&#8221; na conclus\u00e3o da Miss\u00e3o da Cidade de Roma 23\/5\/1999 S\u00e3o Jo\u00e3o Paulo II S\u00e3o Pedro, 23 de maio de 1999. * &#8220;Invoquemos juntos o Esp\u00edrito Santo, para que torne fecunda a Miss\u00e3o da Cidade de Roma e cumule de frutos as expectativas da Igreja inteira&#8221;. No &#8220;Regina Coeli&#8221; da solenidade de Pentecostes, no domingo 23 de maio, Jo\u00e3o Paulo II recordou a solene Vig\u00edlia com a qual foi<\/p>\n<div class=\"read-more\"><a class=\"btn read-more-btn\" href=\"https:\/\/neocatechumenaleiter.org\/pt-br\/palavras-dos-papas\/sao-joao-paulo-ii\/regina-coeli-na-conclusao-da-missao-da-cidade-de-roma-23-5-1999\/\">Ler mais<\/a><\/div>\n","protected":false},"author":2,"featured_media":0,"parent":4247,"menu_order":92,"comment_status":"closed","ping_status":"closed","template":"","meta":{"footnotes":""},"class_list":["post-8806","page","type-page","status-publish","hentry"],"_links":{"self":[{"href":"https:\/\/neocatechumenaleiter.org\/pt-br\/wp-json\/wp\/v2\/pages\/8806","targetHints":{"allow":["GET"]}}],"collection":[{"href":"https:\/\/neocatechumenaleiter.org\/pt-br\/wp-json\/wp\/v2\/pages"}],"about":[{"href":"https:\/\/neocatechumenaleiter.org\/pt-br\/wp-json\/wp\/v2\/types\/page"}],"author":[{"embeddable":true,"href":"https:\/\/neocatechumenaleiter.org\/pt-br\/wp-json\/wp\/v2\/users\/2"}],"replies":[{"embeddable":true,"href":"https:\/\/neocatechumenaleiter.org\/pt-br\/wp-json\/wp\/v2\/comments?post=8806"}],"version-history":[{"count":8,"href":"https:\/\/neocatechumenaleiter.org\/pt-br\/wp-json\/wp\/v2\/pages\/8806\/revisions"}],"predecessor-version":[{"id":14753,"href":"https:\/\/neocatechumenaleiter.org\/pt-br\/wp-json\/wp\/v2\/pages\/8806\/revisions\/14753"}],"up":[{"embeddable":true,"href":"https:\/\/neocatechumenaleiter.org\/pt-br\/wp-json\/wp\/v2\/pages\/4247"}],"wp:attachment":[{"href":"https:\/\/neocatechumenaleiter.org\/pt-br\/wp-json\/wp\/v2\/media?parent=8806"}],"curies":[{"name":"wp","href":"https:\/\/api.w.org\/{rel}","templated":true}]}}