{"id":8812,"date":"2020-04-27T21:47:43","date_gmt":"2020-04-27T20:47:43","guid":{"rendered":"https:\/\/neocatechumenaleiter.org\/palavras-dos-papas\/sao-joao-paulo-ii\/homilia-na-conclusao-da-missao-da-cidade-de-roma-22-5-1999\/"},"modified":"2020-06-16T18:31:08","modified_gmt":"2020-06-16T17:31:08","slug":"homilia-na-conclusao-da-missao-da-cidade-de-roma-22-5-1999","status":"publish","type":"page","link":"https:\/\/neocatechumenaleiter.org\/pt-br\/palavras-dos-papas\/sao-joao-paulo-ii\/homilia-na-conclusao-da-missao-da-cidade-de-roma-22-5-1999\/","title":{"rendered":"Homilia na conclus\u00e3o da Miss\u00e3o na Cidade de Roma 22\/5\/1999"},"content":{"rendered":"\n<h1 class=\"has-text-align-center wp-block-heading\">Homilia na conclus\u00e3o da Miss\u00e3o na Cidade de Roma 22\/5\/1999<\/h1>\n\n<div style=\"height:20px\" aria-hidden=\"true\" class=\"wp-block-spacer\"><\/div>\n\n<h4 class=\"has-text-align-center wp-block-heading\">S\u00e3o Jo\u00e3o Paulo II<\/h4>\n\n<div style=\"height:20px\" aria-hidden=\"true\" class=\"wp-block-spacer\"><\/div>\n\n<p><strong>Pra\u00e7a de S\u00e3o Pedro, 22 de maio de 1999. *<\/strong><\/p>\n\n<p><em>&#8220;Demos gra\u00e7as a Deus por este extraordin\u00e1rio acontecimento, que foi um ato de amor para com a Cidade e para com todos os seus habitantes. A Miss\u00e3o na Cidade promoveu, de fato, nas comunidades crist\u00e3s um itiner\u00e1rio de espiritualidade intensa, alimentado pela ora\u00e7\u00e3o e pela escuta da Palavra de Deus. Al\u00e9m disso, permitiu o incremento da comunh\u00e3o eclesial, que o S\u00ednodo romano tinha indicado como condi\u00e7\u00e3o indispens\u00e1vel da nova evangeliza\u00e7\u00e3o&#8221;. Com essas palavras Jo\u00e3o Paulo II resumiu, na homilia da&#13;\nCelebra\u00e7\u00e3o Eucar\u00edstica na Vig\u00edlia de Pentecostes no s\u00e1bado \u00e0 tarde, 22 de maio, o caminho percorrido pela Igreja de Roma desde o dia 8 de dezembro de 1995 at\u00e9 a solenidade de Pentecoste<\/em><em>s&#13;\nde 1999.<\/em>&#13;\n<em>Este \u00e9 o texto d<\/em><em>a homilia de Jo\u00e3o Paulo II:<\/em><\/p>\n\n<p>&#8220;1. &#8216;<em>Abre as portas a Cristo, teu Salvador&#8217;<\/em>: este convite, que ressoou alto nos tr\u00eas anos de prepara\u00e7\u00e3o para o Grande Jubileu, caracterizou a nossa Miss\u00e3o na Cidade.&#13;\n<p style=\"font-weight: 400;\">Demos gra\u00e7as a Deus por este extraordin\u00e1rio acontecimento, que foi um ato de amor para com a cidade e para com todos os seus habitantes. Com efeito, a Miss\u00e3o na Cidade promoveu nas comunidades crist\u00e3s um itiner\u00e1rio de espiritualidade intensa, alimentado pela ora\u00e7\u00e3o e pela escuta da palavra de Deus. Al\u00e9m disso, permitiu o incremento da comunh\u00e3o eclesial, que o S\u00ednodo romano tinha indicado como condi\u00e7\u00e3o indispens\u00e1vel para a nova evangeliza\u00e7\u00e3o.<\/p>&#13;\n<p style=\"font-weight: 400;\">Toda a comunidade diocesana, em seus v\u00e1rios minist\u00e9rios, voca\u00e7\u00f5es e carismas, trabalhou em un\u00edssono a fim de oferecer a pr\u00f3pria contribui\u00e7\u00e3o de ora\u00e7\u00e3o, an\u00fancio, testemunho e servi\u00e7o. Fizemos juntos a experi\u00eancia de ser &#8216;povo de Deus em miss\u00e3o&#8217;.<\/p>&#13;\n<p style=\"font-weight: 400;\">Sinto o dever de agradecer a quantos participaram de v\u00e1rias maneiras nesta importante iniciativa pastoral. Em primeiro lugar a Vossa Emin\u00eancia, senhor cardeal vig\u00e1rio, que guiou com zelo a miss\u00e3o, em estreita colabora\u00e7\u00e3o com os bispos auxiliares, os quais sa\u00fado cordialmente. Gostaria de recordar agora os outros prelados que ofereceram a sua apreciada colabora\u00e7\u00e3o e, entre eles, o saudoso D. Clemente Riva.<\/p>&#13;\n<p style=\"font-weight: 400;\">Penso com gratid\u00e3o em v\u00f3s, queridos mission\u00e1rios, sacerdotes, religiosos, religiosas e sobretudo leigos, que fostes os primeiros a beneficiar da gra\u00e7a da miss\u00e3o. O generoso empenho, com que vos preparastes e levastes o Evangelho \u00e0s casas e aos ambientes da cidade, abriu novos caminhos de evangeliza\u00e7\u00e3o e de presen\u00e7a crist\u00e3 no \u00e2mbito quotidiano da vida do nosso povo. O Esp\u00edrito Santo guiou-vos passo a passo, inspirou-vos as palavras justas para o an\u00fancio de Cristo e sustentou-vos nos inevit\u00e1veis momentos de dificuldade.<\/p>&#13;\n<p style=\"font-weight: 400;\">Demos gra\u00e7as ao Senhor por tudo o que realizou, mostrando em cada circunst\u00e2ncia os sinais da sua miseric\u00f3rdia e do seu amor. O grande Jubileu, j\u00e1 \u00e0s portas, estimula-nos a prosseguir neste esfor\u00e7o mission\u00e1rio com o mesmo impulso, a fim de consolidar e expandir os resultados alcan\u00e7ados pela miss\u00e3o. Dessa forma, poder\u00edamos mostrar aos numerosos peregrinos, que vir\u00e3o a Roma no pr\u00f3ximo ano, o rosto da nossa Igreja acolhedora e aberta, renovada na f\u00e9 e rica de obras de caridade.<\/p><\/p>\n\n<p>2. Para que isto se verifique, \u00e9 necess\u00e1rio que a obra mission\u00e1ria, iniciada de modo t\u00e3o feliz, se consolide e se desenvolva. \u00c9 preciso continuar a sustentar as pessoas e as fam\u00edlias que j\u00e1 foram contatadas nas suas casas e nos lugares de trabalho, bem como alcan\u00e7ar todos os que, por v\u00e1rios motivos, n\u00e3o foi poss\u00edvel contatar durante estes anos. A visita anual \u00e0s fam\u00edlias e os centros de escuta do Evangelho, que devem ser ampliados de forma minuciosa, sejam ent\u00e3o a alma da pastoral das par\u00f3quias, gra\u00e7as \u00e0 colabora\u00e7\u00e3o das associa\u00e7\u00f5es eclesiais, dos movimentos e dos grupos. A celebra\u00e7\u00e3o da Palavra de Deus marque o caminho de f\u00e9 das comunidades paroquiais, sobretudo nos tempos fortes do ano lit\u00fargico. O sinal da caridade para com os pobres e os que sofrem acompanhe o an\u00fancio do Senhor, mostrando a sua presen\u00e7a viva, atrav\u00e9s do testemunho quotidiano do amor fraterno. Deve ser fortificada a comunh\u00e3o entre os crist\u00e3os que est\u00e3o empenhados nos ambientes de trabalho e de estudo, nos lugares de cura e de passatempo, onde foram iniciadas propostas concretas do Evangelho. O germe da novidade evang\u00e9lica, semeado com a Miss\u00e3o, deve crescer e frutificar em todas as partes, tamb\u00e9m onde ainda n\u00e3o foi poss\u00edvel promover iniciativas mission\u00e1rias apropriadas. Para esta finalidade, torna-se mais urgente o nosso testemunho. Com efeito, nenhuma realidade \u00e9 impenetr\u00e1vel ao Evangelho; ali\u00e1s, Cristo ressuscitado j\u00e1 est\u00e1 misteriosamente presente nelas, mediante o seu Esp\u00edrito Santo. <\/p>\n\n<p>3. Um empreendimento apost\u00f3lico t\u00e3o amplo requer uma obra de forma\u00e7\u00e3o e de catequese dirigida a todo o povo de Deus, para que tome uma consci\u00eancia mais profunda da sua voca\u00e7\u00e3o mission\u00e1ria e esteja preparado para dar a raz\u00e3o da f\u00e9 em Cristo sempre e em toda a parte.&#13;\n<p style=\"font-weight: 400;\">\u00c9 tarefa das par\u00f3quias, das comunidades religiosas, das associa\u00e7\u00f5es, dos movimentos e dos grupos ter a solicitude por esta forma\u00e7\u00e3o, predispondo itiner\u00e1rios de f\u00e9, de ora\u00e7\u00e3o e de experi\u00eancia crist\u00e3 ricos de conte\u00fado teol\u00f3gico, espiritual e cultural.<\/p>&#13;\n<p style=\"font-weight: 400;\">Queridos sacerdotes, v\u00f3s sois os primeiros a quem est\u00e1 confiada esta tarefa: sede, nas vossas comunidades, guias s\u00e1bios e atentos mestres da f\u00e9.<\/p>&#13;\n<p style=\"font-weight: 400;\">V\u00f3s, queridas religiosas, que tanto contribu\u00edstes para a miss\u00e3o, continuai a apoi\u00e1-la com a vossa ora\u00e7\u00e3o, com a santidade de vida e com os carismas que vos s\u00e3o pr\u00f3prios, nos m\u00faltiplos \u00e2mbitos apost\u00f3licos em que estais empenhadas.<\/p>&#13;\n<p style=\"font-weight: 400;\">V\u00f3s, queridos leigos, sois chamados a dar vida a um grande movimento mission\u00e1rio permanente na cidade e em cada um dos seus ambientes. Tanto no interior das fam\u00edlias, como no amplo e complexo mundo do trabalho e da cultura, na escola e na universidade, nas institui\u00e7\u00f5es de sa\u00fade, nos meios de comunica\u00e7\u00e3o social e nas atividades do tempo livre n\u00e3o deixeis faltar a vossa contribui\u00e7\u00e3o, para que o an\u00fancio do Evangelho possa incidir sobre toda a sociedade.<\/p>&#13;\n<p style=\"font-weight: 400;\">E n\u00e3o podemos nos esquecer da contribui\u00e7\u00e3o dada pelos doentes \u00e0 Miss\u00e3o da Cidade, e que est\u00e3o chamados a renovar, com a oferta do pr\u00f3prio sofrimento, assim como as irm\u00e3s de clausura com a sua constante ora\u00e7\u00e3o.<\/p>&#13;\n<p style=\"font-weight: 400;\">Manifesto a todos e a cada um o meu reconhecimento pela sua util\u00edssima ajuda espiritual.<\/p><\/p>\n\n<p>4. Repassando estes tr\u00eas anos da Miss\u00e3o da Cidade, damo-nos facilmente conta de que a palavra de Deus foi amplamente semeada. Para que esta semente divina n\u00e3o seja infecunda, mas que lance ra\u00edzes s\u00f3lidas e d\u00ea frutos na vida e na pastoral quotidiana, ser\u00e1 necess\u00e1rio favorecer uma espec\u00edfica reflex\u00e3o que, envolvendo todos os componentes eclesiais, desemboque num congresso. Penso num grande encontro, que h\u00e1 de servir para tra\u00e7ar, com base na experi\u00eancia da Miss\u00e3o da Cidade, as linhas-mestras dum compromisso constante de evangeliza\u00e7\u00e3o e zelo mission\u00e1rio.&#13;\n<p style=\"font-weight: 400;\">Ser Igreja em Miss\u00e3o: eis o grande desafio dos pr\u00f3ximos anos para Roma e para o mundo inteiro. Confio-vos esta tarefa, queridos sacerdotes, religiosos e religiosas, leigos e, de maneira especial, a v\u00f3s, movimentos e novas comunidades, recordando o encontro de h\u00e1 um ano na vig\u00edlia de Pentecostes, nesta mesma Pra\u00e7a. \u00c9 necess\u00e1rio abrir-se com docilidade \u00e0 a\u00e7\u00e3o do Esp\u00edrito, acolhendo com gratid\u00e3o e obedi\u00eancia os dons que Ele prodigaliza sem cessar em benef\u00edcio de toda a Igreja. Nesta tarde Cristo repete a cada um de v\u00f3s: &#8216;Ide pelo mundo inteiro e anunciai a Boa Not\u00edcia a toda a humanidade&#8217; (<em>Mc<\/em>\u00a016, 15).<\/p>&#13;\n<p style=\"font-weight: 400;\">Queridos irm\u00e3os, o Evangelho que Cristo nos confiou \u00e9 o Evangelho da paz! N\u00e3o podemos t\u00ea-lo somente para n\u00f3s, sobretudo neste momento no qual a viol\u00eancia e a guerra est\u00e3o a semear destrui\u00e7\u00e3o e morte na vizinha regi\u00e3o dos Balc\u00e3s! O Esp\u00edrito nos impulsiona a ser anunciadores e operadores de paz na justi\u00e7a e na reconcilia\u00e7\u00e3o. Nesta perspectiva, gostaria que na pr\u00f3xima festa do <em>Corpus Christi <\/em>toda a Igreja de Roma elevasse uma insistente invoca\u00e7\u00e3o pela paz. Por isso, convido todos v\u00f3s \u2013 sacerdotes, religiosos e fi\u00e9is \u2013 a unir-vos a mim na tarde da quinta-feira 3 de junho, em S. Jo\u00e3o de Latr\u00e3o, para participar da missa e da prociss\u00e3o do<em> Corpus Christi<\/em>, durante a qual imploraremos juntos o dom da paz nos Balc\u00e3s. Que o dia do Sant\u00edssimo Corpo e Sangue de Cristo seja, neste ano, caracterizado por uma intensa ora\u00e7\u00e3o pela paz.<\/p><\/p>\n\n<p><em>5. &#8216;Vinde Esp\u00edrito Santo, enchei os cora\u00e7\u00f5es dos vossos fi\u00e9is e acendei neles o fogo do vosso amor&#8217;<\/em>.&#13;\n<p style=\"font-weight: 400;\">Vinde, Esp\u00edrito Santo! A invoca\u00e7\u00e3o, que ecoa na Liturgia desta vig\u00edlia de Pentecostes, enche-nos de alegria e de esperan\u00e7a.<\/p>&#13;\n<p style=\"font-weight: 400;\">Esp\u00edrito Santo, art\u00edfice e alma da miss\u00e3o, suscitai na Igreja de Roma muitos mission\u00e1rios entre os jovens, os adultos e entre as fam\u00edlias, e infundi em cada um o fervor inestim\u00e1vel do vosso amor. Esp\u00edrito, &#8216;luz dos cora\u00e7\u00f5es&#8217;, indicai os novos caminhos para a Miss\u00e3o da cidade e do universo no terceiro mil\u00eanio que est\u00e1 para iniciar. &#8216;Consolador perfeito&#8217;, sustetai quem est\u00e1 desanimado, confirmai o entusiasmo de quem sentiu a alegria da evangeliza\u00e7\u00e3o, fortalecei em cada fiel o desejo e a coragem de ser cotidianamente mission\u00e1rio do Evangelho no pr\u00f3prio ambiente de vida e de trabalho.<\/p>&#13;\n<p style=\"font-weight: 400;\">&#8216;H\u00f3spede doce da alma&#8217;, abri o cora\u00e7\u00e3o de cada pessoa, fam\u00edlia, comunidade religiosa e paroquial, para que os peregrinos pobres que participar\u00e3o nos eventos do Jubileu sejam acolhidos com generosidade. Este ser\u00e1, de fato, um dos frutos mais belos e fecundos da Miss\u00e3o da Cidade: p\u00f4r em pr\u00e1tica a caridade romana, fruto da f\u00e9, que acompanhou sempre a celebra\u00e7\u00e3o dos anos santos.<\/p>&#13;\n<p style=\"font-weight: 400;\">Maria Sant\u00edssima, que desde o Pentecostes vigiais com a Igreja invocando o Esp\u00edrito Santo, ficai conosco no centro deste nosso cen\u00e1culo singular. A v\u00f3s, que veneramos como Nossa Senhora do Divino Amor, confiamos os frutos da miss\u00e3o da cidade a fim de que, com a vossa intercess\u00e3o, a diocese de Roma d\u00ea ao mundo um testemunho convicto de Cristo nosso Salvador&#8221;.<\/p><\/p>\n\n<p><em>(*) Cfr. \u00abL\u2019Osservatore Romano\u00bb, 24-25 maio 1999.<\/em><\/p>\n","protected":false},"excerpt":{"rendered":"<p>Homilia na conclus\u00e3o da Miss\u00e3o na Cidade de Roma 22\/5\/1999 S\u00e3o Jo\u00e3o Paulo II Pra\u00e7a de S\u00e3o Pedro, 22 de maio de 1999. * &#8220;Demos gra\u00e7as a Deus por este extraordin\u00e1rio acontecimento, que foi um ato de amor para com a Cidade e para com todos os seus habitantes. A Miss\u00e3o na Cidade promoveu, de fato, nas comunidades crist\u00e3s um itiner\u00e1rio de espiritualidade intensa, alimentado pela ora\u00e7\u00e3o e pela escuta<\/p>\n<div class=\"read-more\"><a class=\"btn read-more-btn\" href=\"https:\/\/neocatechumenaleiter.org\/pt-br\/palavras-dos-papas\/sao-joao-paulo-ii\/homilia-na-conclusao-da-missao-da-cidade-de-roma-22-5-1999\/\">Ler mais<\/a><\/div>\n","protected":false},"author":2,"featured_media":0,"parent":4247,"menu_order":91,"comment_status":"closed","ping_status":"closed","template":"","meta":{"footnotes":""},"class_list":["post-8812","page","type-page","status-publish","hentry"],"_links":{"self":[{"href":"https:\/\/neocatechumenaleiter.org\/pt-br\/wp-json\/wp\/v2\/pages\/8812","targetHints":{"allow":["GET"]}}],"collection":[{"href":"https:\/\/neocatechumenaleiter.org\/pt-br\/wp-json\/wp\/v2\/pages"}],"about":[{"href":"https:\/\/neocatechumenaleiter.org\/pt-br\/wp-json\/wp\/v2\/types\/page"}],"author":[{"embeddable":true,"href":"https:\/\/neocatechumenaleiter.org\/pt-br\/wp-json\/wp\/v2\/users\/2"}],"replies":[{"embeddable":true,"href":"https:\/\/neocatechumenaleiter.org\/pt-br\/wp-json\/wp\/v2\/comments?post=8812"}],"version-history":[{"count":10,"href":"https:\/\/neocatechumenaleiter.org\/pt-br\/wp-json\/wp\/v2\/pages\/8812\/revisions"}],"predecessor-version":[{"id":15943,"href":"https:\/\/neocatechumenaleiter.org\/pt-br\/wp-json\/wp\/v2\/pages\/8812\/revisions\/15943"}],"up":[{"embeddable":true,"href":"https:\/\/neocatechumenaleiter.org\/pt-br\/wp-json\/wp\/v2\/pages\/4247"}],"wp:attachment":[{"href":"https:\/\/neocatechumenaleiter.org\/pt-br\/wp-json\/wp\/v2\/media?parent=8812"}],"curies":[{"name":"wp","href":"https:\/\/api.w.org\/{rel}","templated":true}]}}