{"id":8820,"date":"2020-04-27T22:25:14","date_gmt":"2020-04-27T21:25:14","guid":{"rendered":"https:\/\/neocatechumenaleiter.org\/palavras-dos-papas\/sao-joao-paulo-ii\/convivencia-de-bispos-em-nova-iorque-1-4-1997\/"},"modified":"2020-05-04T21:58:52","modified_gmt":"2020-05-04T20:58:52","slug":"convivencia-de-bispos-em-nova-iorque-1-4-1997","status":"publish","type":"page","link":"https:\/\/neocatechumenaleiter.org\/pt-br\/palavras-dos-papas\/sao-joao-paulo-ii\/convivencia-de-bispos-em-nova-iorque-1-4-1997\/","title":{"rendered":"Conviv\u00eancia de bispos em Nova Iorque 1\u00ba\/4\/1997"},"content":{"rendered":"\n<h1 class=\"has-text-align-center wp-block-heading\">Conviv\u00eancia de bispos em Nova Iorque 1\u00ba\/4\/1997<\/h1>\n\n<div style=\"height:20px\" aria-hidden=\"true\" class=\"wp-block-spacer\"><\/div>\n\n<h4 class=\"has-text-align-center wp-block-heading\">S\u00e3o Jo\u00e3o Paulo II<\/h4>\n\n<div style=\"height:20px\" aria-hidden=\"true\" class=\"wp-block-spacer\"><\/div>\n\n<div class=\"wp-block-image\"><figure class=\"alignleft size-large\"><img loading=\"lazy\" decoding=\"async\" width=\"400\" height=\"272\" src=\"https:\/\/neocatechumenaleiter.org\/wp-content\/uploads\/2020\/03\/Camino_Neocatecumenal_Juan_Pablo_II_convivencia_obispos_new_york_1997.jpg\" alt=\"\" class=\"wp-image-2702\" srcset=\"https:\/\/neocatechumenaleiter.org\/wp-content\/uploads\/2020\/03\/Camino_Neocatecumenal_Juan_Pablo_II_convivencia_obispos_new_york_1997.jpg 400w, https:\/\/neocatechumenaleiter.org\/wp-content\/uploads\/2020\/03\/Camino_Neocatecumenal_Juan_Pablo_II_convivencia_obispos_new_york_1997-300x204.jpg 300w\" sizes=\"auto, (max-width: 400px) 100vw, 400px\" \/><\/figure><\/div>\n\n<p><strong>Nova Iorque, 1\u00ba a 5 de abril de 1997.<\/strong><\/p>\n\n<p><em>\u201cNova Evangeliza\u00e7\u00e3o e Terceiro&#013;\nMil\u00eanio. Somente uma nova est\u00e9tica salvar\u00e1 a Igreja\u201d: este foi o tema. A conviv\u00eancia foi ocasi\u00e3o oferecida aos bispos para que pudessem conhecer o que \u00e9 o Caminho Neocatecumenal, bebendo diretamente&#013;\nde sua fonte. A reflex\u00e3o sobre a necessidade de uma nova est\u00e9tica para evangelizar no Novo Mil\u00eanio n\u00e3o podia encontrar um cen\u00e1rio mais&#013;\nadequado que o da \u201cGrande Ma\u00e7\u00e3\u201d, a capital cultural do mundo contempor\u00e2neo. A \u201cNova Est\u00e9tica\u201d introduzida pelo Caminho&#013;\nNeocatecumenal atrav\u00e9s de sua inicia\u00e7\u00e3o b\u00edblica e lit\u00fargica est\u00e1 demostrando, na realidade dos fatos, que \u00e9 capaz de fazer frente ao impacto cultural da megal\u00f3pole que amea\u00e7a a vida da Igreja.<\/em><\/p>\n\n<p><em>O telegrama do Santo Padre:<\/em><\/p>\n\n<p>&#8220;O Santo Padre foi informado do encontro organizado pelo Caminho Neocatecumenal em Nova Iorque entre os dias 1\u00ba e 5 de abril. Envia as mais cordiais sauda\u00e7\u00f5es a todos os que participam dele, em particular a seus irm\u00e3os bispos que apoiaram esta iniciativa, oferecendo uma reflex\u00e3o, unida \u00e0 ora\u00e7\u00e3o, o que contribuir\u00e1 para a pr\u00f3xima assembleia especial do S\u00ednodo de Bispos das Am\u00e9ricas. O S\u00ednodo tem como tema: &#8216;O encontro com Jesus Cristo vivente, um caminho para a convers\u00e3o, a comunh\u00e3o e a solidariedade na Am\u00e9rica&#8217;.<\/p>\n\n<div class=\"wp-block-image\"><figure class=\"alignright size-large\"><img loading=\"lazy\" decoding=\"async\" width=\"338\" height=\"400\" src=\"https:\/\/neocatechumenaleiter.org\/wp-content\/uploads\/2020\/03\/Camino_Neocatecumenal_Juan_Pablo_II_convivencia_obispos_new_york_1997_2.jpg\" alt=\"\" class=\"wp-image-2709\" srcset=\"https:\/\/neocatechumenaleiter.org\/wp-content\/uploads\/2020\/03\/Camino_Neocatecumenal_Juan_Pablo_II_convivencia_obispos_new_york_1997_2.jpg 338w, https:\/\/neocatechumenaleiter.org\/wp-content\/uploads\/2020\/03\/Camino_Neocatecumenal_Juan_Pablo_II_convivencia_obispos_new_york_1997_2-254x300.jpg 254w\" sizes=\"auto, (max-width: 338px) 100vw, 338px\" \/><\/figure><\/div>\n\n<p>Este S\u00ednodo quer encorajar para dar um novo impulso de evangeliza\u00e7\u00e3o nas Igrejas da Am\u00e9rica, enquanto se preparam para o grande Jubileu do ano 2000. Isso chama a um renovado impulso, n\u00e3o apenas dos pastores, mas tamb\u00e9m dos leigos, das associa\u00e7\u00f5es e dos movimentos eclesiais.<\/p>\n\n<p>Nestes dias, tratareis de individualizar os desafios que a Igreja da Am\u00e9rica enfrenta no esfor\u00e7o de levar adiante esta importante miss\u00e3o e de encontrar solu\u00e7\u00f5es adequadas \u00e0 luz do Esp\u00edrito Santo. O Santo Padre se lembrar\u00e1 em suas ora\u00e7\u00f5es de todos aquele que participam do encontro. Invocando abundantes b\u00ean\u00e7\u00e3os divinas sobre vossas decis\u00f5es, transmite cordialmente sua B\u00ean\u00e7\u00e3o Apost\u00f3lica&#8221;.<\/p>\n\n<p><em>Cardeal Angelo Sodano, Secret\u00e1rio de Estado<\/em><\/p>\n","protected":false},"excerpt":{"rendered":"<p>Conviv\u00eancia de bispos em Nova Iorque 1\u00ba\/4\/1997 S\u00e3o Jo\u00e3o Paulo II Nova Iorque, 1\u00ba a 5 de abril de 1997. \u201cNova Evangeliza\u00e7\u00e3o e Terceiro&#013; Mil\u00eanio. Somente uma nova est\u00e9tica salvar\u00e1 a Igreja\u201d: este foi o tema. A conviv\u00eancia foi ocasi\u00e3o oferecida aos bispos para que pudessem conhecer o que \u00e9 o Caminho Neocatecumenal, bebendo diretamente&#013; de sua fonte. A reflex\u00e3o sobre a necessidade de uma nova est\u00e9tica para evangelizar no<\/p>\n<div class=\"read-more\"><a class=\"btn read-more-btn\" href=\"https:\/\/neocatechumenaleiter.org\/pt-br\/palavras-dos-papas\/sao-joao-paulo-ii\/convivencia-de-bispos-em-nova-iorque-1-4-1997\/\">Ler mais<\/a><\/div>\n","protected":false},"author":2,"featured_media":0,"parent":4247,"menu_order":89,"comment_status":"closed","ping_status":"closed","template":"","meta":{"footnotes":""},"class_list":["post-8820","page","type-page","status-publish","hentry"],"_links":{"self":[{"href":"https:\/\/neocatechumenaleiter.org\/pt-br\/wp-json\/wp\/v2\/pages\/8820","targetHints":{"allow":["GET"]}}],"collection":[{"href":"https:\/\/neocatechumenaleiter.org\/pt-br\/wp-json\/wp\/v2\/pages"}],"about":[{"href":"https:\/\/neocatechumenaleiter.org\/pt-br\/wp-json\/wp\/v2\/types\/page"}],"author":[{"embeddable":true,"href":"https:\/\/neocatechumenaleiter.org\/pt-br\/wp-json\/wp\/v2\/users\/2"}],"replies":[{"embeddable":true,"href":"https:\/\/neocatechumenaleiter.org\/pt-br\/wp-json\/wp\/v2\/comments?post=8820"}],"version-history":[{"count":9,"href":"https:\/\/neocatechumenaleiter.org\/pt-br\/wp-json\/wp\/v2\/pages\/8820\/revisions"}],"predecessor-version":[{"id":9393,"href":"https:\/\/neocatechumenaleiter.org\/pt-br\/wp-json\/wp\/v2\/pages\/8820\/revisions\/9393"}],"up":[{"embeddable":true,"href":"https:\/\/neocatechumenaleiter.org\/pt-br\/wp-json\/wp\/v2\/pages\/4247"}],"wp:attachment":[{"href":"https:\/\/neocatechumenaleiter.org\/pt-br\/wp-json\/wp\/v2\/media?parent=8820"}],"curies":[{"name":"wp","href":"https:\/\/api.w.org\/{rel}","templated":true}]}}