{"id":8832,"date":"2020-04-27T23:37:41","date_gmt":"2020-04-27T22:37:41","guid":{"rendered":"https:\/\/neocatechumenaleiter.org\/palavras-dos-papas\/sao-joao-paulo-ii\/visita-a-paroquia-de-sao-bento-jose-labre-31-10-1999\/"},"modified":"2020-05-06T15:31:13","modified_gmt":"2020-05-06T14:31:13","slug":"visita-a-paroquia-de-sao-bento-jose-labre-31-10-1999","status":"publish","type":"page","link":"https:\/\/neocatechumenaleiter.org\/pt-br\/palavras-dos-papas\/sao-joao-paulo-ii\/visita-a-paroquia-de-sao-bento-jose-labre-31-10-1999\/","title":{"rendered":"Visita \u00e0 par\u00f3quia de S\u00e3o Bento Jos\u00e9 Labr\u00e9 31\/10\/1999"},"content":{"rendered":"\n<h1 class=\"has-text-align-center wp-block-heading\">Visita \u00e0 par\u00f3quia de S\u00e3o Bento Jos\u00e9 Labr\u00e9 31\/10\/1999<\/h1>\n\n<div style=\"height:20px\" aria-hidden=\"true\" class=\"wp-block-spacer\"><\/div>\n\n<h4 class=\"has-text-align-center wp-block-heading\">S\u00e3o Jo\u00e3o Paulo II<\/h4>\n\n<div style=\"height:20px\" aria-hidden=\"true\" class=\"wp-block-spacer\"><\/div>\n\n<p><strong>Domingo, 31 de outubro de 1999.<\/strong><\/p>\n\n<p>Ao t\u00e9rmino da santa missa, em uma sala do complexo paroquial, foi realizada a reuni\u00e3o com os jovens e com os membros do conselho pastoral e os representantes das diferentes realidades da par\u00f3quia. Em nome dos presentes, Vittorio, de 29 anos, dirigiu estas palavras de sauda\u00e7\u00e3o ao Papa: <\/p>\n\n<p>&#8220;Santo Padre, n\u00f3s o saudamos com as palavras que Isabel disse \u00e0 Virgem Maria: \u201cComo \u00e9 que a M\u00e3e do Senhor vem a mim?\u201d Este canto expressa gratid\u00e3o a Vossa Santidade por esta visita \u00e0 nossa comunidade paroquial.  Nesta reuni\u00e3o, estamos presentes: uma comunidade neocatecumenal, os animadores do orat\u00f3rio, os catequistas, os membros do conselho econ\u00f4mico da par\u00f3quia e os jovens que se preparam para a Jornada Mundial da Juventude. Santo Padre, nestes poucos anos da vida de nossa par\u00f3quia vimos que n\u00e3o somos  &#8216;bons&#8217;, somos fracos e pecadores e tantas vezes nos \u00e9 dif\u00edcil ser luz em nosso bairro, mas temos experimentado que s\u00f3 em Cristo, morto e ressuscitado para nossa salva\u00e7\u00e3o, h\u00e1 vida; por esta raz\u00e3o n\u00f3s pedimos a Vossa Santidade, como sucessor de Pedro, que nos confirme na f\u00e9. Estamos agradecidos e cheios de alegria por sua presen\u00e7a entre n\u00f3s&#8221;.<\/p>\n\n<p><em>O Santo Padre, dirigindo-se aos presentes, disse estas palavras:<\/em><\/p>\n\n<p>&#8220;Logo se percebe que sois neocatec\u00famenos. Basta escutar os cantos, que s\u00e3o vossos cantos espec\u00edficos. Depois, que sois gente jovem, isso se v\u00ea. V\u00f3s vos preparais para o Ano 2000, para a Jornada Mundial da Juventude, em Roma: e isso \u00e9 \u00f3timo. Eu tamb\u00e9m me preparo, embora seja cada vez menos jovem. E os jovens me seguem sempre cheios de alegria. Por isso eu vos agrade\u00e7o com a ocasi\u00e3o desta visita e vos desejo uma boa continua\u00e7\u00e3o a todos; \u00e0s comunidades paroquiais, ao conselho pastoral, aos jovens e aos neocatec\u00famenos. O Jubileu ser\u00e1 bom. O Ano 2000 j\u00e1 est\u00e1 pr\u00f3ximo. A Porta Santa se abrir\u00e1 dentro de menos de dois meses, em 24 de dezembro. Recordamos ainda nossos defuntos, nesses dias particulares, nos quais toda a Igreja os celebra. Obrigado mais uma vez. Tende sempre grande \u00e2nimo! V\u00ea-se tamb\u00e9m rapidamente que vosso p\u00e1roco \u00e9 neocatec\u00fameno. Quem tem barba \u00e9 sempre suspeito. Tamb\u00e9m o di\u00e1cono usa barba. Ent\u00e3o admiramos os neocatec\u00famenos, embora n\u00e3o tenhamos barba.<\/p>\n\n<p>Louvado seja Jesus Cristo!&#8221;.<\/p>\n","protected":false},"excerpt":{"rendered":"<p>Visita \u00e0 par\u00f3quia de S\u00e3o Bento Jos\u00e9 Labr\u00e9 31\/10\/1999 S\u00e3o Jo\u00e3o Paulo II Domingo, 31 de outubro de 1999. Ao t\u00e9rmino da santa missa, em uma sala do complexo paroquial, foi realizada a reuni\u00e3o com os jovens e com os membros do conselho pastoral e os representantes das diferentes realidades da par\u00f3quia. Em nome dos presentes, Vittorio, de 29 anos, dirigiu estas palavras de sauda\u00e7\u00e3o ao Papa: &#8220;Santo Padre, n\u00f3s<\/p>\n<div class=\"read-more\"><a class=\"btn read-more-btn\" href=\"https:\/\/neocatechumenaleiter.org\/pt-br\/palavras-dos-papas\/sao-joao-paulo-ii\/visita-a-paroquia-de-sao-bento-jose-labre-31-10-1999\/\">Ler mais<\/a><\/div>\n","protected":false},"author":2,"featured_media":0,"parent":4247,"menu_order":93,"comment_status":"closed","ping_status":"closed","template":"","meta":{"footnotes":""},"class_list":["post-8832","page","type-page","status-publish","hentry"],"_links":{"self":[{"href":"https:\/\/neocatechumenaleiter.org\/pt-br\/wp-json\/wp\/v2\/pages\/8832","targetHints":{"allow":["GET"]}}],"collection":[{"href":"https:\/\/neocatechumenaleiter.org\/pt-br\/wp-json\/wp\/v2\/pages"}],"about":[{"href":"https:\/\/neocatechumenaleiter.org\/pt-br\/wp-json\/wp\/v2\/types\/page"}],"author":[{"embeddable":true,"href":"https:\/\/neocatechumenaleiter.org\/pt-br\/wp-json\/wp\/v2\/users\/2"}],"replies":[{"embeddable":true,"href":"https:\/\/neocatechumenaleiter.org\/pt-br\/wp-json\/wp\/v2\/comments?post=8832"}],"version-history":[{"count":7,"href":"https:\/\/neocatechumenaleiter.org\/pt-br\/wp-json\/wp\/v2\/pages\/8832\/revisions"}],"predecessor-version":[{"id":9509,"href":"https:\/\/neocatechumenaleiter.org\/pt-br\/wp-json\/wp\/v2\/pages\/8832\/revisions\/9509"}],"up":[{"embeddable":true,"href":"https:\/\/neocatechumenaleiter.org\/pt-br\/wp-json\/wp\/v2\/pages\/4247"}],"wp:attachment":[{"href":"https:\/\/neocatechumenaleiter.org\/pt-br\/wp-json\/wp\/v2\/media?parent=8832"}],"curies":[{"name":"wp","href":"https:\/\/api.w.org\/{rel}","templated":true}]}}