{"id":8834,"date":"2020-04-27T23:45:08","date_gmt":"2020-04-27T22:45:08","guid":{"rendered":"https:\/\/neocatechumenaleiter.org\/palavras-dos-papas\/sao-joao-paulo-ii\/vigilia-pascal-na-basilica-de-sao-pedro-30-3-1997\/"},"modified":"2020-05-14T22:16:37","modified_gmt":"2020-05-14T21:16:37","slug":"vigilia-pascal-na-basilica-de-sao-pedro-30-3-1997","status":"publish","type":"page","link":"https:\/\/neocatechumenaleiter.org\/pt-br\/palavras-dos-papas\/sao-joao-paulo-ii\/vigilia-pascal-na-basilica-de-sao-pedro-30-3-1997\/","title":{"rendered":"Vig\u00edlia Pascal na Bas\u00edlica de S\u00e3o Pedro 30\/3\/1997"},"content":{"rendered":"\n<h1 class=\"has-text-align-center wp-block-heading\">Vig\u00edlia Pascal na Bas\u00edlica de S\u00e3o Pedro 30\/3\/1997<\/h1>\n\n<div style=\"height:20px\" aria-hidden=\"true\" class=\"wp-block-spacer\"><\/div>\n\n<h4 class=\"has-text-align-center wp-block-heading\">S\u00e3o Jo\u00e3o Paulo II<\/h4>\n\n<div style=\"height:20px\" aria-hidden=\"true\" class=\"wp-block-spacer\"><\/div>\n\n<p><strong>Bas\u00edlica de S\u00e3o Pedro, 30 de mar\u00e7o de 1997.<\/strong><\/p>\n\n<p><em>Acompanhados de seus catequistas, durante a Vig\u00edlia Pascal presidida pelo Santo Padre Jo\u00e3o Paulo II, renovaram solenemente as promessas batismais, no final do itiner\u00e1rio Neocatecumenal, a terceira, quarta e quinta comunidades da par\u00f3quia dos M\u00e1rtires Canadienses e a quarta comunidade da par\u00f3quia de Santa Francesca Cabrini de Roma.<\/em><\/p>\n\n<div class=\"wp-block-image\"><figure class=\"aligncenter size-large\"><img loading=\"lazy\" decoding=\"async\" width=\"567\" height=\"686\" src=\"https:\/\/neocatechumenaleiter.org\/wp-content\/uploads\/2020\/03\/Camino_Neocatecumenal_Juan_Pablo_II_vigilia_pascual_hermanos_vestidura_blanca_1997.jpg\" alt=\"\" class=\"wp-image-2692\" srcset=\"https:\/\/neocatechumenaleiter.org\/wp-content\/uploads\/2020\/03\/Camino_Neocatecumenal_Juan_Pablo_II_vigilia_pascual_hermanos_vestidura_blanca_1997.jpg 567w, https:\/\/neocatechumenaleiter.org\/wp-content\/uploads\/2020\/03\/Camino_Neocatecumenal_Juan_Pablo_II_vigilia_pascual_hermanos_vestidura_blanca_1997-248x300.jpg 248w\" sizes=\"auto, (max-width: 567px) 100vw, 567px\" \/><\/figure><\/div>\n","protected":false},"excerpt":{"rendered":"<p>Vig\u00edlia Pascal na Bas\u00edlica de S\u00e3o Pedro 30\/3\/1997 S\u00e3o Jo\u00e3o Paulo II Bas\u00edlica de S\u00e3o Pedro, 30 de mar\u00e7o de 1997. Acompanhados de seus catequistas, durante a Vig\u00edlia Pascal presidida pelo Santo Padre Jo\u00e3o Paulo II, renovaram solenemente as promessas batismais, no final do itiner\u00e1rio Neocatecumenal, a terceira, quarta e quinta comunidades da par\u00f3quia dos M\u00e1rtires Canadienses e a quarta comunidade da par\u00f3quia de Santa Francesca Cabrini de Roma.<\/p>\n","protected":false},"author":2,"featured_media":0,"parent":4247,"menu_order":88,"comment_status":"closed","ping_status":"closed","template":"","meta":{"footnotes":""},"class_list":["post-8834","page","type-page","status-publish","hentry"],"_links":{"self":[{"href":"https:\/\/neocatechumenaleiter.org\/pt-br\/wp-json\/wp\/v2\/pages\/8834","targetHints":{"allow":["GET"]}}],"collection":[{"href":"https:\/\/neocatechumenaleiter.org\/pt-br\/wp-json\/wp\/v2\/pages"}],"about":[{"href":"https:\/\/neocatechumenaleiter.org\/pt-br\/wp-json\/wp\/v2\/types\/page"}],"author":[{"embeddable":true,"href":"https:\/\/neocatechumenaleiter.org\/pt-br\/wp-json\/wp\/v2\/users\/2"}],"replies":[{"embeddable":true,"href":"https:\/\/neocatechumenaleiter.org\/pt-br\/wp-json\/wp\/v2\/comments?post=8834"}],"version-history":[{"count":13,"href":"https:\/\/neocatechumenaleiter.org\/pt-br\/wp-json\/wp\/v2\/pages\/8834\/revisions"}],"predecessor-version":[{"id":10447,"href":"https:\/\/neocatechumenaleiter.org\/pt-br\/wp-json\/wp\/v2\/pages\/8834\/revisions\/10447"}],"up":[{"embeddable":true,"href":"https:\/\/neocatechumenaleiter.org\/pt-br\/wp-json\/wp\/v2\/pages\/4247"}],"wp:attachment":[{"href":"https:\/\/neocatechumenaleiter.org\/pt-br\/wp-json\/wp\/v2\/media?parent=8834"}],"curies":[{"name":"wp","href":"https:\/\/api.w.org\/{rel}","templated":true}]}}