{"id":9107,"date":"2020-04-29T23:50:45","date_gmt":"2020-04-29T22:50:45","guid":{"rendered":"https:\/\/neocatechumenaleiter.org\/palavras-dos-papas\/bento-xvi\/convivencia-de-bispos-da-europa-na-domus-galilaeae-24-3-2008\/"},"modified":"2020-06-14T03:36:37","modified_gmt":"2020-06-14T02:36:37","slug":"convivencia-de-bispos-da-europa-na-domus-galilaeae-24-3-2008","status":"publish","type":"page","link":"https:\/\/neocatechumenaleiter.org\/pt-br\/palavras-dos-papas\/bento-xvi\/convivencia-de-bispos-da-europa-na-domus-galilaeae-24-3-2008\/","title":{"rendered":"Conviv\u00eancia de bispos da Europa na Domus Galilaeae 24\/3\/2008"},"content":{"rendered":"\n<h1 class=\"has-text-align-center wp-block-heading\">Conviv\u00eancia de bispos da Europa na Domus Galilaeae 24\/3\/2008<\/h1>\n\n<div style=\"height:20px\" aria-hidden=\"true\" class=\"wp-block-spacer\"><\/div>\n\n<h4 class=\"has-text-align-center wp-block-heading\">Bento XVI<\/h4>\n\n<div style=\"height:20px\" aria-hidden=\"true\" class=\"wp-block-spacer\"><\/div>\n\n<div class=\"wp-block-image is-style-default\"><figure class=\"alignleft size-large\"><img loading=\"lazy\" decoding=\"async\" width=\"400\" height=\"269\" src=\"https:\/\/neocatechumenaleiter.org\/wp-content\/uploads\/2020\/02\/Camino_Neocatecumenal_Eucaristia_Obispos_Europa_Domus_Galilaeae.jpg\" alt=\"\" class=\"wp-image-1172\" srcset=\"https:\/\/neocatechumenaleiter.org\/wp-content\/uploads\/2020\/02\/Camino_Neocatecumenal_Eucaristia_Obispos_Europa_Domus_Galilaeae.jpg 400w, https:\/\/neocatechumenaleiter.org\/wp-content\/uploads\/2020\/02\/Camino_Neocatecumenal_Eucaristia_Obispos_Europa_Domus_Galilaeae-300x202.jpg 300w\" sizes=\"auto, (max-width: 400px) 100vw, 400px\" \/><\/figure><\/div>\n\n<p><strong>Corazim, 24-29 de mar\u00e7o de 2008.<\/strong><\/p>\n\n<p><em>De 24 a 29 de mar\u00e7o foi realizada na Domus Galilaeae uma conviv\u00eancia com 200 bispos e 9 cardeais da Europa.<\/em>&#13;\n&#13;\n<em>O Secret\u00e1rio de Estado, em nome do Papa, enviou aos participantes o telegrama que, a seguir, reportamos:<\/em><\/p>\n\n<p>\u00abPor ocasi\u00e3o da conviv\u00eancia na Domus Galilaeae, promovida pelo Caminho Neocatecumenal, sobre o tema da Nova Evangeliza\u00e7\u00e3o no continente europeu, o Sumo Pont\u00edfice dirige um cordial pensamento e, enquanto deseja que este significativo encontro favore\u00e7a a contempla\u00e7\u00e3o sempre mais viva do \u00edcone de Cristo, verbo do Pai, suscitando um crescente e incisivo testemunho evang\u00e9lico, assegura a lembran\u00e7a na ora\u00e7\u00e3o e concede de cora\u00e7\u00e3o aos senhores cardeais, bispos, presb\u00edteros e a todos os participantes a desejada B\u00ean\u00e7\u00e3o Apost\u00f3lica\u00bb.<\/p>\n\n<p><em>Cardeal Tarcisio Bertone,<br\/>&#13;\nSecret\u00e1rio de Estado de Sua Santidade Bento XVI.<\/em><\/p>\n\n<p><em>No final da Conviv\u00eancia, os cardeais participantes enviaram a seguinte carta de agradecimento ao Santo Padre:<\/em><\/p>\n\n<p>\u00ab&#8230; Cheios de alegria nestes lugares onde o Senhor ressuscitado enviou os seus disc\u00edpulos para a miss\u00e3o universal da Igreja, refletimos sobre a Nova Evangeliza\u00e7\u00e3o do nosso\u00ad continente por meio das novas realidades eclesiais, em particular do Caminho Neocatecumenal\u00ad&#8230;&#13;\n&#13;\nEstamos muito agradecidos ao senhor pela sua aten\u00e7\u00e3o \u00e0 praxe lit\u00fargica do Caminho: diante da crise da fam\u00edlia, dos jovens, das voca\u00e7\u00f5es que h\u00e1 na Europa, pudemos ver os frutos desta inicia\u00e7\u00e3o crist\u00e3, fundamentada na escuta da palavra de Deus, na celebra\u00e7\u00e3o\u00ad da Eucaristia em pequenas comunidades e na comunh\u00e3o fraterna: fam\u00edlias reconstru\u00eddas, com muitos filhos, dos quais surgem numerosas voca\u00e7\u00f5es&#8230; realmente uma esperan\u00e7a para a Europa\u00ad! Como sempre, toda renova\u00e7\u00e3o da Igreja \u00e9 fruto de um dom do Esp\u00edrito Santo, acolhido e defendido por Pedro.<\/p>\n\n<div class=\"wp-block-image is-style-default\"><figure class=\"alignright size-large\"><img loading=\"lazy\" decoding=\"async\" width=\"400\" height=\"263\" src=\"https:\/\/neocatechumenaleiter.org\/wp-content\/uploads\/2020\/02\/Camino_Neocatecumenal_Eucaristia_Obispos_Europa_Domus_Galilaeae2.jpg\" alt=\"\" class=\"wp-image-1179\" srcset=\"https:\/\/neocatechumenaleiter.org\/wp-content\/uploads\/2020\/02\/Camino_Neocatecumenal_Eucaristia_Obispos_Europa_Domus_Galilaeae2.jpg 400w, https:\/\/neocatechumenaleiter.org\/wp-content\/uploads\/2020\/02\/Camino_Neocatecumenal_Eucaristia_Obispos_Europa_Domus_Galilaeae2-300x197.jpg 300w\" sizes=\"auto, (max-width: 400px) 100vw, 400px\" \/><\/figure><\/div>\n\n<p>As palavras prof\u00e9ticas pronunciadas por Jo\u00e3o Paulo II, no V Simp\u00f3sio das Confer\u00eancias Episcopais da Europa (1985), de que para a Igreja poder reevangelizar a Europa \u00e9 preciso &#8220;retornar\u00ad ao primeir\u00edssimo modelo apost\u00f3lico&#8221;, foram concretizadas por Sua Santidade com o envio dos primeiros sete presb\u00edteros para a <em>Missio ad gentes<\/em>, cada um deles acompanhado por tr\u00eas fam\u00edlias com os seus numerosos\u00ad filhos. A experi\u00eancia dos presb\u00edteros, das fam\u00edlias e dos seus filhos \u00e9 muito positiva: est\u00e3o contentes, cheios de zelo, e est\u00e3o fazendo uma grande obra em meio aos n\u00e3o batizados. Muitos de n\u00f3s desejamos iniciar esta <em>Missio ad gentes<\/em> em nossas dioceses&#8230;\u00bb<\/p>\n\n<p><em>Card. J. Meisner<\/em><br\/><em>Card. S. Dziwisz<\/em><br\/><em>Card. V. Puljic<\/em><br\/><em>Card. A. M. Rouco<\/em><br\/><em>Card. F. Barbarin<\/em><br\/><em>Card. S. Rylko<\/em><br\/><em>Card. C. Sch\u00f6nborn<\/em><br\/><em>Card. J. Glemp<\/em><br\/><em>Card. P. Cordes<\/em><\/p>\n","protected":false},"excerpt":{"rendered":"<p>Conviv\u00eancia de bispos da Europa na Domus Galilaeae 24\/3\/2008 Bento XVI Corazim, 24-29 de mar\u00e7o de 2008. De 24 a 29 de mar\u00e7o foi realizada na Domus Galilaeae uma conviv\u00eancia com 200 bispos e 9 cardeais da Europa.&#13; &#13; O Secret\u00e1rio de Estado, em nome do Papa, enviou aos participantes o telegrama que, a seguir, reportamos: \u00abPor ocasi\u00e3o da conviv\u00eancia na Domus Galilaeae, promovida pelo Caminho Neocatecumenal, sobre o tema<\/p>\n<div class=\"read-more\"><a class=\"btn read-more-btn\" href=\"https:\/\/neocatechumenaleiter.org\/pt-br\/palavras-dos-papas\/bento-xvi\/convivencia-de-bispos-da-europa-na-domus-galilaeae-24-3-2008\/\">Ler mais<\/a><\/div>\n","protected":false},"author":2,"featured_media":0,"parent":4357,"menu_order":6,"comment_status":"closed","ping_status":"closed","template":"","meta":{"footnotes":""},"class_list":["post-9107","page","type-page","status-publish","hentry"],"_links":{"self":[{"href":"https:\/\/neocatechumenaleiter.org\/pt-br\/wp-json\/wp\/v2\/pages\/9107","targetHints":{"allow":["GET"]}}],"collection":[{"href":"https:\/\/neocatechumenaleiter.org\/pt-br\/wp-json\/wp\/v2\/pages"}],"about":[{"href":"https:\/\/neocatechumenaleiter.org\/pt-br\/wp-json\/wp\/v2\/types\/page"}],"author":[{"embeddable":true,"href":"https:\/\/neocatechumenaleiter.org\/pt-br\/wp-json\/wp\/v2\/users\/2"}],"replies":[{"embeddable":true,"href":"https:\/\/neocatechumenaleiter.org\/pt-br\/wp-json\/wp\/v2\/comments?post=9107"}],"version-history":[{"count":6,"href":"https:\/\/neocatechumenaleiter.org\/pt-br\/wp-json\/wp\/v2\/pages\/9107\/revisions"}],"predecessor-version":[{"id":15864,"href":"https:\/\/neocatechumenaleiter.org\/pt-br\/wp-json\/wp\/v2\/pages\/9107\/revisions\/15864"}],"up":[{"embeddable":true,"href":"https:\/\/neocatechumenaleiter.org\/pt-br\/wp-json\/wp\/v2\/pages\/4357"}],"wp:attachment":[{"href":"https:\/\/neocatechumenaleiter.org\/pt-br\/wp-json\/wp\/v2\/media?parent=9107"}],"curies":[{"name":"wp","href":"https:\/\/api.w.org\/{rel}","templated":true}]}}