{"id":9111,"date":"2020-04-30T04:03:29","date_gmt":"2020-04-30T03:03:29","guid":{"rendered":"https:\/\/neocatechumenaleiter.org\/palavras-dos-papas\/bento-xvi\/audiencia-envio-de-familias-em-missio-ad-gentes-17-1-2011\/"},"modified":"2020-05-03T18:47:52","modified_gmt":"2020-05-03T17:47:52","slug":"audiencia-envio-de-familias-em-missio-ad-gentes-17-1-2011","status":"publish","type":"page","link":"https:\/\/neocatechumenaleiter.org\/pt-br\/palavras-dos-papas\/bento-xvi\/audiencia-envio-de-familias-em-missio-ad-gentes-17-1-2011\/","title":{"rendered":"Audi\u00eancia envio de fam\u00edlias em &#8220;Missio ad gentes&#8221; 17\/1\/2011"},"content":{"rendered":"\n<h1 class=\"has-text-align-center wp-block-heading\">Audi\u00eancia envio de fam\u00edlias em &#8220;Missio ad gentes&#8221; 17\/1\/2011<\/h1>\n\n<div style=\"height:20px\" aria-hidden=\"true\" class=\"wp-block-spacer\"><\/div>\n\n<h4 class=\"has-text-align-center wp-block-heading\">Bento XVI<\/h4>\n\n<div style=\"height:20px\" aria-hidden=\"true\" class=\"wp-block-spacer\"><\/div>\n\n<div class=\"wp-block-image is-style-default\"><figure class=\"alignleft size-large\"><img loading=\"lazy\" decoding=\"async\" width=\"400\" height=\"267\" src=\"https:\/\/neocatechumenaleiter.org\/wp-content\/uploads\/2020\/02\/Camino_Neocatecumenal_Benedicto_XVI_audiencia_familias_mision_ad_gentes_2011.jpg\" alt=\"\" class=\"wp-image-1238\" srcset=\"https:\/\/neocatechumenaleiter.org\/wp-content\/uploads\/2020\/02\/Camino_Neocatecumenal_Benedicto_XVI_audiencia_familias_mision_ad_gentes_2011.jpg 400w, https:\/\/neocatechumenaleiter.org\/wp-content\/uploads\/2020\/02\/Camino_Neocatecumenal_Benedicto_XVI_audiencia_familias_mision_ad_gentes_2011-300x200.jpg 300w\" sizes=\"auto, (max-width: 400px) 100vw, 400px\" \/><\/figure><\/div>\n\n<p><strong>Cidade do Vaticano \u2500 Sala Paulo VI, 17 de janeiro de 2011.<\/strong><\/p>\n\n<p><em>&#8220;O an\u00fancio do Evangelho \u00e9 um compromisso de todos os crist\u00e3os, como consequ\u00eancia do Batismo\u00ad&#8221;, recordou o Papa aos membros do Caminho Neocatecumenal, recebidos em audi\u00eancia na manh\u00e3 de segunda-feira, 17 de janeiro, na Sala Paulo VI.<\/em><\/p>\n\n<p><em>Reportamos a seguir o discurso pronunciado por Bento XVI:<\/em><\/p>\n\n<p>\u00abEstimados amigos:&#013;\n&#013;\nAlegra-me receber-vos e dar-vos as minhas cordiais boas-vindas. Sa\u00fado de modo particular Kiko Arg\u00fcello e Carmen Hern\u00e1ndez, iniciadores do Caminho Neocatecumenal, bem como o Pe. Mario Pezzi, enquanto lhes agrade\u00e7o as palavras de sauda\u00e7\u00e3o e de apresenta\u00e7\u00e3o que me dirigiram. Sa\u00fado com profundo afeto todos v\u00f3s aqui presentes: sacerdotes, seminaristas, fam\u00edlias e membros do Caminho. Dou gra\u00e7as ao Senhor porque nos oferece a oportunidade deste encontro, em que v\u00f3s renovais o vosso v\u00ednculo com o sucessor de Pedro, acolhendo novamente o mandato que Cristo ressuscitado deu aos disc\u00edpulos: &#8220;Ide pelo mundo inteiro e anunciai o Evangelho a toda criatura&#8221; (<em>Mc\u00a0<\/em>16, 15).<\/p>\n\n<p>H\u00e1 mais de 40 anos, o Caminho Neocatecumenal contribui para reavivar e consolidar a inicia\u00e7\u00e3o crist\u00e3 nas dioceses e nas par\u00f3quias, favorecendo uma redescoberta gradual e radical das riquezas do Batismo, ajudando a saborear a vida divina, a vida celeste que o Senhor inaugurou com a sua encarna\u00e7\u00e3o vindo ao meio de n\u00f3s, nascendo como um de n\u00f3s. Este dom de Deus para a sua Igreja p\u00f5e-se &#8220;a servi\u00e7o do Bispo como uma das modalidades de pr\u00e1tica diocesana da inicia\u00e7\u00e3o crist\u00e3 e da educa\u00e7\u00e3o permanente na f\u00e9&#8221; (<em>Estatuto,\u00a0<\/em>art. 1\u00ba, \u00a7 2\u00ba). Como vos recordava o meu predecessor, servo de Deus Paulo VI, no primeiro encontro realizado convosco em 1974, tal servi\u00e7o &#8220;poder\u00e1 renovar nas comunidades crist\u00e3s de hoje aqueles efeitos de maturidade e de aprofundamento, que na Igreja primitiva eram realizados a partir do per\u00edodo de prepara\u00e7\u00e3o para o batismo&#8221; (<em>Insegnamenti di Paolo VI<\/em>, XII [1974], 406).<\/p>\n\n<div class=\"wp-block-image is-style-default\"><figure class=\"alignright size-large\"><img loading=\"lazy\" decoding=\"async\" width=\"400\" height=\"270\" src=\"https:\/\/neocatechumenaleiter.org\/wp-content\/uploads\/2020\/02\/Camino_Neocatecumenal_Benedicto_XVI_audiencia_familias_mision_ad_gentes_2011_orquesta.jpg\" alt=\"\" class=\"wp-image-1245\" srcset=\"https:\/\/neocatechumenaleiter.org\/wp-content\/uploads\/2020\/02\/Camino_Neocatecumenal_Benedicto_XVI_audiencia_familias_mision_ad_gentes_2011_orquesta.jpg 400w, https:\/\/neocatechumenaleiter.org\/wp-content\/uploads\/2020\/02\/Camino_Neocatecumenal_Benedicto_XVI_audiencia_familias_mision_ad_gentes_2011_orquesta-300x203.jpg 300w\" sizes=\"auto, (max-width: 400px) 100vw, 400px\" \/><\/figure><\/div>\n\n<p>Nos \u00faltimos anos foi levado a cabo com \u00eaxito o processo de reda\u00e7\u00e3o do Estatuto do Caminho Neocatecumenal que, depois de um razo\u00e1vel per\u00edodo de validade &#8220;ad experimentum&#8221;, recebeu a sua aprova\u00e7\u00e3o definitiva em junho de 2008. Outro passo significativo foi dado nestes dias com a aprova\u00e7\u00e3o, por obra dos competentes Dicast\u00e9rios da Santa S\u00e9, do &#8220;Diret\u00f3rio Catequ\u00e9tico do Caminho Neocatecumenal&#8221;. Mediante estas confirma\u00e7\u00f5es eclesiais, o Senhor corrobora hoje e confia-vos novamente este instrumento precioso que \u00e9 o Caminho, de tal modo que, em obedi\u00eancia filial \u00e0 Santa S\u00e9 e aos Pastores da Igreja, possais contribuir com novos impulsos e fervor, para a redescoberta radical e jubilosa do dom do Batismo e oferecer a vossa contribui\u00e7\u00e3o original para a causa da nova evangeliza\u00e7\u00e3o. A Igreja reconheceu no Caminho Neocatecumenal um dom particular, suscitado pelo Esp\u00edrito Santo: como tal, ele tende naturalmente a inserir-se na grande harmonia do corpo eclesial. Nesta luz, exorto-vos a procurar sempre uma profunda comunh\u00e3o com os Pastores e com todos os componentes das Igrejas particulares e dos contextos eclesiais, bastante diversificados, em que sois chamados a agir. Com efeito, a comunh\u00e3o fraterna entre os disc\u00edpulos de Jesus \u00e9 o primeiro e maior testemunho em nome de Jesus Cristo.<\/p>\n\n<p>Estou particularmente feliz por enviar hoje, para v\u00e1rias regi\u00f5es do mundo, mais de 200 novas fam\u00edlias, que se ofereceram voluntariamente com grande generosidade e partem para a miss\u00e3o, unindo-se idealmente \u00e0s cerca de 600 que j\u00e1 trabalham nos 5 Continentes. Amadas fam\u00edlias, que a f\u00e9 que recebestes como dom seja aquela luz posta sobre o candelabro, capaz de indicar aos homens o caminho do C\u00e9u. Com o mesmo sentimento, enviarei 13 novas &#8220;missio ad gentes&#8221;, que ser\u00e3o chamadas a realizar uma nova presen\u00e7a eclesial em ambientes muito secularizados de v\u00e1rios pa\u00edses, ou em lugares onde a mensagem de Cristo ainda n\u00e3o chegou. Que possais sentir sempre ao vosso lado a presen\u00e7a viva do Senhor Ressuscitado, o acompanhamento de muitos irm\u00e3os, assim como a ora\u00e7\u00e3o do Papa, que est\u00e1 convosco!<\/p>\n\n<p>Sa\u00fado com afeto os Presb\u00edteros, provenientes dos Semin\u00e1rios diocesanos <em>Redemptoris Mater<\/em> da Europa, e os mais de 2 mil seminaristas aqui presentes. Car\u00edssimos, v\u00f3s sois um sinal especial e eloquente dos frutos de bem que podem nascer da redescoberta da gra\u00e7a do pr\u00f3prio Batismo. N\u00f3s olhamos para v\u00f3s com esperan\u00e7a particular: sede sacerdotes apaixonados por Cristo e pela sua Igreja, capazes de transmitir ao mundo a alegria de ter encontrado o Senhor e de poder estar ao seu servi\u00e7o.&#013;\n&#013;\nSa\u00fado inclusive os catequistas itinerantes e aqueles das Comunidades neocatecumenais de Roma e do L\u00e1cio e, com carinho especial, as <em>communitates in missionem. <\/em>V\u00f3s abandonastes, por assim dizer, a seguran\u00e7a das vossas comunidades de origem e partistes para lugares mais distantes e inc\u00f4modos, aceitando ser enviados para ajudar par\u00f3quias em dificuldade e para ir em busca da ovelha perdida e para restitu\u00ed-la ao aprisco de Cristo. Nos sofrimentos ou na aridez que podeis experimentar, v\u00f3s sentis que estais unidos ao sofrimento de Cristo na cruz, bem como ao seu desejo de alcan\u00e7ar muitos irm\u00e3os distantes da f\u00e9 e da verdade, para os levar novamente \u00e0 casa do Pai.<\/p>\n\n<div class=\"wp-block-image is-style-circle-mask\"><figure class=\"alignright size-large\"><img loading=\"lazy\" decoding=\"async\" width=\"400\" height=\"268\" src=\"https:\/\/neocatechumenaleiter.org\/wp-content\/uploads\/2020\/02\/Camino_Neocatecumenal_Benedicto_XVI_audiencia_familias_mision_ad_gentes_20112.jpg\" alt=\"\" class=\"wp-image-1252\" srcset=\"https:\/\/neocatechumenaleiter.org\/wp-content\/uploads\/2020\/02\/Camino_Neocatecumenal_Benedicto_XVI_audiencia_familias_mision_ad_gentes_20112.jpg 400w, https:\/\/neocatechumenaleiter.org\/wp-content\/uploads\/2020\/02\/Camino_Neocatecumenal_Benedicto_XVI_audiencia_familias_mision_ad_gentes_20112-300x201.jpg 300w\" sizes=\"auto, (max-width: 400px) 100vw, 400px\" \/><\/figure><\/div>\n\n<p>Como escrevi na Exorta\u00e7\u00e3o Apost\u00f3lica <em>Verbum Domini<\/em>, &#8220;a miss\u00e3o da Igreja n\u00e3o pode ser considerada como realidade facultativa ou suplementar da vida eclesial. Trata-se de deixar que o Esp\u00edrito Santo nos assimile ao pr\u00f3prio Cristo [\u2026] de modo a comunicar a Palavra com a vida inteira&#8221; (n. 93). Todo o Povo de Deus \u00e9 um povo &#8220;enviado&#8221;, e o an\u00fancio do Evangelho constitui um compromisso de todos os crist\u00e3os, como consequ\u00eancia do Batismo (cf. <em>ibid.,\u00a0<\/em>n. 94). Convido-vos a meditar sobre a Exorta\u00e7\u00e3o Verbum Domini<em>,\u00a0<\/em>ponderando de maneira particular onde, na terceira parte do Documento, se fala sobre &#8220;A miss\u00e3o da Igreja: anunciar a palavra de Deus ao mundo&#8221; (cf. n\u00bas 90-98). Caros amigos, sintamo-nos part\u00edcipes no anseio de salva\u00e7\u00e3o do Senhor Jesus, na miss\u00e3o que Ele confia a toda a Igreja. A Bem-Aventurada Virgem Maria, que inspirou o vosso Caminho e que vos concedeu a Fam\u00edlia de Nazar\u00e9 como modelo das vossas comunidades, vos permita viver a vossa f\u00e9 em humildade, simplicidade e louvor, interceda por todos v\u00f3s e vos acompanhe na vossa miss\u00e3o. Que vos sustente tamb\u00e9m a minha B\u00ean\u00e7\u00e3o, que de cora\u00e7\u00e3o vos concedo, bem como a todos os membros do Caminho Neocatecumenal espalhados pelo mundo\u00bb.<\/p>\n","protected":false},"excerpt":{"rendered":"<p>Audi\u00eancia envio de fam\u00edlias em &#8220;Missio ad gentes&#8221; 17\/1\/2011 Bento XVI Cidade do Vaticano \u2500 Sala Paulo VI, 17 de janeiro de 2011. &#8220;O an\u00fancio do Evangelho \u00e9 um compromisso de todos os crist\u00e3os, como consequ\u00eancia do Batismo\u00ad&#8221;, recordou o Papa aos membros do Caminho Neocatecumenal, recebidos em audi\u00eancia na manh\u00e3 de segunda-feira, 17 de janeiro, na Sala Paulo VI. Reportamos a seguir o discurso pronunciado por Bento XVI: \u00abEstimados<\/p>\n<div class=\"read-more\"><a class=\"btn read-more-btn\" href=\"https:\/\/neocatechumenaleiter.org\/pt-br\/palavras-dos-papas\/bento-xvi\/audiencia-envio-de-familias-em-missio-ad-gentes-17-1-2011\/\">Ler mais<\/a><\/div>\n","protected":false},"author":2,"featured_media":0,"parent":4357,"menu_order":9,"comment_status":"closed","ping_status":"closed","template":"","meta":{"footnotes":""},"class_list":["post-9111","page","type-page","status-publish","hentry"],"_links":{"self":[{"href":"https:\/\/neocatechumenaleiter.org\/pt-br\/wp-json\/wp\/v2\/pages\/9111","targetHints":{"allow":["GET"]}}],"collection":[{"href":"https:\/\/neocatechumenaleiter.org\/pt-br\/wp-json\/wp\/v2\/pages"}],"about":[{"href":"https:\/\/neocatechumenaleiter.org\/pt-br\/wp-json\/wp\/v2\/types\/page"}],"author":[{"embeddable":true,"href":"https:\/\/neocatechumenaleiter.org\/pt-br\/wp-json\/wp\/v2\/users\/2"}],"replies":[{"embeddable":true,"href":"https:\/\/neocatechumenaleiter.org\/pt-br\/wp-json\/wp\/v2\/comments?post=9111"}],"version-history":[{"count":5,"href":"https:\/\/neocatechumenaleiter.org\/pt-br\/wp-json\/wp\/v2\/pages\/9111\/revisions"}],"predecessor-version":[{"id":9271,"href":"https:\/\/neocatechumenaleiter.org\/pt-br\/wp-json\/wp\/v2\/pages\/9111\/revisions\/9271"}],"up":[{"embeddable":true,"href":"https:\/\/neocatechumenaleiter.org\/pt-br\/wp-json\/wp\/v2\/pages\/4357"}],"wp:attachment":[{"href":"https:\/\/neocatechumenaleiter.org\/pt-br\/wp-json\/wp\/v2\/media?parent=9111"}],"curies":[{"name":"wp","href":"https:\/\/api.w.org\/{rel}","templated":true}]}}