{"id":9151,"date":"2020-04-30T17:14:28","date_gmt":"2020-04-30T16:14:28","guid":{"rendered":"https:\/\/neocatechumenaleiter.org\/palavras-dos-papas\/bento-xvi\/regina-coeli-visita-a-aquileia-e-veneza-8-5-2011\/"},"modified":"2020-05-03T18:52:09","modified_gmt":"2020-05-03T17:52:09","slug":"regina-coeli-visita-a-aquileia-e-veneza-8-5-2011","status":"publish","type":"page","link":"https:\/\/neocatechumenaleiter.org\/pt-br\/palavras-dos-papas\/bento-xvi\/regina-coeli-visita-a-aquileia-e-veneza-8-5-2011\/","title":{"rendered":"\u00abRegina Coeli\u00bb visita a Aquileia e Veneza 8\/5\/2011"},"content":{"rendered":"\n<h1 class=\"has-text-align-center wp-block-heading\">\u00abRegina Coeli\u00bb visita a Aquileia e Veneza 8\/5\/2011<\/h1>\n\n<div style=\"height:20px\" aria-hidden=\"true\" class=\"wp-block-spacer\"><\/div>\n\n<h4 class=\"has-text-align-center wp-block-heading\">Bento XVI<\/h4>\n\n<div style=\"height:20px\" aria-hidden=\"true\" class=\"wp-block-spacer\"><\/div>\n\n<p><strong>Parque S\u00e3o Juliano \u2500 Mestre, 8 de maio de 2011.<\/strong><\/p>\n\n<p>Durante a visita pastoral a Aquileia e Veneza, antes da ora\u00e7\u00e3o do &#8220;Regina Coeli&#8221;, Bento XVI\u00ad pediu que se invocasse a Virgem para que sustente e &#8220;reforce a obra de numerosos\u00ad leigos que colaboram ativamente na Nova Evangeliza\u00e7\u00e3o&#8221; e entre eles recordou o Caminho Neocatecumenal.<\/p>\n\n<p>\u00abQueridos irm\u00e3os e irm\u00e3s,&#013;\n&#013;\nNo final desta solene celebra\u00e7\u00e3o eucar\u00edstica, dirijamos o olhar para Maria, Regina Coeli. No alvorecer da P\u00e1scoa, ela tornou-se a M\u00e3e do Ressuscitado, e a sua uni\u00e3o com Ele \u00e9 t\u00e3o profunda que onde o Filho est\u00e1 presente n\u00e3o pode faltar a M\u00e3e. Nestes vossos maravilhosos lugares, dom e sinal da beleza de Deus, quantos santu\u00e1rios, igrejas e capelas s\u00e3o dedicados a Maria! Nela reflete-se o rosto luminoso de Cristo. Se a seguirmos docilmente, a Virgem conduz-nos a Ele. Nestes dias do Tempo pascal, deixemo-nos conquistar pelo Cristo ressuscitado. N\u2019Ele tem in\u00edcio o mundo novo de amor e de paz que constitui a aspira\u00e7\u00e3o profunda de cada cora\u00e7\u00e3o humano. O Senhor vos conceda, habitantes destas terras ricas de uma longa hist\u00f3ria crist\u00e3, viver o Evangelho segundo o modelo da Igreja nascente, na qual &#8220;a multid\u00e3o daqueles que abra\u00e7aram a f\u00e9 tinha um s\u00f3 cora\u00e7\u00e3o e uma s\u00f3 alma&#8221; (At 4,32). Invoquemos Maria Sant\u00edssima, que sustentou as primeiras testemunhas do seu Filho na prega\u00e7\u00e3o da Boa Nova, para que sustente tamb\u00e9m hoje os esfor\u00e7os apost\u00f3licos dos sacerdotes: torne fecundo o testemunho dos religiosos e das religiosas; anime a obra quotidiana dos pais na primeira transmiss\u00e3o da f\u00e9 aos seus filhos; ilumine o percurso dos jovens para que caminhem confiantes pela vereda tra\u00e7ada pela f\u00e9 dos pais; encha de esperan\u00e7a firme os cora\u00e7\u00f5es dos idosos; conforte com a sua proximidade os doentes e quantos sofrem; fortale\u00e7a a obra dos numerosos leigos que colaboram ativamente na nova evangeliza\u00e7\u00e3o, nas par\u00f3quias, nas associa\u00e7\u00f5es, como os escoteiros, a A\u00e7\u00e3o Cat\u00f3lica, t\u00e3o radicada e presente nestas terras, nos movimentos que, com a variedade dos seus carismas e da sua a\u00e7\u00e3o, s\u00e3o um sinal da riqueza do tecido eclesial \u2014 penso em realidades como o movimento dos Focolares, Comunh\u00e3o e Liberta\u00e7\u00e3o ou o Caminho Neocatecumenal, citando apenas alguns. A todos encorajo a trabalhar com verdadeiro esp\u00edrito de comunh\u00e3o nesta grande vinha na qual o Senhor nos chamou a agir. Maria, M\u00e3e do Ressuscitado e da Igreja, rogai por n\u00f3s!\u00bb.<\/p>\n","protected":false},"excerpt":{"rendered":"<p>\u00abRegina Coeli\u00bb visita a Aquileia e Veneza 8\/5\/2011 Bento XVI Parque S\u00e3o Juliano \u2500 Mestre, 8 de maio de 2011. Durante a visita pastoral a Aquileia e Veneza, antes da ora\u00e7\u00e3o do &#8220;Regina Coeli&#8221;, Bento XVI\u00ad pediu que se invocasse a Virgem para que sustente e &#8220;reforce a obra de numerosos\u00ad leigos que colaboram ativamente na Nova Evangeliza\u00e7\u00e3o&#8221; e entre eles recordou o Caminho Neocatecumenal. \u00abQueridos irm\u00e3os e irm\u00e3s,&#013; &#013;<\/p>\n<div class=\"read-more\"><a class=\"btn read-more-btn\" href=\"https:\/\/neocatechumenaleiter.org\/pt-br\/palavras-dos-papas\/bento-xvi\/regina-coeli-visita-a-aquileia-e-veneza-8-5-2011\/\">Ler mais<\/a><\/div>\n","protected":false},"author":2,"featured_media":0,"parent":4357,"menu_order":10,"comment_status":"closed","ping_status":"closed","template":"","meta":{"footnotes":""},"class_list":["post-9151","page","type-page","status-publish","hentry"],"_links":{"self":[{"href":"https:\/\/neocatechumenaleiter.org\/pt-br\/wp-json\/wp\/v2\/pages\/9151","targetHints":{"allow":["GET"]}}],"collection":[{"href":"https:\/\/neocatechumenaleiter.org\/pt-br\/wp-json\/wp\/v2\/pages"}],"about":[{"href":"https:\/\/neocatechumenaleiter.org\/pt-br\/wp-json\/wp\/v2\/types\/page"}],"author":[{"embeddable":true,"href":"https:\/\/neocatechumenaleiter.org\/pt-br\/wp-json\/wp\/v2\/users\/2"}],"replies":[{"embeddable":true,"href":"https:\/\/neocatechumenaleiter.org\/pt-br\/wp-json\/wp\/v2\/comments?post=9151"}],"version-history":[{"count":5,"href":"https:\/\/neocatechumenaleiter.org\/pt-br\/wp-json\/wp\/v2\/pages\/9151\/revisions"}],"predecessor-version":[{"id":9273,"href":"https:\/\/neocatechumenaleiter.org\/pt-br\/wp-json\/wp\/v2\/pages\/9151\/revisions\/9273"}],"up":[{"embeddable":true,"href":"https:\/\/neocatechumenaleiter.org\/pt-br\/wp-json\/wp\/v2\/pages\/4357"}],"wp:attachment":[{"href":"https:\/\/neocatechumenaleiter.org\/pt-br\/wp-json\/wp\/v2\/media?parent=9151"}],"curies":[{"name":"wp","href":"https:\/\/api.w.org\/{rel}","templated":true}]}}