{"id":9439,"date":"2020-03-04T00:20:33","date_gmt":"2020-03-03T23:20:33","guid":{"rendered":"https:\/\/neocatechumenaleiter.org\/palavras-dos-papas\/sao-joao-paulo-ii\/encontro-dos-bispos-da-america-latina-em-preparacao-ao-quinto-centenario-da-evangelizacao-do-novo-mundo-21-4-1992\/"},"modified":"2021-08-10T11:02:43","modified_gmt":"2021-08-10T10:02:43","slug":"encontro-dos-bispos-da-america-latina-em-preparacao-ao-quinto-centenario-da-evangelizacao-do-novo-mundo-21-4-1992","status":"publish","type":"page","link":"https:\/\/neocatechumenaleiter.org\/pt-br\/palavras-dos-papas\/sao-joao-paulo-ii\/encontro-dos-bispos-da-america-latina-em-preparacao-ao-quinto-centenario-da-evangelizacao-do-novo-mundo-21-4-1992\/","title":{"rendered":"Encontro dos Bispos da Am\u00e9rica Latina em prepara\u00e7\u00e3o ao Quinto Centen\u00e1rio da Evangeliza\u00e7\u00e3o do Novo Mundo 21\/4\/1992"},"content":{"rendered":"\n<h1 class=\"has-text-align-center wp-block-heading\">Encontro dos bispos da Am\u00e9rica Latina 21\/4\/1992<\/h1>\n\n<div style=\"height:20px\" aria-hidden=\"true\" class=\"wp-block-spacer\"><\/div>\n\n<h4 class=\"has-text-align-center wp-block-heading\">S\u00e3o Jo\u00e3o Paulo II<\/h4>\n\n<div style=\"height:20px\" aria-hidden=\"true\" class=\"wp-block-spacer\"><\/div>\n\n<p><strong>Santo Domingo, 21-25 de abril de 1992, 153 bispos presentes.<\/strong><\/p>\n\n<p><em>Telegrama do card. Angelo Sodano, Secret\u00e1rio de Estado de Sua Santidade Jo\u00e3o Paulo II, a dom Paul Cordes.<\/em><\/p>\n\n<p>&#8220;O Santo Padre, informado sobre o encontro do Caminho Neocatecumenal em Santo Domingo, em prepara\u00e7\u00e3o \u00e0s celebra\u00e7\u00f5es do V centen\u00e1rio da chegada da mensagem de salva\u00e7\u00e3o ao novo mundo, envia suas maiores cordiais sauda\u00e7\u00f5es aos organizadores e ao todos os participantes, junto com a sua palavra de conforto, para fazer desta ditosa efem\u00e9ride uma ocasi\u00e3o prop\u00edcia para dar um renovado impulso ao dinamismo apost\u00f3lico nas tarefas da nova evangeliza\u00e7\u00e3o. Ao mesmo tempo, unindo-se espiritualmente a todos, em particular aos irm\u00e3os bispos presentes, eleva a sua a\u00e7\u00e3o de gra\u00e7as a Deus pelos abundantes dons com os quais aben\u00e7oa as amadas igrejas da Am\u00e9rica Latina e que exorta a continuar a anunciar Jesus Cristo, ontem, hoje e sempre para uma nova evangeliza\u00e7\u00e3o, uma promo\u00e7\u00e3o humana e uma cultura crist\u00e3, dando sempre testemunho de uma intensa comunh\u00e3o eclesial e de fidelidade \u00e0 a\u00e7\u00e3o do Esp\u00edrito.<\/p>\n\n<p>Al\u00e9m disso, Sua Santidade convida todos os membros das comunidades neocatecumenais a um decidido empenho na vida apost\u00f3lica, que seja acompanhado de uma crescente forma\u00e7\u00e3o crist\u00e3 e de uma sempre mais ativa participa\u00e7\u00e3o na vida lit\u00fargica e caritativa da Igreja, cooperando assim com a obra salvadora de Cristo para que a sua palavra de vida ilumine e transforme as pessoas, as fam\u00edlias e a sociedade.&#13;\nCom estes anseios e sob o olhar misericordioso da Sant\u00edssima Virgem, o Sumo Pont\u00edfice eleva fervorosas ora\u00e7\u00f5es para que o Senhor torne bem fecundos os trabalhos deste encontro eclesial, enquanto, como sinal de benevol\u00eancia e garantia da constante assist\u00eancia divina, derrama complacente a solicitada B\u00ean\u00e7\u00e3o Apost\u00f3lica&#8221;.<\/p>\n\n<p><em>Cardeal Angelo Sodano, secret\u00e1rio de Estado<\/em><\/p>\n","protected":false},"excerpt":{"rendered":"<p>Encontro dos bispos da Am\u00e9rica Latina 21\/4\/1992 S\u00e3o Jo\u00e3o Paulo II Santo Domingo, 21-25 de abril de 1992, 153 bispos presentes. Telegrama do card. Angelo Sodano, Secret\u00e1rio de Estado de Sua Santidade Jo\u00e3o Paulo II, a dom Paul Cordes. &#8220;O Santo Padre, informado sobre o encontro do Caminho Neocatecumenal em Santo Domingo, em prepara\u00e7\u00e3o \u00e0s celebra\u00e7\u00f5es do V centen\u00e1rio da chegada da mensagem de salva\u00e7\u00e3o ao novo mundo, envia suas<\/p>\n<div class=\"read-more\"><a class=\"btn read-more-btn\" href=\"https:\/\/neocatechumenaleiter.org\/pt-br\/palavras-dos-papas\/sao-joao-paulo-ii\/encontro-dos-bispos-da-america-latina-em-preparacao-ao-quinto-centenario-da-evangelizacao-do-novo-mundo-21-4-1992\/\">Ler mais<\/a><\/div>\n","protected":false},"author":2,"featured_media":0,"parent":4247,"menu_order":69,"comment_status":"closed","ping_status":"closed","template":"","meta":{"footnotes":""},"class_list":["post-9439","page","type-page","status-publish","hentry"],"_links":{"self":[{"href":"https:\/\/neocatechumenaleiter.org\/pt-br\/wp-json\/wp\/v2\/pages\/9439","targetHints":{"allow":["GET"]}}],"collection":[{"href":"https:\/\/neocatechumenaleiter.org\/pt-br\/wp-json\/wp\/v2\/pages"}],"about":[{"href":"https:\/\/neocatechumenaleiter.org\/pt-br\/wp-json\/wp\/v2\/types\/page"}],"author":[{"embeddable":true,"href":"https:\/\/neocatechumenaleiter.org\/pt-br\/wp-json\/wp\/v2\/users\/2"}],"replies":[{"embeddable":true,"href":"https:\/\/neocatechumenaleiter.org\/pt-br\/wp-json\/wp\/v2\/comments?post=9439"}],"version-history":[{"count":6,"href":"https:\/\/neocatechumenaleiter.org\/pt-br\/wp-json\/wp\/v2\/pages\/9439\/revisions"}],"predecessor-version":[{"id":24117,"href":"https:\/\/neocatechumenaleiter.org\/pt-br\/wp-json\/wp\/v2\/pages\/9439\/revisions\/24117"}],"up":[{"embeddable":true,"href":"https:\/\/neocatechumenaleiter.org\/pt-br\/wp-json\/wp\/v2\/pages\/4247"}],"wp:attachment":[{"href":"https:\/\/neocatechumenaleiter.org\/pt-br\/wp-json\/wp\/v2\/media?parent=9439"}],"curies":[{"name":"wp","href":"https:\/\/api.w.org\/{rel}","templated":true}]}}